{"id":997,"date":"2026-02-21T09:39:17","date_gmt":"2026-02-21T09:39:17","guid":{"rendered":"https:\/\/dev.lumins.tn\/?product=spot-a-piquet-sans-lampe-gu10"},"modified":"2026-02-21T09:44:17","modified_gmt":"2026-02-21T09:44:17","slug":"spot-a-piquet-sans-lampe-gu10","status":"publish","type":"product","link":"https:\/\/dev.lumins.tn\/?product=spot-a-piquet-sans-lampe-gu10","title":{"rendered":"SPOT A PIQUET SANS LAMPE GU10"},"content":{"rendered":"<p><strong>Un spot \u00e0 piquet sans lampe GU10 RGB est un luminaire design et flexible qui te permet de choisir l\u2019ampoule RGB que tu pr\u00e9f\u00e8res pour obtenir couleurs et \u00e9clairage personnalisable dans ton jardin ou espace ext\u00e9rieur \ud83d\udc47<br data-start=\"2786\" data-end=\"2789\" \/>\ud83d\udd39 Compatible ampoules GU10 RGB (non fournies)<br data-start=\"2835\" data-end=\"2838\" \/>\ud83d\udd39 \u00c9tanche et adapt\u00e9 aux intemp\u00e9ries<br data-start=\"2874\" data-end=\"2877\" \/>\ud83d\udd39 Installation simple avec piquet<br data-start=\"2911\" data-end=\"2914\" \/>\ud83d\udd39 Id\u00e9al pour cr\u00e9er des ambiances color\u00e9es dans ton ext\u00e9rieur<\/strong><\/p>\n","protected":false},"excerpt":{"rendered":"<p data-start=\"1828\" data-end=\"2098\">Parfait pour :<br data-start=\"1895\" data-end=\"1898\" \/>\u2b50 baliser des all\u00e9es<br data-start=\"1918\" data-end=\"1921\" \/>\u2b50 \u00e9clairer des arbres ou massifs<br data-start=\"1953\" data-end=\"1956\" \/>\u2b50 cr\u00e9er une ambiance lumineuse color\u00e9e pour f\u00eates ou soir\u00e9es<br data-start=\"2016\" data-end=\"2019\" \/><\/p>\n","protected":false},"featured_media":952,"comment_status":"open","ping_status":"closed","template":"","meta":{"site-sidebar-layout":"default","site-content-layout":"","ast-site-content-layout":"default","site-content-style":"default","site-sidebar-style":"default","ast-global-header-display":"","ast-banner-title-visibility":"","ast-main-header-display":"","ast-hfb-above-header-display":"","ast-hfb-below-header-display":"","ast-hfb-mobile-header-display":"","site-post-title":"","ast-breadcrumbs-content":"","ast-featured-img":"","footer-sml-layout":"","ast-disable-related-posts":"","theme-transparent-header-meta":"default","adv-header-id-meta":"","stick-header-meta":"","header-above-stick-meta":"","header-main-stick-meta":"","header-below-stick-meta":"","astra-migrate-meta-layouts":"set","ast-page-background-enabled":"default","ast-page-background-meta":{"desktop":{"background-color":"var(--ast-global-color-5)","background-image":"","background-repeat":"repeat","background-position":"center center","background-size":"auto","background-attachment":"scroll","background-type":"","background-media":"","overlay-type":"","overlay-color":"","overlay-opacity":"","overlay-gradient":""},"tablet":{"background-color":"","background-image":"","background-repeat":"repeat","background-position":"center center","background-size":"auto","background-attachment":"scroll","background-type":"","background-media":"","overlay-type":"","overlay-color":"","overlay-opacity":"","overlay-gradient":""},"mobile":{"background-color":"","background-image":"","background-repeat":"repeat","background-position":"center center","background-size":"auto","background-attachment":"scroll","background-type":"","background-media":"","overlay-type":"","overlay-color":"","overlay-opacity":"","overlay-gradient":""}},"ast-content-background-meta":{"desktop":{"background-color":"var(--ast-global-color-4)","background-image":"","background-repeat":"repeat","background-position":"center center","background-size":"auto","background-attachment":"scroll","background-type":"","background-media":"","overlay-type":"","overlay-color":"","overlay-opacity":"","overlay-gradient":""},"tablet":{"background-color":"var(--ast-global-color-4)","background-image":"","background-repeat":"repeat","background-position":"center center","background-size":"auto","background-attachment":"scroll","background-type":"","background-media":"","overlay-type":"","overlay-color":"","overlay-opacity":"","overlay-gradient":""},"mobile":{"background-color":"var(--ast-global-color-4)","background-image":"","background-repeat":"repeat","background-position":"center center","background-size":"auto","background-attachment":"scroll","background-type":"","background-media":"","overlay-type":"","overlay-color":"","overlay-opacity":"","overlay-gradient":""}}},"product_brand":[],"product_cat":[27,36],"product_tag":[],"class_list":{"0":"post-997","1":"product","2":"type-product","3":"status-publish","4":"has-post-thumbnail","6":"product_cat-eclairage","7":"product_cat-spots-au-sol-contre-marche","8":"desktop-align-left","9":"tablet-align-left","10":"mobile-align-center","12":"first","13":"instock","14":"taxable","15":"shipping-taxable","16":"purchasable","17":"product-type-simple"},"_links":{"self":[{"href":"https:\/\/dev.lumins.tn\/index.php?rest_route=\/wp\/v2\/product\/997","targetHints":{"allow":["GET"]}}],"collection":[{"href":"https:\/\/dev.lumins.tn\/index.php?rest_route=\/wp\/v2\/product"}],"about":[{"href":"https:\/\/dev.lumins.tn\/index.php?rest_route=\/wp\/v2\/types\/product"}],"replies":[{"embeddable":true,"href":"https:\/\/dev.lumins.tn\/index.php?rest_route=%2Fwp%2Fv2%2Fcomments&post=997"}],"version-history":[{"count":2,"href":"https:\/\/dev.lumins.tn\/index.php?rest_route=\/wp\/v2\/product\/997\/revisions"}],"predecessor-version":[{"id":999,"href":"https:\/\/dev.lumins.tn\/index.php?rest_route=\/wp\/v2\/product\/997\/revisions\/999"}],"wp:featuredmedia":[{"embeddable":true,"href":"https:\/\/dev.lumins.tn\/index.php?rest_route=\/wp\/v2\/media\/952"}],"wp:attachment":[{"href":"https:\/\/dev.lumins.tn\/index.php?rest_route=%2Fwp%2Fv2%2Fmedia&parent=997"}],"wp:term":[{"taxonomy":"product_brand","embeddable":true,"href":"https:\/\/dev.lumins.tn\/index.php?rest_route=%2Fwp%2Fv2%2Fproduct_brand&post=997"},{"taxonomy":"product_cat","embeddable":true,"href":"https:\/\/dev.lumins.tn\/index.php?rest_route=%2Fwp%2Fv2%2Fproduct_cat&post=997"},{"taxonomy":"product_tag","embeddable":true,"href":"https:\/\/dev.lumins.tn\/index.php?rest_route=%2Fwp%2Fv2%2Fproduct_tag&post=997"}],"curies":[{"name":"wp","href":"https:\/\/api.w.org\/{rel}","templated":true}]}}