{"id":994,"date":"2026-02-21T09:32:02","date_gmt":"2026-02-21T09:32:02","guid":{"rendered":"https:\/\/dev.lumins.tn\/?product=spot-a-piquet-6w-cob-jaune"},"modified":"2026-02-21T09:51:23","modified_gmt":"2026-02-21T09:51:23","slug":"spot-a-piquet-6w-cob-jaune","status":"publish","type":"product","link":"https:\/\/dev.lumins.tn\/?product=spot-a-piquet-6w-cob-jaune","title":{"rendered":"SPOT A PIQUET 6W COB JAUNE"},"content":{"rendered":"<p data-start=\"321\" data-end=\"522\">Un <strong data-start=\"324\" data-end=\"369\">spot \u00e0 piquet 6W \u00e9quip\u00e9 d\u2019une LED COB<\/strong> , con\u00e7u pour s\u2019<strong data-start=\"400\" data-end=\"424\">enficher dans le sol<\/strong> et fournir un \u00e9clairage directionnel puissant et d\u00e9coratif. Ce type de luminaire est id\u00e9al pour :<\/p>\n<ul data-start=\"523\" data-end=\"705\">\n<li data-start=\"523\" data-end=\"583\">\n<p data-start=\"525\" data-end=\"583\">illuminer des <strong data-start=\"539\" data-end=\"578\">massifs, all\u00e9es, plantes ou entr\u00e9es<\/strong> \ud83d\udc47<\/p>\n<\/li>\n<li data-start=\"584\" data-end=\"638\">\n<p data-start=\"586\" data-end=\"638\">valoriser des d\u00e9tails architecturaux ou d\u00e9coratifs<\/p>\n<\/li>\n<li data-start=\"639\" data-end=\"705\">\n<p data-start=\"641\" data-end=\"705\">cr\u00e9er une ambiance lumineuse douce ou dynamique selon le r\u00e9glage<\/p>\n<\/li>\n<\/ul>\n","protected":false},"excerpt":{"rendered":"<ul data-start=\"734\" data-end=\"1062\">\n<li data-start=\"926\" data-end=\"1062\">\n<p data-start=\"928\" data-end=\"1062\"><strong data-start=\"928\" data-end=\"947\">Puissance : 6 W<\/strong>, ce qui signifie un \u00e9clairage puissant tout en consommant peu d\u2019\u00e9lectricit\u00e9.\u00a0 \u00a0 \u00a0 \u00a0 \u00a0 \u00a0 \u00a0 \u00a0 \u00a0 \u00a0 \u00a0 \u00a0 \u00a0 \u00a0 \u00a0 \u00a0 \u00a0 \u00a0 \u00a0 \u00a0 \u00a0 \u00a0 \u00a0 \u00a0 \u00a0 \u00a0 \u00a0 \u00a0 \u00a0 \u00a0 \u00a0 \u00a0 \u00a0 \u00a0 \u00a0 \u00a0 \u00a0 \u00a0 \u00a0 \u00a0 \u00a0 \u00a0 \u00a0 \u00a0 \u00a0 \u00a0 \u00a0 \u00a0 \u00a0 \u00a0 \u00a0 \u00a0 \u00a0 \u00a0 \u00a0 \u00a0 \u00a0 \u00a0 \u00a0 <strong data-start=\"1925\" data-end=\"1949\">\u00c0 piquer dans le sol<\/strong> : facile \u00e0 installer dans la terre ou le gazon, sans outils complexes.\u00a0 \u00a0 \u00a0 \u00a0 \u00a0 \u00a0 \u00a0 \u00a0 \u00a0 \u00a0 \u00a0 \u00a0 \u00a0 \u00a0 \u00a0 \u00a0 \u00a0 \u00a0 \u00a0 \u00a0 \u00a0 \u00a0 \u00a0 \u00a0 \u00a0 \u00a0 \u00a0 \u00a0 \u00a0 \u00a0 \u00a0 \u00a0 \u00a0 \u00a0 \u00a0 \u00a0 \u00a0 \u00a0 \u00a0 \u00a0 \u00a0 \u00a0 \u00a0 \u00a0 \u00a0 \u00a0 \u00a0 \u00a0 \u00a0 \u00a0 \u00a0 \u00a0 \u00a0 \u00a0 \u00a0 \u00a0 \u00a0 \u00a0 \u00a0 \u00a0 \u00a0 \u00a0 \u00a0 \u00a0 <strong data-start=\"2064\" data-end=\"2101\">Indice de protection IP65 <\/strong>\u00a0: r\u00e9sistant \u00e0 la pluie, \u00e0 la poussi\u00e8re et aux intemp\u00e9ries, adapt\u00e9 pour usage ext\u00e9rieur.<\/p>\n<p data-start=\"2387\" data-end=\"2433\">Ce type de spot est fr\u00e9quemment utilis\u00e9 pour :<\/p>\n<ul data-start=\"2434\" data-end=\"2641\">\n<li data-start=\"2434\" data-end=\"2487\">\n<p data-start=\"2436\" data-end=\"2487\">cr\u00e9er une <strong data-start=\"2446\" data-end=\"2485\">\u00e9clairage d\u2019ambiance dans le jardin<\/strong><\/p>\n<\/li>\n<li data-start=\"2488\" data-end=\"2525\">\n<p data-start=\"2490\" data-end=\"2525\"><strong data-start=\"2490\" data-end=\"2523\">baliser les all\u00e9es ou chemins<\/strong><\/p>\n<\/li>\n<li data-start=\"2526\" data-end=\"2582\">\n<p data-start=\"2528\" data-end=\"2582\">mettre en valeur des plantes, arbustes ou sculptures<\/p>\n<\/li>\n<li data-start=\"2583\" data-end=\"2641\">\n<p data-start=\"2585\" data-end=\"2641\">d\u00e9corer vos espaces verts pour vos soir\u00e9es ou \u00e9v\u00e9nements<\/p>\n<\/li>\n<\/ul>\n<\/li>\n<\/ul>\n<h3 data-start=\"1064\" data-end=\"1113\"><\/h3>\n","protected":false},"featured_media":956,"comment_status":"open","ping_status":"closed","template":"","meta":{"site-sidebar-layout":"default","site-content-layout":"","ast-site-content-layout":"default","site-content-style":"default","site-sidebar-style":"default","ast-global-header-display":"","ast-banner-title-visibility":"","ast-main-header-display":"","ast-hfb-above-header-display":"","ast-hfb-below-header-display":"","ast-hfb-mobile-header-display":"","site-post-title":"","ast-breadcrumbs-content":"","ast-featured-img":"","footer-sml-layout":"","ast-disable-related-posts":"","theme-transparent-header-meta":"default","adv-header-id-meta":"","stick-header-meta":"","header-above-stick-meta":"","header-main-stick-meta":"","header-below-stick-meta":"","astra-migrate-meta-layouts":"set","ast-page-background-enabled":"default","ast-page-background-meta":{"desktop":{"background-color":"var(--ast-global-color-5)","background-image":"","background-repeat":"repeat","background-position":"center center","background-size":"auto","background-attachment":"scroll","background-type":"","background-media":"","overlay-type":"","overlay-color":"","overlay-opacity":"","overlay-gradient":""},"tablet":{"background-color":"","background-image":"","background-repeat":"repeat","background-position":"center center","background-size":"auto","background-attachment":"scroll","background-type":"","background-media":"","overlay-type":"","overlay-color":"","overlay-opacity":"","overlay-gradient":""},"mobile":{"background-color":"","background-image":"","background-repeat":"repeat","background-position":"center center","background-size":"auto","background-attachment":"scroll","background-type":"","background-media":"","overlay-type":"","overlay-color":"","overlay-opacity":"","overlay-gradient":""}},"ast-content-background-meta":{"desktop":{"background-color":"var(--ast-global-color-4)","background-image":"","background-repeat":"repeat","background-position":"center center","background-size":"auto","background-attachment":"scroll","background-type":"","background-media":"","overlay-type":"","overlay-color":"","overlay-opacity":"","overlay-gradient":""},"tablet":{"background-color":"var(--ast-global-color-4)","background-image":"","background-repeat":"repeat","background-position":"center center","background-size":"auto","background-attachment":"scroll","background-type":"","background-media":"","overlay-type":"","overlay-color":"","overlay-opacity":"","overlay-gradient":""},"mobile":{"background-color":"var(--ast-global-color-4)","background-image":"","background-repeat":"repeat","background-position":"center center","background-size":"auto","background-attachment":"scroll","background-type":"","background-media":"","overlay-type":"","overlay-color":"","overlay-opacity":"","overlay-gradient":""}}},"product_brand":[],"product_cat":[27,36],"product_tag":[66,75],"class_list":{"0":"post-994","1":"product","2":"type-product","3":"status-publish","4":"has-post-thumbnail","6":"product_cat-eclairage","7":"product_cat-spots-au-sol-contre-marche","8":"product_tag-jardin","9":"product_tag-les-allees","10":"desktop-align-left","11":"tablet-align-left","12":"mobile-align-center","14":"first","15":"instock","16":"taxable","17":"shipping-taxable","18":"purchasable","19":"product-type-simple"},"_links":{"self":[{"href":"https:\/\/dev.lumins.tn\/index.php?rest_route=\/wp\/v2\/product\/994","targetHints":{"allow":["GET"]}}],"collection":[{"href":"https:\/\/dev.lumins.tn\/index.php?rest_route=\/wp\/v2\/product"}],"about":[{"href":"https:\/\/dev.lumins.tn\/index.php?rest_route=\/wp\/v2\/types\/product"}],"replies":[{"embeddable":true,"href":"https:\/\/dev.lumins.tn\/index.php?rest_route=%2Fwp%2Fv2%2Fcomments&post=994"}],"version-history":[{"count":2,"href":"https:\/\/dev.lumins.tn\/index.php?rest_route=\/wp\/v2\/product\/994\/revisions"}],"predecessor-version":[{"id":996,"href":"https:\/\/dev.lumins.tn\/index.php?rest_route=\/wp\/v2\/product\/994\/revisions\/996"}],"wp:featuredmedia":[{"embeddable":true,"href":"https:\/\/dev.lumins.tn\/index.php?rest_route=\/wp\/v2\/media\/956"}],"wp:attachment":[{"href":"https:\/\/dev.lumins.tn\/index.php?rest_route=%2Fwp%2Fv2%2Fmedia&parent=994"}],"wp:term":[{"taxonomy":"product_brand","embeddable":true,"href":"https:\/\/dev.lumins.tn\/index.php?rest_route=%2Fwp%2Fv2%2Fproduct_brand&post=994"},{"taxonomy":"product_cat","embeddable":true,"href":"https:\/\/dev.lumins.tn\/index.php?rest_route=%2Fwp%2Fv2%2Fproduct_cat&post=994"},{"taxonomy":"product_tag","embeddable":true,"href":"https:\/\/dev.lumins.tn\/index.php?rest_route=%2Fwp%2Fv2%2Fproduct_tag&post=994"}],"curies":[{"name":"wp","href":"https:\/\/api.w.org\/{rel}","templated":true}]}}