{"id":989,"date":"2026-02-21T09:21:37","date_gmt":"2026-02-21T09:21:37","guid":{"rendered":"https:\/\/dev.lumins.tn\/?product=socle-cristale-grand-model-3ton"},"modified":"2026-02-21T09:30:07","modified_gmt":"2026-02-21T09:30:07","slug":"socle-cristale-grand-model-3ton","status":"publish","type":"product","link":"https:\/\/dev.lumins.tn\/?product=socle-cristale-grand-model-3ton","title":{"rendered":"SOCLE CRISTALE GRAND MODEL 3TON"},"content":{"rendered":"<p>Ce socle en cristal est con\u00e7u pour ajouter une <strong data-start=\"375\" data-end=\"405\">touche d\u00e9corative luxueuse<\/strong> \u00e0 votre int\u00e9rieur. Sa structure en <strong data-start=\"441\" data-end=\"478\">cristal transparent haute qualit\u00e9<\/strong> diffuse joliment la lumi\u00e8re et cr\u00e9e des <strong data-start=\"519\" data-end=\"543\">reflets scintillants<\/strong> qui valorisent l\u2019espace.<\/p>\n<p data-start=\"807\" data-end=\"950\">Le syst\u00e8me d\u2019\u00e9clairage int\u00e9gr\u00e9 permet de choisir entre <strong data-start=\"904\" data-end=\"937\">trois temp\u00e9ratures de couleur<\/strong> de lumi\u00e8re :<\/p>\n<ul data-start=\"951\" data-end=\"1195\">\n<li data-start=\"951\" data-end=\"1015\">\n<p data-start=\"953\" data-end=\"1015\"><span data-start=\"956\" data-end=\"982\">JAUNE <\/span><strong data-start=\"956\" data-end=\"982\">(\u2248 3000 K)<\/strong> \u2014 ambiance douce, chaleureuse.<\/p>\n<\/li>\n<li data-start=\"1016\" data-end=\"1095\">\n<p data-start=\"1018\" data-end=\"1095\"><span data-start=\"1020\" data-end=\"1047\">LUMIERE DU JOUR\u00a0<\/span><strong data-start=\"1020\" data-end=\"1047\"> (\u2248 4000 K)<\/strong> \u2014 lumi\u00e8re \u00e9quilibr\u00e9e pour un usage quotidien.<\/p>\n<\/li>\n<li data-start=\"1096\" data-end=\"1195\">\n<p data-start=\"1098\" data-end=\"1195\"><span data-start=\"1101\" data-end=\"1132\">BLANC <\/span><strong data-start=\"1101\" data-end=\"1132\">(\u2248 5000\u20136500 K)<\/strong> \u2014 lumi\u00e8re vive et claire pour une atmosph\u00e8re plus \u00e9nergisante.<\/p>\n<\/li>\n<\/ul>\n<p>&nbsp;<\/p>\n","protected":false},"excerpt":{"rendered":"<p>Ce socle en cristal est con\u00e7u pour ajouter une touche d\u00e9corative luxueuse \u00e0 votre int\u00e9rieur. Sa structure en cristal transparent [&hellip;]<\/p>\n","protected":false},"featured_media":940,"comment_status":"open","ping_status":"closed","template":"","meta":{"site-sidebar-layout":"default","site-content-layout":"","ast-site-content-layout":"default","site-content-style":"default","site-sidebar-style":"default","ast-global-header-display":"","ast-banner-title-visibility":"","ast-main-header-display":"","ast-hfb-above-header-display":"","ast-hfb-below-header-display":"","ast-hfb-mobile-header-display":"","site-post-title":"","ast-breadcrumbs-content":"","ast-featured-img":"","footer-sml-layout":"","ast-disable-related-posts":"","theme-transparent-header-meta":"default","adv-header-id-meta":"","stick-header-meta":"","header-above-stick-meta":"","header-main-stick-meta":"","header-below-stick-meta":"","astra-migrate-meta-layouts":"set","ast-page-background-enabled":"default","ast-page-background-meta":{"desktop":{"background-color":"var(--ast-global-color-5)","background-image":"","background-repeat":"repeat","background-position":"center center","background-size":"auto","background-attachment":"scroll","background-type":"","background-media":"","overlay-type":"","overlay-color":"","overlay-opacity":"","overlay-gradient":""},"tablet":{"background-color":"","background-image":"","background-repeat":"repeat","background-position":"center center","background-size":"auto","background-attachment":"scroll","background-type":"","background-media":"","overlay-type":"","overlay-color":"","overlay-opacity":"","overlay-gradient":""},"mobile":{"background-color":"","background-image":"","background-repeat":"repeat","background-position":"center center","background-size":"auto","background-attachment":"scroll","background-type":"","background-media":"","overlay-type":"","overlay-color":"","overlay-opacity":"","overlay-gradient":""}},"ast-content-background-meta":{"desktop":{"background-color":"var(--ast-global-color-4)","background-image":"","background-repeat":"repeat","background-position":"center center","background-size":"auto","background-attachment":"scroll","background-type":"","background-media":"","overlay-type":"","overlay-color":"","overlay-opacity":"","overlay-gradient":""},"tablet":{"background-color":"var(--ast-global-color-4)","background-image":"","background-repeat":"repeat","background-position":"center center","background-size":"auto","background-attachment":"scroll","background-type":"","background-media":"","overlay-type":"","overlay-color":"","overlay-opacity":"","overlay-gradient":""},"mobile":{"background-color":"var(--ast-global-color-4)","background-image":"","background-repeat":"repeat","background-position":"center center","background-size":"auto","background-attachment":"scroll","background-type":"","background-media":"","overlay-type":"","overlay-color":"","overlay-opacity":"","overlay-gradient":""}}},"product_brand":[],"product_cat":[27,29],"product_tag":[72,73],"class_list":{"0":"post-989","1":"product","2":"type-product","3":"status-publish","4":"has-post-thumbnail","6":"product_cat-eclairage","7":"product_cat-socles-spots-mr16","8":"product_tag-chambre","9":"product_tag-salon","10":"desktop-align-left","11":"tablet-align-left","12":"mobile-align-center","14":"first","15":"instock","16":"taxable","17":"shipping-taxable","18":"purchasable","19":"product-type-simple"},"_links":{"self":[{"href":"https:\/\/dev.lumins.tn\/index.php?rest_route=\/wp\/v2\/product\/989","targetHints":{"allow":["GET"]}}],"collection":[{"href":"https:\/\/dev.lumins.tn\/index.php?rest_route=\/wp\/v2\/product"}],"about":[{"href":"https:\/\/dev.lumins.tn\/index.php?rest_route=\/wp\/v2\/types\/product"}],"replies":[{"embeddable":true,"href":"https:\/\/dev.lumins.tn\/index.php?rest_route=%2Fwp%2Fv2%2Fcomments&post=989"}],"version-history":[{"count":2,"href":"https:\/\/dev.lumins.tn\/index.php?rest_route=\/wp\/v2\/product\/989\/revisions"}],"predecessor-version":[{"id":991,"href":"https:\/\/dev.lumins.tn\/index.php?rest_route=\/wp\/v2\/product\/989\/revisions\/991"}],"wp:featuredmedia":[{"embeddable":true,"href":"https:\/\/dev.lumins.tn\/index.php?rest_route=\/wp\/v2\/media\/940"}],"wp:attachment":[{"href":"https:\/\/dev.lumins.tn\/index.php?rest_route=%2Fwp%2Fv2%2Fmedia&parent=989"}],"wp:term":[{"taxonomy":"product_brand","embeddable":true,"href":"https:\/\/dev.lumins.tn\/index.php?rest_route=%2Fwp%2Fv2%2Fproduct_brand&post=989"},{"taxonomy":"product_cat","embeddable":true,"href":"https:\/\/dev.lumins.tn\/index.php?rest_route=%2Fwp%2Fv2%2Fproduct_cat&post=989"},{"taxonomy":"product_tag","embeddable":true,"href":"https:\/\/dev.lumins.tn\/index.php?rest_route=%2Fwp%2Fv2%2Fproduct_tag&post=989"}],"curies":[{"name":"wp","href":"https:\/\/api.w.org\/{rel}","templated":true}]}}