{"id":959,"date":"2026-02-19T10:26:22","date_gmt":"2026-02-19T10:26:22","guid":{"rendered":"https:\/\/dev.lumins.tn\/?product=socle-fixe-bombe-rond-blanc-mr16"},"modified":"2026-02-19T12:11:11","modified_gmt":"2026-02-19T12:11:11","slug":"socle-fixe-bombe-rond-blanc-mr16","status":"publish","type":"product","link":"https:\/\/dev.lumins.tn\/?product=socle-fixe-bombe-rond-blanc-mr16","title":{"rendered":"SOCLE FIXE BOMBE ROND MR16"},"content":{"rendered":"<p>Un <em data-start=\"265\" data-end=\"306\">socle spot MR16 rond blanc et noir fixe<\/em> est un <strong data-start=\"314\" data-end=\"349\">accessoire d\u2019\u00e9clairage encastr\u00e9<\/strong> destin\u00e9 \u00e0 recevoir des <strong data-start=\"373\" data-end=\"404\">ampoules MR16<\/strong>, souvent utilis\u00e9es en <strong data-start=\"427\" data-end=\"450\">\u00e9clairage int\u00e9rieur<\/strong> (salon, couloir, chambre, bureau, etc.). Il sert de base pour l\u2019ampoule, en garantissant une fixation stable et une finition esth\u00e9tique au plafond ou au mur.<\/p>\n","protected":false},"excerpt":{"rendered":"<p data-start=\"648\" data-end=\"681\"><strong data-start=\"650\" data-end=\"681\">Caract\u00e9ristiques typiques :<\/strong><\/p>\n<ul data-start=\"682\" data-end=\"1402\">\n<li data-start=\"682\" data-end=\"790\">\n<p data-start=\"684\" data-end=\"790\">Forme <strong data-start=\"690\" data-end=\"698\">rond<\/strong> et couleur <strong data-start=\"710\" data-end=\"719\">blanc et noir<\/strong> pour une int\u00e9gration discr\u00e8te.<\/p>\n<\/li>\n<li data-start=\"791\" data-end=\"904\">\n<p data-start=\"793\" data-end=\"904\"><strong data-start=\"793\" data-end=\"818\">Fixe (non orientable)<\/strong> : l\u2019ampoule reste directionnelle vers le bas.<\/p>\n<\/li>\n<li data-start=\"905\" data-end=\"1041\">\n<p data-start=\"907\" data-end=\"1041\">Compatible avec <strong data-start=\"923\" data-end=\"948\">ampoules MR16<\/strong>\u00a0sous basse tension <strong data-start=\"968\" data-end=\"976\">12 V<\/strong> ou avec douille adapt\u00e9e.<\/p>\n<\/li>\n<li data-start=\"1042\" data-end=\"1176\">\n<p data-start=\"1044\" data-end=\"1176\">Structure souvent en <strong data-start=\"1065\" data-end=\"1107\">aluminium <\/strong>\u00a0pour l\u00e9g\u00e8ret\u00e9 et durabilit\u00e9.<\/p>\n<\/li>\n<li data-start=\"1177\" data-end=\"1297\">\n<p data-start=\"1179\" data-end=\"1297\">Indice de protection <strong data-start=\"1200\" data-end=\"1208\">IP20<\/strong> (usage int\u00e9rieur, sans protection contre l\u2019eau).<\/p>\n<\/li>\n<li data-start=\"1298\" data-end=\"1402\">\n<p data-start=\"1300\" data-end=\"1402\">Fixation <strong data-start=\"1309\" data-end=\"1338\">encastr\u00e9e dans un plafond<\/strong> avec ressorts ou clips.<\/p>\n<\/li>\n<\/ul>\n","protected":false},"featured_media":911,"comment_status":"open","ping_status":"closed","template":"","meta":{"site-sidebar-layout":"default","site-content-layout":"","ast-site-content-layout":"default","site-content-style":"default","site-sidebar-style":"default","ast-global-header-display":"","ast-banner-title-visibility":"","ast-main-header-display":"","ast-hfb-above-header-display":"","ast-hfb-below-header-display":"","ast-hfb-mobile-header-display":"","site-post-title":"","ast-breadcrumbs-content":"","ast-featured-img":"","footer-sml-layout":"","ast-disable-related-posts":"","theme-transparent-header-meta":"default","adv-header-id-meta":"","stick-header-meta":"","header-above-stick-meta":"","header-main-stick-meta":"","header-below-stick-meta":"","astra-migrate-meta-layouts":"set","ast-page-background-enabled":"default","ast-page-background-meta":{"desktop":{"background-color":"var(--ast-global-color-5)","background-image":"","background-repeat":"repeat","background-position":"center center","background-size":"auto","background-attachment":"scroll","background-type":"","background-media":"","overlay-type":"","overlay-color":"","overlay-opacity":"","overlay-gradient":""},"tablet":{"background-color":"","background-image":"","background-repeat":"repeat","background-position":"center center","background-size":"auto","background-attachment":"scroll","background-type":"","background-media":"","overlay-type":"","overlay-color":"","overlay-opacity":"","overlay-gradient":""},"mobile":{"background-color":"","background-image":"","background-repeat":"repeat","background-position":"center center","background-size":"auto","background-attachment":"scroll","background-type":"","background-media":"","overlay-type":"","overlay-color":"","overlay-opacity":"","overlay-gradient":""}},"ast-content-background-meta":{"desktop":{"background-color":"var(--ast-global-color-4)","background-image":"","background-repeat":"repeat","background-position":"center center","background-size":"auto","background-attachment":"scroll","background-type":"","background-media":"","overlay-type":"","overlay-color":"","overlay-opacity":"","overlay-gradient":""},"tablet":{"background-color":"var(--ast-global-color-4)","background-image":"","background-repeat":"repeat","background-position":"center center","background-size":"auto","background-attachment":"scroll","background-type":"","background-media":"","overlay-type":"","overlay-color":"","overlay-opacity":"","overlay-gradient":""},"mobile":{"background-color":"var(--ast-global-color-4)","background-image":"","background-repeat":"repeat","background-position":"center center","background-size":"auto","background-attachment":"scroll","background-type":"","background-media":"","overlay-type":"","overlay-color":"","overlay-opacity":"","overlay-gradient":""}}},"product_brand":[],"product_cat":[27,29],"product_tag":[72,74,73],"class_list":{"0":"post-959","1":"product","2":"type-product","3":"status-publish","4":"has-post-thumbnail","6":"product_cat-eclairage","7":"product_cat-socles-spots-mr16","8":"product_tag-chambre","9":"product_tag-cuisine","10":"product_tag-salon","11":"desktop-align-left","12":"tablet-align-left","13":"mobile-align-center","15":"first","16":"instock","17":"taxable","18":"shipping-taxable","19":"purchasable","20":"product-type-simple"},"_links":{"self":[{"href":"https:\/\/dev.lumins.tn\/index.php?rest_route=\/wp\/v2\/product\/959","targetHints":{"allow":["GET"]}}],"collection":[{"href":"https:\/\/dev.lumins.tn\/index.php?rest_route=\/wp\/v2\/product"}],"about":[{"href":"https:\/\/dev.lumins.tn\/index.php?rest_route=\/wp\/v2\/types\/product"}],"replies":[{"embeddable":true,"href":"https:\/\/dev.lumins.tn\/index.php?rest_route=%2Fwp%2Fv2%2Fcomments&post=959"}],"version-history":[{"count":3,"href":"https:\/\/dev.lumins.tn\/index.php?rest_route=\/wp\/v2\/product\/959\/revisions"}],"predecessor-version":[{"id":976,"href":"https:\/\/dev.lumins.tn\/index.php?rest_route=\/wp\/v2\/product\/959\/revisions\/976"}],"wp:featuredmedia":[{"embeddable":true,"href":"https:\/\/dev.lumins.tn\/index.php?rest_route=\/wp\/v2\/media\/911"}],"wp:attachment":[{"href":"https:\/\/dev.lumins.tn\/index.php?rest_route=%2Fwp%2Fv2%2Fmedia&parent=959"}],"wp:term":[{"taxonomy":"product_brand","embeddable":true,"href":"https:\/\/dev.lumins.tn\/index.php?rest_route=%2Fwp%2Fv2%2Fproduct_brand&post=959"},{"taxonomy":"product_cat","embeddable":true,"href":"https:\/\/dev.lumins.tn\/index.php?rest_route=%2Fwp%2Fv2%2Fproduct_cat&post=959"},{"taxonomy":"product_tag","embeddable":true,"href":"https:\/\/dev.lumins.tn\/index.php?rest_route=%2Fwp%2Fv2%2Fproduct_tag&post=959"}],"curies":[{"name":"wp","href":"https:\/\/api.w.org\/{rel}","templated":true}]}}