{"id":907,"date":"2026-02-17T10:23:57","date_gmt":"2026-02-17T10:23:57","guid":{"rendered":"https:\/\/dev.lumins.tn\/?product=projecteur-cob-rgb-100w"},"modified":"2026-02-17T10:29:26","modified_gmt":"2026-02-17T10:29:26","slug":"projecteur-cob-rgb-100w","status":"publish","type":"product","link":"https:\/\/dev.lumins.tn\/?product=projecteur-cob-rgb-100w","title":{"rendered":"PROJECTEUR COB RGB 100W"},"content":{"rendered":"<p data-start=\"32\" data-end=\"347\">Le <strong data-start=\"35\" data-end=\"66\">Projecteur LED COB RGB 100W<\/strong> est un \u00e9clairage puissant et polyvalent, con\u00e7u pour cr\u00e9er des ambiances lumineuses dynamiques et color\u00e9es. Gr\u00e2ce \u00e0 la technologie COB combin\u00e9e au syst\u00e8me RGB, il permet de produire une large gamme de couleurs avec une intensit\u00e9 \u00e9lev\u00e9e et une excellente uniformit\u00e9.<\/p>\n<p data-start=\"349\" data-end=\"496\">Id\u00e9al pour les \u00e9v\u00e9nements, fa\u00e7ades, jardins, sc\u00e8nes et installations d\u00e9coratives, il offre performance, fiabilit\u00e9 et faible consommation d\u2019\u00e9nergie.<\/p>\n","protected":false},"excerpt":{"rendered":"<h2 data-start=\"503\" data-end=\"521\">Fiche Technique<\/h2>\n<p data-start=\"523\" data-end=\"1009\"><strong data-start=\"523\" data-end=\"540\">\u2022 Puissance :<\/strong> 100 Watts<br data-start=\"550\" data-end=\"553\" \/><strong data-start=\"553\" data-end=\"572\">\u2022 Technologie :<\/strong> LED COB haute luminosit\u00e9<br data-start=\"597\" data-end=\"600\" \/><strong data-start=\"600\" data-end=\"616\">\u2022 Couleurs :<\/strong> RGB (Rouge \u2013 Vert \u2013 Bleu)<br data-start=\"642\" data-end=\"645\" \/><strong data-start=\"645\" data-end=\"670\">\u2022 Modes d\u2019\u00e9clairage :<\/strong>\u00a0 changement automatique, effets dynamiques<br data-start=\"726\" data-end=\"729\" \/><strong data-start=\"729\" data-end=\"744\">\u2022 Tension :<\/strong> 220V \/ 50-60Hz<br data-start=\"763\" data-end=\"766\" \/><strong data-start=\"766\" data-end=\"791\">\u2022 Angle d\u2019\u00e9clairage :<\/strong> 60\u00b0 \u2013 120\u00b0<br data-start=\"802\" data-end=\"805\" data-is-only-node=\"\" \/><strong data-start=\"805\" data-end=\"833\">\u2022 Indice de protection :<\/strong> IP65 (usage ext\u00e9rieur)<br data-start=\"856\" data-end=\"859\" \/><strong data-start=\"859\" data-end=\"875\">\u2022 Mat\u00e9riau :<\/strong> Aluminium + verre tremp\u00e9<br data-start=\"900\" data-end=\"903\" \/><strong data-start=\"903\" data-end=\"923\">\u2022 Dur\u00e9e de vie :<\/strong> 30 000 \u2013 50 000 heures<br data-start=\"946\" data-end=\"949\" \/><strong data-start=\"949\" data-end=\"965\">\u2022 Contr\u00f4le :<\/strong> T\u00e9l\u00e9commande<\/p>\n","protected":false},"featured_media":877,"comment_status":"open","ping_status":"closed","template":"","meta":{"site-sidebar-layout":"default","site-content-layout":"","ast-site-content-layout":"default","site-content-style":"default","site-sidebar-style":"default","ast-global-header-display":"","ast-banner-title-visibility":"","ast-main-header-display":"","ast-hfb-above-header-display":"","ast-hfb-below-header-display":"","ast-hfb-mobile-header-display":"","site-post-title":"","ast-breadcrumbs-content":"","ast-featured-img":"","footer-sml-layout":"","ast-disable-related-posts":"","theme-transparent-header-meta":"default","adv-header-id-meta":"","stick-header-meta":"","header-above-stick-meta":"","header-main-stick-meta":"","header-below-stick-meta":"","astra-migrate-meta-layouts":"set","ast-page-background-enabled":"default","ast-page-background-meta":{"desktop":{"background-color":"var(--ast-global-color-5)","background-image":"","background-repeat":"repeat","background-position":"center center","background-size":"auto","background-attachment":"scroll","background-type":"","background-media":"","overlay-type":"","overlay-color":"","overlay-opacity":"","overlay-gradient":""},"tablet":{"background-color":"","background-image":"","background-repeat":"repeat","background-position":"center center","background-size":"auto","background-attachment":"scroll","background-type":"","background-media":"","overlay-type":"","overlay-color":"","overlay-opacity":"","overlay-gradient":""},"mobile":{"background-color":"","background-image":"","background-repeat":"repeat","background-position":"center center","background-size":"auto","background-attachment":"scroll","background-type":"","background-media":"","overlay-type":"","overlay-color":"","overlay-opacity":"","overlay-gradient":""}},"ast-content-background-meta":{"desktop":{"background-color":"var(--ast-global-color-4)","background-image":"","background-repeat":"repeat","background-position":"center center","background-size":"auto","background-attachment":"scroll","background-type":"","background-media":"","overlay-type":"","overlay-color":"","overlay-opacity":"","overlay-gradient":""},"tablet":{"background-color":"var(--ast-global-color-4)","background-image":"","background-repeat":"repeat","background-position":"center center","background-size":"auto","background-attachment":"scroll","background-type":"","background-media":"","overlay-type":"","overlay-color":"","overlay-opacity":"","overlay-gradient":""},"mobile":{"background-color":"var(--ast-global-color-4)","background-image":"","background-repeat":"repeat","background-position":"center center","background-size":"auto","background-attachment":"scroll","background-type":"","background-media":"","overlay-type":"","overlay-color":"","overlay-opacity":"","overlay-gradient":""}}},"product_brand":[],"product_cat":[31],"product_tag":[66,71,68],"class_list":{"0":"post-907","1":"product","2":"type-product","3":"status-publish","4":"has-post-thumbnail","6":"product_cat-projecteurs","7":"product_tag-jardin","8":"product_tag-scenes","9":"product_tag-terrasse","10":"desktop-align-left","11":"tablet-align-left","12":"mobile-align-center","14":"first","15":"instock","16":"taxable","17":"shipping-taxable","18":"purchasable","19":"product-type-simple"},"_links":{"self":[{"href":"https:\/\/dev.lumins.tn\/index.php?rest_route=\/wp\/v2\/product\/907","targetHints":{"allow":["GET"]}}],"collection":[{"href":"https:\/\/dev.lumins.tn\/index.php?rest_route=\/wp\/v2\/product"}],"about":[{"href":"https:\/\/dev.lumins.tn\/index.php?rest_route=\/wp\/v2\/types\/product"}],"replies":[{"embeddable":true,"href":"https:\/\/dev.lumins.tn\/index.php?rest_route=%2Fwp%2Fv2%2Fcomments&post=907"}],"version-history":[{"count":2,"href":"https:\/\/dev.lumins.tn\/index.php?rest_route=\/wp\/v2\/product\/907\/revisions"}],"predecessor-version":[{"id":910,"href":"https:\/\/dev.lumins.tn\/index.php?rest_route=\/wp\/v2\/product\/907\/revisions\/910"}],"wp:featuredmedia":[{"embeddable":true,"href":"https:\/\/dev.lumins.tn\/index.php?rest_route=\/wp\/v2\/media\/877"}],"wp:attachment":[{"href":"https:\/\/dev.lumins.tn\/index.php?rest_route=%2Fwp%2Fv2%2Fmedia&parent=907"}],"wp:term":[{"taxonomy":"product_brand","embeddable":true,"href":"https:\/\/dev.lumins.tn\/index.php?rest_route=%2Fwp%2Fv2%2Fproduct_brand&post=907"},{"taxonomy":"product_cat","embeddable":true,"href":"https:\/\/dev.lumins.tn\/index.php?rest_route=%2Fwp%2Fv2%2Fproduct_cat&post=907"},{"taxonomy":"product_tag","embeddable":true,"href":"https:\/\/dev.lumins.tn\/index.php?rest_route=%2Fwp%2Fv2%2Fproduct_tag&post=907"}],"curies":[{"name":"wp","href":"https:\/\/api.w.org\/{rel}","templated":true}]}}