{"id":887,"date":"2026-02-17T10:00:35","date_gmt":"2026-02-17T10:00:35","guid":{"rendered":"https:\/\/dev.lumins.tn\/?product=projecteur-smd-100w-proluxe-noir-ip65"},"modified":"2026-02-24T11:20:34","modified_gmt":"2026-02-24T11:20:34","slug":"projecteur-smd-100w-proluxe-noir-ip65","status":"publish","type":"product","link":"https:\/\/dev.lumins.tn\/?product=projecteur-smd-100w-proluxe-noir-ip65","title":{"rendered":"PROJECTEUR SMD 100W PROLUXE NOIR"},"content":{"rendered":"<p>Le <strong data-start=\"82\" data-end=\"127\">Projecteur LED SMD 100W PROLUXE noir IP65<\/strong> est un \u00e9clairage ext\u00e9rieur haute puissance con\u00e7u pour les environnements exigeants. Gr\u00e2ce \u00e0 sa technologie LED SMD de derni\u00e8re g\u00e9n\u00e9ration, il garantit une luminosit\u00e9 intense, uniforme et \u00e9conome en \u00e9nergie\u00a0 \u00a0 \u00a0 \u00a0 \u00a0 \u00a0 \u00a0 \u00a0 \u00a0 \u00a0 \u00a0 \u00a0 \u00a0 \u00a0 \u00a0 \u00a0 \u00a0 \u00a0 \u00a0 \u00a0 \u00a0 \u00a0 \u00a0 \u00a0 \u00a0 \u00a0 \u00a0 \u00a0 \u00a0 \u00a0 \u00a0 \u00a0 \u00a0 \u00a0 \u00a0 \u00a0 \u00a0 \u00a0 \u00a0 \u00a0 \u00a0 \u00a0 \u00a0 \u00a0 \u00a0 \u00a0 \u00a0 \u00a0 Id\u00e9al pour l\u2019\u00e9clairage des fa\u00e7ades, parkings, chantiers, entrep\u00f4ts, terrains sportifs et grands espaces ext\u00e9rieurs, ce projecteur 100W offre performance, durabilit\u00e9 et fiabilit\u00e9 professionnelle.<\/p>\n","protected":false},"excerpt":{"rendered":"<ul>\n<li data-start=\"371\" data-end=\"400\">\n<p data-start=\"373\" data-end=\"400\"><strong data-start=\"373\" data-end=\"388\">Puissance :<\/strong> 100 Watts<\/p>\n<\/li>\n<li data-start=\"401\" data-end=\"448\">\n<p data-start=\"403\" data-end=\"448\"><strong data-start=\"403\" data-end=\"420\">Technologie :<\/strong> LED SMD haute performance<\/p>\n<\/li>\n<li data-start=\"449\" data-end=\"471\">\n<p data-start=\"451\" data-end=\"471\"><strong data-start=\"451\" data-end=\"464\">Couleur :<\/strong> Noir<\/p>\n<\/li>\n<li data-start=\"472\" data-end=\"545\">\n<p data-start=\"474\" data-end=\"545\"><strong data-start=\"474\" data-end=\"500\">Indice de protection :<\/strong> IP65 (r\u00e9sistant \u00e0 l\u2019eau et \u00e0 la poussi\u00e8re)<\/p>\n<\/li>\n<li data-start=\"546\" data-end=\"572\">\n<p data-start=\"548\" data-end=\"572\"><strong data-start=\"548\" data-end=\"561\">Tension :<\/strong> 220V<\/p>\n<\/li>\n<li data-start=\"573\" data-end=\"617\">\n<p data-start=\"575\" data-end=\"617\"><strong data-start=\"575\" data-end=\"593\">Dur\u00e9e de vie :<\/strong> Jusqu\u2019\u00e0 30 000 heures<\/p>\n<\/li>\n<li data-start=\"618\" data-end=\"690\">\n<p data-start=\"620\" data-end=\"690\"><strong data-start=\"620\" data-end=\"634\">Mat\u00e9riau :<\/strong> Corps en aluminium robuste avec vitre en verre tremp\u00e9<\/p>\n<\/li>\n<li data-start=\"691\" data-end=\"734\">\n<p data-start=\"693\" data-end=\"734\"><strong data-start=\"693\" data-end=\"716\">Angle d\u2019\u00e9clairage :<\/strong> Large diffusion<\/p>\n<\/li>\n<\/ul>\n","protected":false},"featured_media":872,"comment_status":"open","ping_status":"closed","template":"","meta":{"site-sidebar-layout":"default","site-content-layout":"","ast-site-content-layout":"default","site-content-style":"default","site-sidebar-style":"default","ast-global-header-display":"","ast-banner-title-visibility":"","ast-main-header-display":"","ast-hfb-above-header-display":"","ast-hfb-below-header-display":"","ast-hfb-mobile-header-display":"","site-post-title":"","ast-breadcrumbs-content":"","ast-featured-img":"","footer-sml-layout":"","ast-disable-related-posts":"","theme-transparent-header-meta":"default","adv-header-id-meta":"","stick-header-meta":"","header-above-stick-meta":"","header-main-stick-meta":"","header-below-stick-meta":"","astra-migrate-meta-layouts":"set","ast-page-background-enabled":"default","ast-page-background-meta":{"desktop":{"background-color":"var(--ast-global-color-5)","background-image":"","background-repeat":"repeat","background-position":"center center","background-size":"auto","background-attachment":"scroll","background-type":"","background-media":"","overlay-type":"","overlay-color":"","overlay-opacity":"","overlay-gradient":""},"tablet":{"background-color":"","background-image":"","background-repeat":"repeat","background-position":"center center","background-size":"auto","background-attachment":"scroll","background-type":"","background-media":"","overlay-type":"","overlay-color":"","overlay-opacity":"","overlay-gradient":""},"mobile":{"background-color":"","background-image":"","background-repeat":"repeat","background-position":"center center","background-size":"auto","background-attachment":"scroll","background-type":"","background-media":"","overlay-type":"","overlay-color":"","overlay-opacity":"","overlay-gradient":""}},"ast-content-background-meta":{"desktop":{"background-color":"var(--ast-global-color-4)","background-image":"","background-repeat":"repeat","background-position":"center center","background-size":"auto","background-attachment":"scroll","background-type":"","background-media":"","overlay-type":"","overlay-color":"","overlay-opacity":"","overlay-gradient":""},"tablet":{"background-color":"var(--ast-global-color-4)","background-image":"","background-repeat":"repeat","background-position":"center center","background-size":"auto","background-attachment":"scroll","background-type":"","background-media":"","overlay-type":"","overlay-color":"","overlay-opacity":"","overlay-gradient":""},"mobile":{"background-color":"var(--ast-global-color-4)","background-image":"","background-repeat":"repeat","background-position":"center center","background-size":"auto","background-attachment":"scroll","background-type":"","background-media":"","overlay-type":"","overlay-color":"","overlay-opacity":"","overlay-gradient":""}}},"product_brand":[],"product_cat":[27,31],"product_tag":[66,70,68],"class_list":{"0":"post-887","1":"product","2":"type-product","3":"status-publish","4":"has-post-thumbnail","6":"product_cat-eclairage","7":"product_cat-projecteurs","8":"product_tag-jardin","9":"product_tag-parking","10":"product_tag-terrasse","11":"desktop-align-left","12":"tablet-align-left","13":"mobile-align-center","15":"first","16":"instock","17":"taxable","18":"shipping-taxable","19":"purchasable","20":"product-type-simple"},"_links":{"self":[{"href":"https:\/\/dev.lumins.tn\/index.php?rest_route=\/wp\/v2\/product\/887","targetHints":{"allow":["GET"]}}],"collection":[{"href":"https:\/\/dev.lumins.tn\/index.php?rest_route=\/wp\/v2\/product"}],"about":[{"href":"https:\/\/dev.lumins.tn\/index.php?rest_route=\/wp\/v2\/types\/product"}],"replies":[{"embeddable":true,"href":"https:\/\/dev.lumins.tn\/index.php?rest_route=%2Fwp%2Fv2%2Fcomments&post=887"}],"version-history":[{"count":2,"href":"https:\/\/dev.lumins.tn\/index.php?rest_route=\/wp\/v2\/product\/887\/revisions"}],"predecessor-version":[{"id":889,"href":"https:\/\/dev.lumins.tn\/index.php?rest_route=\/wp\/v2\/product\/887\/revisions\/889"}],"wp:featuredmedia":[{"embeddable":true,"href":"https:\/\/dev.lumins.tn\/index.php?rest_route=\/wp\/v2\/media\/872"}],"wp:attachment":[{"href":"https:\/\/dev.lumins.tn\/index.php?rest_route=%2Fwp%2Fv2%2Fmedia&parent=887"}],"wp:term":[{"taxonomy":"product_brand","embeddable":true,"href":"https:\/\/dev.lumins.tn\/index.php?rest_route=%2Fwp%2Fv2%2Fproduct_brand&post=887"},{"taxonomy":"product_cat","embeddable":true,"href":"https:\/\/dev.lumins.tn\/index.php?rest_route=%2Fwp%2Fv2%2Fproduct_cat&post=887"},{"taxonomy":"product_tag","embeddable":true,"href":"https:\/\/dev.lumins.tn\/index.php?rest_route=%2Fwp%2Fv2%2Fproduct_tag&post=887"}],"curies":[{"name":"wp","href":"https:\/\/api.w.org\/{rel}","templated":true}]}}