{"id":881,"date":"2026-02-17T09:51:06","date_gmt":"2026-02-17T09:51:06","guid":{"rendered":"https:\/\/dev.lumins.tn\/?product=projecteur-smd-10w-noir"},"modified":"2026-02-17T09:54:00","modified_gmt":"2026-02-17T09:54:00","slug":"projecteur-smd-10w-noir","status":"publish","type":"product","link":"https:\/\/dev.lumins.tn\/?product=projecteur-smd-10w-noir","title":{"rendered":"PROJECTEUR SMD 10W NOIR"},"content":{"rendered":"<p>Ce <strong data-start=\"112\" data-end=\"143\">projecteur LED SMD 10W noir<\/strong> est une solution d\u2019\u00e9clairage performante et \u00e9conomique, id\u00e9ale pour un usage int\u00e9rieur et ext\u00e9rieur. Gr\u00e2ce \u00e0 sa technologie LED SMD, il offre une lumi\u00e8re puissante et homog\u00e8ne tout en consommant tr\u00e8s peu d\u2019\u00e9nergie.<\/p>\n","protected":false},"excerpt":{"rendered":"<h4 data-start=\"360\" data-end=\"395\">Caract\u00e9ristiques principales :<\/h4>\n<ul data-start=\"396\" data-end=\"745\">\n<li data-start=\"396\" data-end=\"424\">\n<p data-start=\"398\" data-end=\"424\"><strong data-start=\"398\" data-end=\"413\">Puissance :<\/strong> 10 Watts<\/p>\n<\/li>\n<li data-start=\"425\" data-end=\"471\">\n<p data-start=\"427\" data-end=\"471\"><strong data-start=\"427\" data-end=\"444\">Technologie :<\/strong> LED SMD haute luminosit\u00e9<\/p>\n<\/li>\n<li data-start=\"472\" data-end=\"494\">\n<p data-start=\"474\" data-end=\"494\"><strong data-start=\"474\" data-end=\"487\">Couleur :<\/strong> Noir<\/p>\n<\/li>\n<li data-start=\"495\" data-end=\"521\">\n<p data-start=\"497\" data-end=\"521\"><strong data-start=\"497\" data-end=\"510\">Tension :<\/strong> 220V<\/p>\n<\/li>\n<li data-start=\"522\" data-end=\"565\">\n<p data-start=\"524\" data-end=\"565\"><strong data-start=\"524\" data-end=\"547\">Angle d\u2019\u00e9clairage :<\/strong> Large diffusion<\/p>\n<\/li>\n<li data-start=\"566\" data-end=\"625\">\n<p data-start=\"568\" data-end=\"625\"><strong data-start=\"568\" data-end=\"586\">Dur\u00e9e de vie :<\/strong> Longue dur\u00e9e (jusqu\u2019\u00e0 25 000 heures)<\/p>\n<\/li>\n<li data-start=\"626\" data-end=\"673\">\n<p data-start=\"628\" data-end=\"673\"><strong data-start=\"628\" data-end=\"642\">Mat\u00e9riau :<\/strong> Bo\u00eetier en aluminium robuste<\/p>\n<\/li>\n<li data-start=\"674\" data-end=\"745\">\n<p data-start=\"676\" data-end=\"745\"><strong data-start=\"676\" data-end=\"702\">Indice de protection :<\/strong> IP65 (r\u00e9sistant \u00e0 l\u2019eau et \u00e0 la poussi\u00e8re)<\/p>\n<\/li>\n<\/ul>\n","protected":false},"featured_media":870,"comment_status":"open","ping_status":"closed","template":"","meta":{"site-sidebar-layout":"default","site-content-layout":"","ast-site-content-layout":"default","site-content-style":"default","site-sidebar-style":"default","ast-global-header-display":"","ast-banner-title-visibility":"","ast-main-header-display":"","ast-hfb-above-header-display":"","ast-hfb-below-header-display":"","ast-hfb-mobile-header-display":"","site-post-title":"","ast-breadcrumbs-content":"","ast-featured-img":"","footer-sml-layout":"","ast-disable-related-posts":"","theme-transparent-header-meta":"default","adv-header-id-meta":"","stick-header-meta":"","header-above-stick-meta":"","header-main-stick-meta":"","header-below-stick-meta":"","astra-migrate-meta-layouts":"set","ast-page-background-enabled":"default","ast-page-background-meta":{"desktop":{"background-color":"var(--ast-global-color-5)","background-image":"","background-repeat":"repeat","background-position":"center center","background-size":"auto","background-attachment":"scroll","background-type":"","background-media":"","overlay-type":"","overlay-color":"","overlay-opacity":"","overlay-gradient":""},"tablet":{"background-color":"","background-image":"","background-repeat":"repeat","background-position":"center center","background-size":"auto","background-attachment":"scroll","background-type":"","background-media":"","overlay-type":"","overlay-color":"","overlay-opacity":"","overlay-gradient":""},"mobile":{"background-color":"","background-image":"","background-repeat":"repeat","background-position":"center center","background-size":"auto","background-attachment":"scroll","background-type":"","background-media":"","overlay-type":"","overlay-color":"","overlay-opacity":"","overlay-gradient":""}},"ast-content-background-meta":{"desktop":{"background-color":"var(--ast-global-color-4)","background-image":"","background-repeat":"repeat","background-position":"center center","background-size":"auto","background-attachment":"scroll","background-type":"","background-media":"","overlay-type":"","overlay-color":"","overlay-opacity":"","overlay-gradient":""},"tablet":{"background-color":"var(--ast-global-color-4)","background-image":"","background-repeat":"repeat","background-position":"center center","background-size":"auto","background-attachment":"scroll","background-type":"","background-media":"","overlay-type":"","overlay-color":"","overlay-opacity":"","overlay-gradient":""},"mobile":{"background-color":"var(--ast-global-color-4)","background-image":"","background-repeat":"repeat","background-position":"center center","background-size":"auto","background-attachment":"scroll","background-type":"","background-media":"","overlay-type":"","overlay-color":"","overlay-opacity":"","overlay-gradient":""}}},"product_brand":[],"product_cat":[31],"product_tag":[66,68],"class_list":{"0":"post-881","1":"product","2":"type-product","3":"status-publish","4":"has-post-thumbnail","6":"product_cat-projecteurs","7":"product_tag-jardin","8":"product_tag-terrasse","9":"desktop-align-left","10":"tablet-align-left","11":"mobile-align-center","13":"first","14":"instock","15":"taxable","16":"shipping-taxable","17":"purchasable","18":"product-type-simple"},"_links":{"self":[{"href":"https:\/\/dev.lumins.tn\/index.php?rest_route=\/wp\/v2\/product\/881","targetHints":{"allow":["GET"]}}],"collection":[{"href":"https:\/\/dev.lumins.tn\/index.php?rest_route=\/wp\/v2\/product"}],"about":[{"href":"https:\/\/dev.lumins.tn\/index.php?rest_route=\/wp\/v2\/types\/product"}],"replies":[{"embeddable":true,"href":"https:\/\/dev.lumins.tn\/index.php?rest_route=%2Fwp%2Fv2%2Fcomments&post=881"}],"version-history":[{"count":2,"href":"https:\/\/dev.lumins.tn\/index.php?rest_route=\/wp\/v2\/product\/881\/revisions"}],"predecessor-version":[{"id":883,"href":"https:\/\/dev.lumins.tn\/index.php?rest_route=\/wp\/v2\/product\/881\/revisions\/883"}],"wp:featuredmedia":[{"embeddable":true,"href":"https:\/\/dev.lumins.tn\/index.php?rest_route=\/wp\/v2\/media\/870"}],"wp:attachment":[{"href":"https:\/\/dev.lumins.tn\/index.php?rest_route=%2Fwp%2Fv2%2Fmedia&parent=881"}],"wp:term":[{"taxonomy":"product_brand","embeddable":true,"href":"https:\/\/dev.lumins.tn\/index.php?rest_route=%2Fwp%2Fv2%2Fproduct_brand&post=881"},{"taxonomy":"product_cat","embeddable":true,"href":"https:\/\/dev.lumins.tn\/index.php?rest_route=%2Fwp%2Fv2%2Fproduct_cat&post=881"},{"taxonomy":"product_tag","embeddable":true,"href":"https:\/\/dev.lumins.tn\/index.php?rest_route=%2Fwp%2Fv2%2Fproduct_tag&post=881"}],"curies":[{"name":"wp","href":"https:\/\/api.w.org\/{rel}","templated":true}]}}