{"id":840,"date":"2026-02-16T11:27:01","date_gmt":"2026-02-16T11:27:01","guid":{"rendered":"https:\/\/dev.lumins.tn\/?product=projecteur-smd-100w-ip67-solaire-noir"},"modified":"2026-02-16T11:47:43","modified_gmt":"2026-02-16T11:47:43","slug":"projecteur-smd-100w-ip67-solaire-noir","status":"publish","type":"product","link":"https:\/\/dev.lumins.tn\/?product=projecteur-smd-100w-ip67-solaire-noir","title":{"rendered":"PROJECTEUR SMD 100W IP67 SOLAIRE NOIR"},"content":{"rendered":"<p>Le projecteur solaire SMD 100W IP67 est une solution d\u2019\u00e9clairage ext\u00e9rieur puissante, \u00e9conomique et \u00e9cologique. Con\u00e7u pour offrir une luminosit\u00e9 optimale tout en r\u00e9duisant la consommation d\u2019\u00e9nergie, il fonctionne enti\u00e8rement \u00e0 l\u2019\u00e9nergie solaire gr\u00e2ce \u00e0 son panneau photovolta\u00efque int\u00e9gr\u00e9.<\/p>\n","protected":false},"excerpt":{"rendered":"<h4 data-start=\"446\" data-end=\"483\">Caract\u00e9ristiques principales :<\/h4>\n<ul data-start=\"484\" data-end=\"966\">\n<li data-start=\"484\" data-end=\"508\">\n<p data-start=\"486\" data-end=\"508\"><strong data-start=\"486\" data-end=\"501\">Puissance :<\/strong> 100W<\/p>\n<\/li>\n<li data-start=\"509\" data-end=\"582\">\n<p data-start=\"511\" data-end=\"582\"><strong data-start=\"511\" data-end=\"532\">Technologie LED :<\/strong> SMD haute performance (fort rendement lumineux)<\/p>\n<\/li>\n<li data-start=\"583\" data-end=\"673\">\n<p data-start=\"585\" data-end=\"673\"><strong data-start=\"585\" data-end=\"611\">Indice de protection :<\/strong> IP67 (r\u00e9sistant \u00e0 l\u2019eau, \u00e0 la poussi\u00e8re et aux intemp\u00e9ries)<\/p>\n<\/li>\n<li data-start=\"674\" data-end=\"696\">\n<p data-start=\"676\" data-end=\"696\"><strong data-start=\"676\" data-end=\"689\">Couleur :<\/strong> Noir<\/p>\n<\/li>\n<li data-start=\"697\" data-end=\"771\">\n<p data-start=\"699\" data-end=\"771\"><strong data-start=\"699\" data-end=\"717\">Alimentation :<\/strong> \u00c9nergie solaire avec batterie rechargeable int\u00e9gr\u00e9e<\/p>\n<\/li>\n<li data-start=\"772\" data-end=\"827\">\n<p data-start=\"774\" data-end=\"827\"><strong data-start=\"774\" data-end=\"789\">Autonomie :<\/strong> 8 \u00e0 12 heures apr\u00e8s charge compl\u00e8te<\/p>\n<\/li>\n<li data-start=\"828\" data-end=\"883\">\n<p data-start=\"830\" data-end=\"883\"><strong data-start=\"830\" data-end=\"851\">Temps de charge :<\/strong> 4 \u00e0 6 heures d\u2019ensoleillement<\/p>\n<\/li>\n<li data-start=\"884\" data-end=\"966\">\n<p data-start=\"886\" data-end=\"966\"><strong data-start=\"886\" data-end=\"914\">Mode de fonctionnement :<\/strong> T\u00e9l\u00e9commande incluse \/ d\u00e9tection automatique nuit<\/p>\n<\/li>\n<\/ul>\n","protected":false},"featured_media":803,"comment_status":"open","ping_status":"closed","template":"","meta":{"site-sidebar-layout":"default","site-content-layout":"","ast-site-content-layout":"default","site-content-style":"default","site-sidebar-style":"default","ast-global-header-display":"","ast-banner-title-visibility":"","ast-main-header-display":"","ast-hfb-above-header-display":"","ast-hfb-below-header-display":"","ast-hfb-mobile-header-display":"","site-post-title":"","ast-breadcrumbs-content":"","ast-featured-img":"","footer-sml-layout":"","ast-disable-related-posts":"","theme-transparent-header-meta":"default","adv-header-id-meta":"","stick-header-meta":"","header-above-stick-meta":"","header-main-stick-meta":"","header-below-stick-meta":"","astra-migrate-meta-layouts":"set","ast-page-background-enabled":"default","ast-page-background-meta":{"desktop":{"background-color":"var(--ast-global-color-5)","background-image":"","background-repeat":"repeat","background-position":"center center","background-size":"auto","background-attachment":"scroll","background-type":"","background-media":"","overlay-type":"","overlay-color":"","overlay-opacity":"","overlay-gradient":""},"tablet":{"background-color":"","background-image":"","background-repeat":"repeat","background-position":"center center","background-size":"auto","background-attachment":"scroll","background-type":"","background-media":"","overlay-type":"","overlay-color":"","overlay-opacity":"","overlay-gradient":""},"mobile":{"background-color":"","background-image":"","background-repeat":"repeat","background-position":"center center","background-size":"auto","background-attachment":"scroll","background-type":"","background-media":"","overlay-type":"","overlay-color":"","overlay-opacity":"","overlay-gradient":""}},"ast-content-background-meta":{"desktop":{"background-color":"var(--ast-global-color-4)","background-image":"","background-repeat":"repeat","background-position":"center center","background-size":"auto","background-attachment":"scroll","background-type":"","background-media":"","overlay-type":"","overlay-color":"","overlay-opacity":"","overlay-gradient":""},"tablet":{"background-color":"var(--ast-global-color-4)","background-image":"","background-repeat":"repeat","background-position":"center center","background-size":"auto","background-attachment":"scroll","background-type":"","background-media":"","overlay-type":"","overlay-color":"","overlay-opacity":"","overlay-gradient":""},"mobile":{"background-color":"var(--ast-global-color-4)","background-image":"","background-repeat":"repeat","background-position":"center center","background-size":"auto","background-attachment":"scroll","background-type":"","background-media":"","overlay-type":"","overlay-color":"","overlay-opacity":"","overlay-gradient":""}}},"product_brand":[],"product_cat":[31],"product_tag":[66,69],"class_list":{"0":"post-840","1":"product","2":"type-product","3":"status-publish","4":"has-post-thumbnail","6":"product_cat-projecteurs","7":"product_tag-jardin","8":"product_tag-terrains-agricoles","9":"desktop-align-left","10":"tablet-align-left","11":"mobile-align-center","13":"first","14":"instock","15":"taxable","16":"shipping-taxable","17":"purchasable","18":"product-type-simple"},"_links":{"self":[{"href":"https:\/\/dev.lumins.tn\/index.php?rest_route=\/wp\/v2\/product\/840","targetHints":{"allow":["GET"]}}],"collection":[{"href":"https:\/\/dev.lumins.tn\/index.php?rest_route=\/wp\/v2\/product"}],"about":[{"href":"https:\/\/dev.lumins.tn\/index.php?rest_route=\/wp\/v2\/types\/product"}],"replies":[{"embeddable":true,"href":"https:\/\/dev.lumins.tn\/index.php?rest_route=%2Fwp%2Fv2%2Fcomments&post=840"}],"version-history":[{"count":2,"href":"https:\/\/dev.lumins.tn\/index.php?rest_route=\/wp\/v2\/product\/840\/revisions"}],"predecessor-version":[{"id":841,"href":"https:\/\/dev.lumins.tn\/index.php?rest_route=\/wp\/v2\/product\/840\/revisions\/841"}],"wp:featuredmedia":[{"embeddable":true,"href":"https:\/\/dev.lumins.tn\/index.php?rest_route=\/wp\/v2\/media\/803"}],"wp:attachment":[{"href":"https:\/\/dev.lumins.tn\/index.php?rest_route=%2Fwp%2Fv2%2Fmedia&parent=840"}],"wp:term":[{"taxonomy":"product_brand","embeddable":true,"href":"https:\/\/dev.lumins.tn\/index.php?rest_route=%2Fwp%2Fv2%2Fproduct_brand&post=840"},{"taxonomy":"product_cat","embeddable":true,"href":"https:\/\/dev.lumins.tn\/index.php?rest_route=%2Fwp%2Fv2%2Fproduct_cat&post=840"},{"taxonomy":"product_tag","embeddable":true,"href":"https:\/\/dev.lumins.tn\/index.php?rest_route=%2Fwp%2Fv2%2Fproduct_tag&post=840"}],"curies":[{"name":"wp","href":"https:\/\/api.w.org\/{rel}","templated":true}]}}