{"id":812,"date":"2026-02-14T10:27:49","date_gmt":"2026-02-14T10:27:49","guid":{"rendered":"https:\/\/dev.lumins.tn\/?product=poteaux-solaire-1w-carre"},"modified":"2026-02-14T10:36:26","modified_gmt":"2026-02-14T10:36:26","slug":"poteaux-solaire-1w-carre","status":"publish","type":"product","link":"https:\/\/dev.lumins.tn\/?product=poteaux-solaire-1w-carre","title":{"rendered":"POTEAU SOLAIRE 1W CARRE"},"content":{"rendered":"<p>Apportez une touche moderne et \u00e9l\u00e9gante \u00e0 votre ext\u00e9rieur avec ce poteau solaire carr\u00e9 de 1W. Id\u00e9al pour baliser et s\u00e9curiser vos espaces tout en r\u00e9alisant des \u00e9conomies d\u2019\u00e9nergie.<\/p>\n<h3 data-start=\"705\" data-end=\"724\">Id\u00e9al pour :<\/h3>\n<ul data-start=\"726\" data-end=\"827\">\n<li data-start=\"726\" data-end=\"747\">\n<p data-start=\"728\" data-end=\"747\">All\u00e9es et chemins<\/p>\n<\/li>\n<li data-start=\"748\" data-end=\"771\">\n<p data-start=\"750\" data-end=\"771\">Jardins et pelouses<\/p>\n<\/li>\n<li data-start=\"772\" data-end=\"793\">\n<p data-start=\"774\" data-end=\"793\">Entr\u00e9es de maison<\/p>\n<\/li>\n<li data-start=\"794\" data-end=\"827\">\n<p data-start=\"796\" data-end=\"827\">Espaces ext\u00e9rieurs d\u00e9coratifs<\/p>\n<\/li>\n<\/ul>\n<p data-start=\"829\" data-end=\"907\" data-is-last-node=\"\" data-is-only-node=\"\">Une solution pratique, \u00e9cologique et esth\u00e9tique pour illuminer vos ext\u00e9rieurs.<\/p>\n","protected":false},"excerpt":{"rendered":"<h3 data-start=\"213\" data-end=\"249\">Caract\u00e9ristiques principales :<\/h3>\n<ul data-start=\"251\" data-end=\"703\">\n<li data-start=\"251\" data-end=\"320\">\n<p data-start=\"253\" data-end=\"320\"><strong data-start=\"253\" data-end=\"273\">Puissance 1W LED<\/strong> : \u00e9clairage doux et efficace pour le balisage.<\/p>\n<\/li>\n<li data-start=\"321\" data-end=\"406\">\n<p data-start=\"323\" data-end=\"406\"><strong data-start=\"323\" data-end=\"347\">Design carr\u00e9 moderne<\/strong> : s\u2019int\u00e8gre parfaitement aux jardins, all\u00e9es et terrasses.<\/p>\n<\/li>\n<li data-start=\"407\" data-end=\"494\">\n<p data-start=\"409\" data-end=\"494\"><strong data-start=\"409\" data-end=\"433\">Alimentation solaire<\/strong> : fonctionne sans \u00e9lectricit\u00e9, recharge automatique le jour.<\/p>\n<\/li>\n<li data-start=\"495\" data-end=\"556\">\n<p data-start=\"497\" data-end=\"556\"><strong data-start=\"497\" data-end=\"521\">Allumage automatique<\/strong> : s\u2019active \u00e0 la tomb\u00e9e de la nuit.<\/p>\n<\/li>\n<li data-start=\"557\" data-end=\"622\">\n<p data-start=\"559\" data-end=\"622\"><strong data-start=\"559\" data-end=\"582\">Installation facile<\/strong> : fixation simple au sol, sans c\u00e2blage.<\/p>\n<\/li>\n<li data-start=\"623\" data-end=\"703\">\n<p data-start=\"625\" data-end=\"703\"><strong data-start=\"625\" data-end=\"654\">R\u00e9sistant aux intemp\u00e9ries<\/strong> : con\u00e7u pour une utilisation ext\u00e9rieure durable<\/p>\n<\/li>\n<\/ul>\n","protected":false},"featured_media":797,"comment_status":"open","ping_status":"closed","template":"","meta":{"site-sidebar-layout":"default","site-content-layout":"","ast-site-content-layout":"default","site-content-style":"default","site-sidebar-style":"default","ast-global-header-display":"","ast-banner-title-visibility":"","ast-main-header-display":"","ast-hfb-above-header-display":"","ast-hfb-below-header-display":"","ast-hfb-mobile-header-display":"","site-post-title":"","ast-breadcrumbs-content":"","ast-featured-img":"","footer-sml-layout":"","ast-disable-related-posts":"","theme-transparent-header-meta":"default","adv-header-id-meta":"","stick-header-meta":"","header-above-stick-meta":"","header-main-stick-meta":"","header-below-stick-meta":"","astra-migrate-meta-layouts":"set","ast-page-background-enabled":"default","ast-page-background-meta":{"desktop":{"background-color":"var(--ast-global-color-5)","background-image":"","background-repeat":"repeat","background-position":"center center","background-size":"auto","background-attachment":"scroll","background-type":"","background-media":"","overlay-type":"","overlay-color":"","overlay-opacity":"","overlay-gradient":""},"tablet":{"background-color":"","background-image":"","background-repeat":"repeat","background-position":"center center","background-size":"auto","background-attachment":"scroll","background-type":"","background-media":"","overlay-type":"","overlay-color":"","overlay-opacity":"","overlay-gradient":""},"mobile":{"background-color":"","background-image":"","background-repeat":"repeat","background-position":"center center","background-size":"auto","background-attachment":"scroll","background-type":"","background-media":"","overlay-type":"","overlay-color":"","overlay-opacity":"","overlay-gradient":""}},"ast-content-background-meta":{"desktop":{"background-color":"var(--ast-global-color-4)","background-image":"","background-repeat":"repeat","background-position":"center center","background-size":"auto","background-attachment":"scroll","background-type":"","background-media":"","overlay-type":"","overlay-color":"","overlay-opacity":"","overlay-gradient":""},"tablet":{"background-color":"var(--ast-global-color-4)","background-image":"","background-repeat":"repeat","background-position":"center center","background-size":"auto","background-attachment":"scroll","background-type":"","background-media":"","overlay-type":"","overlay-color":"","overlay-opacity":"","overlay-gradient":""},"mobile":{"background-color":"var(--ast-global-color-4)","background-image":"","background-repeat":"repeat","background-position":"center center","background-size":"auto","background-attachment":"scroll","background-type":"","background-media":"","overlay-type":"","overlay-color":"","overlay-opacity":"","overlay-gradient":""}}},"product_brand":[],"product_cat":[35],"product_tag":[66,68],"class_list":{"0":"post-812","1":"product","2":"type-product","3":"status-publish","4":"has-post-thumbnail","6":"product_cat-poteaux-exterieures","7":"product_tag-jardin","8":"product_tag-terrasse","9":"desktop-align-left","10":"tablet-align-left","11":"mobile-align-center","13":"first","14":"instock","15":"taxable","16":"shipping-taxable","17":"purchasable","18":"product-type-simple"},"_links":{"self":[{"href":"https:\/\/dev.lumins.tn\/index.php?rest_route=\/wp\/v2\/product\/812","targetHints":{"allow":["GET"]}}],"collection":[{"href":"https:\/\/dev.lumins.tn\/index.php?rest_route=\/wp\/v2\/product"}],"about":[{"href":"https:\/\/dev.lumins.tn\/index.php?rest_route=\/wp\/v2\/types\/product"}],"replies":[{"embeddable":true,"href":"https:\/\/dev.lumins.tn\/index.php?rest_route=%2Fwp%2Fv2%2Fcomments&post=812"}],"version-history":[{"count":3,"href":"https:\/\/dev.lumins.tn\/index.php?rest_route=\/wp\/v2\/product\/812\/revisions"}],"predecessor-version":[{"id":819,"href":"https:\/\/dev.lumins.tn\/index.php?rest_route=\/wp\/v2\/product\/812\/revisions\/819"}],"wp:featuredmedia":[{"embeddable":true,"href":"https:\/\/dev.lumins.tn\/index.php?rest_route=\/wp\/v2\/media\/797"}],"wp:attachment":[{"href":"https:\/\/dev.lumins.tn\/index.php?rest_route=%2Fwp%2Fv2%2Fmedia&parent=812"}],"wp:term":[{"taxonomy":"product_brand","embeddable":true,"href":"https:\/\/dev.lumins.tn\/index.php?rest_route=%2Fwp%2Fv2%2Fproduct_brand&post=812"},{"taxonomy":"product_cat","embeddable":true,"href":"https:\/\/dev.lumins.tn\/index.php?rest_route=%2Fwp%2Fv2%2Fproduct_cat&post=812"},{"taxonomy":"product_tag","embeddable":true,"href":"https:\/\/dev.lumins.tn\/index.php?rest_route=%2Fwp%2Fv2%2Fproduct_tag&post=812"}],"curies":[{"name":"wp","href":"https:\/\/api.w.org\/{rel}","templated":true}]}}