{"id":809,"date":"2026-02-14T10:19:04","date_gmt":"2026-02-14T10:19:04","guid":{"rendered":"https:\/\/dev.lumins.tn\/?product=projececteur-led-foyer-cob-solaire-60leds-avec-capteur-mouvement"},"modified":"2026-02-14T10:26:13","modified_gmt":"2026-02-14T10:26:13","slug":"projececteur-led-foyer-cob-solaire-60leds-avec-capteur-mouvement","status":"publish","type":"product","link":"https:\/\/dev.lumins.tn\/?product=projececteur-led-foyer-cob-solaire-60leds-avec-capteur-mouvement","title":{"rendered":"FOYER COB SOLAIRE AVEC CAPTEUR MOUVEMENT"},"content":{"rendered":"<p>\u00c9clairez efficacement vos espaces ext\u00e9rieurs gr\u00e2ce \u00e0 ce foyer solaire \u00e9quip\u00e9 de la technologie <strong data-start=\"220\" data-end=\"231\">COB LED<\/strong> et d\u2019un capteur de mouvement intelligent. Id\u00e9al pour les jardins, terrasses, all\u00e9es, portails et garages.<\/p>\n","protected":false},"excerpt":{"rendered":"<h3 data-start=\"339\" data-end=\"375\">Caract\u00e9ristiques principales :<\/h3>\n<ul data-start=\"377\" data-end=\"888\">\n<li data-start=\"377\" data-end=\"459\">\n<p data-start=\"379\" data-end=\"459\"><strong data-start=\"379\" data-end=\"411\">60 LEDs COB haute luminosit\u00e9<\/strong> : \u00e9clairage puissant, large angle de diffusion.<\/p>\n<\/li>\n<li data-start=\"460\" data-end=\"545\">\n<p data-start=\"462\" data-end=\"545\"><strong data-start=\"462\" data-end=\"486\">Alimentation solaire<\/strong> : fonctionne \u00e0 l\u2019\u00e9nergie solaire, sans c\u00e2blage \u00e9lectrique.<\/p>\n<\/li>\n<li data-start=\"546\" data-end=\"649\">\n<p data-start=\"548\" data-end=\"649\"><strong data-start=\"548\" data-end=\"580\">Capteur de mouvement int\u00e9gr\u00e9<\/strong> : d\u00e9tection automatique des mouvements pour un \u00e9clairage instantan\u00e9.<\/p>\n<\/li>\n<li data-start=\"650\" data-end=\"716\">\n<p data-start=\"652\" data-end=\"716\"><strong data-start=\"652\" data-end=\"674\">\u00c9conomie d\u2019\u00e9nergie<\/strong> : s\u2019allume uniquement en cas de pr\u00e9sence.<\/p>\n<\/li>\n<li data-start=\"717\" data-end=\"789\">\n<p data-start=\"719\" data-end=\"789\"><strong data-start=\"719\" data-end=\"742\">Installation facile<\/strong> : montage mural simple, sans outils complexes.<\/p>\n<\/li>\n<li data-start=\"790\" data-end=\"888\">\n<p data-start=\"792\" data-end=\"888\"><strong data-start=\"792\" data-end=\"821\">R\u00e9sistant aux intemp\u00e9ries<\/strong> : adapt\u00e9 \u00e0 une utilisation ext\u00e9rieure (pluie, poussi\u00e8re, chaleur).\u00a0 \u00a0 \u00a0 \u00a0 \u00a0 \u00a0 \u00a0 \u00a0 \u00a0 \u00a0 \u00a0 \u00a0 \u00a0 \u00a0 \u00a0 \u00a0 \u00a0 \u00a0 \u00a0 \u00a0 \u00a0 \u00a0 \u00a0 \u00a0 \u00a0 \u00a0 \u00a0 \u00a0 \u00a0 \u00a0 \u00a0 \u00a0 \u00a0 \u00a0 \u00a0 \u00a0 \u00a0 \u00a0 \u00a0 \u00a0 \u00a0 \u00a0 \u00a0 \u00a0 \u00a0 \u00a0 \u00a0 \u00a0 \u00a0 \u00a0 \u00a0 \u00a0 \u00a0 \u00a0 \u00a0 \u00a0 \u00a0 \u00a0 \u00a0 \u00a0 \u00a0 \u00a0 \u00a0 \u00a0 \u00a0 \u00a0 \u00a0 \u00a0 \u00a0 \u00a0 \u00a0 \u00a0 \u00a0 \u00a0 \u00a0 \u00a0 \u00a0 \u00a0 \u00a0 Le panneau solaire recharge la batterie int\u00e9gr\u00e9e pendant la journ\u00e9e. La nuit, le projecteur s\u2019active automatiquement lorsqu\u2019un mouvement est d\u00e9tect\u00e9, offrant s\u00e9curit\u00e9 et confort.<\/p>\n<\/li>\n<\/ul>\n","protected":false},"featured_media":793,"comment_status":"open","ping_status":"closed","template":"","meta":{"site-sidebar-layout":"default","site-content-layout":"","ast-site-content-layout":"default","site-content-style":"default","site-sidebar-style":"default","ast-global-header-display":"","ast-banner-title-visibility":"","ast-main-header-display":"","ast-hfb-above-header-display":"","ast-hfb-below-header-display":"","ast-hfb-mobile-header-display":"","site-post-title":"","ast-breadcrumbs-content":"","ast-featured-img":"","footer-sml-layout":"","ast-disable-related-posts":"","theme-transparent-header-meta":"default","adv-header-id-meta":"","stick-header-meta":"","header-above-stick-meta":"","header-main-stick-meta":"","header-below-stick-meta":"","astra-migrate-meta-layouts":"set","ast-page-background-enabled":"default","ast-page-background-meta":{"desktop":{"background-color":"var(--ast-global-color-5)","background-image":"","background-repeat":"repeat","background-position":"center center","background-size":"auto","background-attachment":"scroll","background-type":"","background-media":"","overlay-type":"","overlay-color":"","overlay-opacity":"","overlay-gradient":""},"tablet":{"background-color":"","background-image":"","background-repeat":"repeat","background-position":"center center","background-size":"auto","background-attachment":"scroll","background-type":"","background-media":"","overlay-type":"","overlay-color":"","overlay-opacity":"","overlay-gradient":""},"mobile":{"background-color":"","background-image":"","background-repeat":"repeat","background-position":"center center","background-size":"auto","background-attachment":"scroll","background-type":"","background-media":"","overlay-type":"","overlay-color":"","overlay-opacity":"","overlay-gradient":""}},"ast-content-background-meta":{"desktop":{"background-color":"var(--ast-global-color-4)","background-image":"","background-repeat":"repeat","background-position":"center center","background-size":"auto","background-attachment":"scroll","background-type":"","background-media":"","overlay-type":"","overlay-color":"","overlay-opacity":"","overlay-gradient":""},"tablet":{"background-color":"var(--ast-global-color-4)","background-image":"","background-repeat":"repeat","background-position":"center center","background-size":"auto","background-attachment":"scroll","background-type":"","background-media":"","overlay-type":"","overlay-color":"","overlay-opacity":"","overlay-gradient":""},"mobile":{"background-color":"var(--ast-global-color-4)","background-image":"","background-repeat":"repeat","background-position":"center center","background-size":"auto","background-attachment":"scroll","background-type":"","background-media":"","overlay-type":"","overlay-color":"","overlay-opacity":"","overlay-gradient":""}}},"product_brand":[],"product_cat":[34],"product_tag":[66],"class_list":{"0":"post-809","1":"product","2":"type-product","3":"status-publish","4":"has-post-thumbnail","6":"product_cat-appliques-exterieures","7":"product_tag-jardin","8":"desktop-align-left","9":"tablet-align-left","10":"mobile-align-center","12":"first","13":"instock","14":"taxable","15":"shipping-taxable","16":"purchasable","17":"product-type-simple"},"_links":{"self":[{"href":"https:\/\/dev.lumins.tn\/index.php?rest_route=\/wp\/v2\/product\/809","targetHints":{"allow":["GET"]}}],"collection":[{"href":"https:\/\/dev.lumins.tn\/index.php?rest_route=\/wp\/v2\/product"}],"about":[{"href":"https:\/\/dev.lumins.tn\/index.php?rest_route=\/wp\/v2\/types\/product"}],"replies":[{"embeddable":true,"href":"https:\/\/dev.lumins.tn\/index.php?rest_route=%2Fwp%2Fv2%2Fcomments&post=809"}],"version-history":[{"count":2,"href":"https:\/\/dev.lumins.tn\/index.php?rest_route=\/wp\/v2\/product\/809\/revisions"}],"predecessor-version":[{"id":811,"href":"https:\/\/dev.lumins.tn\/index.php?rest_route=\/wp\/v2\/product\/809\/revisions\/811"}],"wp:featuredmedia":[{"embeddable":true,"href":"https:\/\/dev.lumins.tn\/index.php?rest_route=\/wp\/v2\/media\/793"}],"wp:attachment":[{"href":"https:\/\/dev.lumins.tn\/index.php?rest_route=%2Fwp%2Fv2%2Fmedia&parent=809"}],"wp:term":[{"taxonomy":"product_brand","embeddable":true,"href":"https:\/\/dev.lumins.tn\/index.php?rest_route=%2Fwp%2Fv2%2Fproduct_brand&post=809"},{"taxonomy":"product_cat","embeddable":true,"href":"https:\/\/dev.lumins.tn\/index.php?rest_route=%2Fwp%2Fv2%2Fproduct_cat&post=809"},{"taxonomy":"product_tag","embeddable":true,"href":"https:\/\/dev.lumins.tn\/index.php?rest_route=%2Fwp%2Fv2%2Fproduct_tag&post=809"}],"curies":[{"name":"wp","href":"https:\/\/api.w.org\/{rel}","templated":true}]}}