{"id":789,"date":"2026-02-13T15:59:41","date_gmt":"2026-02-13T15:59:41","guid":{"rendered":"https:\/\/dev.lumins.tn\/?product=applique-led-ultra-12w"},"modified":"2026-02-13T16:06:50","modified_gmt":"2026-02-13T16:06:50","slug":"applique-led-ultra-12w","status":"publish","type":"product","link":"https:\/\/dev.lumins.tn\/?product=applique-led-ultra-12w","title":{"rendered":"APPLIQUE ULTRA ECLAT"},"content":{"rendered":"<p>C\u2019est une <strong data-start=\"299\" data-end=\"336\">applique murale \u00e0 LED de 12 watts<\/strong> con\u00e7ue pour l\u2019<strong data-start=\"351\" data-end=\"374\">\u00e9clairage ext\u00e9rieur<\/strong>, id\u00e9ale pour murs de maison, fa\u00e7ades, terrasses, all\u00e9es, patios ou jardins. Elle produit une lumi\u00e8re blanche agr\u00e9able\u00a0 qui offre une <strong data-start=\"577\" data-end=\"630\">bonne visibilit\u00e9 tout en \u00e9conomisant de l\u2019\u00e9nergie<\/strong> compar\u00e9e aux lampes traditionnelles<\/p>\n","protected":false},"excerpt":{"rendered":"<h3 data-start=\"2414\" data-end=\"2436\"><strong data-start=\"2420\" data-end=\"2436\">Points forts<\/strong><\/h3>\n<p data-start=\"2437\" data-end=\"2774\">\u2705 \u00c9clairage efficace avec <strong data-start=\"2463\" data-end=\"2493\">faible consommation (12 W)<\/strong><br data-start=\"2493\" data-end=\"2496\" \/>\u2705 <strong data-start=\"2498\" data-end=\"2544\">R\u00e9sistant \u00e0 l\u2019eau et \u00e0 la poussi\u00e8re (IP65)<\/strong><br data-start=\"2544\" data-end=\"2547\" \/>\u2705 <strong data-start=\"2549\" data-end=\"2572\">Dur\u00e9e de vie longue<\/strong> gr\u00e2ce aux LED int\u00e9gr\u00e9es<br data-start=\"2596\" data-end=\"2599\" \/>\u2705 <strong data-start=\"2601\" data-end=\"2635\">Design esth\u00e9tique noir moderne<\/strong> pour ext\u00e9rieur contemporain<br data-start=\"2663\" data-end=\"2666\" \/>\u2705 <strong data-start=\"2668\" data-end=\"2698\">Installation murale facile<\/strong> pour entr\u00e9e, terrasse, jardin, etc<\/p>\n","protected":false},"featured_media":718,"comment_status":"open","ping_status":"closed","template":"","meta":{"site-sidebar-layout":"default","site-content-layout":"","ast-site-content-layout":"default","site-content-style":"default","site-sidebar-style":"default","ast-global-header-display":"","ast-banner-title-visibility":"","ast-main-header-display":"","ast-hfb-above-header-display":"","ast-hfb-below-header-display":"","ast-hfb-mobile-header-display":"","site-post-title":"","ast-breadcrumbs-content":"","ast-featured-img":"","footer-sml-layout":"","ast-disable-related-posts":"","theme-transparent-header-meta":"default","adv-header-id-meta":"","stick-header-meta":"","header-above-stick-meta":"","header-main-stick-meta":"","header-below-stick-meta":"","astra-migrate-meta-layouts":"set","ast-page-background-enabled":"default","ast-page-background-meta":{"desktop":{"background-color":"var(--ast-global-color-5)","background-image":"","background-repeat":"repeat","background-position":"center center","background-size":"auto","background-attachment":"scroll","background-type":"","background-media":"","overlay-type":"","overlay-color":"","overlay-opacity":"","overlay-gradient":""},"tablet":{"background-color":"","background-image":"","background-repeat":"repeat","background-position":"center center","background-size":"auto","background-attachment":"scroll","background-type":"","background-media":"","overlay-type":"","overlay-color":"","overlay-opacity":"","overlay-gradient":""},"mobile":{"background-color":"","background-image":"","background-repeat":"repeat","background-position":"center center","background-size":"auto","background-attachment":"scroll","background-type":"","background-media":"","overlay-type":"","overlay-color":"","overlay-opacity":"","overlay-gradient":""}},"ast-content-background-meta":{"desktop":{"background-color":"var(--ast-global-color-4)","background-image":"","background-repeat":"repeat","background-position":"center center","background-size":"auto","background-attachment":"scroll","background-type":"","background-media":"","overlay-type":"","overlay-color":"","overlay-opacity":"","overlay-gradient":""},"tablet":{"background-color":"var(--ast-global-color-4)","background-image":"","background-repeat":"repeat","background-position":"center center","background-size":"auto","background-attachment":"scroll","background-type":"","background-media":"","overlay-type":"","overlay-color":"","overlay-opacity":"","overlay-gradient":""},"mobile":{"background-color":"var(--ast-global-color-4)","background-image":"","background-repeat":"repeat","background-position":"center center","background-size":"auto","background-attachment":"scroll","background-type":"","background-media":"","overlay-type":"","overlay-color":"","overlay-opacity":"","overlay-gradient":""}}},"product_brand":[],"product_cat":[34],"product_tag":[67],"class_list":{"0":"post-789","1":"product","2":"type-product","3":"status-publish","4":"has-post-thumbnail","6":"product_cat-appliques-exterieures","7":"product_tag-maison","8":"desktop-align-left","9":"tablet-align-left","10":"mobile-align-center","12":"first","13":"instock","14":"taxable","15":"shipping-taxable","16":"purchasable","17":"product-type-simple"},"_links":{"self":[{"href":"https:\/\/dev.lumins.tn\/index.php?rest_route=\/wp\/v2\/product\/789","targetHints":{"allow":["GET"]}}],"collection":[{"href":"https:\/\/dev.lumins.tn\/index.php?rest_route=\/wp\/v2\/product"}],"about":[{"href":"https:\/\/dev.lumins.tn\/index.php?rest_route=\/wp\/v2\/types\/product"}],"replies":[{"embeddable":true,"href":"https:\/\/dev.lumins.tn\/index.php?rest_route=%2Fwp%2Fv2%2Fcomments&post=789"}],"version-history":[{"count":2,"href":"https:\/\/dev.lumins.tn\/index.php?rest_route=\/wp\/v2\/product\/789\/revisions"}],"predecessor-version":[{"id":791,"href":"https:\/\/dev.lumins.tn\/index.php?rest_route=\/wp\/v2\/product\/789\/revisions\/791"}],"wp:featuredmedia":[{"embeddable":true,"href":"https:\/\/dev.lumins.tn\/index.php?rest_route=\/wp\/v2\/media\/718"}],"wp:attachment":[{"href":"https:\/\/dev.lumins.tn\/index.php?rest_route=%2Fwp%2Fv2%2Fmedia&parent=789"}],"wp:term":[{"taxonomy":"product_brand","embeddable":true,"href":"https:\/\/dev.lumins.tn\/index.php?rest_route=%2Fwp%2Fv2%2Fproduct_brand&post=789"},{"taxonomy":"product_cat","embeddable":true,"href":"https:\/\/dev.lumins.tn\/index.php?rest_route=%2Fwp%2Fv2%2Fproduct_cat&post=789"},{"taxonomy":"product_tag","embeddable":true,"href":"https:\/\/dev.lumins.tn\/index.php?rest_route=%2Fwp%2Fv2%2Fproduct_tag&post=789"}],"curies":[{"name":"wp","href":"https:\/\/api.w.org\/{rel}","templated":true}]}}