{"id":726,"date":"2026-02-13T14:10:47","date_gmt":"2026-02-13T14:10:47","guid":{"rendered":"https:\/\/dev.lumins.tn\/?product=applique-led-papillon-5w"},"modified":"2026-02-13T14:16:35","modified_gmt":"2026-02-13T14:16:35","slug":"applique-led-papillon-5w","status":"publish","type":"product","link":"https:\/\/dev.lumins.tn\/?product=applique-led-papillon-5w","title":{"rendered":"APPLIQUE LED PAPILLON 5W"},"content":{"rendered":"<p data-start=\"357\" data-end=\"637\">Apportez une touche d\u00e9licate et po\u00e9tique \u00e0 vos murs avec l\u2019<strong data-start=\"416\" data-end=\"444\">Applique LED Papillon 5W<\/strong>. Son design raffin\u00e9 en forme de <strong data-start=\"477\" data-end=\"489\">papillon<\/strong> diffuse une lumi\u00e8re douce et agr\u00e9able, id\u00e9ale pour cr\u00e9er une <strong data-start=\"551\" data-end=\"589\">ambiance chaleureuse et d\u00e9corative<\/strong> dans une <strong data-start=\"599\" data-end=\"634\">chambre, un couloir ou un salon<\/strong>.<\/p>\n<p data-start=\"639\" data-end=\"776\">Cette applique combine <strong data-start=\"662\" data-end=\"694\">esth\u00e9tique et fonctionnalit\u00e9<\/strong>, tout en ajoutant un d\u00e9tail original et charmant \u00e0 votre d\u00e9coration int\u00e9rieure.<\/p>\n","protected":false},"excerpt":{"rendered":"<h3 data-start=\"575\" data-end=\"600\">Caract\u00e9ristiques<\/h3>\n<ul data-start=\"601\" data-end=\"982\">\n<li data-start=\"601\" data-end=\"641\">\n<p data-start=\"603\" data-end=\"641\">\u2714\ufe0f Type : Applique murale int\u00e9rieure<\/p>\n<\/li>\n<li data-start=\"642\" data-end=\"670\">\n<p data-start=\"644\" data-end=\"670\">\u2714\ufe0f Mod\u00e8le : Papillon LED<\/p>\n<\/li>\n<li data-start=\"671\" data-end=\"692\">\n<p data-start=\"673\" data-end=\"692\">\u2714\ufe0f Puissance : 5W<\/p>\n<\/li>\n<li data-start=\"693\" data-end=\"716\">\n<p data-start=\"695\" data-end=\"716\">\u2714\ufe0f Forme : Papillon<\/p>\n<\/li>\n<li data-start=\"717\" data-end=\"751\">\n<p data-start=\"719\" data-end=\"751\">\u2714\ufe0f Mati\u00e8re :\u00a0 m\u00e9tal l\u00e9ger<\/p>\n<\/li>\n<li data-start=\"752\" data-end=\"815\">\n<p data-start=\"754\" data-end=\"815\">\u2714\ufe0f Couleur : noir<\/p>\n<\/li>\n<li data-start=\"816\" data-end=\"851\">\n<p data-start=\"818\" data-end=\"851\">\u2714\ufe0f Style : Moderne et d\u00e9coratif<\/p>\n<\/li>\n<li data-start=\"852\" data-end=\"896\">\n<p data-start=\"854\" data-end=\"896\">\u2714\ufe0f Installation : Murale, facile \u00e0 fixer<\/p>\n<\/li>\n<li data-start=\"897\" data-end=\"947\">\n<p data-start=\"899\" data-end=\"947\">\u2714\ufe0f Usage : Int\u00e9rieur (chambre, salon, couloir)<\/p>\n<\/li>\n<li data-start=\"948\" data-end=\"982\">\n<p data-start=\"950\" data-end=\"982\">\u2714\ufe0f Lumi\u00e8re : Douce et homog\u00e8ne<\/p>\n<\/li>\n<\/ul>\n","protected":false},"featured_media":709,"comment_status":"open","ping_status":"closed","template":"","meta":{"site-sidebar-layout":"default","site-content-layout":"","ast-site-content-layout":"default","site-content-style":"default","site-sidebar-style":"default","ast-global-header-display":"","ast-banner-title-visibility":"","ast-main-header-display":"","ast-hfb-above-header-display":"","ast-hfb-below-header-display":"","ast-hfb-mobile-header-display":"","site-post-title":"","ast-breadcrumbs-content":"","ast-featured-img":"","footer-sml-layout":"","ast-disable-related-posts":"","theme-transparent-header-meta":"default","adv-header-id-meta":"","stick-header-meta":"","header-above-stick-meta":"","header-main-stick-meta":"","header-below-stick-meta":"","astra-migrate-meta-layouts":"set","ast-page-background-enabled":"default","ast-page-background-meta":{"desktop":{"background-color":"var(--ast-global-color-5)","background-image":"","background-repeat":"repeat","background-position":"center center","background-size":"auto","background-attachment":"scroll","background-type":"","background-media":"","overlay-type":"","overlay-color":"","overlay-opacity":"","overlay-gradient":""},"tablet":{"background-color":"","background-image":"","background-repeat":"repeat","background-position":"center center","background-size":"auto","background-attachment":"scroll","background-type":"","background-media":"","overlay-type":"","overlay-color":"","overlay-opacity":"","overlay-gradient":""},"mobile":{"background-color":"","background-image":"","background-repeat":"repeat","background-position":"center center","background-size":"auto","background-attachment":"scroll","background-type":"","background-media":"","overlay-type":"","overlay-color":"","overlay-opacity":"","overlay-gradient":""}},"ast-content-background-meta":{"desktop":{"background-color":"var(--ast-global-color-4)","background-image":"","background-repeat":"repeat","background-position":"center center","background-size":"auto","background-attachment":"scroll","background-type":"","background-media":"","overlay-type":"","overlay-color":"","overlay-opacity":"","overlay-gradient":""},"tablet":{"background-color":"var(--ast-global-color-4)","background-image":"","background-repeat":"repeat","background-position":"center center","background-size":"auto","background-attachment":"scroll","background-type":"","background-media":"","overlay-type":"","overlay-color":"","overlay-opacity":"","overlay-gradient":""},"mobile":{"background-color":"var(--ast-global-color-4)","background-image":"","background-repeat":"repeat","background-position":"center center","background-size":"auto","background-attachment":"scroll","background-type":"","background-media":"","overlay-type":"","overlay-color":"","overlay-opacity":"","overlay-gradient":""}}},"product_brand":[],"product_cat":[33],"product_tag":[67],"class_list":{"0":"post-726","1":"product","2":"type-product","3":"status-publish","4":"has-post-thumbnail","6":"product_cat-appliques-interieures","7":"product_tag-maison","8":"desktop-align-left","9":"tablet-align-left","10":"mobile-align-center","12":"first","13":"instock","14":"taxable","15":"shipping-taxable","16":"purchasable","17":"product-type-simple"},"_links":{"self":[{"href":"https:\/\/dev.lumins.tn\/index.php?rest_route=\/wp\/v2\/product\/726","targetHints":{"allow":["GET"]}}],"collection":[{"href":"https:\/\/dev.lumins.tn\/index.php?rest_route=\/wp\/v2\/product"}],"about":[{"href":"https:\/\/dev.lumins.tn\/index.php?rest_route=\/wp\/v2\/types\/product"}],"replies":[{"embeddable":true,"href":"https:\/\/dev.lumins.tn\/index.php?rest_route=%2Fwp%2Fv2%2Fcomments&post=726"}],"version-history":[{"count":2,"href":"https:\/\/dev.lumins.tn\/index.php?rest_route=\/wp\/v2\/product\/726\/revisions"}],"predecessor-version":[{"id":728,"href":"https:\/\/dev.lumins.tn\/index.php?rest_route=\/wp\/v2\/product\/726\/revisions\/728"}],"wp:featuredmedia":[{"embeddable":true,"href":"https:\/\/dev.lumins.tn\/index.php?rest_route=\/wp\/v2\/media\/709"}],"wp:attachment":[{"href":"https:\/\/dev.lumins.tn\/index.php?rest_route=%2Fwp%2Fv2%2Fmedia&parent=726"}],"wp:term":[{"taxonomy":"product_brand","embeddable":true,"href":"https:\/\/dev.lumins.tn\/index.php?rest_route=%2Fwp%2Fv2%2Fproduct_brand&post=726"},{"taxonomy":"product_cat","embeddable":true,"href":"https:\/\/dev.lumins.tn\/index.php?rest_route=%2Fwp%2Fv2%2Fproduct_cat&post=726"},{"taxonomy":"product_tag","embeddable":true,"href":"https:\/\/dev.lumins.tn\/index.php?rest_route=%2Fwp%2Fv2%2Fproduct_tag&post=726"}],"curies":[{"name":"wp","href":"https:\/\/api.w.org\/{rel}","templated":true}]}}