{"id":681,"date":"2026-02-13T10:39:21","date_gmt":"2026-02-13T10:39:21","guid":{"rendered":"https:\/\/dev.lumins.tn\/?product=applique-decoratif-rond-plexi"},"modified":"2026-02-13T10:44:29","modified_gmt":"2026-02-13T10:44:29","slug":"applique-decoratif-rond-plexi","status":"publish","type":"product","link":"https:\/\/dev.lumins.tn\/?product=applique-decoratif-rond-plexi","title":{"rendered":"APPLIQUE DECORATIF ROND PLEXI"},"content":{"rendered":"<p data-start=\"136\" data-end=\"428\">Apportez une touche artistique et raffin\u00e9e \u00e0 votre int\u00e9rieur avec cette <strong data-start=\"208\" data-end=\"265\">applique d\u00e9corative ronde en plexi, en forme de fleur<\/strong>. Son design moderne et floral diffuse une lumi\u00e8re douce et harmonieuse, id\u00e9ale pour cr\u00e9er une ambiance chaleureuse dans un <strong data-start=\"389\" data-end=\"425\">salon, une chambre ou un couloir<\/strong>.<\/p>\n<p data-start=\"430\" data-end=\"570\">L\u00e9g\u00e8re et \u00e9l\u00e9gante, elle s\u2019int\u00e8gre parfaitement \u00e0 tous les styles de d\u00e9coration, ajoutant une note de charme et de d\u00e9licatesse \u00e0 vos murs.<\/p>\n","protected":false},"excerpt":{"rendered":"<h3 data-start=\"527\" data-end=\"554\">\u00a0Caract\u00e9ristiques :<\/h3>\n<ul data-start=\"555\" data-end=\"831\">\n<li data-start=\"555\" data-end=\"595\">\n<p data-start=\"557\" data-end=\"595\">\u2714\ufe0f Type : Applique murale d\u00e9corative<\/p>\n<\/li>\n<li data-start=\"596\" data-end=\"622\">\n<p data-start=\"598\" data-end=\"622\">\u2714\ufe0f Forme : Fleur ronde<\/p>\n<\/li>\n<li data-start=\"623\" data-end=\"657\">\n<p data-start=\"625\" data-end=\"657\">\u2714\ufe0f Mati\u00e8re : Plexiglas (plexi)<\/p>\n<\/li>\n<li data-start=\"658\" data-end=\"692\">\n<p data-start=\"660\" data-end=\"692\">\u2714\ufe0f Style : Moderne &amp; d\u00e9coratif<\/p>\n<\/li>\n<li data-start=\"693\" data-end=\"737\">\n<p data-start=\"695\" data-end=\"737\">\u2714\ufe0f Installation : Murale, facile \u00e0 fixer<\/p>\n<\/li>\n<li data-start=\"738\" data-end=\"796\">\n<p data-start=\"740\" data-end=\"796\">\u2714\ufe0f Usage : Int\u00e9rieur (salon, chambre, couloir, entr\u00e9e)<\/p>\n<\/li>\n<li data-start=\"797\" data-end=\"831\">\n<p data-start=\"799\" data-end=\"831\">\u2714\ufe0f Lumi\u00e8re : Douce et homog\u00e8ne\u00a0 \u00a0 \u00a0 \u00a0 \u00a0 \u00a0 \u00a0 \u00a0 \u00a0 \u00a0 \u00a0 \u00a0 \u00a0 \u00a0 \u00a0 \u00a0 \u00a0 \u00a0 \u00a0 \u00a0 \u00a0 \u00a0 \u00a0 \u00a0 \u00a0 \u00a0 \u00a0 \u00a0 \u00a0 \u00a0 \u00a0 \u00a0 \u00a0 \u00a0 \u00a0 \u00a0 \u00a0 \u00a0 \u00a0 \u00a0 \u00a0 \u00a0 \u00a0 \u00a0 \u00a0 \u00a0 \u00a0 \u00a0 \u00a0 \u00a0 \u00a0 \u00a0 \u00a0 \u00a0 \u00a0 \u00a0 \u00a0 \u00a0 \u00a0 \u00a0 \u00a0 \u00a0 \u00a0 \u00a0 \u00a0 \u00a0 \u00a0 \u00a0 \u00a0 \u00a0 \u00a0 \u00a0 \u00a0 \u00a0 \u00a0 \u00a0 \u00a0 \u00a0 \u00a0 \u00a0 \u00a0 \u00a0 \u00a0 \u00a0 \u00a0 \u00a0 \u00a0 \u00a0 \u00a0 \u00a0 \u00a0 \u00a0 \u00a0 \u00a0 \u00a0 \u00a0 \u00a0 \u00a0 \u00a0 \u00a0 \u00a0 \u00a0 \u00a0 \u00a0 \u00a0 \u00a0 \u00a0 \u00a0 \u00a0 \u00a0 \u00a0 \u00a0 \u00a0 \u00a0 \u00a0 \u00a0 \u00a0 \u00a0 \u00a0 \u00a0 \u00a0 \u00a0 \u00a0 \u00a0 \u00a0 \u00a0 \u00a0 \u00a0 \u00a0 \u00a0 \u00a0 \u00a0 \u00a0 \u00a0 <br data-start=\"1158\" data-end=\"1161\" \/>Applique murale moderne en forme de fleur, con\u00e7ue en plexiglas. Elle diffuse une lumi\u00e8re douce et d\u00e9corative, id\u00e9ale pour salon, chambre ou couloir. \u00c9l\u00e9gante, l\u00e9g\u00e8re et facile \u00e0 installer.<\/p>\n<\/li>\n<\/ul>\n","protected":false},"featured_media":538,"comment_status":"open","ping_status":"closed","template":"","meta":{"site-sidebar-layout":"default","site-content-layout":"","ast-site-content-layout":"default","site-content-style":"default","site-sidebar-style":"default","ast-global-header-display":"","ast-banner-title-visibility":"","ast-main-header-display":"","ast-hfb-above-header-display":"","ast-hfb-below-header-display":"","ast-hfb-mobile-header-display":"","site-post-title":"","ast-breadcrumbs-content":"","ast-featured-img":"","footer-sml-layout":"","ast-disable-related-posts":"","theme-transparent-header-meta":"default","adv-header-id-meta":"","stick-header-meta":"","header-above-stick-meta":"","header-main-stick-meta":"","header-below-stick-meta":"","astra-migrate-meta-layouts":"set","ast-page-background-enabled":"default","ast-page-background-meta":{"desktop":{"background-color":"var(--ast-global-color-5)","background-image":"","background-repeat":"repeat","background-position":"center center","background-size":"auto","background-attachment":"scroll","background-type":"","background-media":"","overlay-type":"","overlay-color":"","overlay-opacity":"","overlay-gradient":""},"tablet":{"background-color":"","background-image":"","background-repeat":"repeat","background-position":"center center","background-size":"auto","background-attachment":"scroll","background-type":"","background-media":"","overlay-type":"","overlay-color":"","overlay-opacity":"","overlay-gradient":""},"mobile":{"background-color":"","background-image":"","background-repeat":"repeat","background-position":"center center","background-size":"auto","background-attachment":"scroll","background-type":"","background-media":"","overlay-type":"","overlay-color":"","overlay-opacity":"","overlay-gradient":""}},"ast-content-background-meta":{"desktop":{"background-color":"var(--ast-global-color-4)","background-image":"","background-repeat":"repeat","background-position":"center center","background-size":"auto","background-attachment":"scroll","background-type":"","background-media":"","overlay-type":"","overlay-color":"","overlay-opacity":"","overlay-gradient":""},"tablet":{"background-color":"var(--ast-global-color-4)","background-image":"","background-repeat":"repeat","background-position":"center center","background-size":"auto","background-attachment":"scroll","background-type":"","background-media":"","overlay-type":"","overlay-color":"","overlay-opacity":"","overlay-gradient":""},"mobile":{"background-color":"var(--ast-global-color-4)","background-image":"","background-repeat":"repeat","background-position":"center center","background-size":"auto","background-attachment":"scroll","background-type":"","background-media":"","overlay-type":"","overlay-color":"","overlay-opacity":"","overlay-gradient":""}}},"product_brand":[],"product_cat":[33],"product_tag":[67],"class_list":{"0":"post-681","1":"product","2":"type-product","3":"status-publish","4":"has-post-thumbnail","6":"product_cat-appliques-interieures","7":"product_tag-maison","8":"desktop-align-left","9":"tablet-align-left","10":"mobile-align-center","12":"first","13":"instock","14":"taxable","15":"shipping-taxable","16":"purchasable","17":"product-type-simple"},"_links":{"self":[{"href":"https:\/\/dev.lumins.tn\/index.php?rest_route=\/wp\/v2\/product\/681","targetHints":{"allow":["GET"]}}],"collection":[{"href":"https:\/\/dev.lumins.tn\/index.php?rest_route=\/wp\/v2\/product"}],"about":[{"href":"https:\/\/dev.lumins.tn\/index.php?rest_route=\/wp\/v2\/types\/product"}],"replies":[{"embeddable":true,"href":"https:\/\/dev.lumins.tn\/index.php?rest_route=%2Fwp%2Fv2%2Fcomments&post=681"}],"version-history":[{"count":2,"href":"https:\/\/dev.lumins.tn\/index.php?rest_route=\/wp\/v2\/product\/681\/revisions"}],"predecessor-version":[{"id":683,"href":"https:\/\/dev.lumins.tn\/index.php?rest_route=\/wp\/v2\/product\/681\/revisions\/683"}],"wp:featuredmedia":[{"embeddable":true,"href":"https:\/\/dev.lumins.tn\/index.php?rest_route=\/wp\/v2\/media\/538"}],"wp:attachment":[{"href":"https:\/\/dev.lumins.tn\/index.php?rest_route=%2Fwp%2Fv2%2Fmedia&parent=681"}],"wp:term":[{"taxonomy":"product_brand","embeddable":true,"href":"https:\/\/dev.lumins.tn\/index.php?rest_route=%2Fwp%2Fv2%2Fproduct_brand&post=681"},{"taxonomy":"product_cat","embeddable":true,"href":"https:\/\/dev.lumins.tn\/index.php?rest_route=%2Fwp%2Fv2%2Fproduct_cat&post=681"},{"taxonomy":"product_tag","embeddable":true,"href":"https:\/\/dev.lumins.tn\/index.php?rest_route=%2Fwp%2Fv2%2Fproduct_tag&post=681"}],"curies":[{"name":"wp","href":"https:\/\/api.w.org\/{rel}","templated":true}]}}