{"id":665,"date":"2026-02-12T13:50:51","date_gmt":"2026-02-12T13:50:51","guid":{"rendered":"https:\/\/dev.lumins.tn\/?product=applique-c63-bl-nr-gr-bz"},"modified":"2026-02-13T15:31:57","modified_gmt":"2026-02-13T15:31:57","slug":"applique-c63-bl-nr-gr-bz","status":"publish","type":"product","link":"https:\/\/dev.lumins.tn\/?product=applique-c63-bl-nr-gr-bz","title":{"rendered":"APPLIQUE NOVA"},"content":{"rendered":"<p>Aportez modernit\u00e9 et \u00e9l\u00e9gance \u00e0 vos espaces ext\u00e9rieurs avec l\u2019<strong data-start=\"254\" data-end=\"278\">applique murale Nova<\/strong>. Disponible en plusieurs finitions (<strong data-start=\"315\" data-end=\"346\">noir, gris, et bronze <\/strong>), elle diffuse une lumi\u00e8re douce et homog\u00e8ne, id\u00e9ale pour <strong data-start=\"405\" data-end=\"443\">terrasse, balcon, fa\u00e7ade ou entr\u00e9e<\/strong>. Con\u00e7ue pour r\u00e9sister aux intemp\u00e9ries, elle allie <strong data-start=\"494\" data-end=\"533\" data-is-only-node=\"\">style, durabilit\u00e9 et fonctionnalit\u00e9<\/strong>, tout en sublimant vos murs ext\u00e9rieurs.<\/p>\n","protected":false},"excerpt":{"rendered":"<h3 data-start=\"617\" data-end=\"645\"><strong data-start=\"621\" data-end=\"643\">Caract\u00e9ristiques :<\/strong><\/h3>\n<ul data-start=\"646\" data-end=\"972\">\n<li data-start=\"646\" data-end=\"686\">\n<p data-start=\"648\" data-end=\"686\">\u2714\ufe0f Type : Applique murale ext\u00e9rieure<\/p>\n<\/li>\n<li data-start=\"687\" data-end=\"707\">\n<p data-start=\"689\" data-end=\"707\">\u2714\ufe0f Mod\u00e8le : Nova<\/p>\n<\/li>\n<li data-start=\"708\" data-end=\"753\">\n<p data-start=\"710\" data-end=\"753\">\u2714\ufe0f Couleur : Noir \/ Gris \/ Bronze<\/p>\n<\/li>\n<li data-start=\"754\" data-end=\"790\">\n<p data-start=\"756\" data-end=\"790\">\u2714\ufe0f Mati\u00e8re : m\u00e9tal robuste<\/p>\n<\/li>\n<li data-start=\"791\" data-end=\"844\">\n<p data-start=\"793\" data-end=\"844\">\u2714\ufe0f \u00c9tanch\u00e9it\u00e9 : IP65 (r\u00e9sistante aux intemp\u00e9ries)<\/p>\n<\/li>\n<li data-start=\"845\" data-end=\"889\">\n<p data-start=\"847\" data-end=\"889\">\u2714\ufe0f Installation : Murale, facile \u00e0 fixer<\/p>\n<\/li>\n<li data-start=\"890\" data-end=\"924\">\n<p data-start=\"892\" data-end=\"924\">\u2714\ufe0f Lumi\u00e8re : Homog\u00e8ne et douce<\/p>\n<\/li>\n<li data-start=\"925\" data-end=\"972\">\n<p data-start=\"927\" data-end=\"972\">\u2714\ufe0f Usage : Terrasse, balcon, fa\u00e7ade, entr\u00e9e<\/p>\n<\/li>\n<\/ul>\n","protected":false},"featured_media":649,"comment_status":"open","ping_status":"closed","template":"","meta":{"site-sidebar-layout":"default","site-content-layout":"","ast-site-content-layout":"default","site-content-style":"default","site-sidebar-style":"default","ast-global-header-display":"","ast-banner-title-visibility":"","ast-main-header-display":"","ast-hfb-above-header-display":"","ast-hfb-below-header-display":"","ast-hfb-mobile-header-display":"","site-post-title":"","ast-breadcrumbs-content":"","ast-featured-img":"","footer-sml-layout":"","ast-disable-related-posts":"","theme-transparent-header-meta":"default","adv-header-id-meta":"","stick-header-meta":"","header-above-stick-meta":"","header-main-stick-meta":"","header-below-stick-meta":"","astra-migrate-meta-layouts":"set","ast-page-background-enabled":"default","ast-page-background-meta":{"desktop":{"background-color":"var(--ast-global-color-5)","background-image":"","background-repeat":"repeat","background-position":"center center","background-size":"auto","background-attachment":"scroll","background-type":"","background-media":"","overlay-type":"","overlay-color":"","overlay-opacity":"","overlay-gradient":""},"tablet":{"background-color":"","background-image":"","background-repeat":"repeat","background-position":"center center","background-size":"auto","background-attachment":"scroll","background-type":"","background-media":"","overlay-type":"","overlay-color":"","overlay-opacity":"","overlay-gradient":""},"mobile":{"background-color":"","background-image":"","background-repeat":"repeat","background-position":"center center","background-size":"auto","background-attachment":"scroll","background-type":"","background-media":"","overlay-type":"","overlay-color":"","overlay-opacity":"","overlay-gradient":""}},"ast-content-background-meta":{"desktop":{"background-color":"var(--ast-global-color-4)","background-image":"","background-repeat":"repeat","background-position":"center center","background-size":"auto","background-attachment":"scroll","background-type":"","background-media":"","overlay-type":"","overlay-color":"","overlay-opacity":"","overlay-gradient":""},"tablet":{"background-color":"var(--ast-global-color-4)","background-image":"","background-repeat":"repeat","background-position":"center center","background-size":"auto","background-attachment":"scroll","background-type":"","background-media":"","overlay-type":"","overlay-color":"","overlay-opacity":"","overlay-gradient":""},"mobile":{"background-color":"var(--ast-global-color-4)","background-image":"","background-repeat":"repeat","background-position":"center center","background-size":"auto","background-attachment":"scroll","background-type":"","background-media":"","overlay-type":"","overlay-color":"","overlay-opacity":"","overlay-gradient":""}}},"product_brand":[],"product_cat":[34],"product_tag":[66,67],"class_list":{"0":"post-665","1":"product","2":"type-product","3":"status-publish","4":"has-post-thumbnail","6":"product_cat-appliques-exterieures","7":"product_tag-jardin","8":"product_tag-maison","9":"desktop-align-left","10":"tablet-align-left","11":"mobile-align-center","13":"first","14":"instock","15":"taxable","16":"shipping-taxable","17":"purchasable","18":"product-type-simple"},"_links":{"self":[{"href":"https:\/\/dev.lumins.tn\/index.php?rest_route=\/wp\/v2\/product\/665","targetHints":{"allow":["GET"]}}],"collection":[{"href":"https:\/\/dev.lumins.tn\/index.php?rest_route=\/wp\/v2\/product"}],"about":[{"href":"https:\/\/dev.lumins.tn\/index.php?rest_route=\/wp\/v2\/types\/product"}],"replies":[{"embeddable":true,"href":"https:\/\/dev.lumins.tn\/index.php?rest_route=%2Fwp%2Fv2%2Fcomments&post=665"}],"version-history":[{"count":3,"href":"https:\/\/dev.lumins.tn\/index.php?rest_route=\/wp\/v2\/product\/665\/revisions"}],"predecessor-version":[{"id":774,"href":"https:\/\/dev.lumins.tn\/index.php?rest_route=\/wp\/v2\/product\/665\/revisions\/774"}],"wp:featuredmedia":[{"embeddable":true,"href":"https:\/\/dev.lumins.tn\/index.php?rest_route=\/wp\/v2\/media\/649"}],"wp:attachment":[{"href":"https:\/\/dev.lumins.tn\/index.php?rest_route=%2Fwp%2Fv2%2Fmedia&parent=665"}],"wp:term":[{"taxonomy":"product_brand","embeddable":true,"href":"https:\/\/dev.lumins.tn\/index.php?rest_route=%2Fwp%2Fv2%2Fproduct_brand&post=665"},{"taxonomy":"product_cat","embeddable":true,"href":"https:\/\/dev.lumins.tn\/index.php?rest_route=%2Fwp%2Fv2%2Fproduct_cat&post=665"},{"taxonomy":"product_tag","embeddable":true,"href":"https:\/\/dev.lumins.tn\/index.php?rest_route=%2Fwp%2Fv2%2Fproduct_tag&post=665"}],"curies":[{"name":"wp","href":"https:\/\/api.w.org\/{rel}","templated":true}]}}