{"id":656,"date":"2026-02-12T13:33:51","date_gmt":"2026-02-12T13:33:51","guid":{"rendered":"https:\/\/dev.lumins.tn\/?product=applique-4f-noir-8w-pvc"},"modified":"2026-02-13T14:54:46","modified_gmt":"2026-02-13T14:54:46","slug":"applique-4f-noir-8w-pvc","status":"publish","type":"product","link":"https:\/\/dev.lumins.tn\/?product=applique-4f-noir-8w-pvc","title":{"rendered":"APPLIQUE MURALE 4 FAISCEAUX"},"content":{"rendered":"<p>Apportez un \u00e9clairage performant et \u00e9l\u00e9gant \u00e0 vos espaces avec cette <strong data-start=\"346\" data-end=\"380\">applique murale 4 faisceaux 8W<\/strong>, disponible en <strong data-start=\"396\" data-end=\"413\">noir ou blanc<\/strong>. Son design moderne diffuse une lumi\u00e8re homog\u00e8ne et d\u00e9corative, adapt\u00e9e \u00e0 la fois pour <strong data-start=\"501\" data-end=\"514\">int\u00e9rieur<\/strong> (salon, chambre, couloir) et <strong data-start=\"544\" data-end=\"557\">ext\u00e9rieur<\/strong> (terrasse, balcon, fa\u00e7ade, entr\u00e9e). Fabriqu\u00e9e en PVC robuste, elle est durable et r\u00e9sistante aux intemp\u00e9ries, alliant <strong data-start=\"676\" data-end=\"715\">esth\u00e9tique, s\u00e9curit\u00e9 et polyvalence<\/strong>.<\/p>\n","protected":false},"excerpt":{"rendered":"<h3 data-start=\"725\" data-end=\"753\"><strong data-start=\"729\" data-end=\"751\">Caract\u00e9ristiques :<\/strong><\/h3>\n<ul data-start=\"754\" data-end=\"1157\">\n<li data-start=\"754\" data-end=\"807\">\n<p data-start=\"756\" data-end=\"807\">\u2714\ufe0f Type : Applique murale int\u00e9rieure &amp; ext\u00e9rieure<\/p>\n<\/li>\n<li data-start=\"808\" data-end=\"829\">\n<p data-start=\"810\" data-end=\"829\">\u2714\ufe0f Puissance : 8W<\/p>\n<\/li>\n<li data-start=\"830\" data-end=\"859\">\n<p data-start=\"832\" data-end=\"859\">\u2714\ufe0f Couleur : Noir \/ Blanc<\/p>\n<\/li>\n<li data-start=\"860\" data-end=\"890\">\n<p data-start=\"862\" data-end=\"890\">\u2714\ufe0f Nombre de faisceaux : 4<\/p>\n<\/li>\n<li data-start=\"891\" data-end=\"919\">\n<p data-start=\"893\" data-end=\"919\">\u2714\ufe0f Mati\u00e8re : PVC<\/p>\n<\/li>\n<li data-start=\"920\" data-end=\"973\">\n<p data-start=\"922\" data-end=\"973\">\u2714\ufe0f \u00c9tanch\u00e9it\u00e9 : IP65 (r\u00e9sistante aux intemp\u00e9ries)<\/p>\n<\/li>\n<li data-start=\"974\" data-end=\"1018\">\n<p data-start=\"976\" data-end=\"1018\">\u2714\ufe0f Installation : Murale, facile \u00e0 fixer<\/p>\n<\/li>\n<li data-start=\"1019\" data-end=\"1058\">\n<p data-start=\"1021\" data-end=\"1058\">\u2714\ufe0f Lumi\u00e8re : Homog\u00e8ne et d\u00e9corative<\/p>\n<\/li>\n<li data-start=\"1059\" data-end=\"1157\">\n<p data-start=\"1061\" data-end=\"1157\">\u2714\ufe0f Usage : Int\u00e9rieur (salon, chambre, couloir) et ext\u00e9rieur (terrasse, balcon, fa\u00e7ade, entr\u00e9e)<\/p>\n<\/li>\n<\/ul>\n","protected":false},"featured_media":629,"comment_status":"open","ping_status":"closed","template":"","meta":{"site-sidebar-layout":"default","site-content-layout":"","ast-site-content-layout":"default","site-content-style":"default","site-sidebar-style":"default","ast-global-header-display":"","ast-banner-title-visibility":"","ast-main-header-display":"","ast-hfb-above-header-display":"","ast-hfb-below-header-display":"","ast-hfb-mobile-header-display":"","site-post-title":"","ast-breadcrumbs-content":"","ast-featured-img":"","footer-sml-layout":"","ast-disable-related-posts":"","theme-transparent-header-meta":"default","adv-header-id-meta":"","stick-header-meta":"","header-above-stick-meta":"","header-main-stick-meta":"","header-below-stick-meta":"","astra-migrate-meta-layouts":"set","ast-page-background-enabled":"default","ast-page-background-meta":{"desktop":{"background-color":"var(--ast-global-color-5)","background-image":"","background-repeat":"repeat","background-position":"center center","background-size":"auto","background-attachment":"scroll","background-type":"","background-media":"","overlay-type":"","overlay-color":"","overlay-opacity":"","overlay-gradient":""},"tablet":{"background-color":"","background-image":"","background-repeat":"repeat","background-position":"center center","background-size":"auto","background-attachment":"scroll","background-type":"","background-media":"","overlay-type":"","overlay-color":"","overlay-opacity":"","overlay-gradient":""},"mobile":{"background-color":"","background-image":"","background-repeat":"repeat","background-position":"center center","background-size":"auto","background-attachment":"scroll","background-type":"","background-media":"","overlay-type":"","overlay-color":"","overlay-opacity":"","overlay-gradient":""}},"ast-content-background-meta":{"desktop":{"background-color":"var(--ast-global-color-4)","background-image":"","background-repeat":"repeat","background-position":"center center","background-size":"auto","background-attachment":"scroll","background-type":"","background-media":"","overlay-type":"","overlay-color":"","overlay-opacity":"","overlay-gradient":""},"tablet":{"background-color":"var(--ast-global-color-4)","background-image":"","background-repeat":"repeat","background-position":"center center","background-size":"auto","background-attachment":"scroll","background-type":"","background-media":"","overlay-type":"","overlay-color":"","overlay-opacity":"","overlay-gradient":""},"mobile":{"background-color":"var(--ast-global-color-4)","background-image":"","background-repeat":"repeat","background-position":"center center","background-size":"auto","background-attachment":"scroll","background-type":"","background-media":"","overlay-type":"","overlay-color":"","overlay-opacity":"","overlay-gradient":""}}},"product_brand":[],"product_cat":[34,33],"product_tag":[66,67],"class_list":{"0":"post-656","1":"product","2":"type-product","3":"status-publish","4":"has-post-thumbnail","6":"product_cat-appliques-exterieures","7":"product_cat-appliques-interieures","8":"product_tag-jardin","9":"product_tag-maison","10":"desktop-align-left","11":"tablet-align-left","12":"mobile-align-center","14":"first","15":"instock","16":"taxable","17":"shipping-taxable","18":"purchasable","19":"product-type-simple"},"_links":{"self":[{"href":"https:\/\/dev.lumins.tn\/index.php?rest_route=\/wp\/v2\/product\/656","targetHints":{"allow":["GET"]}}],"collection":[{"href":"https:\/\/dev.lumins.tn\/index.php?rest_route=\/wp\/v2\/product"}],"about":[{"href":"https:\/\/dev.lumins.tn\/index.php?rest_route=\/wp\/v2\/types\/product"}],"replies":[{"embeddable":true,"href":"https:\/\/dev.lumins.tn\/index.php?rest_route=%2Fwp%2Fv2%2Fcomments&post=656"}],"version-history":[{"count":4,"href":"https:\/\/dev.lumins.tn\/index.php?rest_route=\/wp\/v2\/product\/656\/revisions"}],"predecessor-version":[{"id":737,"href":"https:\/\/dev.lumins.tn\/index.php?rest_route=\/wp\/v2\/product\/656\/revisions\/737"}],"wp:featuredmedia":[{"embeddable":true,"href":"https:\/\/dev.lumins.tn\/index.php?rest_route=\/wp\/v2\/media\/629"}],"wp:attachment":[{"href":"https:\/\/dev.lumins.tn\/index.php?rest_route=%2Fwp%2Fv2%2Fmedia&parent=656"}],"wp:term":[{"taxonomy":"product_brand","embeddable":true,"href":"https:\/\/dev.lumins.tn\/index.php?rest_route=%2Fwp%2Fv2%2Fproduct_brand&post=656"},{"taxonomy":"product_cat","embeddable":true,"href":"https:\/\/dev.lumins.tn\/index.php?rest_route=%2Fwp%2Fv2%2Fproduct_cat&post=656"},{"taxonomy":"product_tag","embeddable":true,"href":"https:\/\/dev.lumins.tn\/index.php?rest_route=%2Fwp%2Fv2%2Fproduct_tag&post=656"}],"curies":[{"name":"wp","href":"https:\/\/api.w.org\/{rel}","templated":true}]}}