{"id":653,"date":"2026-02-12T13:27:56","date_gmt":"2026-02-12T13:27:56","guid":{"rendered":"https:\/\/dev.lumins.tn\/?product=applique-3f-noir-pvc-6w"},"modified":"2026-02-13T14:55:37","modified_gmt":"2026-02-13T14:55:37","slug":"applique-3f-noir-pvc-6w","status":"publish","type":"product","link":"https:\/\/dev.lumins.tn\/?product=applique-3f-noir-pvc-6w","title":{"rendered":"APPLIQUE MURALE 3 FAISCEAUX"},"content":{"rendered":"<p>Apportez lumi\u00e8re et style \u00e0 vos espaces avec cette <strong data-start=\"289\" data-end=\"323\">applique murale 3 faisceaux 6W<\/strong>, disponible en <strong data-start=\"339\" data-end=\"356\">noir ou blanc<\/strong>. Son design moderne et \u00e9l\u00e9gant diffuse une lumi\u00e8re homog\u00e8ne, id\u00e9ale pour <strong data-start=\"430\" data-end=\"443\">int\u00e9rieur<\/strong> (salon, couloir, chambre) et <strong data-start=\"473\" data-end=\"486\">ext\u00e9rieur<\/strong> (terrasse, balcon, fa\u00e7ade, entr\u00e9e). Con\u00e7ue pour durer et r\u00e9sister aux intemp\u00e9ries, elle allie <strong data-start=\"581\" data-end=\"623\">esth\u00e9tique, performance et polyvalence<\/strong>.<\/p>\n","protected":false},"excerpt":{"rendered":"<h3 data-start=\"633\" data-end=\"661\"><strong data-start=\"637\" data-end=\"659\">Caract\u00e9ristiques :<\/strong><\/h3>\n<ul data-start=\"662\" data-end=\"1034\">\n<li data-start=\"662\" data-end=\"715\">\n<p data-start=\"664\" data-end=\"715\">\u2714\ufe0f Type : Applique murale int\u00e9rieure &amp; ext\u00e9rieure<\/p>\n<\/li>\n<li data-start=\"716\" data-end=\"737\">\n<p data-start=\"718\" data-end=\"737\">\u2714\ufe0f Puissance : 6W<\/p>\n<\/li>\n<li data-start=\"738\" data-end=\"767\">\n<p data-start=\"740\" data-end=\"767\">\u2714\ufe0f Couleur : Noir \/ Blanc<\/p>\n<\/li>\n<li data-start=\"768\" data-end=\"798\">\n<p data-start=\"770\" data-end=\"798\">\u2714\ufe0f Nombre de faisceaux : 3<\/p>\n<\/li>\n<li data-start=\"799\" data-end=\"835\">\n<p data-start=\"801\" data-end=\"835\">\u2714\ufe0f Mati\u00e8re : PVC<\/p>\n<\/li>\n<li data-start=\"836\" data-end=\"889\">\n<p data-start=\"838\" data-end=\"889\">\u2714\ufe0f \u00c9tanch\u00e9it\u00e9 : IP65 (r\u00e9sistante aux intemp\u00e9ries)<\/p>\n<\/li>\n<li data-start=\"890\" data-end=\"934\">\n<p data-start=\"892\" data-end=\"934\">\u2714\ufe0f Installation : Murale, facile \u00e0 fixer<\/p>\n<\/li>\n<li data-start=\"935\" data-end=\"969\">\n<p data-start=\"937\" data-end=\"969\">\u2714\ufe0f Lumi\u00e8re : Homog\u00e8ne et douce<\/p>\n<\/li>\n<li data-start=\"970\" data-end=\"1034\">\n<p data-start=\"972\" data-end=\"1034\">\u2714\ufe0f Usage : Salon, chambre, couloir, terrasse, balcon, entr\u00e9e<\/p>\n<\/li>\n<\/ul>\n","protected":false},"featured_media":628,"comment_status":"open","ping_status":"closed","template":"","meta":{"site-sidebar-layout":"default","site-content-layout":"","ast-site-content-layout":"default","site-content-style":"default","site-sidebar-style":"default","ast-global-header-display":"","ast-banner-title-visibility":"","ast-main-header-display":"","ast-hfb-above-header-display":"","ast-hfb-below-header-display":"","ast-hfb-mobile-header-display":"","site-post-title":"","ast-breadcrumbs-content":"","ast-featured-img":"","footer-sml-layout":"","ast-disable-related-posts":"","theme-transparent-header-meta":"default","adv-header-id-meta":"","stick-header-meta":"","header-above-stick-meta":"","header-main-stick-meta":"","header-below-stick-meta":"","astra-migrate-meta-layouts":"set","ast-page-background-enabled":"default","ast-page-background-meta":{"desktop":{"background-color":"var(--ast-global-color-5)","background-image":"","background-repeat":"repeat","background-position":"center center","background-size":"auto","background-attachment":"scroll","background-type":"","background-media":"","overlay-type":"","overlay-color":"","overlay-opacity":"","overlay-gradient":""},"tablet":{"background-color":"","background-image":"","background-repeat":"repeat","background-position":"center center","background-size":"auto","background-attachment":"scroll","background-type":"","background-media":"","overlay-type":"","overlay-color":"","overlay-opacity":"","overlay-gradient":""},"mobile":{"background-color":"","background-image":"","background-repeat":"repeat","background-position":"center center","background-size":"auto","background-attachment":"scroll","background-type":"","background-media":"","overlay-type":"","overlay-color":"","overlay-opacity":"","overlay-gradient":""}},"ast-content-background-meta":{"desktop":{"background-color":"var(--ast-global-color-4)","background-image":"","background-repeat":"repeat","background-position":"center center","background-size":"auto","background-attachment":"scroll","background-type":"","background-media":"","overlay-type":"","overlay-color":"","overlay-opacity":"","overlay-gradient":""},"tablet":{"background-color":"var(--ast-global-color-4)","background-image":"","background-repeat":"repeat","background-position":"center center","background-size":"auto","background-attachment":"scroll","background-type":"","background-media":"","overlay-type":"","overlay-color":"","overlay-opacity":"","overlay-gradient":""},"mobile":{"background-color":"var(--ast-global-color-4)","background-image":"","background-repeat":"repeat","background-position":"center center","background-size":"auto","background-attachment":"scroll","background-type":"","background-media":"","overlay-type":"","overlay-color":"","overlay-opacity":"","overlay-gradient":""}}},"product_brand":[],"product_cat":[34,33],"product_tag":[66,67],"class_list":{"0":"post-653","1":"product","2":"type-product","3":"status-publish","4":"has-post-thumbnail","6":"product_cat-appliques-exterieures","7":"product_cat-appliques-interieures","8":"product_tag-jardin","9":"product_tag-maison","10":"desktop-align-left","11":"tablet-align-left","12":"mobile-align-center","14":"first","15":"instock","16":"taxable","17":"shipping-taxable","18":"purchasable","19":"product-type-simple"},"_links":{"self":[{"href":"https:\/\/dev.lumins.tn\/index.php?rest_route=\/wp\/v2\/product\/653","targetHints":{"allow":["GET"]}}],"collection":[{"href":"https:\/\/dev.lumins.tn\/index.php?rest_route=\/wp\/v2\/product"}],"about":[{"href":"https:\/\/dev.lumins.tn\/index.php?rest_route=\/wp\/v2\/types\/product"}],"replies":[{"embeddable":true,"href":"https:\/\/dev.lumins.tn\/index.php?rest_route=%2Fwp%2Fv2%2Fcomments&post=653"}],"version-history":[{"count":3,"href":"https:\/\/dev.lumins.tn\/index.php?rest_route=\/wp\/v2\/product\/653\/revisions"}],"predecessor-version":[{"id":738,"href":"https:\/\/dev.lumins.tn\/index.php?rest_route=\/wp\/v2\/product\/653\/revisions\/738"}],"wp:featuredmedia":[{"embeddable":true,"href":"https:\/\/dev.lumins.tn\/index.php?rest_route=\/wp\/v2\/media\/628"}],"wp:attachment":[{"href":"https:\/\/dev.lumins.tn\/index.php?rest_route=%2Fwp%2Fv2%2Fmedia&parent=653"}],"wp:term":[{"taxonomy":"product_brand","embeddable":true,"href":"https:\/\/dev.lumins.tn\/index.php?rest_route=%2Fwp%2Fv2%2Fproduct_brand&post=653"},{"taxonomy":"product_cat","embeddable":true,"href":"https:\/\/dev.lumins.tn\/index.php?rest_route=%2Fwp%2Fv2%2Fproduct_cat&post=653"},{"taxonomy":"product_tag","embeddable":true,"href":"https:\/\/dev.lumins.tn\/index.php?rest_route=%2Fwp%2Fv2%2Fproduct_tag&post=653"}],"curies":[{"name":"wp","href":"https:\/\/api.w.org\/{rel}","templated":true}]}}