{"id":560,"date":"2026-02-10T13:45:56","date_gmt":"2026-02-10T13:45:56","guid":{"rendered":"https:\/\/dev.lumins.tn\/?product=applique-fumagalli-bisso-anna-etanche-poly-1xe27-bl-nr"},"modified":"2026-02-10T14:04:18","modified_gmt":"2026-02-10T14:04:18","slug":"applique-fumagalli-bisso-anna-etanche-poly-1xe27-bl-nr","status":"publish","type":"product","link":"https:\/\/dev.lumins.tn\/?product=applique-fumagalli-bisso-anna-etanche-poly-1xe27-bl-nr","title":{"rendered":"APPLIQUE FUMAGALLI BISSO ANNA 45cm"},"content":{"rendered":"<p>Applique murale ext\u00e9rieure <strong data-start=\"761\" data-end=\"785\">Fumagalli BISSO ANNA<\/strong>, hauteur <strong data-start=\"795\" data-end=\"804\">45 cm<\/strong>, id\u00e9ale pour fa\u00e7ades, jardins et terrasses.<br data-start=\"848\" data-end=\"851\" \/>Disponible en <strong data-start=\"865\" data-end=\"873\">noir<\/strong> et <strong data-start=\"877\" data-end=\"886\">blanc<\/strong>, r\u00e9sistante aux intemp\u00e9ries, design italien \u00e9l\u00e9gant et durable<\/p>\n","protected":false},"excerpt":{"rendered":"<ul data-start=\"357\" data-end=\"547\">\n<li data-start=\"357\" data-end=\"383\">\n<p data-start=\"359\" data-end=\"383\"><strong data-start=\"359\" data-end=\"371\">Marque :<\/strong> Fumagalli<\/p>\n<\/li>\n<li data-start=\"384\" data-end=\"411\">\n<p data-start=\"386\" data-end=\"411\"><strong data-start=\"386\" data-end=\"398\">Mod\u00e8le :<\/strong> BISSO ANNA<\/p>\n<\/li>\n<li data-start=\"412\" data-end=\"442\">\n<p data-start=\"414\" data-end=\"442\"><strong data-start=\"414\" data-end=\"424\">Type :<\/strong> Applique murale<\/p>\n<\/li>\n<li data-start=\"443\" data-end=\"474\">\n<p data-start=\"445\" data-end=\"474\"><strong data-start=\"445\" data-end=\"462\">Utilisation :<\/strong> Ext\u00e9rieur<\/p>\n<\/li>\n<li data-start=\"475\" data-end=\"504\">\n<p data-start=\"477\" data-end=\"504\"><strong data-start=\"477\" data-end=\"495\">Installation :<\/strong> Murale<\/p>\n<\/li>\n<li data-start=\"505\" data-end=\"547\">\n<p data-start=\"507\" data-end=\"547\"><strong data-start=\"507\" data-end=\"518\">Style :<\/strong> Classique \/ Design italien<\/p>\n<ul>\n<li data-start=\"779\" data-end=\"808\">\n<p data-start=\"781\" data-end=\"808\"><strong data-start=\"781\" data-end=\"802\">Type de douille :<\/strong> E27<\/p>\n<\/li>\n<li data-start=\"809\" data-end=\"838\">\n<p data-start=\"811\" data-end=\"838\"><strong data-start=\"811\" data-end=\"834\">Nombre d\u2019ampoules :<\/strong> 1<\/p>\n<ul>\n<li data-start=\"726\" data-end=\"736\">\n<p data-start=\"728\" data-end=\"736\"><strong data-start=\"728\" data-end=\"736\">Noir<\/strong><\/p>\n<\/li>\n<li data-start=\"737\" data-end=\"748\">\n<p data-start=\"739\" data-end=\"748\"><strong data-start=\"739\" data-end=\"748\">Blanc<\/strong><\/p>\n<\/li>\n<\/ul>\n<p data-start=\"811\" data-end=\"838\">\n<\/li>\n<\/ul>\n<\/li>\n<\/ul>\n","protected":false},"featured_media":527,"comment_status":"open","ping_status":"closed","template":"","meta":{"site-sidebar-layout":"default","site-content-layout":"","ast-site-content-layout":"default","site-content-style":"default","site-sidebar-style":"default","ast-global-header-display":"","ast-banner-title-visibility":"","ast-main-header-display":"","ast-hfb-above-header-display":"","ast-hfb-below-header-display":"","ast-hfb-mobile-header-display":"","site-post-title":"","ast-breadcrumbs-content":"","ast-featured-img":"","footer-sml-layout":"","ast-disable-related-posts":"","theme-transparent-header-meta":"default","adv-header-id-meta":"","stick-header-meta":"","header-above-stick-meta":"","header-main-stick-meta":"","header-below-stick-meta":"","astra-migrate-meta-layouts":"set","ast-page-background-enabled":"default","ast-page-background-meta":{"desktop":{"background-color":"var(--ast-global-color-5)","background-image":"","background-repeat":"repeat","background-position":"center center","background-size":"auto","background-attachment":"scroll","background-type":"","background-media":"","overlay-type":"","overlay-color":"","overlay-opacity":"","overlay-gradient":""},"tablet":{"background-color":"","background-image":"","background-repeat":"repeat","background-position":"center center","background-size":"auto","background-attachment":"scroll","background-type":"","background-media":"","overlay-type":"","overlay-color":"","overlay-opacity":"","overlay-gradient":""},"mobile":{"background-color":"","background-image":"","background-repeat":"repeat","background-position":"center center","background-size":"auto","background-attachment":"scroll","background-type":"","background-media":"","overlay-type":"","overlay-color":"","overlay-opacity":"","overlay-gradient":""}},"ast-content-background-meta":{"desktop":{"background-color":"var(--ast-global-color-4)","background-image":"","background-repeat":"repeat","background-position":"center center","background-size":"auto","background-attachment":"scroll","background-type":"","background-media":"","overlay-type":"","overlay-color":"","overlay-opacity":"","overlay-gradient":""},"tablet":{"background-color":"var(--ast-global-color-4)","background-image":"","background-repeat":"repeat","background-position":"center center","background-size":"auto","background-attachment":"scroll","background-type":"","background-media":"","overlay-type":"","overlay-color":"","overlay-opacity":"","overlay-gradient":""},"mobile":{"background-color":"var(--ast-global-color-4)","background-image":"","background-repeat":"repeat","background-position":"center center","background-size":"auto","background-attachment":"scroll","background-type":"","background-media":"","overlay-type":"","overlay-color":"","overlay-opacity":"","overlay-gradient":""}}},"product_brand":[],"product_cat":[34],"product_tag":[66],"class_list":{"0":"post-560","1":"product","2":"type-product","3":"status-publish","4":"has-post-thumbnail","6":"product_cat-appliques-exterieures","7":"product_tag-jardin","8":"desktop-align-left","9":"tablet-align-left","10":"mobile-align-center","12":"first","13":"instock","14":"taxable","15":"shipping-taxable","16":"purchasable","17":"product-type-simple"},"_links":{"self":[{"href":"https:\/\/dev.lumins.tn\/index.php?rest_route=\/wp\/v2\/product\/560","targetHints":{"allow":["GET"]}}],"collection":[{"href":"https:\/\/dev.lumins.tn\/index.php?rest_route=\/wp\/v2\/product"}],"about":[{"href":"https:\/\/dev.lumins.tn\/index.php?rest_route=\/wp\/v2\/types\/product"}],"replies":[{"embeddable":true,"href":"https:\/\/dev.lumins.tn\/index.php?rest_route=%2Fwp%2Fv2%2Fcomments&post=560"}],"version-history":[{"count":3,"href":"https:\/\/dev.lumins.tn\/index.php?rest_route=\/wp\/v2\/product\/560\/revisions"}],"predecessor-version":[{"id":577,"href":"https:\/\/dev.lumins.tn\/index.php?rest_route=\/wp\/v2\/product\/560\/revisions\/577"}],"wp:featuredmedia":[{"embeddable":true,"href":"https:\/\/dev.lumins.tn\/index.php?rest_route=\/wp\/v2\/media\/527"}],"wp:attachment":[{"href":"https:\/\/dev.lumins.tn\/index.php?rest_route=%2Fwp%2Fv2%2Fmedia&parent=560"}],"wp:term":[{"taxonomy":"product_brand","embeddable":true,"href":"https:\/\/dev.lumins.tn\/index.php?rest_route=%2Fwp%2Fv2%2Fproduct_brand&post=560"},{"taxonomy":"product_cat","embeddable":true,"href":"https:\/\/dev.lumins.tn\/index.php?rest_route=%2Fwp%2Fv2%2Fproduct_cat&post=560"},{"taxonomy":"product_tag","embeddable":true,"href":"https:\/\/dev.lumins.tn\/index.php?rest_route=%2Fwp%2Fv2%2Fproduct_tag&post=560"}],"curies":[{"name":"wp","href":"https:\/\/api.w.org\/{rel}","templated":true}]}}