{"id":499,"date":"2026-02-09T12:36:00","date_gmt":"2026-02-09T12:36:00","guid":{"rendered":"https:\/\/dev.lumins.tn\/?post_type=product&#038;p=499"},"modified":"2026-03-14T12:07:21","modified_gmt":"2026-03-14T12:07:21","slug":"plafonnier-prestige","status":"publish","type":"product","link":"https:\/\/dev.lumins.tn\/?product=plafonnier-prestige","title":{"rendered":"PLAFONIER PRESTIGE 40CM"},"content":{"rendered":"<p>Le <strong data-start=\"257\" data-end=\"286\">Plafonnier Prestige 40 cm<\/strong> allie design moderne et fonctionnalit\u00e9. Sa lumi\u00e8re est <strong data-start=\"342\" data-end=\"390\">modulable en jaune, blanc ou lumi\u00e8re du jour<\/strong>, pour cr\u00e9er l\u2019ambiance id\u00e9ale selon vos besoins. Puissant et \u00e9l\u00e9gant, il convient parfaitement \u00e0 salons, chambres et salles \u00e0 manger.<\/p>\n","protected":false},"excerpt":{"rendered":"<ul>\n<li data-start=\"902\" data-end=\"937\">\n<p data-start=\"904\" data-end=\"937\">Type : Plafonnier LED d\u00e9coratif<\/p>\n<\/li>\n<li data-start=\"938\" data-end=\"969\">\n<p data-start=\"940\" data-end=\"969\">Mod\u00e8le : <strong data-start=\"949\" data-end=\"967\">Prestige 40 cm<\/strong><\/p>\n<\/li>\n<li data-start=\"970\" data-end=\"990\">\n<p data-start=\"972\" data-end=\"990\">Diam\u00e8tre : 40 cm<\/p>\n<\/li>\n<li data-start=\"991\" data-end=\"1010\">\n<p data-start=\"993\" data-end=\"1010\">Puissance : 48W<\/p>\n<\/li>\n<li data-start=\"1011\" data-end=\"1075\">\n<p data-start=\"1013\" data-end=\"1075\">Temp\u00e9rature de couleur : <strong data-start=\"1038\" data-end=\"1073\">Jaune \/ Blanc \/ Lumi\u00e8re du jour<\/strong><\/p>\n<\/li>\n<li data-start=\"1076\" data-end=\"1139\">\n<p data-start=\"1078\" data-end=\"1139\">Technologie : Variateur int\u00e9gr\u00e9 \/ 3 temp\u00e9ratures de lumi\u00e8re<\/p>\n<\/li>\n<li data-start=\"1140\" data-end=\"1190\">\n<p data-start=\"1142\" data-end=\"1190\">Style : Moderne, design \u00e9l\u00e9gant, haut de gamme<\/p>\n<\/li>\n<li data-start=\"1191\" data-end=\"1247\">\n<p data-start=\"1193\" data-end=\"1247\">Utilisation : Salon, chambre, salle \u00e0 manger, bureau<\/p>\n<\/li>\n<li data-start=\"1248\" data-end=\"1292\">\n<p data-start=\"1250\" data-end=\"1292\">Installation : Fixation plafond standard<\/p>\n<\/li>\n<\/ul>\n","protected":false},"featured_media":377,"comment_status":"open","ping_status":"closed","template":"","meta":{"site-sidebar-layout":"default","site-content-layout":"","ast-site-content-layout":"default","site-content-style":"default","site-sidebar-style":"default","ast-global-header-display":"","ast-banner-title-visibility":"","ast-main-header-display":"","ast-hfb-above-header-display":"","ast-hfb-below-header-display":"","ast-hfb-mobile-header-display":"","site-post-title":"","ast-breadcrumbs-content":"","ast-featured-img":"","footer-sml-layout":"","ast-disable-related-posts":"","theme-transparent-header-meta":"default","adv-header-id-meta":"","stick-header-meta":"","header-above-stick-meta":"","header-main-stick-meta":"","header-below-stick-meta":"","astra-migrate-meta-layouts":"set","ast-page-background-enabled":"default","ast-page-background-meta":{"desktop":{"background-color":"var(--ast-global-color-5)","background-image":"","background-repeat":"repeat","background-position":"center center","background-size":"auto","background-attachment":"scroll","background-type":"","background-media":"","overlay-type":"","overlay-color":"","overlay-opacity":"","overlay-gradient":""},"tablet":{"background-color":"","background-image":"","background-repeat":"repeat","background-position":"center center","background-size":"auto","background-attachment":"scroll","background-type":"","background-media":"","overlay-type":"","overlay-color":"","overlay-opacity":"","overlay-gradient":""},"mobile":{"background-color":"","background-image":"","background-repeat":"repeat","background-position":"center center","background-size":"auto","background-attachment":"scroll","background-type":"","background-media":"","overlay-type":"","overlay-color":"","overlay-opacity":"","overlay-gradient":""}},"ast-content-background-meta":{"desktop":{"background-color":"var(--ast-global-color-4)","background-image":"","background-repeat":"repeat","background-position":"center center","background-size":"auto","background-attachment":"scroll","background-type":"","background-media":"","overlay-type":"","overlay-color":"","overlay-opacity":"","overlay-gradient":""},"tablet":{"background-color":"var(--ast-global-color-4)","background-image":"","background-repeat":"repeat","background-position":"center center","background-size":"auto","background-attachment":"scroll","background-type":"","background-media":"","overlay-type":"","overlay-color":"","overlay-opacity":"","overlay-gradient":""},"mobile":{"background-color":"var(--ast-global-color-4)","background-image":"","background-repeat":"repeat","background-position":"center center","background-size":"auto","background-attachment":"scroll","background-type":"","background-media":"","overlay-type":"","overlay-color":"","overlay-opacity":"","overlay-gradient":""}}},"product_brand":[],"product_cat":[41],"product_tag":[67],"class_list":{"0":"post-499","1":"product","2":"type-product","3":"status-publish","4":"has-post-thumbnail","6":"product_cat-plafonnier","7":"product_tag-maison","8":"desktop-align-left","9":"tablet-align-left","10":"mobile-align-center","12":"first","13":"instock","14":"taxable","15":"shipping-taxable","16":"purchasable","17":"product-type-simple"},"_links":{"self":[{"href":"https:\/\/dev.lumins.tn\/index.php?rest_route=\/wp\/v2\/product\/499","targetHints":{"allow":["GET"]}}],"collection":[{"href":"https:\/\/dev.lumins.tn\/index.php?rest_route=\/wp\/v2\/product"}],"about":[{"href":"https:\/\/dev.lumins.tn\/index.php?rest_route=\/wp\/v2\/types\/product"}],"replies":[{"embeddable":true,"href":"https:\/\/dev.lumins.tn\/index.php?rest_route=%2Fwp%2Fv2%2Fcomments&post=499"}],"version-history":[{"count":6,"href":"https:\/\/dev.lumins.tn\/index.php?rest_route=\/wp\/v2\/product\/499\/revisions"}],"predecessor-version":[{"id":1380,"href":"https:\/\/dev.lumins.tn\/index.php?rest_route=\/wp\/v2\/product\/499\/revisions\/1380"}],"wp:featuredmedia":[{"embeddable":true,"href":"https:\/\/dev.lumins.tn\/index.php?rest_route=\/wp\/v2\/media\/377"}],"wp:attachment":[{"href":"https:\/\/dev.lumins.tn\/index.php?rest_route=%2Fwp%2Fv2%2Fmedia&parent=499"}],"wp:term":[{"taxonomy":"product_brand","embeddable":true,"href":"https:\/\/dev.lumins.tn\/index.php?rest_route=%2Fwp%2Fv2%2Fproduct_brand&post=499"},{"taxonomy":"product_cat","embeddable":true,"href":"https:\/\/dev.lumins.tn\/index.php?rest_route=%2Fwp%2Fv2%2Fproduct_cat&post=499"},{"taxonomy":"product_tag","embeddable":true,"href":"https:\/\/dev.lumins.tn\/index.php?rest_route=%2Fwp%2Fv2%2Fproduct_tag&post=499"}],"curies":[{"name":"wp","href":"https:\/\/api.w.org\/{rel}","templated":true}]}}