{"id":469,"date":"2026-02-09T10:09:55","date_gmt":"2026-02-09T10:09:55","guid":{"rendered":"https:\/\/dev.lumins.tn\/?post_type=product&#038;p=469"},"modified":"2026-02-13T15:05:06","modified_gmt":"2026-02-13T15:05:06","slug":"suspension-claro-dore","status":"publish","type":"product","link":"https:\/\/dev.lumins.tn\/?product=suspension-claro-dore","title":{"rendered":"SUSPENSION CLARO DORE"},"content":{"rendered":"<p>Cette suspension de t\u00eate de lit associe une <strong data-start=\"272\" data-end=\"299\">finition dor\u00e9e raffin\u00e9e<\/strong> \u00e0 une <strong data-start=\"306\" data-end=\"322\">boule opaque<\/strong>, diffusant une lumi\u00e8re douce et apaisante. Id\u00e9al pour cr\u00e9er une ambiance chaleureuse et intime, elle s\u2019int\u00e8gre parfaitement dans une chambre moderne ou \u00e9l\u00e9gante.<\/p>\n","protected":false},"excerpt":{"rendered":"<ul>\n<li data-start=\"837\" data-end=\"875\">\n<p data-start=\"839\" data-end=\"875\">Type : Suspension pour t\u00eate de lit<\/p>\n<\/li>\n<li data-start=\"876\" data-end=\"901\">\n<p data-start=\"878\" data-end=\"901\">Finition : M\u00e9tal dor\u00e9<\/p>\n<\/li>\n<li data-start=\"902\" data-end=\"930\">\n<p data-start=\"904\" data-end=\"930\">Diffuseur : Boule opaque<\/p>\n<\/li>\n<li data-start=\"931\" data-end=\"952\">\n<p data-start=\"933\" data-end=\"952\">Douille : <strong data-start=\"943\" data-end=\"950\">E27<\/strong><\/p>\n<\/li>\n<li data-start=\"953\" data-end=\"1002\">\n<p data-start=\"955\" data-end=\"1002\">\u00c9clairage : Lumi\u00e8re douce et non \u00e9blouissante<\/p>\n<\/li>\n<li data-start=\"1003\" data-end=\"1062\">\n<p data-start=\"1005\" data-end=\"1062\">Utilisation : Chambre, t\u00eate de lit, \u00e9clairage d\u2019appoint<\/p>\n<\/li>\n<li data-start=\"1063\" data-end=\"1096\">\n<p data-start=\"1065\" data-end=\"1096\">Style : \u00c9l\u00e9gant, contemporain<\/p>\n<\/li>\n<\/ul>\n","protected":false},"featured_media":428,"comment_status":"open","ping_status":"closed","template":"","meta":{"site-sidebar-layout":"default","site-content-layout":"","ast-site-content-layout":"default","site-content-style":"default","site-sidebar-style":"default","ast-global-header-display":"","ast-banner-title-visibility":"","ast-main-header-display":"","ast-hfb-above-header-display":"","ast-hfb-below-header-display":"","ast-hfb-mobile-header-display":"","site-post-title":"","ast-breadcrumbs-content":"","ast-featured-img":"","footer-sml-layout":"","ast-disable-related-posts":"","theme-transparent-header-meta":"default","adv-header-id-meta":"","stick-header-meta":"","header-above-stick-meta":"","header-main-stick-meta":"","header-below-stick-meta":"","astra-migrate-meta-layouts":"set","ast-page-background-enabled":"default","ast-page-background-meta":{"desktop":{"background-color":"var(--ast-global-color-5)","background-image":"","background-repeat":"repeat","background-position":"center center","background-size":"auto","background-attachment":"scroll","background-type":"","background-media":"","overlay-type":"","overlay-color":"","overlay-opacity":"","overlay-gradient":""},"tablet":{"background-color":"","background-image":"","background-repeat":"repeat","background-position":"center center","background-size":"auto","background-attachment":"scroll","background-type":"","background-media":"","overlay-type":"","overlay-color":"","overlay-opacity":"","overlay-gradient":""},"mobile":{"background-color":"","background-image":"","background-repeat":"repeat","background-position":"center center","background-size":"auto","background-attachment":"scroll","background-type":"","background-media":"","overlay-type":"","overlay-color":"","overlay-opacity":"","overlay-gradient":""}},"ast-content-background-meta":{"desktop":{"background-color":"var(--ast-global-color-4)","background-image":"","background-repeat":"repeat","background-position":"center center","background-size":"auto","background-attachment":"scroll","background-type":"","background-media":"","overlay-type":"","overlay-color":"","overlay-opacity":"","overlay-gradient":""},"tablet":{"background-color":"var(--ast-global-color-4)","background-image":"","background-repeat":"repeat","background-position":"center center","background-size":"auto","background-attachment":"scroll","background-type":"","background-media":"","overlay-type":"","overlay-color":"","overlay-opacity":"","overlay-gradient":""},"mobile":{"background-color":"var(--ast-global-color-4)","background-image":"","background-repeat":"repeat","background-position":"center center","background-size":"auto","background-attachment":"scroll","background-type":"","background-media":"","overlay-type":"","overlay-color":"","overlay-opacity":"","overlay-gradient":""}}},"product_brand":[],"product_cat":[38],"product_tag":[67],"class_list":{"0":"post-469","1":"product","2":"type-product","3":"status-publish","4":"has-post-thumbnail","6":"product_cat-suspensions","7":"product_tag-maison","8":"desktop-align-left","9":"tablet-align-left","10":"mobile-align-center","12":"first","13":"instock","14":"taxable","15":"shipping-taxable","16":"purchasable","17":"product-type-simple"},"_links":{"self":[{"href":"https:\/\/dev.lumins.tn\/index.php?rest_route=\/wp\/v2\/product\/469","targetHints":{"allow":["GET"]}}],"collection":[{"href":"https:\/\/dev.lumins.tn\/index.php?rest_route=\/wp\/v2\/product"}],"about":[{"href":"https:\/\/dev.lumins.tn\/index.php?rest_route=\/wp\/v2\/types\/product"}],"replies":[{"embeddable":true,"href":"https:\/\/dev.lumins.tn\/index.php?rest_route=%2Fwp%2Fv2%2Fcomments&post=469"}],"version-history":[{"count":4,"href":"https:\/\/dev.lumins.tn\/index.php?rest_route=\/wp\/v2\/product\/469\/revisions"}],"predecessor-version":[{"id":748,"href":"https:\/\/dev.lumins.tn\/index.php?rest_route=\/wp\/v2\/product\/469\/revisions\/748"}],"wp:featuredmedia":[{"embeddable":true,"href":"https:\/\/dev.lumins.tn\/index.php?rest_route=\/wp\/v2\/media\/428"}],"wp:attachment":[{"href":"https:\/\/dev.lumins.tn\/index.php?rest_route=%2Fwp%2Fv2%2Fmedia&parent=469"}],"wp:term":[{"taxonomy":"product_brand","embeddable":true,"href":"https:\/\/dev.lumins.tn\/index.php?rest_route=%2Fwp%2Fv2%2Fproduct_brand&post=469"},{"taxonomy":"product_cat","embeddable":true,"href":"https:\/\/dev.lumins.tn\/index.php?rest_route=%2Fwp%2Fv2%2Fproduct_cat&post=469"},{"taxonomy":"product_tag","embeddable":true,"href":"https:\/\/dev.lumins.tn\/index.php?rest_route=%2Fwp%2Fv2%2Fproduct_tag&post=469"}],"curies":[{"name":"wp","href":"https:\/\/api.w.org\/{rel}","templated":true}]}}