{"id":459,"date":"2026-02-07T11:32:25","date_gmt":"2026-02-07T11:32:25","guid":{"rendered":"https:\/\/dev.lumins.tn\/?post_type=product&#038;p=459"},"modified":"2026-02-13T15:07:59","modified_gmt":"2026-02-13T15:07:59","slug":"suspension-diamanta","status":"publish","type":"product","link":"https:\/\/dev.lumins.tn\/?product=suspension-diamanta","title":{"rendered":"SUSPENSION DIAMANTA"},"content":{"rendered":"<p data-start=\"164\" data-end=\"493\">Apportez <strong data-start=\"173\" data-end=\"199\">luxe et sophistication<\/strong> \u00e0 votre int\u00e9rieur avec la <strong data-start=\"226\" data-end=\"249\">suspension Diamanta<\/strong>. Sa <strong data-start=\"254\" data-end=\"285\">forme inspir\u00e9e d\u2019un diamant<\/strong>, aux lignes g\u00e9om\u00e9triques parfaites et \u00e0 la <strong data-start=\"329\" data-end=\"347\">finition dor\u00e9e<\/strong>, diffuse une lumi\u00e8re chaleureuse et pr\u00e9cieuse, id\u00e9ale pour cr\u00e9er une <strong data-start=\"417\" data-end=\"446\">ambiance chic et raffin\u00e9e<\/strong> dans votre salon, salle \u00e0 manger ou chambre.<\/p>\n<p data-start=\"495\" data-end=\"787\">Cette suspension n\u2019est pas seulement un luminaire, c\u2019est un <strong data-start=\"555\" data-end=\"584\">v\u00e9ritable objet d\u00e9coratif<\/strong>, qui capte le regard et sublime votre espace par un <strong data-start=\"637\" data-end=\"664\">jeu de reflets lumineux<\/strong>. Son design moderne et graphique s\u2019int\u00e8gre parfaitement dans tout style d\u2019int\u00e9rieur, du contemporain au luxe intemporel.<\/p>\n","protected":false},"excerpt":{"rendered":"<p data-start=\"789\" data-end=\"813\"><strong data-start=\"789\" data-end=\"811\">Caract\u00e9ristiques :<\/strong><\/p>\n<ul data-start=\"814\" data-end=\"1035\">\n<li data-start=\"814\" data-end=\"849\">\n<p data-start=\"816\" data-end=\"849\">Forme : diamant\u00e9e \/ g\u00e9om\u00e9trique<\/p>\n<\/li>\n<li data-start=\"850\" data-end=\"870\">\n<p data-start=\"852\" data-end=\"870\">Finition : dor\u00e9e<\/p>\n<\/li>\n<li data-start=\"871\" data-end=\"912\">\n<p data-start=\"873\" data-end=\"912\">Style : chic, contemporain et \u00e9l\u00e9gant<\/p>\n<\/li>\n<li data-start=\"913\" data-end=\"957\">\n<p data-start=\"915\" data-end=\"957\">Diffusion : lumi\u00e8re douce et chaleureuse<\/p>\n<\/li>\n<li data-start=\"958\" data-end=\"1035\">\n<p data-start=\"960\" data-end=\"1035\">Usage : id\u00e9al pour salon, salle \u00e0 manger, chambre ou espace professionnel<\/p>\n<\/li>\n<\/ul>\n<p data-start=\"1037\" data-end=\"1088\">\u2728 <em data-start=\"1039\" data-end=\"1086\">Diamanta \u2013 Quand la lumi\u00e8re devient un bijou.<\/em><\/p>\n","protected":false},"featured_media":408,"comment_status":"open","ping_status":"closed","template":"","meta":{"site-sidebar-layout":"default","site-content-layout":"","ast-site-content-layout":"default","site-content-style":"default","site-sidebar-style":"default","ast-global-header-display":"","ast-banner-title-visibility":"","ast-main-header-display":"","ast-hfb-above-header-display":"","ast-hfb-below-header-display":"","ast-hfb-mobile-header-display":"","site-post-title":"","ast-breadcrumbs-content":"","ast-featured-img":"","footer-sml-layout":"","ast-disable-related-posts":"","theme-transparent-header-meta":"default","adv-header-id-meta":"","stick-header-meta":"","header-above-stick-meta":"","header-main-stick-meta":"","header-below-stick-meta":"","astra-migrate-meta-layouts":"set","ast-page-background-enabled":"default","ast-page-background-meta":{"desktop":{"background-color":"var(--ast-global-color-5)","background-image":"","background-repeat":"repeat","background-position":"center center","background-size":"auto","background-attachment":"scroll","background-type":"","background-media":"","overlay-type":"","overlay-color":"","overlay-opacity":"","overlay-gradient":""},"tablet":{"background-color":"","background-image":"","background-repeat":"repeat","background-position":"center center","background-size":"auto","background-attachment":"scroll","background-type":"","background-media":"","overlay-type":"","overlay-color":"","overlay-opacity":"","overlay-gradient":""},"mobile":{"background-color":"","background-image":"","background-repeat":"repeat","background-position":"center center","background-size":"auto","background-attachment":"scroll","background-type":"","background-media":"","overlay-type":"","overlay-color":"","overlay-opacity":"","overlay-gradient":""}},"ast-content-background-meta":{"desktop":{"background-color":"var(--ast-global-color-4)","background-image":"","background-repeat":"repeat","background-position":"center center","background-size":"auto","background-attachment":"scroll","background-type":"","background-media":"","overlay-type":"","overlay-color":"","overlay-opacity":"","overlay-gradient":""},"tablet":{"background-color":"var(--ast-global-color-4)","background-image":"","background-repeat":"repeat","background-position":"center center","background-size":"auto","background-attachment":"scroll","background-type":"","background-media":"","overlay-type":"","overlay-color":"","overlay-opacity":"","overlay-gradient":""},"mobile":{"background-color":"var(--ast-global-color-4)","background-image":"","background-repeat":"repeat","background-position":"center center","background-size":"auto","background-attachment":"scroll","background-type":"","background-media":"","overlay-type":"","overlay-color":"","overlay-opacity":"","overlay-gradient":""}}},"product_brand":[],"product_cat":[38],"product_tag":[67],"class_list":{"0":"post-459","1":"product","2":"type-product","3":"status-publish","4":"has-post-thumbnail","6":"product_cat-suspensions","7":"product_tag-maison","8":"desktop-align-left","9":"tablet-align-left","10":"mobile-align-center","12":"first","13":"instock","14":"taxable","15":"shipping-taxable","16":"purchasable","17":"product-type-simple"},"_links":{"self":[{"href":"https:\/\/dev.lumins.tn\/index.php?rest_route=\/wp\/v2\/product\/459","targetHints":{"allow":["GET"]}}],"collection":[{"href":"https:\/\/dev.lumins.tn\/index.php?rest_route=\/wp\/v2\/product"}],"about":[{"href":"https:\/\/dev.lumins.tn\/index.php?rest_route=\/wp\/v2\/types\/product"}],"replies":[{"embeddable":true,"href":"https:\/\/dev.lumins.tn\/index.php?rest_route=%2Fwp%2Fv2%2Fcomments&post=459"}],"version-history":[{"count":2,"href":"https:\/\/dev.lumins.tn\/index.php?rest_route=\/wp\/v2\/product\/459\/revisions"}],"predecessor-version":[{"id":753,"href":"https:\/\/dev.lumins.tn\/index.php?rest_route=\/wp\/v2\/product\/459\/revisions\/753"}],"wp:featuredmedia":[{"embeddable":true,"href":"https:\/\/dev.lumins.tn\/index.php?rest_route=\/wp\/v2\/media\/408"}],"wp:attachment":[{"href":"https:\/\/dev.lumins.tn\/index.php?rest_route=%2Fwp%2Fv2%2Fmedia&parent=459"}],"wp:term":[{"taxonomy":"product_brand","embeddable":true,"href":"https:\/\/dev.lumins.tn\/index.php?rest_route=%2Fwp%2Fv2%2Fproduct_brand&post=459"},{"taxonomy":"product_cat","embeddable":true,"href":"https:\/\/dev.lumins.tn\/index.php?rest_route=%2Fwp%2Fv2%2Fproduct_cat&post=459"},{"taxonomy":"product_tag","embeddable":true,"href":"https:\/\/dev.lumins.tn\/index.php?rest_route=%2Fwp%2Fv2%2Fproduct_tag&post=459"}],"curies":[{"name":"wp","href":"https:\/\/api.w.org\/{rel}","templated":true}]}}