{"id":457,"date":"2026-02-07T11:27:28","date_gmt":"2026-02-07T11:27:28","guid":{"rendered":"https:\/\/dev.lumins.tn\/?post_type=product&#038;p=457"},"modified":"2026-02-13T15:18:11","modified_gmt":"2026-02-13T15:18:11","slug":"suspension-clarte-argentee","status":"publish","type":"product","link":"https:\/\/dev.lumins.tn\/?product=suspension-clarte-argentee","title":{"rendered":"SUSPENSION CLARTE ARGENTEE"},"content":{"rendered":"<p data-start=\"158\" data-end=\"485\">Apportez <strong data-start=\"167\" data-end=\"195\">modernit\u00e9 et raffinement<\/strong> \u00e0 votre int\u00e9rieur avec la <strong data-start=\"222\" data-end=\"266\">suspension rectangulaire Clart\u00e9 Argent\u00e9e<\/strong>. Sa <strong data-start=\"271\" data-end=\"301\">forme rectangulaire \u00e9pur\u00e9e<\/strong>, Propos\u00e9e en <strong data-start=\"354\" data-end=\"378\">noir\/dore\/et argent <\/strong>associ\u00e9e \u00e0 une <strong data-start=\"318\" data-end=\"337\">boule lumineuse<\/strong>, diffuse une lumi\u00e8re douce et \u00e9l\u00e9gante, id\u00e9ale pour cr\u00e9er une <strong data-start=\"400\" data-end=\"432\">ambiance chic et chaleureuse<\/strong> dans votre salon, chambre ou espace professionnel.<\/p>\n<p data-start=\"487\" data-end=\"811\">Disponible en <strong data-start=\"501\" data-end=\"527\">tailles 13\u202fcm et 20\u202fcm<\/strong>, cette suspension s\u2019adapte \u00e0 tous les espaces, qu\u2019il s\u2019agisse d\u2019un <strong data-start=\"595\" data-end=\"646\">coin lumineux, d\u2019une table <\/strong>, tout en apportant un <strong data-start=\"669\" data-end=\"705\">design contemporain et graphique<\/strong>. Sa finition argent\u00e9e refl\u00e8te subtilement la lumi\u00e8re, offrant <strong data-start=\"768\" data-end=\"808\">un jeu de reflets \u00e9l\u00e9gant et raffin\u00e9<\/strong>.<\/p>\n","protected":false},"excerpt":{"rendered":"<p data-start=\"813\" data-end=\"837\"><strong data-start=\"813\" data-end=\"835\">Caract\u00e9ristiques :<\/strong><\/p>\n<ul data-start=\"838\" data-end=\"1127\">\n<li data-start=\"838\" data-end=\"863\">\n<p data-start=\"840\" data-end=\"863\">Forme : rectangulaire<\/p>\n<\/li>\n<li data-start=\"864\" data-end=\"894\">\n<p data-start=\"866\" data-end=\"894\">Dimensions : 13\u202fcm \/ 20\u202fcm<\/p>\n<\/li>\n<li data-start=\"895\" data-end=\"918\">\n<p data-start=\"897\" data-end=\"918\">Finition : argent\u00e9e\/dore\/noir<\/p>\n<\/li>\n<li data-start=\"919\" data-end=\"966\">\n<p data-start=\"921\" data-end=\"966\">Boule : lumineuse<\/p>\n<\/li>\n<li data-start=\"967\" data-end=\"1012\">\n<p data-start=\"969\" data-end=\"1012\">Style : contemporain, chic et minimaliste<\/p>\n<\/li>\n<li data-start=\"1013\" data-end=\"1057\">\n<p data-start=\"1015\" data-end=\"1057\">Diffusion : lumi\u00e8re douce et chaleureuse<\/p>\n<\/li>\n<li data-start=\"1058\" data-end=\"1127\">\n<p data-start=\"1060\" data-end=\"1127\">Usage : id\u00e9al pour salon, chambre, entr\u00e9e ou espace professionnel<\/p>\n<\/li>\n<\/ul>\n<p data-start=\"1129\" data-end=\"1182\">\u2728 <em data-start=\"1131\" data-end=\"1180\">Clart\u00e9 Argent\u00e9e \u2013 La lumi\u00e8re en toute \u00e9l\u00e9gance.<\/em><\/p>\n","protected":false},"featured_media":414,"comment_status":"open","ping_status":"closed","template":"","meta":{"site-sidebar-layout":"default","site-content-layout":"","ast-site-content-layout":"default","site-content-style":"default","site-sidebar-style":"default","ast-global-header-display":"","ast-banner-title-visibility":"","ast-main-header-display":"","ast-hfb-above-header-display":"","ast-hfb-below-header-display":"","ast-hfb-mobile-header-display":"","site-post-title":"","ast-breadcrumbs-content":"","ast-featured-img":"","footer-sml-layout":"","ast-disable-related-posts":"","theme-transparent-header-meta":"default","adv-header-id-meta":"","stick-header-meta":"","header-above-stick-meta":"","header-main-stick-meta":"","header-below-stick-meta":"","astra-migrate-meta-layouts":"set","ast-page-background-enabled":"default","ast-page-background-meta":{"desktop":{"background-color":"var(--ast-global-color-5)","background-image":"","background-repeat":"repeat","background-position":"center center","background-size":"auto","background-attachment":"scroll","background-type":"","background-media":"","overlay-type":"","overlay-color":"","overlay-opacity":"","overlay-gradient":""},"tablet":{"background-color":"","background-image":"","background-repeat":"repeat","background-position":"center center","background-size":"auto","background-attachment":"scroll","background-type":"","background-media":"","overlay-type":"","overlay-color":"","overlay-opacity":"","overlay-gradient":""},"mobile":{"background-color":"","background-image":"","background-repeat":"repeat","background-position":"center center","background-size":"auto","background-attachment":"scroll","background-type":"","background-media":"","overlay-type":"","overlay-color":"","overlay-opacity":"","overlay-gradient":""}},"ast-content-background-meta":{"desktop":{"background-color":"var(--ast-global-color-4)","background-image":"","background-repeat":"repeat","background-position":"center center","background-size":"auto","background-attachment":"scroll","background-type":"","background-media":"","overlay-type":"","overlay-color":"","overlay-opacity":"","overlay-gradient":""},"tablet":{"background-color":"var(--ast-global-color-4)","background-image":"","background-repeat":"repeat","background-position":"center center","background-size":"auto","background-attachment":"scroll","background-type":"","background-media":"","overlay-type":"","overlay-color":"","overlay-opacity":"","overlay-gradient":""},"mobile":{"background-color":"var(--ast-global-color-4)","background-image":"","background-repeat":"repeat","background-position":"center center","background-size":"auto","background-attachment":"scroll","background-type":"","background-media":"","overlay-type":"","overlay-color":"","overlay-opacity":"","overlay-gradient":""}}},"product_brand":[],"product_cat":[38],"product_tag":[67],"class_list":{"0":"post-457","1":"product","2":"type-product","3":"status-publish","4":"has-post-thumbnail","6":"product_cat-suspensions","7":"product_tag-maison","8":"desktop-align-left","9":"tablet-align-left","10":"mobile-align-center","12":"first","13":"instock","14":"taxable","15":"shipping-taxable","16":"purchasable","17":"product-type-simple"},"_links":{"self":[{"href":"https:\/\/dev.lumins.tn\/index.php?rest_route=\/wp\/v2\/product\/457","targetHints":{"allow":["GET"]}}],"collection":[{"href":"https:\/\/dev.lumins.tn\/index.php?rest_route=\/wp\/v2\/product"}],"about":[{"href":"https:\/\/dev.lumins.tn\/index.php?rest_route=\/wp\/v2\/types\/product"}],"replies":[{"embeddable":true,"href":"https:\/\/dev.lumins.tn\/index.php?rest_route=%2Fwp%2Fv2%2Fcomments&post=457"}],"version-history":[{"count":4,"href":"https:\/\/dev.lumins.tn\/index.php?rest_route=\/wp\/v2\/product\/457\/revisions"}],"predecessor-version":[{"id":754,"href":"https:\/\/dev.lumins.tn\/index.php?rest_route=\/wp\/v2\/product\/457\/revisions\/754"}],"wp:featuredmedia":[{"embeddable":true,"href":"https:\/\/dev.lumins.tn\/index.php?rest_route=\/wp\/v2\/media\/414"}],"wp:attachment":[{"href":"https:\/\/dev.lumins.tn\/index.php?rest_route=%2Fwp%2Fv2%2Fmedia&parent=457"}],"wp:term":[{"taxonomy":"product_brand","embeddable":true,"href":"https:\/\/dev.lumins.tn\/index.php?rest_route=%2Fwp%2Fv2%2Fproduct_brand&post=457"},{"taxonomy":"product_cat","embeddable":true,"href":"https:\/\/dev.lumins.tn\/index.php?rest_route=%2Fwp%2Fv2%2Fproduct_cat&post=457"},{"taxonomy":"product_tag","embeddable":true,"href":"https:\/\/dev.lumins.tn\/index.php?rest_route=%2Fwp%2Fv2%2Fproduct_tag&post=457"}],"curies":[{"name":"wp","href":"https:\/\/api.w.org\/{rel}","templated":true}]}}