{"id":453,"date":"2026-02-07T11:08:56","date_gmt":"2026-02-07T11:08:56","guid":{"rendered":"https:\/\/dev.lumins.tn\/?post_type=product&#038;p=453"},"modified":"2026-02-13T15:20:46","modified_gmt":"2026-02-13T15:20:46","slug":"suspension-dorella-noir","status":"publish","type":"product","link":"https:\/\/dev.lumins.tn\/?product=suspension-dorella-noir","title":{"rendered":"SUSPENSION DORELLA NOIR"},"content":{"rendered":"<p data-start=\"161\" data-end=\"496\">Apportez <strong data-start=\"170\" data-end=\"195\">\u00e9l\u00e9gance et modernit\u00e9<\/strong> \u00e0 votre int\u00e9rieur avec la <strong data-start=\"222\" data-end=\"248\">suspension Ombre Ronde<\/strong> en finition <strong data-start=\"261\" data-end=\"279\">noire profonde,en argent et dor\u00e9<\/strong>. Sa <strong data-start=\"284\" data-end=\"306\">forme ronde \u00e9pur\u00e9e<\/strong> associ\u00e9e \u00e0 une <strong data-start=\"322\" data-end=\"341\">boule lumineuse<\/strong> diffuse une lumi\u00e8re douce et chaleureuse, id\u00e9al pour cr\u00e9er une <strong data-start=\"406\" data-end=\"439\">ambiance cosy et sophistiqu\u00e9e<\/strong> dans votre chambre, salon ou tout autre espace de vie.<\/p>\n<p data-start=\"498\" data-end=\"780\">Avec un diam\u00e8tre de <strong data-start=\"518\" data-end=\"527\">23\u202fcm<\/strong>, cette suspension trouve sa place facilement au-dessus d\u2019une <strong data-start=\"589\" data-end=\"633\">table, d\u2019un lit ou dans un coin lumineux<\/strong>, tout en apportant un <strong data-start=\"656\" data-end=\"687\">contraste chic et graphique<\/strong>. La finition noire met en valeur la lumi\u00e8re, pour un rendu \u00e0 la fois <strong data-start=\"757\" data-end=\"777\">intime et design<\/strong>.<\/p>\n","protected":false},"excerpt":{"rendered":"<p data-start=\"782\" data-end=\"806\"><strong data-start=\"782\" data-end=\"804\">Caract\u00e9ristiques :<\/strong><\/p>\n<ul data-start=\"807\" data-end=\"1064\">\n<li data-start=\"807\" data-end=\"832\">\n<p data-start=\"809\" data-end=\"832\">Forme : ronde \/ boule<\/p>\n<\/li>\n<li data-start=\"833\" data-end=\"853\">\n<p data-start=\"835\" data-end=\"853\">Diam\u00e8tre : 23\u202fcm<\/p>\n<\/li>\n<li data-start=\"854\" data-end=\"872\">\n<p data-start=\"856\" data-end=\"872\">Couleur : noir\/dor\u00e9\/argent<\/p>\n<\/li>\n<li data-start=\"873\" data-end=\"910\">\n<p data-start=\"875\" data-end=\"910\">Lampe : E27<\/p>\n<\/li>\n<li data-start=\"911\" data-end=\"956\">\n<p data-start=\"913\" data-end=\"956\">Style : contemporain, minimaliste et chic<\/p>\n<\/li>\n<li data-start=\"957\" data-end=\"1002\">\n<p data-start=\"959\" data-end=\"1002\">Diffusion : lumi\u00e8re douce et enveloppante<\/p>\n<\/li>\n<li data-start=\"1003\" data-end=\"1064\">\n<p data-start=\"1005\" data-end=\"1064\">Usage : id\u00e9al pour salon, chambre ,cuisine ou espace professionnel<\/p>\n<\/li>\n<\/ul>\n<p data-start=\"1066\" data-end=\"1114\">\u2728 <em data-start=\"1068\" data-end=\"1112\">Ombre Ronde \u2013 La lumi\u00e8re se fait \u00e9l\u00e9gance.<\/em><\/p>\n","protected":false},"featured_media":422,"comment_status":"open","ping_status":"closed","template":"","meta":{"site-sidebar-layout":"default","site-content-layout":"","ast-site-content-layout":"default","site-content-style":"default","site-sidebar-style":"default","ast-global-header-display":"","ast-banner-title-visibility":"","ast-main-header-display":"","ast-hfb-above-header-display":"","ast-hfb-below-header-display":"","ast-hfb-mobile-header-display":"","site-post-title":"","ast-breadcrumbs-content":"","ast-featured-img":"","footer-sml-layout":"","ast-disable-related-posts":"","theme-transparent-header-meta":"default","adv-header-id-meta":"","stick-header-meta":"","header-above-stick-meta":"","header-main-stick-meta":"","header-below-stick-meta":"","astra-migrate-meta-layouts":"set","ast-page-background-enabled":"default","ast-page-background-meta":{"desktop":{"background-color":"var(--ast-global-color-5)","background-image":"","background-repeat":"repeat","background-position":"center center","background-size":"auto","background-attachment":"scroll","background-type":"","background-media":"","overlay-type":"","overlay-color":"","overlay-opacity":"","overlay-gradient":""},"tablet":{"background-color":"","background-image":"","background-repeat":"repeat","background-position":"center center","background-size":"auto","background-attachment":"scroll","background-type":"","background-media":"","overlay-type":"","overlay-color":"","overlay-opacity":"","overlay-gradient":""},"mobile":{"background-color":"","background-image":"","background-repeat":"repeat","background-position":"center center","background-size":"auto","background-attachment":"scroll","background-type":"","background-media":"","overlay-type":"","overlay-color":"","overlay-opacity":"","overlay-gradient":""}},"ast-content-background-meta":{"desktop":{"background-color":"var(--ast-global-color-4)","background-image":"","background-repeat":"repeat","background-position":"center center","background-size":"auto","background-attachment":"scroll","background-type":"","background-media":"","overlay-type":"","overlay-color":"","overlay-opacity":"","overlay-gradient":""},"tablet":{"background-color":"var(--ast-global-color-4)","background-image":"","background-repeat":"repeat","background-position":"center center","background-size":"auto","background-attachment":"scroll","background-type":"","background-media":"","overlay-type":"","overlay-color":"","overlay-opacity":"","overlay-gradient":""},"mobile":{"background-color":"var(--ast-global-color-4)","background-image":"","background-repeat":"repeat","background-position":"center center","background-size":"auto","background-attachment":"scroll","background-type":"","background-media":"","overlay-type":"","overlay-color":"","overlay-opacity":"","overlay-gradient":""}}},"product_brand":[],"product_cat":[38],"product_tag":[67],"class_list":{"0":"post-453","1":"product","2":"type-product","3":"status-publish","4":"has-post-thumbnail","6":"product_cat-suspensions","7":"product_tag-maison","8":"desktop-align-left","9":"tablet-align-left","10":"mobile-align-center","12":"first","13":"instock","14":"taxable","15":"shipping-taxable","16":"purchasable","17":"product-type-simple"},"_links":{"self":[{"href":"https:\/\/dev.lumins.tn\/index.php?rest_route=\/wp\/v2\/product\/453","targetHints":{"allow":["GET"]}}],"collection":[{"href":"https:\/\/dev.lumins.tn\/index.php?rest_route=\/wp\/v2\/product"}],"about":[{"href":"https:\/\/dev.lumins.tn\/index.php?rest_route=\/wp\/v2\/types\/product"}],"replies":[{"embeddable":true,"href":"https:\/\/dev.lumins.tn\/index.php?rest_route=%2Fwp%2Fv2%2Fcomments&post=453"}],"version-history":[{"count":5,"href":"https:\/\/dev.lumins.tn\/index.php?rest_route=\/wp\/v2\/product\/453\/revisions"}],"predecessor-version":[{"id":757,"href":"https:\/\/dev.lumins.tn\/index.php?rest_route=\/wp\/v2\/product\/453\/revisions\/757"}],"wp:featuredmedia":[{"embeddable":true,"href":"https:\/\/dev.lumins.tn\/index.php?rest_route=\/wp\/v2\/media\/422"}],"wp:attachment":[{"href":"https:\/\/dev.lumins.tn\/index.php?rest_route=%2Fwp%2Fv2%2Fmedia&parent=453"}],"wp:term":[{"taxonomy":"product_brand","embeddable":true,"href":"https:\/\/dev.lumins.tn\/index.php?rest_route=%2Fwp%2Fv2%2Fproduct_brand&post=453"},{"taxonomy":"product_cat","embeddable":true,"href":"https:\/\/dev.lumins.tn\/index.php?rest_route=%2Fwp%2Fv2%2Fproduct_cat&post=453"},{"taxonomy":"product_tag","embeddable":true,"href":"https:\/\/dev.lumins.tn\/index.php?rest_route=%2Fwp%2Fv2%2Fproduct_tag&post=453"}],"curies":[{"name":"wp","href":"https:\/\/api.w.org\/{rel}","templated":true}]}}