{"id":444,"date":"2026-02-07T09:55:19","date_gmt":"2026-02-07T09:55:19","guid":{"rendered":"https:\/\/dev.lumins.tn\/?post_type=product&#038;p=444"},"modified":"2026-02-13T15:22:40","modified_gmt":"2026-02-13T15:22:40","slug":"suspension-le-cercle-noir","status":"publish","type":"product","link":"https:\/\/dev.lumins.tn\/?product=suspension-le-cercle-noir","title":{"rendered":"SUSPENSION LE CERCLE NOIR"},"content":{"rendered":"<p data-start=\"143\" data-end=\"400\">Graphique et raffin\u00e9e, la <strong data-start=\"169\" data-end=\"198\">Suspension Le Cercle Noir<\/strong> joue sur le contraste subtil entre la profondeur du noir et l\u2019\u00e9clat pr\u00e9cieux de sa <strong data-start=\"282\" data-end=\"297\">boule dor\u00e9e<\/strong>. Sa forme ronde parfaitement \u00e9quilibr\u00e9e apporte une touche contemporaine et affirm\u00e9e \u00e0 tout int\u00e9rieur.<\/p>\n<p data-start=\"402\" data-end=\"730\">Avec son diam\u00e8tre de <strong data-start=\"423\" data-end=\"432\">26 cm<\/strong>, cette suspension s\u2019int\u00e8gre harmonieusement dans un salon, une salle \u00e0 manger, une chambre ou un espace professionnel. La finition noire souligne le design avec caract\u00e8re, tandis que la boule dor\u00e9e diffuse une lumi\u00e8re chaleureuse et \u00e9l\u00e9gante, cr\u00e9ant une ambiance \u00e0 la fois moderne et sophistiqu\u00e9e.<\/p>\n","protected":false},"excerpt":{"rendered":"<p data-start=\"859\" data-end=\"881\"><strong data-start=\"859\" data-end=\"881\">Caract\u00e9ristiques :<\/strong><\/p>\n<ul data-start=\"882\" data-end=\"1034\">\n<li data-start=\"882\" data-end=\"905\">\n<p data-start=\"884\" data-end=\"905\">Suspension d\u00e9corative<\/p>\n<\/li>\n<li data-start=\"906\" data-end=\"929\">\n<p data-start=\"908\" data-end=\"929\">Forme : ronde \/ boule<\/p>\n<\/li>\n<li data-start=\"930\" data-end=\"955\">\n<p data-start=\"932\" data-end=\"955\">Finition : noir et dor\u00e9<\/p>\n<\/li>\n<li data-start=\"956\" data-end=\"974\">\n<p data-start=\"958\" data-end=\"974\">Diam\u00e8tre : 26 cm<\/p>\n<\/li>\n<li data-start=\"975\" data-end=\"1003\">\n<p data-start=\"977\" data-end=\"1003\">Style : contemporain, chic<\/p>\n<\/li>\n<li data-start=\"1004\" data-end=\"1034\">\n<p data-start=\"1006\" data-end=\"1034\">Lumi\u00e8re douce et chaleureuse<\/p>\n<\/li>\n<\/ul>\n<p data-start=\"1036\" data-end=\"1092\">\u2728 <em data-start=\"1038\" data-end=\"1092\">Le Cercle Noir \u2013 L\u2019\u00e9l\u00e9gance du contraste, suspendue.<\/em><\/p>\n<p data-start=\"1094\" data-end=\"1230\" data-is-last-node=\"\" data-is-only-node=\"\">\n","protected":false},"featured_media":437,"comment_status":"open","ping_status":"closed","template":"","meta":{"site-sidebar-layout":"default","site-content-layout":"","ast-site-content-layout":"default","site-content-style":"default","site-sidebar-style":"default","ast-global-header-display":"","ast-banner-title-visibility":"","ast-main-header-display":"","ast-hfb-above-header-display":"","ast-hfb-below-header-display":"","ast-hfb-mobile-header-display":"","site-post-title":"","ast-breadcrumbs-content":"","ast-featured-img":"","footer-sml-layout":"","ast-disable-related-posts":"","theme-transparent-header-meta":"default","adv-header-id-meta":"","stick-header-meta":"","header-above-stick-meta":"","header-main-stick-meta":"","header-below-stick-meta":"","astra-migrate-meta-layouts":"set","ast-page-background-enabled":"default","ast-page-background-meta":{"desktop":{"background-color":"var(--ast-global-color-5)","background-image":"","background-repeat":"repeat","background-position":"center center","background-size":"auto","background-attachment":"scroll","background-type":"","background-media":"","overlay-type":"","overlay-color":"","overlay-opacity":"","overlay-gradient":""},"tablet":{"background-color":"","background-image":"","background-repeat":"repeat","background-position":"center center","background-size":"auto","background-attachment":"scroll","background-type":"","background-media":"","overlay-type":"","overlay-color":"","overlay-opacity":"","overlay-gradient":""},"mobile":{"background-color":"","background-image":"","background-repeat":"repeat","background-position":"center center","background-size":"auto","background-attachment":"scroll","background-type":"","background-media":"","overlay-type":"","overlay-color":"","overlay-opacity":"","overlay-gradient":""}},"ast-content-background-meta":{"desktop":{"background-color":"var(--ast-global-color-4)","background-image":"","background-repeat":"repeat","background-position":"center center","background-size":"auto","background-attachment":"scroll","background-type":"","background-media":"","overlay-type":"","overlay-color":"","overlay-opacity":"","overlay-gradient":""},"tablet":{"background-color":"var(--ast-global-color-4)","background-image":"","background-repeat":"repeat","background-position":"center center","background-size":"auto","background-attachment":"scroll","background-type":"","background-media":"","overlay-type":"","overlay-color":"","overlay-opacity":"","overlay-gradient":""},"mobile":{"background-color":"var(--ast-global-color-4)","background-image":"","background-repeat":"repeat","background-position":"center center","background-size":"auto","background-attachment":"scroll","background-type":"","background-media":"","overlay-type":"","overlay-color":"","overlay-opacity":"","overlay-gradient":""}}},"product_brand":[],"product_cat":[38],"product_tag":[67],"class_list":{"0":"post-444","1":"product","2":"type-product","3":"status-publish","4":"has-post-thumbnail","6":"product_cat-suspensions","7":"product_tag-maison","8":"desktop-align-left","9":"tablet-align-left","10":"mobile-align-center","12":"first","13":"instock","14":"taxable","15":"shipping-taxable","16":"purchasable","17":"product-type-simple"},"_links":{"self":[{"href":"https:\/\/dev.lumins.tn\/index.php?rest_route=\/wp\/v2\/product\/444","targetHints":{"allow":["GET"]}}],"collection":[{"href":"https:\/\/dev.lumins.tn\/index.php?rest_route=\/wp\/v2\/product"}],"about":[{"href":"https:\/\/dev.lumins.tn\/index.php?rest_route=\/wp\/v2\/types\/product"}],"replies":[{"embeddable":true,"href":"https:\/\/dev.lumins.tn\/index.php?rest_route=%2Fwp%2Fv2%2Fcomments&post=444"}],"version-history":[{"count":2,"href":"https:\/\/dev.lumins.tn\/index.php?rest_route=\/wp\/v2\/product\/444\/revisions"}],"predecessor-version":[{"id":759,"href":"https:\/\/dev.lumins.tn\/index.php?rest_route=\/wp\/v2\/product\/444\/revisions\/759"}],"wp:featuredmedia":[{"embeddable":true,"href":"https:\/\/dev.lumins.tn\/index.php?rest_route=\/wp\/v2\/media\/437"}],"wp:attachment":[{"href":"https:\/\/dev.lumins.tn\/index.php?rest_route=%2Fwp%2Fv2%2Fmedia&parent=444"}],"wp:term":[{"taxonomy":"product_brand","embeddable":true,"href":"https:\/\/dev.lumins.tn\/index.php?rest_route=%2Fwp%2Fv2%2Fproduct_brand&post=444"},{"taxonomy":"product_cat","embeddable":true,"href":"https:\/\/dev.lumins.tn\/index.php?rest_route=%2Fwp%2Fv2%2Fproduct_cat&post=444"},{"taxonomy":"product_tag","embeddable":true,"href":"https:\/\/dev.lumins.tn\/index.php?rest_route=%2Fwp%2Fv2%2Fproduct_tag&post=444"}],"curies":[{"name":"wp","href":"https:\/\/api.w.org\/{rel}","templated":true}]}}