{"id":397,"date":"2026-02-06T14:38:34","date_gmt":"2026-02-06T14:38:34","guid":{"rendered":"https:\/\/dev.lumins.tn\/?post_type=product&#038;p=397"},"modified":"2026-02-13T15:26:03","modified_gmt":"2026-02-13T15:26:03","slug":"lustre-double-cercle","status":"publish","type":"product","link":"https:\/\/dev.lumins.tn\/?product=lustre-double-cercle","title":{"rendered":"LUSTRE DOUBLE CERCLE"},"content":{"rendered":"<p>Apportez une touche de luxe et de modernit\u00e9 \u00e0 votre int\u00e9rieur avec le lustre <strong data-start=\"235\" data-end=\"256\">Prestige Duo Dor\u00e9<\/strong>, compos\u00e9 de deux cercles \u00e9l\u00e9gants de 40 cm et 20 cm. Son design harmonieux cr\u00e9e un effet visuel raffin\u00e9 tout en diffusant une lumi\u00e8re douce et \u00e9quilibr\u00e9e. La finition dor\u00e9e ajoute une note chaleureuse et prestigieuse, id\u00e9al pour sublimer salons, salles \u00e0 manger ou espaces contemporains. Ce lustre allie esth\u00e9tique moderne et \u00e9l\u00e9gance intemporelle pour un \u00e9clairage d\u00e9coratif d\u2019exception.<\/p>\n","protected":false},"excerpt":{"rendered":"<p data-start=\"648\" data-end=\"670\"><strong data-start=\"648\" data-end=\"670\">Caract\u00e9ristiques :<\/strong><\/p>\n<ul data-start=\"671\" data-end=\"858\">\n<li data-start=\"671\" data-end=\"707\">\n<p data-start=\"673\" data-end=\"707\"><strong data-start=\"673\" data-end=\"685\">Design :<\/strong> Double cercle (Duo)<\/p>\n<\/li>\n<li data-start=\"708\" data-end=\"742\">\n<p data-start=\"710\" data-end=\"742\"><strong data-start=\"710\" data-end=\"726\">Dimensions :<\/strong> 40 cm + 20 cm<\/p>\n<\/li>\n<li data-start=\"743\" data-end=\"767\">\n<p data-start=\"745\" data-end=\"767\"><strong data-start=\"745\" data-end=\"759\">Finition :<\/strong> Dor\u00e9e<\/p>\n<\/li>\n<li data-start=\"768\" data-end=\"802\">\n<p data-start=\"770\" data-end=\"802\"><strong data-start=\"770\" data-end=\"781\">Style :<\/strong> Moderne et luxueux<\/p>\n<\/li>\n<li data-start=\"803\" data-end=\"858\">\n<p data-start=\"805\" data-end=\"858\"><strong data-start=\"805\" data-end=\"816\">Usage :<\/strong> Int\u00e9rieur \u2013 salon, salle \u00e0 manger, hall\u00a0 \u00a0 \u00a0 \u00a0 \u00a0 \u00a0 \u00a0 \u00a0 \u00a0 \u00a0 \u00a0 \u00a0 \u00a0 \u00a0 \u00a0 \u00a0 \u00a0 \u00a0 \u00a0 \u00a0 \u00a0 \u00a0 \u00a0 \u00a0 \u00a0 \u00a0 \u00a0 \u00a0 \u00a0 \u00a0 \u00a0 \u00a0 \u00a0 \u00a0 \u00a0 \u00a0 \u00a0 \u00a0 \u00a0 \u00a0 \u00a0 \u00a0 \u00a0 \u00a0 \u00a0 \u00a0 \u00a0 \u00a0 \u00a0 \u00a0 \u00a0 \u00a0 \u00a0 \u00a0 \u00a0 \u00a0 \u00a0 \u00a0 \u00a0 \u00a0 \u00a0 \u00a0 \u00a0 \u00a0 \u00a0 \u00a0 \u00a0 \u00a0 \u00a0 \u00a0 \u00a0 \u00a0 \u00a0 \u00a0 \u00a0 \u00a0 \u00a0 \u00a0 \u00a0 \u00a0 \u00a0 \u00a0 \u00a0 \u00a0 \u00a0 \u00a0 \u00a0 \u00a0 \u00a0 \u00a0 \u00a0 \u00a0 \u00a0 \u00a0 \u00a0 \u00a0 \u00a0 \u00a0 \u00a0 \u00a0 \u00a0 \u00a0 \u00a0 \u00a0 \u00a0 \u00a0 \u00a0 \u00a0 \u00a0 \u00a0 \u00a0 \u00a0 \u00a0 \u00a0 \u00a0 \u00a0 \u00a0 \u00a0 \u00a0 \u00a0 \u00a0 \u00a0 \u00a0 Lustre Prestige Duo Dor\u00e9 40 + 20 cm : design double cercle chic et lumineux, id\u00e9al pour apporter une touche de luxe et de modernit\u00e9 \u00e0 votre int\u00e9rieur.<\/p>\n<\/li>\n<\/ul>\n","protected":false},"featured_media":384,"comment_status":"open","ping_status":"closed","template":"","meta":{"site-sidebar-layout":"default","site-content-layout":"","ast-site-content-layout":"default","site-content-style":"default","site-sidebar-style":"default","ast-global-header-display":"","ast-banner-title-visibility":"","ast-main-header-display":"","ast-hfb-above-header-display":"","ast-hfb-below-header-display":"","ast-hfb-mobile-header-display":"","site-post-title":"","ast-breadcrumbs-content":"","ast-featured-img":"","footer-sml-layout":"","ast-disable-related-posts":"","theme-transparent-header-meta":"default","adv-header-id-meta":"","stick-header-meta":"","header-above-stick-meta":"","header-main-stick-meta":"","header-below-stick-meta":"","astra-migrate-meta-layouts":"set","ast-page-background-enabled":"default","ast-page-background-meta":{"desktop":{"background-color":"var(--ast-global-color-5)","background-image":"","background-repeat":"repeat","background-position":"center center","background-size":"auto","background-attachment":"scroll","background-type":"","background-media":"","overlay-type":"","overlay-color":"","overlay-opacity":"","overlay-gradient":""},"tablet":{"background-color":"","background-image":"","background-repeat":"repeat","background-position":"center center","background-size":"auto","background-attachment":"scroll","background-type":"","background-media":"","overlay-type":"","overlay-color":"","overlay-opacity":"","overlay-gradient":""},"mobile":{"background-color":"","background-image":"","background-repeat":"repeat","background-position":"center center","background-size":"auto","background-attachment":"scroll","background-type":"","background-media":"","overlay-type":"","overlay-color":"","overlay-opacity":"","overlay-gradient":""}},"ast-content-background-meta":{"desktop":{"background-color":"var(--ast-global-color-4)","background-image":"","background-repeat":"repeat","background-position":"center center","background-size":"auto","background-attachment":"scroll","background-type":"","background-media":"","overlay-type":"","overlay-color":"","overlay-opacity":"","overlay-gradient":""},"tablet":{"background-color":"var(--ast-global-color-4)","background-image":"","background-repeat":"repeat","background-position":"center center","background-size":"auto","background-attachment":"scroll","background-type":"","background-media":"","overlay-type":"","overlay-color":"","overlay-opacity":"","overlay-gradient":""},"mobile":{"background-color":"var(--ast-global-color-4)","background-image":"","background-repeat":"repeat","background-position":"center center","background-size":"auto","background-attachment":"scroll","background-type":"","background-media":"","overlay-type":"","overlay-color":"","overlay-opacity":"","overlay-gradient":""}}},"product_brand":[],"product_cat":[37],"product_tag":[67],"class_list":{"0":"post-397","1":"product","2":"type-product","3":"status-publish","4":"has-post-thumbnail","6":"product_cat-lustres","7":"product_tag-maison","8":"desktop-align-left","9":"tablet-align-left","10":"mobile-align-center","12":"first","13":"instock","14":"taxable","15":"shipping-taxable","16":"purchasable","17":"product-type-simple"},"_links":{"self":[{"href":"https:\/\/dev.lumins.tn\/index.php?rest_route=\/wp\/v2\/product\/397","targetHints":{"allow":["GET"]}}],"collection":[{"href":"https:\/\/dev.lumins.tn\/index.php?rest_route=\/wp\/v2\/product"}],"about":[{"href":"https:\/\/dev.lumins.tn\/index.php?rest_route=\/wp\/v2\/types\/product"}],"replies":[{"embeddable":true,"href":"https:\/\/dev.lumins.tn\/index.php?rest_route=%2Fwp%2Fv2%2Fcomments&post=397"}],"version-history":[{"count":3,"href":"https:\/\/dev.lumins.tn\/index.php?rest_route=\/wp\/v2\/product\/397\/revisions"}],"predecessor-version":[{"id":763,"href":"https:\/\/dev.lumins.tn\/index.php?rest_route=\/wp\/v2\/product\/397\/revisions\/763"}],"wp:featuredmedia":[{"embeddable":true,"href":"https:\/\/dev.lumins.tn\/index.php?rest_route=\/wp\/v2\/media\/384"}],"wp:attachment":[{"href":"https:\/\/dev.lumins.tn\/index.php?rest_route=%2Fwp%2Fv2%2Fmedia&parent=397"}],"wp:term":[{"taxonomy":"product_brand","embeddable":true,"href":"https:\/\/dev.lumins.tn\/index.php?rest_route=%2Fwp%2Fv2%2Fproduct_brand&post=397"},{"taxonomy":"product_cat","embeddable":true,"href":"https:\/\/dev.lumins.tn\/index.php?rest_route=%2Fwp%2Fv2%2Fproduct_cat&post=397"},{"taxonomy":"product_tag","embeddable":true,"href":"https:\/\/dev.lumins.tn\/index.php?rest_route=%2Fwp%2Fv2%2Fproduct_tag&post=397"}],"curies":[{"name":"wp","href":"https:\/\/api.w.org\/{rel}","templated":true}]}}