{"id":366,"date":"2026-02-06T12:03:46","date_gmt":"2026-02-06T12:03:46","guid":{"rendered":"https:\/\/dev.lumins.tn\/?post_type=product&#038;p=366"},"modified":"2026-02-13T15:34:41","modified_gmt":"2026-02-13T15:34:41","slug":"plafonnier-rayon-noir","status":"publish","type":"product","link":"https:\/\/dev.lumins.tn\/?product=plafonnier-rayon-noir","title":{"rendered":"PLAFONIER RAYON NOIR"},"content":{"rendered":"<p>Apportez modernit\u00e9 et style \u00e0 votre int\u00e9rieur avec ce plafonnier design \u00e0 <strong data-start=\"252\" data-end=\"264\">8 boules<\/strong> et bras noir \u00e9l\u00e9gant. Chaque boule diffuse une lumi\u00e8re agr\u00e9able, id\u00e9ale pour illuminer salons, salles \u00e0 manger ou espaces contemporains. Compatible avec des ampoules E27, ce plafonnier combine esth\u00e9tique et fonctionnalit\u00e9 pour un \u00e9clairage harmonieux et tendance.<\/p>\n","protected":false},"excerpt":{"rendered":"<p data-start=\"532\" data-end=\"556\"><strong data-start=\"532\" data-end=\"554\">Caract\u00e9ristiques :<\/strong><\/p>\n<ul data-start=\"557\" data-end=\"851\">\n<li data-start=\"557\" data-end=\"595\">\n<p data-start=\"559\" data-end=\"595\"><strong data-start=\"559\" data-end=\"569\">Type :<\/strong> Plafonnier \u00e0 suspension<\/p>\n<\/li>\n<li data-start=\"596\" data-end=\"644\">\n<p data-start=\"598\" data-end=\"644\"><strong data-start=\"598\" data-end=\"611\">Couleur :<\/strong> Bras noir, boules translucides<\/p>\n<\/li>\n<li data-start=\"645\" data-end=\"673\">\n<p data-start=\"647\" data-end=\"673\"><strong data-start=\"647\" data-end=\"669\">Nombre de lampes :<\/strong> 8<\/p>\n<\/li>\n<li data-start=\"674\" data-end=\"718\">\n<p data-start=\"676\" data-end=\"718\"><strong data-start=\"676\" data-end=\"697\">Type d\u2019ampoules :<\/strong> E27<\/p>\n<\/li>\n<li data-start=\"719\" data-end=\"758\">\n<p data-start=\"721\" data-end=\"758\"><strong data-start=\"721\" data-end=\"732\">Style :<\/strong> Moderne et contemporain<\/p>\n<\/li>\n<li data-start=\"759\" data-end=\"817\">\n<p data-start=\"761\" data-end=\"817\"><strong data-start=\"761\" data-end=\"772\">Usage :<\/strong> Int\u00e9rieur \u2013 salons, salles \u00e0 manger, halls<\/p>\n<\/li>\n<li data-start=\"818\" data-end=\"851\">\n<p data-start=\"820\" data-end=\"851\"><strong data-start=\"820\" data-end=\"835\">Mat\u00e9riaux :<\/strong> M\u00e9tal + verre\u00a0 \u00a0 \u00a0 \u00a0 \u00a0 \u00a0 \u00a0 \u00a0 \u00a0 \u00a0 \u00a0 \u00a0 \u00a0 \u00a0 \u00a0 \u00a0 \u00a0 \u00a0 \u00a0 \u00a0 \u00a0 \u00a0 \u00a0 \u00a0 \u00a0 \u00a0 \u00a0 \u00a0 \u00a0 \u00a0 \u00a0 \u00a0 \u00a0 \u00a0 \u00a0 \u00a0 \u00a0 \u00a0 \u00a0 \u00a0 \u00a0 \u00a0 \u00a0 \u00a0 \u00a0 \u00a0 \u00a0 \u00a0 \u00a0 \u00a0 \u00a0 \u00a0 \u00a0 \u00a0 \u00a0 \u00a0 \u00a0 \u00a0 \u00a0 \u00a0 \u00a0 \u00a0 \u00a0 \u00a0 \u00a0 \u00a0 \u00a0 \u00a0 \u00a0 \u00a0 \u00a0 \u00a0 \u00a0 \u00a0 \u00a0 \u00a0 \u00a0 \u00a0 \u00a0 \u00a0 \u00a0 \u00a0 \u00a0 \u00a0 \u00a0 \u00a0 \u00a0 \u00a0 \u00a0 \u00a0 \u00a0 \u00a0 \u00a0 \u00a0 \u00a0 \u00a0 \u00a0 \u00a0 \u00a0 \u00a0 \u00a0 \u00a0 \u00a0 \u00a0 \u00a0 \u00a0 \u00a0 \u00a0 \u00a0 \u00a0 \u00a0 \u00a0 \u00a0 \u00a0 \u00a0 \u00a0 \u00a0 \u00a0 \u00a0 \u00a0 \u00a0 \u00a0 \u00a0 \u00a0 \u00a0 \u00a0 \u00a0 \u00a0 \u00a0 \u00a0 \u00a0 \u00a0 \u00a0 \u00a0 \u00a0 \u00a0 \u00a0 \u00a0 \u00a0 \u00a0 <strong data-start=\"114\" data-end=\"226\">\u00c9l\u00e9gant plafonnier bras noir \u00e0 8 boules, id\u00e9al pour un \u00e9clairage moderne et chaleureux dans votre int\u00e9rieur.<\/strong><\/p>\n<\/li>\n<\/ul>\n","protected":false},"featured_media":266,"comment_status":"open","ping_status":"closed","template":"","meta":{"site-sidebar-layout":"default","site-content-layout":"","ast-site-content-layout":"default","site-content-style":"default","site-sidebar-style":"default","ast-global-header-display":"","ast-banner-title-visibility":"","ast-main-header-display":"","ast-hfb-above-header-display":"","ast-hfb-below-header-display":"","ast-hfb-mobile-header-display":"","site-post-title":"","ast-breadcrumbs-content":"","ast-featured-img":"","footer-sml-layout":"","ast-disable-related-posts":"","theme-transparent-header-meta":"default","adv-header-id-meta":"","stick-header-meta":"","header-above-stick-meta":"","header-main-stick-meta":"","header-below-stick-meta":"","astra-migrate-meta-layouts":"set","ast-page-background-enabled":"default","ast-page-background-meta":{"desktop":{"background-color":"var(--ast-global-color-5)","background-image":"","background-repeat":"repeat","background-position":"center center","background-size":"auto","background-attachment":"scroll","background-type":"","background-media":"","overlay-type":"","overlay-color":"","overlay-opacity":"","overlay-gradient":""},"tablet":{"background-color":"","background-image":"","background-repeat":"repeat","background-position":"center center","background-size":"auto","background-attachment":"scroll","background-type":"","background-media":"","overlay-type":"","overlay-color":"","overlay-opacity":"","overlay-gradient":""},"mobile":{"background-color":"","background-image":"","background-repeat":"repeat","background-position":"center center","background-size":"auto","background-attachment":"scroll","background-type":"","background-media":"","overlay-type":"","overlay-color":"","overlay-opacity":"","overlay-gradient":""}},"ast-content-background-meta":{"desktop":{"background-color":"var(--ast-global-color-4)","background-image":"","background-repeat":"repeat","background-position":"center center","background-size":"auto","background-attachment":"scroll","background-type":"","background-media":"","overlay-type":"","overlay-color":"","overlay-opacity":"","overlay-gradient":""},"tablet":{"background-color":"var(--ast-global-color-4)","background-image":"","background-repeat":"repeat","background-position":"center center","background-size":"auto","background-attachment":"scroll","background-type":"","background-media":"","overlay-type":"","overlay-color":"","overlay-opacity":"","overlay-gradient":""},"mobile":{"background-color":"var(--ast-global-color-4)","background-image":"","background-repeat":"repeat","background-position":"center center","background-size":"auto","background-attachment":"scroll","background-type":"","background-media":"","overlay-type":"","overlay-color":"","overlay-opacity":"","overlay-gradient":""}}},"product_brand":[],"product_cat":[41],"product_tag":[67],"class_list":{"0":"post-366","1":"product","2":"type-product","3":"status-publish","4":"has-post-thumbnail","6":"product_cat-plafonnier","7":"product_tag-maison","8":"desktop-align-left","9":"tablet-align-left","10":"mobile-align-center","12":"first","13":"instock","14":"taxable","15":"shipping-taxable","16":"purchasable","17":"product-type-simple"},"_links":{"self":[{"href":"https:\/\/dev.lumins.tn\/index.php?rest_route=\/wp\/v2\/product\/366","targetHints":{"allow":["GET"]}}],"collection":[{"href":"https:\/\/dev.lumins.tn\/index.php?rest_route=\/wp\/v2\/product"}],"about":[{"href":"https:\/\/dev.lumins.tn\/index.php?rest_route=\/wp\/v2\/types\/product"}],"replies":[{"embeddable":true,"href":"https:\/\/dev.lumins.tn\/index.php?rest_route=%2Fwp%2Fv2%2Fcomments&post=366"}],"version-history":[{"count":3,"href":"https:\/\/dev.lumins.tn\/index.php?rest_route=\/wp\/v2\/product\/366\/revisions"}],"predecessor-version":[{"id":777,"href":"https:\/\/dev.lumins.tn\/index.php?rest_route=\/wp\/v2\/product\/366\/revisions\/777"}],"wp:featuredmedia":[{"embeddable":true,"href":"https:\/\/dev.lumins.tn\/index.php?rest_route=\/wp\/v2\/media\/266"}],"wp:attachment":[{"href":"https:\/\/dev.lumins.tn\/index.php?rest_route=%2Fwp%2Fv2%2Fmedia&parent=366"}],"wp:term":[{"taxonomy":"product_brand","embeddable":true,"href":"https:\/\/dev.lumins.tn\/index.php?rest_route=%2Fwp%2Fv2%2Fproduct_brand&post=366"},{"taxonomy":"product_cat","embeddable":true,"href":"https:\/\/dev.lumins.tn\/index.php?rest_route=%2Fwp%2Fv2%2Fproduct_cat&post=366"},{"taxonomy":"product_tag","embeddable":true,"href":"https:\/\/dev.lumins.tn\/index.php?rest_route=%2Fwp%2Fv2%2Fproduct_tag&post=366"}],"curies":[{"name":"wp","href":"https:\/\/api.w.org\/{rel}","templated":true}]}}