{"id":356,"date":"2026-02-06T11:47:24","date_gmt":"2026-02-06T11:47:24","guid":{"rendered":"https:\/\/dev.lumins.tn\/?post_type=product&#038;p=356"},"modified":"2026-02-09T12:23:38","modified_gmt":"2026-02-09T12:23:38","slug":"lustre-triple-cercle","status":"publish","type":"product","link":"https:\/\/dev.lumins.tn\/?product=lustre-triple-cercle","title":{"rendered":"Lustre Triple Cercle"},"content":{"rendered":"<p>Apportez \u00e9l\u00e9gance et modernit\u00e9 \u00e0 votre int\u00e9rieur avec ce lustre \u00e0 triple cercle en finition cuivre. \u00c9quip\u00e9 de LED bas , il propose <strong data-start=\"359\" data-end=\"382\">3 modes d\u2019\u00e9clairage<\/strong> : blanc chaud, Jaune et lumi\u00e8re du jour , pour cr\u00e9er l\u2019ambiance parfaite dans votre salon, salle \u00e0 manger ou hall d\u2019entr\u00e9e. Son design contemporain et ses cercles entrelac\u00e9s apportent un style raffin\u00e9 et luxueux, tandis que la finition cuivre ajoute chaleur et prestige \u00e0 votre d\u00e9coration.<\/p>\n","protected":false},"excerpt":{"rendered":"<p data-start=\"680\" data-end=\"704\"><strong data-start=\"680\" data-end=\"702\">Caract\u00e9ristiques :<\/strong><\/p>\n<ul data-start=\"705\" data-end=\"1048\">\n<li data-start=\"705\" data-end=\"743\">\n<p data-start=\"707\" data-end=\"743\"><strong data-start=\"707\" data-end=\"719\">Design :<\/strong> Triple cercle moderne<\/p>\n<\/li>\n<li data-start=\"744\" data-end=\"777\">\n<p data-start=\"746\" data-end=\"777\"><strong data-start=\"746\" data-end=\"760\">Finition :<\/strong> Cuivre \u00e9l\u00e9gant<\/p>\n<\/li>\n<li data-start=\"778\" data-end=\"827\">\n<p data-start=\"780\" data-end=\"827\"><strong data-start=\"780\" data-end=\"802\">Source lumineuse :<\/strong> LED bas<\/p>\n<\/li>\n<li data-start=\"828\" data-end=\"909\">\n<p data-start=\"830\" data-end=\"909\"><strong data-start=\"830\" data-end=\"853\">Modes d\u2019\u00e9clairage :<\/strong> 3 couleurs \u2013 blanc chaud, Jaune .lumiere du jour<\/p>\n<\/li>\n<li data-start=\"910\" data-end=\"944\">\n<p data-start=\"912\" data-end=\"944\"><strong data-start=\"912\" data-end=\"923\">Style :<\/strong> Moderne et luxueux<\/p>\n<\/li>\n<li data-start=\"945\" data-end=\"1003\">\n<p data-start=\"947\" data-end=\"1003\"><strong data-start=\"947\" data-end=\"958\">Usage :<\/strong> Int\u00e9rieur \u2013 salons, salles \u00e0 manger, halls<\/p>\n<\/li>\n<\/ul>\n","protected":false},"featured_media":296,"comment_status":"open","ping_status":"closed","template":"","meta":{"site-sidebar-layout":"default","site-content-layout":"","ast-site-content-layout":"default","site-content-style":"default","site-sidebar-style":"default","ast-global-header-display":"","ast-banner-title-visibility":"","ast-main-header-display":"","ast-hfb-above-header-display":"","ast-hfb-below-header-display":"","ast-hfb-mobile-header-display":"","site-post-title":"","ast-breadcrumbs-content":"","ast-featured-img":"","footer-sml-layout":"","ast-disable-related-posts":"","theme-transparent-header-meta":"default","adv-header-id-meta":"","stick-header-meta":"","header-above-stick-meta":"","header-main-stick-meta":"","header-below-stick-meta":"","astra-migrate-meta-layouts":"set","ast-page-background-enabled":"default","ast-page-background-meta":{"desktop":{"background-color":"var(--ast-global-color-5)","background-image":"","background-repeat":"repeat","background-position":"center center","background-size":"auto","background-attachment":"scroll","background-type":"","background-media":"","overlay-type":"","overlay-color":"","overlay-opacity":"","overlay-gradient":""},"tablet":{"background-color":"","background-image":"","background-repeat":"repeat","background-position":"center center","background-size":"auto","background-attachment":"scroll","background-type":"","background-media":"","overlay-type":"","overlay-color":"","overlay-opacity":"","overlay-gradient":""},"mobile":{"background-color":"","background-image":"","background-repeat":"repeat","background-position":"center center","background-size":"auto","background-attachment":"scroll","background-type":"","background-media":"","overlay-type":"","overlay-color":"","overlay-opacity":"","overlay-gradient":""}},"ast-content-background-meta":{"desktop":{"background-color":"var(--ast-global-color-4)","background-image":"","background-repeat":"repeat","background-position":"center center","background-size":"auto","background-attachment":"scroll","background-type":"","background-media":"","overlay-type":"","overlay-color":"","overlay-opacity":"","overlay-gradient":""},"tablet":{"background-color":"var(--ast-global-color-4)","background-image":"","background-repeat":"repeat","background-position":"center center","background-size":"auto","background-attachment":"scroll","background-type":"","background-media":"","overlay-type":"","overlay-color":"","overlay-opacity":"","overlay-gradient":""},"mobile":{"background-color":"var(--ast-global-color-4)","background-image":"","background-repeat":"repeat","background-position":"center center","background-size":"auto","background-attachment":"scroll","background-type":"","background-media":"","overlay-type":"","overlay-color":"","overlay-opacity":"","overlay-gradient":""}}},"product_brand":[],"product_cat":[37],"product_tag":[67],"class_list":{"0":"post-356","1":"product","2":"type-product","3":"status-publish","4":"has-post-thumbnail","6":"product_cat-lustres","7":"product_tag-maison","8":"desktop-align-left","9":"tablet-align-left","10":"mobile-align-center","12":"first","13":"instock","14":"taxable","15":"shipping-taxable","16":"purchasable","17":"product-type-simple"},"_links":{"self":[{"href":"https:\/\/dev.lumins.tn\/index.php?rest_route=\/wp\/v2\/product\/356","targetHints":{"allow":["GET"]}}],"collection":[{"href":"https:\/\/dev.lumins.tn\/index.php?rest_route=\/wp\/v2\/product"}],"about":[{"href":"https:\/\/dev.lumins.tn\/index.php?rest_route=\/wp\/v2\/types\/product"}],"replies":[{"embeddable":true,"href":"https:\/\/dev.lumins.tn\/index.php?rest_route=%2Fwp%2Fv2%2Fcomments&post=356"}],"version-history":[{"count":2,"href":"https:\/\/dev.lumins.tn\/index.php?rest_route=\/wp\/v2\/product\/356\/revisions"}],"predecessor-version":[{"id":491,"href":"https:\/\/dev.lumins.tn\/index.php?rest_route=\/wp\/v2\/product\/356\/revisions\/491"}],"wp:featuredmedia":[{"embeddable":true,"href":"https:\/\/dev.lumins.tn\/index.php?rest_route=\/wp\/v2\/media\/296"}],"wp:attachment":[{"href":"https:\/\/dev.lumins.tn\/index.php?rest_route=%2Fwp%2Fv2%2Fmedia&parent=356"}],"wp:term":[{"taxonomy":"product_brand","embeddable":true,"href":"https:\/\/dev.lumins.tn\/index.php?rest_route=%2Fwp%2Fv2%2Fproduct_brand&post=356"},{"taxonomy":"product_cat","embeddable":true,"href":"https:\/\/dev.lumins.tn\/index.php?rest_route=%2Fwp%2Fv2%2Fproduct_cat&post=356"},{"taxonomy":"product_tag","embeddable":true,"href":"https:\/\/dev.lumins.tn\/index.php?rest_route=%2Fwp%2Fv2%2Fproduct_tag&post=356"}],"curies":[{"name":"wp","href":"https:\/\/api.w.org\/{rel}","templated":true}]}}