{"id":354,"date":"2026-02-06T11:31:27","date_gmt":"2026-02-06T11:31:27","guid":{"rendered":"https:\/\/dev.lumins.tn\/?post_type=product&#038;p=354"},"modified":"2026-02-09T12:24:07","modified_gmt":"2026-02-09T12:24:07","slug":"lustre-cristal-noir","status":"publish","type":"product","link":"https:\/\/dev.lumins.tn\/?product=lustre-cristal-noir","title":{"rendered":"Lustre Cristal Prestige Noir 50Cm"},"content":{"rendered":"<p>Apportez une touche de modernit\u00e9 et de sophistication \u00e0 votre int\u00e9rieur avec ce lustre simple en cristal noir de 50 cm. Son design \u00e9pur\u00e9 diffuse une lumi\u00e8re chaleureuse et \u00e9l\u00e9gante, id\u00e9ale pour sublimer salons, salles \u00e0 manger ou halls d\u2019entr\u00e9e. La finition noire apporte un contraste chic et contemporain, tandis que les cristaux ajoutent une touche de raffinement et de prestige \u00e0 votre espace.<\/p>\n","protected":false},"excerpt":{"rendered":"<p data-start=\"557\" data-end=\"581\"><strong data-start=\"557\" data-end=\"579\">Caract\u00e9ristiques :<\/strong><\/p>\n<ul data-start=\"582\" data-end=\"835\">\n<li data-start=\"582\" data-end=\"606\">\n<p data-start=\"584\" data-end=\"606\"><strong data-start=\"584\" data-end=\"598\">Diam\u00e8tre :<\/strong> 50 cm<\/p>\n<\/li>\n<li data-start=\"607\" data-end=\"648\">\n<p data-start=\"609\" data-end=\"648\"><strong data-start=\"609\" data-end=\"624\">Mat\u00e9riaux :<\/strong> Cristal et m\u00e9tal noir<\/p>\n<\/li>\n<li data-start=\"649\" data-end=\"680\">\n<p data-start=\"651\" data-end=\"680\"><strong data-start=\"651\" data-end=\"665\">Finition :<\/strong> Noir \u00e9l\u00e9gant<\/p>\n<\/li>\n<li data-start=\"681\" data-end=\"719\">\n<p data-start=\"683\" data-end=\"719\"><strong data-start=\"683\" data-end=\"694\">Style :<\/strong> Moderne et minimaliste<\/p>\n<\/li>\n<li data-start=\"720\" data-end=\"776\">\n<p data-start=\"722\" data-end=\"776\"><strong data-start=\"722\" data-end=\"737\">\u00c9clairage :<\/strong> ampoules compatibles<\/p>\n<\/li>\n<li data-start=\"777\" data-end=\"835\">\n<p data-start=\"779\" data-end=\"835\"><strong data-start=\"779\" data-end=\"790\">Usage :<\/strong> Int\u00e9rieur \u2013 salons, salles \u00e0 manger, halls\u00a0 \u00a0 \u00a0 \u00a0 \u00a0 \u00a0 \u00a0 \u00a0 \u00a0 \u00a0 \u00a0 \u00a0 \u00a0 \u00a0 \u00a0 \u00a0 \u00a0 \u00a0 \u00a0 \u00a0 \u00a0 \u00a0 \u00a0 \u00a0 \u00a0 \u00a0 \u00a0 \u00a0 \u00a0 \u00a0 \u00a0 \u00a0 \u00a0 \u00a0 \u00a0 \u00a0 \u00a0 \u00a0 \u00a0 \u00a0 \u00a0 \u00a0 \u00a0 \u00a0 \u00a0 \u00a0 \u00a0 \u00a0 \u00a0 \u00a0 \u00a0 \u00a0 \u00a0 \u00a0 \u00a0 \u00a0 \u00a0 \u00a0 \u00a0 \u00a0 \u00a0 \u00a0 \u00a0 \u00a0 \u00a0 \u00a0 \u00a0 \u00a0 \u00a0 \u00a0 \u00a0 \u00a0 \u00a0 \u00a0 \u00a0 \u00a0 \u00a0 \u00a0 \u00a0 \u00a0 \u00a0 \u00a0 \u00a0 \u00a0 \u00a0 \u00a0 \u00a0 \u00a0 \u00a0 \u00a0 \u00a0 \u00a0 \u00a0 \u00a0 \u00a0 \u00a0 \u00a0 \u00a0 \u00a0 \u00a0 \u00a0 \u00a0 \u00a0 \u00a0 \u00a0 \u00a0 \u00a0 \u00a0 \u00a0 \u00a0 \u00a0 \u00a0 \u00a0 \u00a0 \u00a0 \u00a0 \u00a0 \u00a0 \u00a0 \u00a0 \u00a0 \u00a0 \u00a0 \u00a0 \u00a0 \u00a0 \u00a0 \u00a0 \u00a0 \u00a0 \u00a0 \u00a0 \u00a0 \u00a0 \u00a0 \u00a0 \u00a0 \u00a0 \u00a0 \u00a0 \u00a0 \u00a0 \u00a0 \u00a0 \u00a0 \u00a0 \u00a0 <strong data-start=\"99\" data-end=\"217\">lustre cristal noir 50 cm, parfait pour un \u00e9clairage chic et raffin\u00e9 dans votre int\u00e9rieur.<\/strong><\/p>\n<\/li>\n<\/ul>\n","protected":false},"featured_media":253,"comment_status":"open","ping_status":"closed","template":"","meta":{"site-sidebar-layout":"default","site-content-layout":"","ast-site-content-layout":"default","site-content-style":"default","site-sidebar-style":"default","ast-global-header-display":"","ast-banner-title-visibility":"","ast-main-header-display":"","ast-hfb-above-header-display":"","ast-hfb-below-header-display":"","ast-hfb-mobile-header-display":"","site-post-title":"","ast-breadcrumbs-content":"","ast-featured-img":"","footer-sml-layout":"","ast-disable-related-posts":"","theme-transparent-header-meta":"default","adv-header-id-meta":"","stick-header-meta":"","header-above-stick-meta":"","header-main-stick-meta":"","header-below-stick-meta":"","astra-migrate-meta-layouts":"set","ast-page-background-enabled":"default","ast-page-background-meta":{"desktop":{"background-color":"var(--ast-global-color-5)","background-image":"","background-repeat":"repeat","background-position":"center center","background-size":"auto","background-attachment":"scroll","background-type":"","background-media":"","overlay-type":"","overlay-color":"","overlay-opacity":"","overlay-gradient":""},"tablet":{"background-color":"","background-image":"","background-repeat":"repeat","background-position":"center center","background-size":"auto","background-attachment":"scroll","background-type":"","background-media":"","overlay-type":"","overlay-color":"","overlay-opacity":"","overlay-gradient":""},"mobile":{"background-color":"","background-image":"","background-repeat":"repeat","background-position":"center center","background-size":"auto","background-attachment":"scroll","background-type":"","background-media":"","overlay-type":"","overlay-color":"","overlay-opacity":"","overlay-gradient":""}},"ast-content-background-meta":{"desktop":{"background-color":"var(--ast-global-color-4)","background-image":"","background-repeat":"repeat","background-position":"center center","background-size":"auto","background-attachment":"scroll","background-type":"","background-media":"","overlay-type":"","overlay-color":"","overlay-opacity":"","overlay-gradient":""},"tablet":{"background-color":"var(--ast-global-color-4)","background-image":"","background-repeat":"repeat","background-position":"center center","background-size":"auto","background-attachment":"scroll","background-type":"","background-media":"","overlay-type":"","overlay-color":"","overlay-opacity":"","overlay-gradient":""},"mobile":{"background-color":"var(--ast-global-color-4)","background-image":"","background-repeat":"repeat","background-position":"center center","background-size":"auto","background-attachment":"scroll","background-type":"","background-media":"","overlay-type":"","overlay-color":"","overlay-opacity":"","overlay-gradient":""}}},"product_brand":[],"product_cat":[37],"product_tag":[67],"class_list":{"0":"post-354","1":"product","2":"type-product","3":"status-publish","4":"has-post-thumbnail","6":"product_cat-lustres","7":"product_tag-maison","8":"desktop-align-left","9":"tablet-align-left","10":"mobile-align-center","12":"first","13":"instock","14":"taxable","15":"shipping-taxable","16":"purchasable","17":"product-type-simple"},"_links":{"self":[{"href":"https:\/\/dev.lumins.tn\/index.php?rest_route=\/wp\/v2\/product\/354","targetHints":{"allow":["GET"]}}],"collection":[{"href":"https:\/\/dev.lumins.tn\/index.php?rest_route=\/wp\/v2\/product"}],"about":[{"href":"https:\/\/dev.lumins.tn\/index.php?rest_route=\/wp\/v2\/types\/product"}],"replies":[{"embeddable":true,"href":"https:\/\/dev.lumins.tn\/index.php?rest_route=%2Fwp%2Fv2%2Fcomments&post=354"}],"version-history":[{"count":3,"href":"https:\/\/dev.lumins.tn\/index.php?rest_route=\/wp\/v2\/product\/354\/revisions"}],"predecessor-version":[{"id":484,"href":"https:\/\/dev.lumins.tn\/index.php?rest_route=\/wp\/v2\/product\/354\/revisions\/484"}],"wp:featuredmedia":[{"embeddable":true,"href":"https:\/\/dev.lumins.tn\/index.php?rest_route=\/wp\/v2\/media\/253"}],"wp:attachment":[{"href":"https:\/\/dev.lumins.tn\/index.php?rest_route=%2Fwp%2Fv2%2Fmedia&parent=354"}],"wp:term":[{"taxonomy":"product_brand","embeddable":true,"href":"https:\/\/dev.lumins.tn\/index.php?rest_route=%2Fwp%2Fv2%2Fproduct_brand&post=354"},{"taxonomy":"product_cat","embeddable":true,"href":"https:\/\/dev.lumins.tn\/index.php?rest_route=%2Fwp%2Fv2%2Fproduct_cat&post=354"},{"taxonomy":"product_tag","embeddable":true,"href":"https:\/\/dev.lumins.tn\/index.php?rest_route=%2Fwp%2Fv2%2Fproduct_tag&post=354"}],"curies":[{"name":"wp","href":"https:\/\/api.w.org\/{rel}","templated":true}]}}