{"id":350,"date":"2026-02-06T11:04:39","date_gmt":"2026-02-06T11:04:39","guid":{"rendered":"https:\/\/dev.lumins.tn\/?post_type=product&#038;p=350"},"modified":"2026-02-09T12:01:44","modified_gmt":"2026-02-09T12:01:44","slug":"lustre-cristal-prestige","status":"publish","type":"product","link":"https:\/\/dev.lumins.tn\/?product=lustre-cristal-prestige","title":{"rendered":"Lustre Cristal Prestige Ovale"},"content":{"rendered":"<p>Apportez une touche de modernit\u00e9 et d\u2019\u00e9l\u00e9gance \u00e0 votre int\u00e9rieur avec ce lustre ovale en cristal noir. Son design simple mais sophistiqu\u00e9 diffuse une lumi\u00e8re chaleureuse qui sublime salons, salles \u00e0 manger ou halls d\u2019entr\u00e9e. La finition noire apporte un contraste chic et contemporain, tandis que la forme ovale conf\u00e8re un style unique et raffin\u00e9 \u00e0 votre espace.<\/p>\n","protected":false},"excerpt":{"rendered":"<p data-start=\"535\" data-end=\"559\"><strong data-start=\"535\" data-end=\"557\">Caract\u00e9ristiques :<\/strong><\/p>\n<ul data-start=\"560\" data-end=\"820\">\n<li data-start=\"560\" data-end=\"591\">\n<p data-start=\"562\" data-end=\"591\"><strong data-start=\"562\" data-end=\"578\">Dimensions :<\/strong> 60 x 30 cm<\/p>\n<\/li>\n<li data-start=\"592\" data-end=\"633\">\n<p data-start=\"594\" data-end=\"633\"><strong data-start=\"594\" data-end=\"609\">Mat\u00e9riaux :<\/strong> Cristal et m\u00e9tal noir<\/p>\n<\/li>\n<li data-start=\"634\" data-end=\"665\">\n<p data-start=\"636\" data-end=\"665\"><strong data-start=\"636\" data-end=\"650\">Finition :<\/strong> Noir \u00e9l\u00e9gant<\/p>\n<\/li>\n<li data-start=\"666\" data-end=\"704\">\n<p data-start=\"668\" data-end=\"704\"><strong data-start=\"668\" data-end=\"679\">Style :<\/strong> Moderne et minimaliste<\/p>\n<\/li>\n<li data-start=\"705\" data-end=\"761\">\n<p data-start=\"707\" data-end=\"761\"><strong data-start=\"707\" data-end=\"722\">\u00c9clairage :<\/strong> ampoules compatibles<\/p>\n<\/li>\n<li data-start=\"762\" data-end=\"820\">\n<p data-start=\"764\" data-end=\"820\"><strong data-start=\"764\" data-end=\"775\">Usage :<\/strong> Int\u00e9rieur \u2013 salons, salles \u00e0 manger, halls\u00a0 \u00a0 \u00a0 \u00a0 \u00a0 \u00a0 \u00a0 \u00a0 \u00a0 \u00a0 \u00a0 \u00a0 \u00a0 \u00a0 \u00a0 \u00a0 \u00a0 \u00a0 \u00a0 \u00a0 \u00a0 \u00a0 \u00a0 \u00a0 \u00a0 \u00a0 \u00a0 \u00a0 \u00a0 \u00a0 \u00a0 \u00a0 \u00a0 \u00a0 \u00a0 \u00a0 \u00a0 \u00a0 \u00a0 \u00a0 \u00a0 \u00a0 \u00a0 \u00a0 \u00a0 \u00a0 \u00a0 \u00a0 \u00a0 \u00a0 \u00a0 \u00a0 \u00a0 \u00a0 \u00a0 \u00a0 \u00a0 \u00a0 \u00a0 \u00a0 \u00a0 \u00a0 \u00a0 \u00a0 \u00a0 \u00a0 \u00a0 \u00a0 \u00a0 \u00a0 \u00a0 \u00a0 \u00a0 \u00a0 \u00a0 \u00a0 \u00a0 \u00a0 \u00a0 \u00a0 \u00a0 \u00a0 \u00a0 \u00a0 \u00a0 \u00a0 \u00a0 \u00a0 \u00a0 \u00a0 \u00a0 \u00a0 \u00a0 \u00a0 \u00a0 \u00a0 \u00a0 \u00a0 \u00a0 \u00a0 \u00a0 \u00a0 \u00a0 \u00a0 \u00a0 \u00a0 \u00a0 \u00a0 \u00a0 \u00a0 \u00a0 \u00a0 \u00a0 \u00a0 \u00a0 \u00a0 \u00a0 \u00a0 \u00a0 \u00a0 \u00a0 \u00a0 \u00a0 \u00a0 \u00a0 \u00a0 \u00a0 \u00a0 \u00a0 \u00a0 \u00a0 \u00a0 \u00a0 \u00a0 \u00a0 \u00a0 \u00a0 \u00a0 \u00a0 \u00a0 \u00a0 \u00a0 \u00a0 \u00a0 \u00a0 \u00a0 \u00a0 <strong data-start=\"114\" data-end=\"256\">Lustre ovale en cristal noir 60&#215;30 cm, design simple et \u00e9l\u00e9gant, parfait pour illuminer salons et salles \u00e0 manger avec style contemporain.<\/strong><\/p>\n<\/li>\n<\/ul>\n","protected":false},"featured_media":241,"comment_status":"open","ping_status":"closed","template":"","meta":{"site-sidebar-layout":"default","site-content-layout":"","ast-site-content-layout":"default","site-content-style":"default","site-sidebar-style":"default","ast-global-header-display":"","ast-banner-title-visibility":"","ast-main-header-display":"","ast-hfb-above-header-display":"","ast-hfb-below-header-display":"","ast-hfb-mobile-header-display":"","site-post-title":"","ast-breadcrumbs-content":"","ast-featured-img":"","footer-sml-layout":"","ast-disable-related-posts":"","theme-transparent-header-meta":"default","adv-header-id-meta":"","stick-header-meta":"","header-above-stick-meta":"","header-main-stick-meta":"","header-below-stick-meta":"","astra-migrate-meta-layouts":"set","ast-page-background-enabled":"default","ast-page-background-meta":{"desktop":{"background-color":"var(--ast-global-color-5)","background-image":"","background-repeat":"repeat","background-position":"center center","background-size":"auto","background-attachment":"scroll","background-type":"","background-media":"","overlay-type":"","overlay-color":"","overlay-opacity":"","overlay-gradient":""},"tablet":{"background-color":"","background-image":"","background-repeat":"repeat","background-position":"center center","background-size":"auto","background-attachment":"scroll","background-type":"","background-media":"","overlay-type":"","overlay-color":"","overlay-opacity":"","overlay-gradient":""},"mobile":{"background-color":"","background-image":"","background-repeat":"repeat","background-position":"center center","background-size":"auto","background-attachment":"scroll","background-type":"","background-media":"","overlay-type":"","overlay-color":"","overlay-opacity":"","overlay-gradient":""}},"ast-content-background-meta":{"desktop":{"background-color":"var(--ast-global-color-4)","background-image":"","background-repeat":"repeat","background-position":"center center","background-size":"auto","background-attachment":"scroll","background-type":"","background-media":"","overlay-type":"","overlay-color":"","overlay-opacity":"","overlay-gradient":""},"tablet":{"background-color":"var(--ast-global-color-4)","background-image":"","background-repeat":"repeat","background-position":"center center","background-size":"auto","background-attachment":"scroll","background-type":"","background-media":"","overlay-type":"","overlay-color":"","overlay-opacity":"","overlay-gradient":""},"mobile":{"background-color":"var(--ast-global-color-4)","background-image":"","background-repeat":"repeat","background-position":"center center","background-size":"auto","background-attachment":"scroll","background-type":"","background-media":"","overlay-type":"","overlay-color":"","overlay-opacity":"","overlay-gradient":""}}},"product_brand":[],"product_cat":[37],"product_tag":[67],"class_list":{"0":"post-350","1":"product","2":"type-product","3":"status-publish","4":"has-post-thumbnail","6":"product_cat-lustres","7":"product_tag-maison","8":"desktop-align-left","9":"tablet-align-left","10":"mobile-align-center","12":"first","13":"instock","14":"taxable","15":"shipping-taxable","16":"purchasable","17":"product-type-simple"},"_links":{"self":[{"href":"https:\/\/dev.lumins.tn\/index.php?rest_route=\/wp\/v2\/product\/350","targetHints":{"allow":["GET"]}}],"collection":[{"href":"https:\/\/dev.lumins.tn\/index.php?rest_route=\/wp\/v2\/product"}],"about":[{"href":"https:\/\/dev.lumins.tn\/index.php?rest_route=\/wp\/v2\/types\/product"}],"replies":[{"embeddable":true,"href":"https:\/\/dev.lumins.tn\/index.php?rest_route=%2Fwp%2Fv2%2Fcomments&post=350"}],"version-history":[{"count":2,"href":"https:\/\/dev.lumins.tn\/index.php?rest_route=\/wp\/v2\/product\/350\/revisions"}],"predecessor-version":[{"id":486,"href":"https:\/\/dev.lumins.tn\/index.php?rest_route=\/wp\/v2\/product\/350\/revisions\/486"}],"wp:featuredmedia":[{"embeddable":true,"href":"https:\/\/dev.lumins.tn\/index.php?rest_route=\/wp\/v2\/media\/241"}],"wp:attachment":[{"href":"https:\/\/dev.lumins.tn\/index.php?rest_route=%2Fwp%2Fv2%2Fmedia&parent=350"}],"wp:term":[{"taxonomy":"product_brand","embeddable":true,"href":"https:\/\/dev.lumins.tn\/index.php?rest_route=%2Fwp%2Fv2%2Fproduct_brand&post=350"},{"taxonomy":"product_cat","embeddable":true,"href":"https:\/\/dev.lumins.tn\/index.php?rest_route=%2Fwp%2Fv2%2Fproduct_cat&post=350"},{"taxonomy":"product_tag","embeddable":true,"href":"https:\/\/dev.lumins.tn\/index.php?rest_route=%2Fwp%2Fv2%2Fproduct_tag&post=350"}],"curies":[{"name":"wp","href":"https:\/\/api.w.org\/{rel}","templated":true}]}}