{"id":348,"date":"2026-02-06T10:50:23","date_gmt":"2026-02-06T10:50:23","guid":{"rendered":"https:\/\/dev.lumins.tn\/?post_type=product&#038;p=348"},"modified":"2026-02-13T15:35:24","modified_gmt":"2026-02-13T15:35:24","slug":"lustre-cristal-dore","status":"publish","type":"product","link":"https:\/\/dev.lumins.tn\/?product=lustre-cristal-dore","title":{"rendered":"LUSTRE CRISTAL PRESTIGE DORE 30Cm"},"content":{"rendered":"<p>Apportez une touche d\u2019\u00e9l\u00e9gance raffin\u00e9e \u00e0 votre int\u00e9rieur avec ce lustre en cristal dor\u00e9 de 30 cm. Compact mais lumineux, il diffuse une lumi\u00e8re chaleureuse qui sublime votre salon, votre salle \u00e0 manger ou votre hall d\u2019entr\u00e9e. Sa finition dor\u00e9e et ses d\u00e9tails en cristal offrent un \u00e9quilibre parfait entre modernit\u00e9 et prestige, pour un \u00e9clairage \u00e0 la fois chic et accueillant.<\/p>\n","protected":false},"excerpt":{"rendered":"<p data-start=\"513\" data-end=\"537\"><strong data-start=\"513\" data-end=\"535\">Caract\u00e9ristiques :<\/strong><\/p>\n<ul data-start=\"538\" data-end=\"820\">\n<li data-start=\"538\" data-end=\"562\">\n<p data-start=\"540\" data-end=\"562\"><strong data-start=\"540\" data-end=\"554\">Diam\u00e8tre :<\/strong> 30 cm<\/p>\n<\/li>\n<li data-start=\"563\" data-end=\"604\">\n<p data-start=\"565\" data-end=\"604\"><strong data-start=\"565\" data-end=\"580\">Mat\u00e9riaux :<\/strong> Cristal et m\u00e9tal dor\u00e9<\/p>\n<\/li>\n<li data-start=\"605\" data-end=\"639\">\n<p data-start=\"607\" data-end=\"639\"><strong data-start=\"607\" data-end=\"621\">Finition :<\/strong> Dor\u00e9e brillante<\/p>\n<\/li>\n<li data-start=\"640\" data-end=\"674\">\n<p data-start=\"642\" data-end=\"674\"><strong data-start=\"642\" data-end=\"653\">Style :<\/strong> Moderne et \u00e9l\u00e9gant<\/p>\n<\/li>\n<li data-start=\"675\" data-end=\"731\">\n<p data-start=\"677\" data-end=\"731\"><strong data-start=\"677\" data-end=\"692\">\u00c9clairage :<\/strong>\u00a0 ampoules compatibles<\/p>\n<\/li>\n<li data-start=\"732\" data-end=\"820\">\n<p data-start=\"734\" data-end=\"820\"><strong data-start=\"734\" data-end=\"745\">Usage :<\/strong> Int\u00e9rieur \u2013 id\u00e9al pour petits espaces ou comme point lumineux secondaire\u00a0 \u00a0 \u00a0 \u00a0 \u00a0 \u00a0 \u00a0 \u00a0 \u00a0 \u00a0 \u00a0 \u00a0 \u00a0 \u00a0 \u00a0 \u00a0 \u00a0 \u00a0 \u00a0 \u00a0 \u00a0 \u00a0 \u00a0 \u00a0 \u00a0 \u00a0 \u00a0 \u00a0 \u00a0 \u00a0 \u00a0 \u00a0 \u00a0 \u00a0 \u00a0 \u00a0 \u00a0 \u00a0 \u00a0 \u00a0 \u00a0 \u00a0 \u00a0 \u00a0 \u00a0 \u00a0 \u00a0 \u00a0 \u00a0 \u00a0 \u00a0 \u00a0 \u00a0 \u00a0 \u00a0 \u00a0 \u00a0 \u00a0 \u00a0 \u00a0 \u00a0 \u00a0 \u00a0 \u00a0 \u00a0 \u00a0 \u00a0 \u00a0 \u00a0 \u00a0 \u00a0 \u00a0 \u00a0 \u00a0 \u00a0 \u00a0 \u00a0 \u00a0 \u00a0 \u00a0 \u00a0 \u00a0 \u00a0 \u00a0 \u00a0 \u00a0 \u00a0 \u00a0 \u00a0 \u00a0 \u00a0 \u00a0 \u00a0 \u00a0 \u00a0 \u00a0 \u00a0 \u00a0 \u00a0 \u00a0 \u00a0 \u00a0 \u00a0 \u00a0 \u00a0 \u00a0 \u00a0 \u00a0 \u00a0 \u00a0 \u00a0 \u00a0 \u00a0 \u00a0 \u00a0 \u00a0 \u00a0 <strong data-start=\"100\" data-end=\"255\">\u00c9l\u00e9gance et lumi\u00e8re r\u00e9unies : lustre cristal dor\u00e9 de 30 cm, parfait pour sublimer salons, salles \u00e0 manger ou espaces intimes avec style et raffinement.<\/strong><\/p>\n<\/li>\n<\/ul>\n","protected":false},"featured_media":247,"comment_status":"open","ping_status":"closed","template":"","meta":{"site-sidebar-layout":"default","site-content-layout":"","ast-site-content-layout":"default","site-content-style":"default","site-sidebar-style":"default","ast-global-header-display":"","ast-banner-title-visibility":"","ast-main-header-display":"","ast-hfb-above-header-display":"","ast-hfb-below-header-display":"","ast-hfb-mobile-header-display":"","site-post-title":"","ast-breadcrumbs-content":"","ast-featured-img":"","footer-sml-layout":"","ast-disable-related-posts":"","theme-transparent-header-meta":"default","adv-header-id-meta":"","stick-header-meta":"","header-above-stick-meta":"","header-main-stick-meta":"","header-below-stick-meta":"","astra-migrate-meta-layouts":"set","ast-page-background-enabled":"default","ast-page-background-meta":{"desktop":{"background-color":"var(--ast-global-color-5)","background-image":"","background-repeat":"repeat","background-position":"center center","background-size":"auto","background-attachment":"scroll","background-type":"","background-media":"","overlay-type":"","overlay-color":"","overlay-opacity":"","overlay-gradient":""},"tablet":{"background-color":"","background-image":"","background-repeat":"repeat","background-position":"center center","background-size":"auto","background-attachment":"scroll","background-type":"","background-media":"","overlay-type":"","overlay-color":"","overlay-opacity":"","overlay-gradient":""},"mobile":{"background-color":"","background-image":"","background-repeat":"repeat","background-position":"center center","background-size":"auto","background-attachment":"scroll","background-type":"","background-media":"","overlay-type":"","overlay-color":"","overlay-opacity":"","overlay-gradient":""}},"ast-content-background-meta":{"desktop":{"background-color":"var(--ast-global-color-4)","background-image":"","background-repeat":"repeat","background-position":"center center","background-size":"auto","background-attachment":"scroll","background-type":"","background-media":"","overlay-type":"","overlay-color":"","overlay-opacity":"","overlay-gradient":""},"tablet":{"background-color":"var(--ast-global-color-4)","background-image":"","background-repeat":"repeat","background-position":"center center","background-size":"auto","background-attachment":"scroll","background-type":"","background-media":"","overlay-type":"","overlay-color":"","overlay-opacity":"","overlay-gradient":""},"mobile":{"background-color":"var(--ast-global-color-4)","background-image":"","background-repeat":"repeat","background-position":"center center","background-size":"auto","background-attachment":"scroll","background-type":"","background-media":"","overlay-type":"","overlay-color":"","overlay-opacity":"","overlay-gradient":""}}},"product_brand":[],"product_cat":[37],"product_tag":[67],"class_list":{"0":"post-348","1":"product","2":"type-product","3":"status-publish","4":"has-post-thumbnail","6":"product_cat-lustres","7":"product_tag-maison","8":"desktop-align-left","9":"tablet-align-left","10":"mobile-align-center","12":"first","13":"instock","14":"taxable","15":"shipping-taxable","16":"purchasable","17":"product-type-simple"},"_links":{"self":[{"href":"https:\/\/dev.lumins.tn\/index.php?rest_route=\/wp\/v2\/product\/348","targetHints":{"allow":["GET"]}}],"collection":[{"href":"https:\/\/dev.lumins.tn\/index.php?rest_route=\/wp\/v2\/product"}],"about":[{"href":"https:\/\/dev.lumins.tn\/index.php?rest_route=\/wp\/v2\/types\/product"}],"replies":[{"embeddable":true,"href":"https:\/\/dev.lumins.tn\/index.php?rest_route=%2Fwp%2Fv2%2Fcomments&post=348"}],"version-history":[{"count":3,"href":"https:\/\/dev.lumins.tn\/index.php?rest_route=\/wp\/v2\/product\/348\/revisions"}],"predecessor-version":[{"id":778,"href":"https:\/\/dev.lumins.tn\/index.php?rest_route=\/wp\/v2\/product\/348\/revisions\/778"}],"wp:featuredmedia":[{"embeddable":true,"href":"https:\/\/dev.lumins.tn\/index.php?rest_route=\/wp\/v2\/media\/247"}],"wp:attachment":[{"href":"https:\/\/dev.lumins.tn\/index.php?rest_route=%2Fwp%2Fv2%2Fmedia&parent=348"}],"wp:term":[{"taxonomy":"product_brand","embeddable":true,"href":"https:\/\/dev.lumins.tn\/index.php?rest_route=%2Fwp%2Fv2%2Fproduct_brand&post=348"},{"taxonomy":"product_cat","embeddable":true,"href":"https:\/\/dev.lumins.tn\/index.php?rest_route=%2Fwp%2Fv2%2Fproduct_cat&post=348"},{"taxonomy":"product_tag","embeddable":true,"href":"https:\/\/dev.lumins.tn\/index.php?rest_route=%2Fwp%2Fv2%2Fproduct_tag&post=348"}],"curies":[{"name":"wp","href":"https:\/\/api.w.org\/{rel}","templated":true}]}}