{"id":345,"date":"2026-02-06T10:37:55","date_gmt":"2026-02-06T10:37:55","guid":{"rendered":"https:\/\/dev.lumins.tn\/?post_type=product&#038;p=345"},"modified":"2026-02-13T15:42:45","modified_gmt":"2026-02-13T15:42:45","slug":"lustre-triple-cercle-dore","status":"publish","type":"product","link":"https:\/\/dev.lumins.tn\/?product=lustre-triple-cercle-dore","title":{"rendered":"LUSTRE TRIPLE CERCLE DOREE"},"content":{"rendered":"<p>Apportez une touche d\u2019\u00e9l\u00e9gance et de modernit\u00e9 \u00e0 votre int\u00e9rieur avec ce lustre \u00e0 triple cercle dor\u00e9. Ses anneaux lumineux s\u2019entrelacent pour cr\u00e9er un jeu de lumi\u00e8re sophistiqu\u00e9, id\u00e9al pour illuminer salons, salles \u00e0 manger ou halls d\u2019entr\u00e9e. La finition dor\u00e9e apporte chaleur et prestige, tandis que le design contemporain sublime chaque espace avec style et raffinement.<\/p>\n","protected":false},"excerpt":{"rendered":"<p><strong data-start=\"99\" data-end=\"227\">\u00c9clat et modernit\u00e9 r\u00e9unis : lustre triple cercle dor\u00e9, id\u00e9al pour sublimer salons et salles \u00e0 manger avec style et \u00e9l\u00e9gance.<\/strong> \u2728<\/p>\n<ul data-start=\"151\" data-end=\"644\">\n<li data-start=\"151\" data-end=\"185\">\n<p data-start=\"153\" data-end=\"185\"><strong data-start=\"153\" data-end=\"163\">Type :<\/strong> Lustre \u00e0 suspension<\/p>\n<\/li>\n<li data-start=\"186\" data-end=\"224\">\n<p data-start=\"188\" data-end=\"224\"><strong data-start=\"188\" data-end=\"200\">Design :<\/strong> Triple cercle moderne<\/p>\n<\/li>\n<li data-start=\"225\" data-end=\"248\">\n<p data-start=\"227\" data-end=\"248\"><strong data-start=\"227\" data-end=\"241\">Finition :<\/strong> Dor\u00e9<\/p>\n<\/li>\n<li data-start=\"249\" data-end=\"318\">\n<p data-start=\"251\" data-end=\"318\"><strong data-start=\"251\" data-end=\"266\">Mat\u00e9riaux :<\/strong> M\u00e9tal + LED<\/p>\n<\/li>\n<li data-start=\"384\" data-end=\"447\">\n<p data-start=\"386\" data-end=\"447\"><strong data-start=\"386\" data-end=\"408\">Hauteur r\u00e9glable :<\/strong> Oui<\/p>\n<\/li>\n<li data-start=\"448\" data-end=\"487\">\n<p data-start=\"450\" data-end=\"487\"><strong data-start=\"450\" data-end=\"472\">Source lumineuse :<\/strong> LED int\u00e9gr\u00e9e<\/p>\n<\/li>\n<li data-start=\"488\" data-end=\"535\">\n<p data-start=\"490\" data-end=\"535\"><strong data-start=\"490\" data-end=\"505\">\u00c9clairage :<\/strong> Blanc chaud \/jaune\/lumiere du jour<\/p>\n<\/li>\n<li data-start=\"536\" data-end=\"579\">\n<p data-start=\"538\" data-end=\"579\"><strong data-start=\"538\" data-end=\"549\">Style :<\/strong> Moderne, luxe, contemporain<\/p>\n<\/li>\n<li data-start=\"580\" data-end=\"644\">\n<p data-start=\"582\" data-end=\"644\"><strong data-start=\"582\" data-end=\"593\">Usage :<\/strong> Int\u00e9rieur \u2013 salon, salle \u00e0 manger, hall d\u2019entr\u00e9e<\/p>\n<\/li>\n<\/ul>\n","protected":false},"featured_media":302,"comment_status":"open","ping_status":"closed","template":"","meta":{"site-sidebar-layout":"default","site-content-layout":"","ast-site-content-layout":"default","site-content-style":"default","site-sidebar-style":"default","ast-global-header-display":"","ast-banner-title-visibility":"","ast-main-header-display":"","ast-hfb-above-header-display":"","ast-hfb-below-header-display":"","ast-hfb-mobile-header-display":"","site-post-title":"","ast-breadcrumbs-content":"","ast-featured-img":"","footer-sml-layout":"","ast-disable-related-posts":"","theme-transparent-header-meta":"default","adv-header-id-meta":"","stick-header-meta":"","header-above-stick-meta":"","header-main-stick-meta":"","header-below-stick-meta":"","astra-migrate-meta-layouts":"set","ast-page-background-enabled":"default","ast-page-background-meta":{"desktop":{"background-color":"var(--ast-global-color-5)","background-image":"","background-repeat":"repeat","background-position":"center center","background-size":"auto","background-attachment":"scroll","background-type":"","background-media":"","overlay-type":"","overlay-color":"","overlay-opacity":"","overlay-gradient":""},"tablet":{"background-color":"","background-image":"","background-repeat":"repeat","background-position":"center center","background-size":"auto","background-attachment":"scroll","background-type":"","background-media":"","overlay-type":"","overlay-color":"","overlay-opacity":"","overlay-gradient":""},"mobile":{"background-color":"","background-image":"","background-repeat":"repeat","background-position":"center center","background-size":"auto","background-attachment":"scroll","background-type":"","background-media":"","overlay-type":"","overlay-color":"","overlay-opacity":"","overlay-gradient":""}},"ast-content-background-meta":{"desktop":{"background-color":"var(--ast-global-color-4)","background-image":"","background-repeat":"repeat","background-position":"center center","background-size":"auto","background-attachment":"scroll","background-type":"","background-media":"","overlay-type":"","overlay-color":"","overlay-opacity":"","overlay-gradient":""},"tablet":{"background-color":"var(--ast-global-color-4)","background-image":"","background-repeat":"repeat","background-position":"center center","background-size":"auto","background-attachment":"scroll","background-type":"","background-media":"","overlay-type":"","overlay-color":"","overlay-opacity":"","overlay-gradient":""},"mobile":{"background-color":"var(--ast-global-color-4)","background-image":"","background-repeat":"repeat","background-position":"center center","background-size":"auto","background-attachment":"scroll","background-type":"","background-media":"","overlay-type":"","overlay-color":"","overlay-opacity":"","overlay-gradient":""}}},"product_brand":[],"product_cat":[37],"product_tag":[67],"class_list":{"0":"post-345","1":"product","2":"type-product","3":"status-publish","4":"has-post-thumbnail","6":"product_cat-lustres","7":"product_tag-maison","8":"desktop-align-left","9":"tablet-align-left","10":"mobile-align-center","12":"first","13":"instock","14":"taxable","15":"shipping-taxable","16":"purchasable","17":"product-type-simple"},"_links":{"self":[{"href":"https:\/\/dev.lumins.tn\/index.php?rest_route=\/wp\/v2\/product\/345","targetHints":{"allow":["GET"]}}],"collection":[{"href":"https:\/\/dev.lumins.tn\/index.php?rest_route=\/wp\/v2\/product"}],"about":[{"href":"https:\/\/dev.lumins.tn\/index.php?rest_route=\/wp\/v2\/types\/product"}],"replies":[{"embeddable":true,"href":"https:\/\/dev.lumins.tn\/index.php?rest_route=%2Fwp%2Fv2%2Fcomments&post=345"}],"version-history":[{"count":4,"href":"https:\/\/dev.lumins.tn\/index.php?rest_route=\/wp\/v2\/product\/345\/revisions"}],"predecessor-version":[{"id":785,"href":"https:\/\/dev.lumins.tn\/index.php?rest_route=\/wp\/v2\/product\/345\/revisions\/785"}],"wp:featuredmedia":[{"embeddable":true,"href":"https:\/\/dev.lumins.tn\/index.php?rest_route=\/wp\/v2\/media\/302"}],"wp:attachment":[{"href":"https:\/\/dev.lumins.tn\/index.php?rest_route=%2Fwp%2Fv2%2Fmedia&parent=345"}],"wp:term":[{"taxonomy":"product_brand","embeddable":true,"href":"https:\/\/dev.lumins.tn\/index.php?rest_route=%2Fwp%2Fv2%2Fproduct_brand&post=345"},{"taxonomy":"product_cat","embeddable":true,"href":"https:\/\/dev.lumins.tn\/index.php?rest_route=%2Fwp%2Fv2%2Fproduct_cat&post=345"},{"taxonomy":"product_tag","embeddable":true,"href":"https:\/\/dev.lumins.tn\/index.php?rest_route=%2Fwp%2Fv2%2Fproduct_tag&post=345"}],"curies":[{"name":"wp","href":"https:\/\/api.w.org\/{rel}","templated":true}]}}