{"id":342,"date":"2026-02-06T10:18:26","date_gmt":"2026-02-06T10:18:26","guid":{"rendered":"https:\/\/dev.lumins.tn\/?post_type=product&#038;p=342"},"modified":"2026-02-09T11:58:13","modified_gmt":"2026-02-09T11:58:13","slug":"lustre-decoratif-dore","status":"publish","type":"product","link":"https:\/\/dev.lumins.tn\/?product=lustre-decoratif-dore","title":{"rendered":"LUSTRE DECORATIF DORE"},"content":{"rendered":"<p data-start=\"147\" data-end=\"461\">Apportez une <strong data-start=\"160\" data-end=\"194\">touche de luxe et de modernit\u00e9<\/strong> \u00e0 votre int\u00e9rieur avec ce <strong data-start=\"221\" data-end=\"250\">lustre LED d\u00e9coratif dor\u00e9<\/strong>. Sa finition dor\u00e9e apporte <strong data-start=\"278\" data-end=\"305\">\u00e9l\u00e9gance et raffinement<\/strong>, tandis que les LED int\u00e9gr\u00e9es diffusent une <strong data-start=\"350\" data-end=\"379\">lumi\u00e8re douce et homog\u00e8ne<\/strong>, cr\u00e9ant une atmosph\u00e8re chaleureuse et sophistiqu\u00e9e dans n\u2019importe quelle pi\u00e8ce.<\/p>\n<p data-start=\"463\" data-end=\"760\">Con\u00e7u pour allier <strong data-start=\"481\" data-end=\"517\">design contemporain et praticit\u00e9<\/strong>, ce lustre est parfait pour le <strong data-start=\"549\" data-end=\"597\">salon, la salle \u00e0 manger ou un hall d\u2019entr\u00e9e<\/strong>, et s\u2019int\u00e8gre harmonieusement dans tout type de d\u00e9coration. Son style d\u00e9coratif unique en fait <strong data-start=\"693\" data-end=\"716\">une pi\u00e8ce ma\u00eetresse<\/strong> qui attire l\u2019\u0153il et sublime votre espace.<\/p>\n","protected":false},"excerpt":{"rendered":"<p data-start=\"762\" data-end=\"786\"><strong data-start=\"762\" data-end=\"784\">Caract\u00e9ristiques :<\/strong><\/p>\n<ul data-start=\"787\" data-end=\"999\">\n<li data-start=\"787\" data-end=\"822\">\n<p data-start=\"789\" data-end=\"822\">Type : <strong data-start=\"796\" data-end=\"820\">Lustre LED d\u00e9coratif<\/strong><\/p>\n<\/li>\n<li data-start=\"823\" data-end=\"847\">\n<p data-start=\"825\" data-end=\"847\">Finition : <strong data-start=\"836\" data-end=\"845\">Dor\u00e9e<\/strong><\/p>\n<\/li>\n<li data-start=\"848\" data-end=\"894\">\n<p data-start=\"850\" data-end=\"894\">\u00c9clairage : <strong data-start=\"862\" data-end=\"892\">LED int\u00e9gr\u00e9, lumi\u00e8re douce<\/strong><\/p>\n<\/li>\n<li data-start=\"895\" data-end=\"935\">\n<p data-start=\"897\" data-end=\"935\">Style : <strong data-start=\"905\" data-end=\"933\">Moderne, chic et \u00e9l\u00e9gant<\/strong><\/p>\n<\/li>\n<li data-start=\"936\" data-end=\"999\">\n<p data-start=\"938\" data-end=\"999\">Id\u00e9al pour : <strong data-start=\"951\" data-end=\"997\">Salon, salle \u00e0 manger, hall, espace design\u00a0 \u00a0 \u00a0 \u00a0 \u00a0 \u00a0 \u00a0 \u00a0 \u00a0 \u00a0 \u00a0 \u00a0 \u00a0 \u00a0 \u00a0 \u00a0 \u00a0 \u00a0 \u00a0 \u00a0 \u00a0 \u00a0 \u00a0 \u00a0 \u00a0 \u00a0 \u00a0 \u00a0 \u00a0 \u00a0 \u00a0 \u00a0 \u00a0 \u00a0 \u00a0 \u00a0 \u00a0 \u00a0 \u00a0 \u00a0 \u00a0 \u00a0 \u00a0 \u00a0 \u00a0 \u00a0 \u00a0 \u00a0 \u00a0 \u00a0 \u00a0 \u00a0 \u00a0 \u00a0 \u00a0 \u00a0 \u00a0 \u00a0 \u00a0 \u00a0 \u00a0 \u00a0 \u00a0 \u00a0 \u00a0 \u00a0 \u00a0 \u00a0 \u00a0 \u00a0 \u00a0 \u00a0 \u00a0 \u00a0 \u00a0 \u00a0 \u00a0 \u00a0 \u00a0 \u00a0 \u00a0 \u00a0 \u00a0 \u00a0 \u00a0 \u00a0 \u00a0 \u00a0 \u00a0 \u00a0 \u00a0 \u00a0 \u00a0 \u00a0 \u00a0 \u00a0 \u00a0 \u00a0 \u00a0 \u00a0 \u00a0 \u00a0 \u00a0 \u00a0 \u00a0 \u00a0 \u00a0 \u00a0 \u00a0 \u00a0 \u00a0 \u00a0 \u00a0 \u00a0 \u00a0 \u00a0 \u00a0 \u00a0 \u00a0 \u00a0 \u00a0 \u00a0 \u00a0 \u00a0 \u00a0 \u00a0 \u00a0 \u00a0 \u00a0 \u00a0 \u00a0 \u00a0 \u00a0 Le lustre LED dor\u00e9 d\u00e9coratif allie esth\u00e9tique, confort lumineux et \u00e9l\u00e9gance, parfait pour ceux qui recherchent une d\u00e9coration lumineuse haut de gamme.<\/strong><\/p>\n<\/li>\n<\/ul>\n","protected":false},"featured_media":286,"comment_status":"open","ping_status":"closed","template":"","meta":{"site-sidebar-layout":"default","site-content-layout":"","ast-site-content-layout":"default","site-content-style":"default","site-sidebar-style":"default","ast-global-header-display":"","ast-banner-title-visibility":"","ast-main-header-display":"","ast-hfb-above-header-display":"","ast-hfb-below-header-display":"","ast-hfb-mobile-header-display":"","site-post-title":"","ast-breadcrumbs-content":"","ast-featured-img":"","footer-sml-layout":"","ast-disable-related-posts":"","theme-transparent-header-meta":"default","adv-header-id-meta":"","stick-header-meta":"","header-above-stick-meta":"","header-main-stick-meta":"","header-below-stick-meta":"","astra-migrate-meta-layouts":"set","ast-page-background-enabled":"default","ast-page-background-meta":{"desktop":{"background-color":"var(--ast-global-color-5)","background-image":"","background-repeat":"repeat","background-position":"center center","background-size":"auto","background-attachment":"scroll","background-type":"","background-media":"","overlay-type":"","overlay-color":"","overlay-opacity":"","overlay-gradient":""},"tablet":{"background-color":"","background-image":"","background-repeat":"repeat","background-position":"center center","background-size":"auto","background-attachment":"scroll","background-type":"","background-media":"","overlay-type":"","overlay-color":"","overlay-opacity":"","overlay-gradient":""},"mobile":{"background-color":"","background-image":"","background-repeat":"repeat","background-position":"center center","background-size":"auto","background-attachment":"scroll","background-type":"","background-media":"","overlay-type":"","overlay-color":"","overlay-opacity":"","overlay-gradient":""}},"ast-content-background-meta":{"desktop":{"background-color":"var(--ast-global-color-4)","background-image":"","background-repeat":"repeat","background-position":"center center","background-size":"auto","background-attachment":"scroll","background-type":"","background-media":"","overlay-type":"","overlay-color":"","overlay-opacity":"","overlay-gradient":""},"tablet":{"background-color":"var(--ast-global-color-4)","background-image":"","background-repeat":"repeat","background-position":"center center","background-size":"auto","background-attachment":"scroll","background-type":"","background-media":"","overlay-type":"","overlay-color":"","overlay-opacity":"","overlay-gradient":""},"mobile":{"background-color":"var(--ast-global-color-4)","background-image":"","background-repeat":"repeat","background-position":"center center","background-size":"auto","background-attachment":"scroll","background-type":"","background-media":"","overlay-type":"","overlay-color":"","overlay-opacity":"","overlay-gradient":""}}},"product_brand":[],"product_cat":[37],"product_tag":[67],"class_list":{"0":"post-342","1":"product","2":"type-product","3":"status-publish","4":"has-post-thumbnail","6":"product_cat-lustres","7":"product_tag-maison","8":"desktop-align-left","9":"tablet-align-left","10":"mobile-align-center","12":"first","13":"instock","14":"taxable","15":"shipping-taxable","16":"purchasable","17":"product-type-simple"},"_links":{"self":[{"href":"https:\/\/dev.lumins.tn\/index.php?rest_route=\/wp\/v2\/product\/342","targetHints":{"allow":["GET"]}}],"collection":[{"href":"https:\/\/dev.lumins.tn\/index.php?rest_route=\/wp\/v2\/product"}],"about":[{"href":"https:\/\/dev.lumins.tn\/index.php?rest_route=\/wp\/v2\/types\/product"}],"replies":[{"embeddable":true,"href":"https:\/\/dev.lumins.tn\/index.php?rest_route=%2Fwp%2Fv2%2Fcomments&post=342"}],"version-history":[{"count":2,"href":"https:\/\/dev.lumins.tn\/index.php?rest_route=\/wp\/v2\/product\/342\/revisions"}],"predecessor-version":[{"id":344,"href":"https:\/\/dev.lumins.tn\/index.php?rest_route=\/wp\/v2\/product\/342\/revisions\/344"}],"wp:featuredmedia":[{"embeddable":true,"href":"https:\/\/dev.lumins.tn\/index.php?rest_route=\/wp\/v2\/media\/286"}],"wp:attachment":[{"href":"https:\/\/dev.lumins.tn\/index.php?rest_route=%2Fwp%2Fv2%2Fmedia&parent=342"}],"wp:term":[{"taxonomy":"product_brand","embeddable":true,"href":"https:\/\/dev.lumins.tn\/index.php?rest_route=%2Fwp%2Fv2%2Fproduct_brand&post=342"},{"taxonomy":"product_cat","embeddable":true,"href":"https:\/\/dev.lumins.tn\/index.php?rest_route=%2Fwp%2Fv2%2Fproduct_cat&post=342"},{"taxonomy":"product_tag","embeddable":true,"href":"https:\/\/dev.lumins.tn\/index.php?rest_route=%2Fwp%2Fv2%2Fproduct_tag&post=342"}],"curies":[{"name":"wp","href":"https:\/\/api.w.org\/{rel}","templated":true}]}}