{"id":339,"date":"2026-02-06T09:37:50","date_gmt":"2026-02-06T09:37:50","guid":{"rendered":"https:\/\/dev.lumins.tn\/?post_type=product&#038;p=339"},"modified":"2026-02-13T15:35:59","modified_gmt":"2026-02-13T15:35:59","slug":"plume-royale-cristal","status":"publish","type":"product","link":"https:\/\/dev.lumins.tn\/?product=plume-royale-cristal","title":{"rendered":"PLUME ROYALE CRISTAL 50Cm"},"content":{"rendered":"<p data-start=\"141\" data-end=\"423\">Apportez une touche de <strong data-start=\"164\" data-end=\"194\">raffinement et de l\u00e9g\u00e8ret\u00e9<\/strong> \u00e0 votre int\u00e9rieur avec ce <strong data-start=\"221\" data-end=\"263\">lustre en cristal aux plumes argent\u00e9es<\/strong>. D\u2019un diam\u00e8tre de <strong data-start=\"282\" data-end=\"291\">50 cm<\/strong>, il combine le <strong data-start=\"307\" data-end=\"339\">charme intemporel du cristal<\/strong> et la <strong data-start=\"346\" data-end=\"372\">d\u00e9licatesse des plumes<\/strong>, cr\u00e9ant une atmosph\u00e8re <strong data-start=\"396\" data-end=\"420\">luxueuse et f\u00e9erique<\/strong>.<\/p>\n<p data-start=\"425\" data-end=\"721\">Chaque d\u00e9tail a \u00e9t\u00e9 soigneusement pens\u00e9 pour diffuser la lumi\u00e8re avec \u00e9clat, illuminant votre salon, salle \u00e0 manger ou chambre avec une <strong data-start=\"561\" data-end=\"590\">lumi\u00e8re douce et \u00e9l\u00e9gante<\/strong>. Le mariage du cristal scintillant et des plumes argent\u00e9es apporte <strong data-start=\"658\" data-end=\"699\">\u00e9l\u00e9gance, sophistication et modernit\u00e9<\/strong> \u00e0 votre d\u00e9coration.<\/p>\n","protected":false},"excerpt":{"rendered":"<ul>\n<li data-start=\"748\" data-end=\"772\">\n<p data-start=\"750\" data-end=\"772\">Diam\u00e8tre : <strong data-start=\"761\" data-end=\"770\">50 cm<\/strong><\/p>\n<\/li>\n<li data-start=\"773\" data-end=\"800\">\n<p data-start=\"775\" data-end=\"800\">Finition : <strong data-start=\"786\" data-end=\"798\">Argent\u00e9e<\/strong><\/p>\n<\/li>\n<li data-start=\"801\" data-end=\"862\">\n<p data-start=\"803\" data-end=\"862\">Mat\u00e9riaux : <strong data-start=\"815\" data-end=\"860\">Cristal et plumes synth\u00e9tiques de qualit\u00e9<\/strong><\/p>\n<\/li>\n<li data-start=\"863\" data-end=\"902\">\n<p data-start=\"865\" data-end=\"902\">Style : <strong data-start=\"873\" data-end=\"900\">Luxe, \u00e9l\u00e9gant, po\u00e9tique<\/strong><\/p>\n<\/li>\n<li data-start=\"903\" data-end=\"977\">\n<p data-start=\"905\" data-end=\"977\">Id\u00e9al pour : <strong data-start=\"918\" data-end=\"975\">Salon, salle \u00e0 manger, chambre ou espace de r\u00e9ception\u00a0 \u00a0 \u00a0 \u00a0 \u00a0 \u00a0 \u00a0 \u00a0 \u00a0 \u00a0 \u00a0 \u00a0 \u00a0 \u00a0 \u00a0 \u00a0 \u00a0 \u00a0 \u00a0 \u00a0 \u00a0 \u00a0 \u00a0 \u00a0 \u00a0 \u00a0 \u00a0 \u00a0 \u00a0 \u00a0 \u00a0 \u00a0 \u00a0 \u00a0 \u00a0 \u00a0 \u00a0 \u00a0 \u00a0 \u00a0 \u00a0 \u00a0 \u00a0 \u00a0 \u00a0 \u00a0 \u00a0 \u00a0 \u00a0 \u00a0 \u00a0 \u00a0 \u00a0 \u00a0 \u00a0 \u00a0 \u00a0 \u00a0 \u00a0 \u00a0 \u00a0 \u00a0 \u00a0 \u00a0 \u00a0 \u00a0 \u00a0 \u00a0 \u00a0 \u00a0 \u00a0 \u00a0 \u00a0 \u00a0 \u00a0 \u00a0 \u00a0 \u00a0 \u00a0 \u00a0 \u00a0 \u00a0 \u00a0 \u00a0 \u00a0 \u00a0 \u00a0 \u00a0 \u00a0 \u00a0 \u00a0 \u00a0 \u00a0 \u00a0 \u00a0 \u00a0 \u00a0 \u00a0 \u00a0 \u00a0 \u00a0 \u00a0 \u00a0 \u00a0 \u00a0 \u00a0 \u00a0 \u00a0 \u00a0 \u00a0 \u00a0 \u00a0 \u00a0 \u00a0 \u00a0 \u00a0 \u00a0 Le lustre cristal avec plumes argent\u00e9es est la pi\u00e8ce parfaite pour ceux qui recherchent un \u00e9clairage d\u00e9coratif raffin\u00e9 et unique, alliant design contemporain et d\u00e9licatesse po\u00e9tique.<\/strong><\/p>\n<\/li>\n<\/ul>\n","protected":false},"featured_media":237,"comment_status":"open","ping_status":"closed","template":"","meta":{"site-sidebar-layout":"default","site-content-layout":"","ast-site-content-layout":"default","site-content-style":"default","site-sidebar-style":"default","ast-global-header-display":"","ast-banner-title-visibility":"","ast-main-header-display":"","ast-hfb-above-header-display":"","ast-hfb-below-header-display":"","ast-hfb-mobile-header-display":"","site-post-title":"","ast-breadcrumbs-content":"","ast-featured-img":"","footer-sml-layout":"","ast-disable-related-posts":"","theme-transparent-header-meta":"default","adv-header-id-meta":"","stick-header-meta":"","header-above-stick-meta":"","header-main-stick-meta":"","header-below-stick-meta":"","astra-migrate-meta-layouts":"set","ast-page-background-enabled":"default","ast-page-background-meta":{"desktop":{"background-color":"var(--ast-global-color-5)","background-image":"","background-repeat":"repeat","background-position":"center center","background-size":"auto","background-attachment":"scroll","background-type":"","background-media":"","overlay-type":"","overlay-color":"","overlay-opacity":"","overlay-gradient":""},"tablet":{"background-color":"","background-image":"","background-repeat":"repeat","background-position":"center center","background-size":"auto","background-attachment":"scroll","background-type":"","background-media":"","overlay-type":"","overlay-color":"","overlay-opacity":"","overlay-gradient":""},"mobile":{"background-color":"","background-image":"","background-repeat":"repeat","background-position":"center center","background-size":"auto","background-attachment":"scroll","background-type":"","background-media":"","overlay-type":"","overlay-color":"","overlay-opacity":"","overlay-gradient":""}},"ast-content-background-meta":{"desktop":{"background-color":"var(--ast-global-color-4)","background-image":"","background-repeat":"repeat","background-position":"center center","background-size":"auto","background-attachment":"scroll","background-type":"","background-media":"","overlay-type":"","overlay-color":"","overlay-opacity":"","overlay-gradient":""},"tablet":{"background-color":"var(--ast-global-color-4)","background-image":"","background-repeat":"repeat","background-position":"center center","background-size":"auto","background-attachment":"scroll","background-type":"","background-media":"","overlay-type":"","overlay-color":"","overlay-opacity":"","overlay-gradient":""},"mobile":{"background-color":"var(--ast-global-color-4)","background-image":"","background-repeat":"repeat","background-position":"center center","background-size":"auto","background-attachment":"scroll","background-type":"","background-media":"","overlay-type":"","overlay-color":"","overlay-opacity":"","overlay-gradient":""}}},"product_brand":[],"product_cat":[37],"product_tag":[67],"class_list":{"0":"post-339","1":"product","2":"type-product","3":"status-publish","4":"has-post-thumbnail","6":"product_cat-lustres","7":"product_tag-maison","8":"desktop-align-left","9":"tablet-align-left","10":"mobile-align-center","12":"first","13":"instock","14":"taxable","15":"shipping-taxable","16":"purchasable","17":"product-type-simple"},"_links":{"self":[{"href":"https:\/\/dev.lumins.tn\/index.php?rest_route=\/wp\/v2\/product\/339","targetHints":{"allow":["GET"]}}],"collection":[{"href":"https:\/\/dev.lumins.tn\/index.php?rest_route=\/wp\/v2\/product"}],"about":[{"href":"https:\/\/dev.lumins.tn\/index.php?rest_route=\/wp\/v2\/types\/product"}],"replies":[{"embeddable":true,"href":"https:\/\/dev.lumins.tn\/index.php?rest_route=%2Fwp%2Fv2%2Fcomments&post=339"}],"version-history":[{"count":4,"href":"https:\/\/dev.lumins.tn\/index.php?rest_route=\/wp\/v2\/product\/339\/revisions"}],"predecessor-version":[{"id":779,"href":"https:\/\/dev.lumins.tn\/index.php?rest_route=\/wp\/v2\/product\/339\/revisions\/779"}],"wp:featuredmedia":[{"embeddable":true,"href":"https:\/\/dev.lumins.tn\/index.php?rest_route=\/wp\/v2\/media\/237"}],"wp:attachment":[{"href":"https:\/\/dev.lumins.tn\/index.php?rest_route=%2Fwp%2Fv2%2Fmedia&parent=339"}],"wp:term":[{"taxonomy":"product_brand","embeddable":true,"href":"https:\/\/dev.lumins.tn\/index.php?rest_route=%2Fwp%2Fv2%2Fproduct_brand&post=339"},{"taxonomy":"product_cat","embeddable":true,"href":"https:\/\/dev.lumins.tn\/index.php?rest_route=%2Fwp%2Fv2%2Fproduct_cat&post=339"},{"taxonomy":"product_tag","embeddable":true,"href":"https:\/\/dev.lumins.tn\/index.php?rest_route=%2Fwp%2Fv2%2Fproduct_tag&post=339"}],"curies":[{"name":"wp","href":"https:\/\/api.w.org\/{rel}","templated":true}]}}