{"id":336,"date":"2026-02-06T09:21:54","date_gmt":"2026-02-06T09:21:54","guid":{"rendered":"https:\/\/dev.lumins.tn\/?post_type=product&#038;p=336"},"modified":"2026-02-13T15:41:40","modified_gmt":"2026-02-13T15:41:40","slug":"lustre-machmoum-argent","status":"publish","type":"product","link":"https:\/\/dev.lumins.tn\/?product=lustre-machmoum-argent","title":{"rendered":"LUSTRE MACHMOUM ARGENT 60cm"},"content":{"rendered":"<p data-start=\"130\" data-end=\"422\">Apportez une touche de raffinement et de luxe \u00e0 votre int\u00e9rieur avec le <strong data-start=\"202\" data-end=\"221\">lustre Machmoum<\/strong>. D\u2019un diam\u00e8tre de <strong data-start=\"240\" data-end=\"249\">60 cm<\/strong>, ce mod\u00e8le au <strong data-start=\"264\" data-end=\"285\">finition argent\u00e9e<\/strong> s\u00e9duit par son design sophistiqu\u00e9 inspir\u00e9 du style oriental, id\u00e9al pour sublimer un salon, une salle \u00e0 manger ou un espace de r\u00e9ception.<\/p>\n<p data-start=\"424\" data-end=\"668\">\u00c9quip\u00e9 de <strong data-start=\"434\" data-end=\"450\">12 lampes G9<\/strong>, le lustre Machmoum offre un <strong data-start=\"480\" data-end=\"514\">\u00e9clairage puissant et homog\u00e8ne<\/strong>, cr\u00e9ant une ambiance chaleureuse et \u00e9l\u00e9gante. Sa structure travaill\u00e9e diffuse la lumi\u00e8re avec \u00e9clat, mettant en valeur chaque d\u00e9tail de votre d\u00e9coration.<\/p>\n","protected":false},"excerpt":{"rendered":"<p data-start=\"899\" data-end=\"1050\">Le <strong data-start=\"902\" data-end=\"928\">lustre Machmoum Argent<\/strong> est le choix parfait pour ceux qui recherchent une pi\u00e8ce d\u00e9corative forte, alliant <strong data-start=\"1012\" data-end=\"1049\">esth\u00e9tique, qualit\u00e9 et luminosit\u00e9<\/strong>.<\/p>\n<p data-start=\"670\" data-end=\"692\"><strong data-start=\"670\" data-end=\"692\">Caract\u00e9ristiques :<\/strong><\/p>\n<ul data-start=\"693\" data-end=\"897\">\n<li data-start=\"693\" data-end=\"716\">\n<p data-start=\"695\" data-end=\"716\">Mod\u00e8le : <strong data-start=\"704\" data-end=\"716\">Machmoum<\/strong><\/p>\n<\/li>\n<li data-start=\"717\" data-end=\"739\">\n<p data-start=\"719\" data-end=\"739\">Diam\u00e8tre : <strong data-start=\"730\" data-end=\"739\">60 cm<\/strong><\/p>\n<\/li>\n<li data-start=\"740\" data-end=\"762\">\n<p data-start=\"742\" data-end=\"762\">Couleur : <strong data-start=\"752\" data-end=\"762\">Argent<\/strong><\/p>\n<\/li>\n<li data-start=\"763\" data-end=\"790\">\n<p data-start=\"765\" data-end=\"790\">Nombre de lampes : <strong data-start=\"784\" data-end=\"790\">12<\/strong><\/p>\n<\/li>\n<li data-start=\"791\" data-end=\"817\">\n<p data-start=\"793\" data-end=\"817\">Type d\u2019ampoules : <strong data-start=\"811\" data-end=\"817\">G9<\/strong><\/p>\n<\/li>\n<li data-start=\"818\" data-end=\"843\">\n<p data-start=\"820\" data-end=\"843\">Style : Oriental \/ Luxe<\/p>\n<\/li>\n<li data-start=\"844\" data-end=\"897\">\n<p data-start=\"846\" data-end=\"897\">Id\u00e9al pour : Salon, salle \u00e0 manger, hall, r\u00e9ception<\/p>\n<\/li>\n<\/ul>\n<p data-start=\"899\" data-end=\"1050\">\n","protected":false},"featured_media":272,"comment_status":"open","ping_status":"closed","template":"","meta":{"site-sidebar-layout":"default","site-content-layout":"","ast-site-content-layout":"default","site-content-style":"default","site-sidebar-style":"default","ast-global-header-display":"","ast-banner-title-visibility":"","ast-main-header-display":"","ast-hfb-above-header-display":"","ast-hfb-below-header-display":"","ast-hfb-mobile-header-display":"","site-post-title":"","ast-breadcrumbs-content":"","ast-featured-img":"","footer-sml-layout":"","ast-disable-related-posts":"","theme-transparent-header-meta":"default","adv-header-id-meta":"","stick-header-meta":"","header-above-stick-meta":"","header-main-stick-meta":"","header-below-stick-meta":"","astra-migrate-meta-layouts":"set","ast-page-background-enabled":"default","ast-page-background-meta":{"desktop":{"background-color":"var(--ast-global-color-5)","background-image":"","background-repeat":"repeat","background-position":"center center","background-size":"auto","background-attachment":"scroll","background-type":"","background-media":"","overlay-type":"","overlay-color":"","overlay-opacity":"","overlay-gradient":""},"tablet":{"background-color":"","background-image":"","background-repeat":"repeat","background-position":"center center","background-size":"auto","background-attachment":"scroll","background-type":"","background-media":"","overlay-type":"","overlay-color":"","overlay-opacity":"","overlay-gradient":""},"mobile":{"background-color":"","background-image":"","background-repeat":"repeat","background-position":"center center","background-size":"auto","background-attachment":"scroll","background-type":"","background-media":"","overlay-type":"","overlay-color":"","overlay-opacity":"","overlay-gradient":""}},"ast-content-background-meta":{"desktop":{"background-color":"var(--ast-global-color-4)","background-image":"","background-repeat":"repeat","background-position":"center center","background-size":"auto","background-attachment":"scroll","background-type":"","background-media":"","overlay-type":"","overlay-color":"","overlay-opacity":"","overlay-gradient":""},"tablet":{"background-color":"var(--ast-global-color-4)","background-image":"","background-repeat":"repeat","background-position":"center center","background-size":"auto","background-attachment":"scroll","background-type":"","background-media":"","overlay-type":"","overlay-color":"","overlay-opacity":"","overlay-gradient":""},"mobile":{"background-color":"var(--ast-global-color-4)","background-image":"","background-repeat":"repeat","background-position":"center center","background-size":"auto","background-attachment":"scroll","background-type":"","background-media":"","overlay-type":"","overlay-color":"","overlay-opacity":"","overlay-gradient":""}}},"product_brand":[],"product_cat":[37],"product_tag":[67],"class_list":{"0":"post-336","1":"product","2":"type-product","3":"status-publish","4":"has-post-thumbnail","6":"product_cat-lustres","7":"product_tag-maison","8":"desktop-align-left","9":"tablet-align-left","10":"mobile-align-center","12":"first","13":"instock","14":"taxable","15":"shipping-taxable","16":"purchasable","17":"product-type-simple"},"_links":{"self":[{"href":"https:\/\/dev.lumins.tn\/index.php?rest_route=\/wp\/v2\/product\/336","targetHints":{"allow":["GET"]}}],"collection":[{"href":"https:\/\/dev.lumins.tn\/index.php?rest_route=\/wp\/v2\/product"}],"about":[{"href":"https:\/\/dev.lumins.tn\/index.php?rest_route=\/wp\/v2\/types\/product"}],"replies":[{"embeddable":true,"href":"https:\/\/dev.lumins.tn\/index.php?rest_route=%2Fwp%2Fv2%2Fcomments&post=336"}],"version-history":[{"count":4,"href":"https:\/\/dev.lumins.tn\/index.php?rest_route=\/wp\/v2\/product\/336\/revisions"}],"predecessor-version":[{"id":783,"href":"https:\/\/dev.lumins.tn\/index.php?rest_route=\/wp\/v2\/product\/336\/revisions\/783"}],"wp:featuredmedia":[{"embeddable":true,"href":"https:\/\/dev.lumins.tn\/index.php?rest_route=\/wp\/v2\/media\/272"}],"wp:attachment":[{"href":"https:\/\/dev.lumins.tn\/index.php?rest_route=%2Fwp%2Fv2%2Fmedia&parent=336"}],"wp:term":[{"taxonomy":"product_brand","embeddable":true,"href":"https:\/\/dev.lumins.tn\/index.php?rest_route=%2Fwp%2Fv2%2Fproduct_brand&post=336"},{"taxonomy":"product_cat","embeddable":true,"href":"https:\/\/dev.lumins.tn\/index.php?rest_route=%2Fwp%2Fv2%2Fproduct_cat&post=336"},{"taxonomy":"product_tag","embeddable":true,"href":"https:\/\/dev.lumins.tn\/index.php?rest_route=%2Fwp%2Fv2%2Fproduct_tag&post=336"}],"curies":[{"name":"wp","href":"https:\/\/api.w.org\/{rel}","templated":true}]}}