{"id":1468,"date":"2026-03-31T09:49:51","date_gmt":"2026-03-31T09:49:51","guid":{"rendered":"https:\/\/dev.lumins.tn\/?product=applique-2f-solaire"},"modified":"2026-03-31T09:54:21","modified_gmt":"2026-03-31T09:54:21","slug":"applique-2f-solaire","status":"publish","type":"product","link":"https:\/\/dev.lumins.tn\/?product=applique-2f-solaire","title":{"rendered":"APPLIQUE 2F SOLAIRE"},"content":{"rendered":"<p data-start=\"99\" data-end=\"415\">Optimisez l\u2019\u00e9clairage de vos espaces ext\u00e9rieurs avec l\u2019applique <strong data-start=\"163\" data-end=\"177\">2faisceaux Solaire<\/strong>, une solution moderne, \u00e9cologique et \u00e9conomique. Gr\u00e2ce \u00e0 son syst\u00e8me d\u2019alimentation solaire, elle capte l\u2019\u00e9nergie du soleil durant la journ\u00e9e pour offrir un \u00e9clairage automatique d\u00e8s la tomb\u00e9e de la nuit, sans consommation d\u2019\u00e9lectricit\u00e9.<\/p>\n<p data-start=\"417\" data-end=\"685\">\u00c9quip\u00e9e de deux sources lumineuses (2 faisceaux), cette applique assure une diffusion de lumi\u00e8re plus large et efficace, id\u00e9ale pour s\u00e9curiser et embellir les fa\u00e7ades, jardins, terrasses ou entr\u00e9es. Son design moderne s\u2019adapte facilement \u00e0 tous les styles d\u2019ext\u00e9rieur.<\/p>\n<p data-start=\"687\" data-end=\"917\">Facile \u00e0 installer, sans c\u00e2blage ni travaux, l\u2019applique <strong data-start=\"743\" data-end=\"757\">2F Solaire<\/strong> est parfaite pour une utilisation pratique et durable. Elle r\u00e9siste aux conditions ext\u00e9rieures telles que la pluie, la poussi\u00e8re et les variations climatiques.<\/p>\n","protected":false},"excerpt":{"rendered":"<h3 data-section-id=\"5h14dm\" data-start=\"1187\" data-end=\"1214\"><span role=\"text\"> <strong data-start=\"1194\" data-end=\"1214\">Caract\u00e9ristiques<\/strong><\/span><\/h3>\n<ul data-start=\"1215\" data-end=\"1462\">\n<li data-section-id=\"1ggiu1q\" data-start=\"1215\" data-end=\"1260\">Type : Applique murale ext\u00e9rieure solaire<\/li>\n<li data-section-id=\"1hmkzz6\" data-start=\"1261\" data-end=\"1297\">\u00c9clairage : Double faisceau (2F)<\/li>\n<li data-section-id=\"mgjody\" data-start=\"1298\" data-end=\"1324\">Alimentation : Solaire<\/li>\n<li data-section-id=\"s62qso\" data-start=\"1325\" data-end=\"1352\">Utilisation : Ext\u00e9rieur<\/li>\n<li data-section-id=\"jrb633\" data-start=\"1353\" data-end=\"1391\">Installation : Murale sans c\u00e2blage<\/li>\n<li data-section-id=\"69d3uu\" data-start=\"1392\" data-end=\"1462\">Mat\u00e9riau :\u00a0 plastique<\/li>\n<\/ul>\n","protected":false},"featured_media":1455,"comment_status":"open","ping_status":"closed","template":"","meta":{"site-sidebar-layout":"default","site-content-layout":"","ast-site-content-layout":"default","site-content-style":"default","site-sidebar-style":"default","ast-global-header-display":"","ast-banner-title-visibility":"","ast-main-header-display":"","ast-hfb-above-header-display":"","ast-hfb-below-header-display":"","ast-hfb-mobile-header-display":"","site-post-title":"","ast-breadcrumbs-content":"","ast-featured-img":"","footer-sml-layout":"","ast-disable-related-posts":"","theme-transparent-header-meta":"default","adv-header-id-meta":"","stick-header-meta":"","header-above-stick-meta":"","header-main-stick-meta":"","header-below-stick-meta":"","astra-migrate-meta-layouts":"set","ast-page-background-enabled":"default","ast-page-background-meta":{"desktop":{"background-color":"var(--ast-global-color-5)","background-image":"","background-repeat":"repeat","background-position":"center center","background-size":"auto","background-attachment":"scroll","background-type":"","background-media":"","overlay-type":"","overlay-color":"","overlay-opacity":"","overlay-gradient":""},"tablet":{"background-color":"","background-image":"","background-repeat":"repeat","background-position":"center center","background-size":"auto","background-attachment":"scroll","background-type":"","background-media":"","overlay-type":"","overlay-color":"","overlay-opacity":"","overlay-gradient":""},"mobile":{"background-color":"","background-image":"","background-repeat":"repeat","background-position":"center center","background-size":"auto","background-attachment":"scroll","background-type":"","background-media":"","overlay-type":"","overlay-color":"","overlay-opacity":"","overlay-gradient":""}},"ast-content-background-meta":{"desktop":{"background-color":"var(--ast-global-color-4)","background-image":"","background-repeat":"repeat","background-position":"center center","background-size":"auto","background-attachment":"scroll","background-type":"","background-media":"","overlay-type":"","overlay-color":"","overlay-opacity":"","overlay-gradient":""},"tablet":{"background-color":"var(--ast-global-color-4)","background-image":"","background-repeat":"repeat","background-position":"center center","background-size":"auto","background-attachment":"scroll","background-type":"","background-media":"","overlay-type":"","overlay-color":"","overlay-opacity":"","overlay-gradient":""},"mobile":{"background-color":"var(--ast-global-color-4)","background-image":"","background-repeat":"repeat","background-position":"center center","background-size":"auto","background-attachment":"scroll","background-type":"","background-media":"","overlay-type":"","overlay-color":"","overlay-opacity":"","overlay-gradient":""}}},"product_brand":[],"product_cat":[34,27],"product_tag":[66,69,68],"class_list":{"0":"post-1468","1":"product","2":"type-product","3":"status-publish","4":"has-post-thumbnail","6":"product_cat-appliques-exterieures","7":"product_cat-eclairage","8":"product_tag-jardin","9":"product_tag-terrains-agricoles","10":"product_tag-terrasse","11":"desktop-align-left","12":"tablet-align-left","13":"mobile-align-center","15":"first","16":"instock","17":"taxable","18":"shipping-taxable","19":"purchasable","20":"product-type-simple"},"_links":{"self":[{"href":"https:\/\/dev.lumins.tn\/index.php?rest_route=\/wp\/v2\/product\/1468","targetHints":{"allow":["GET"]}}],"collection":[{"href":"https:\/\/dev.lumins.tn\/index.php?rest_route=\/wp\/v2\/product"}],"about":[{"href":"https:\/\/dev.lumins.tn\/index.php?rest_route=\/wp\/v2\/types\/product"}],"replies":[{"embeddable":true,"href":"https:\/\/dev.lumins.tn\/index.php?rest_route=%2Fwp%2Fv2%2Fcomments&post=1468"}],"version-history":[{"count":2,"href":"https:\/\/dev.lumins.tn\/index.php?rest_route=\/wp\/v2\/product\/1468\/revisions"}],"predecessor-version":[{"id":1470,"href":"https:\/\/dev.lumins.tn\/index.php?rest_route=\/wp\/v2\/product\/1468\/revisions\/1470"}],"wp:featuredmedia":[{"embeddable":true,"href":"https:\/\/dev.lumins.tn\/index.php?rest_route=\/wp\/v2\/media\/1455"}],"wp:attachment":[{"href":"https:\/\/dev.lumins.tn\/index.php?rest_route=%2Fwp%2Fv2%2Fmedia&parent=1468"}],"wp:term":[{"taxonomy":"product_brand","embeddable":true,"href":"https:\/\/dev.lumins.tn\/index.php?rest_route=%2Fwp%2Fv2%2Fproduct_brand&post=1468"},{"taxonomy":"product_cat","embeddable":true,"href":"https:\/\/dev.lumins.tn\/index.php?rest_route=%2Fwp%2Fv2%2Fproduct_cat&post=1468"},{"taxonomy":"product_tag","embeddable":true,"href":"https:\/\/dev.lumins.tn\/index.php?rest_route=%2Fwp%2Fv2%2Fproduct_tag&post=1468"}],"curies":[{"name":"wp","href":"https:\/\/api.w.org\/{rel}","templated":true}]}}