{"id":1429,"date":"2026-03-25T11:18:26","date_gmt":"2026-03-25T11:18:26","guid":{"rendered":"https:\/\/dev.lumins.tn\/?product=abat-jour-vailleuse-simple-beige-marron-vert"},"modified":"2026-03-26T09:36:02","modified_gmt":"2026-03-26T09:36:02","slug":"abat-jour-vailleuse-simple-beige-marron-vert","status":"publish","type":"product","link":"https:\/\/dev.lumins.tn\/?product=abat-jour-vailleuse-simple-beige-marron-vert","title":{"rendered":"ABAT JOUR \/ VAILLEUSE SIMPLE"},"content":{"rendered":"<p data-start=\"142\" data-end=\"335\">Cet abat-jour simple au design \u00e9l\u00e9gant se distingue par son harmonie de couleurs naturelles (beige, marron et vert), parfait pour apporter une touche chaleureuse et apaisante \u00e0 votre int\u00e9rieur.<\/p>\n<p data-start=\"337\" data-end=\"626\">Fabriqu\u00e9 en tissu , il diffuse une lumi\u00e8re douce et agr\u00e9able, id\u00e9ale pour une chambre, un salon ou une veilleuse de chevet. Sa couleur beige permet une <strong data-start=\"503\" data-end=\"546\">diffusion lumineuse homog\u00e8ne et tamis\u00e9e<\/strong>, cr\u00e9ant une ambiance cosy et relaxante.<\/p>\n<p data-start=\"628\" data-end=\"794\">La couleur de tons marron ,vert\u00a0 et beige ajoute une note naturelle et moderne, s\u2019int\u00e9grant facilement dans diff\u00e9rents styles de d\u00e9coration : boh\u00e8me, scandinave ou classique.<\/p>\n","protected":false},"excerpt":{"rendered":"<p data-start=\"796\" data-end=\"823\">\u2714\ufe0f <strong data-start=\"799\" data-end=\"821\">Caract\u00e9ristiques :<\/strong><\/p>\n<ul data-start=\"824\" data-end=\"1073\">\n<li data-section-id=\"wesxzi\" data-start=\"824\" data-end=\"863\">Type : Abat-jour \/ veilleuse simple<\/li>\n<li data-section-id=\"go0abm\" data-start=\"864\" data-end=\"900\">Couleurs : Beige \/ Marron \/ Vert<\/li>\n<li data-section-id=\"oijcgt\" data-start=\"901\" data-end=\"935\">Mati\u00e8re : Tissu<\/li>\n<li data-section-id=\"1hgvugc\" data-start=\"936\" data-end=\"965\">Style : Naturel &amp; moderne<\/li>\n<li data-section-id=\"1hbi1xh\" data-start=\"966\" data-end=\"1027\">Utilisation : Lampe de chevet, veilleuse, lampe d\u2019appoint<\/li>\n<li data-section-id=\"8zxto2\" data-start=\"1028\" data-end=\"1073\">Lumi\u00e8re : Douce, chaleureuse et reposante\u00a0 \u00a0 \u00a0 \u00a0 \u00a0 \u00a0 \u00a0 \u00a0 \u00a0 \u00a0 \u00a0 \u00a0 \u00a0 \u00a0 \u00a0 \u00a0 \u00a0 \u00a0 \u00a0 \u00a0 \u00a0 \u00a0 \u00a0 \u00a0 \u00a0 \u00a0 \u00a0 \u00a0 \u00a0 \u00a0 \u00a0 \u00a0 \u00a0 \u00a0 \u00a0 \u00a0 \u00a0 \u00a0 \u00a0 \u00a0 \u00a0 \u00a0 \u00a0 \u00a0 \u00a0 \u00a0 \u00a0 \u00a0 \u00a0 \u00a0 \u00a0 \u00a0 \u00a0 \u00a0 \u00a0 \u00a0 \u00a0 \u00a0 \u00a0 \u00a0 \u00a0 \u00a0 \u00a0 \u00a0 \u00a0 \u00a0 \u00a0 \u00a0 \u00a0 \u00a0 \u00a0 \u00a0 \u00a0 \u00a0 \u00a0 \u00a0 \u00a0 \u00a0 \u00a0 \u00a0 \u00a0 \u00a0 \u00a0 \u00a0 \u00a0 \u00a0 \u00a0 \u00a0 \u00a0 \u00a0 \u00a0 \u00a0 \u00a0 \u00a0 \u00a0 \u00a0 \u00a0 \u00a0 \u00a0 \u00a0 \u00a0 \u00a0 \u00a0 \u00a0 Id\u00e9al pour chambre, bureau ou salon<\/li>\n<\/ul>\n","protected":false},"featured_media":1420,"comment_status":"open","ping_status":"closed","template":"","meta":{"site-sidebar-layout":"default","site-content-layout":"","ast-site-content-layout":"default","site-content-style":"default","site-sidebar-style":"default","ast-global-header-display":"","ast-banner-title-visibility":"","ast-main-header-display":"","ast-hfb-above-header-display":"","ast-hfb-below-header-display":"","ast-hfb-mobile-header-display":"","site-post-title":"","ast-breadcrumbs-content":"","ast-featured-img":"","footer-sml-layout":"","ast-disable-related-posts":"","theme-transparent-header-meta":"","adv-header-id-meta":"","stick-header-meta":"","header-above-stick-meta":"","header-main-stick-meta":"","header-below-stick-meta":"","astra-migrate-meta-layouts":"default","ast-page-background-enabled":"default","ast-page-background-meta":{"desktop":{"background-color":"var(--ast-global-color-5)","background-image":"","background-repeat":"repeat","background-position":"center center","background-size":"auto","background-attachment":"scroll","background-type":"","background-media":"","overlay-type":"","overlay-color":"","overlay-opacity":"","overlay-gradient":""},"tablet":{"background-color":"","background-image":"","background-repeat":"repeat","background-position":"center center","background-size":"auto","background-attachment":"scroll","background-type":"","background-media":"","overlay-type":"","overlay-color":"","overlay-opacity":"","overlay-gradient":""},"mobile":{"background-color":"","background-image":"","background-repeat":"repeat","background-position":"center center","background-size":"auto","background-attachment":"scroll","background-type":"","background-media":"","overlay-type":"","overlay-color":"","overlay-opacity":"","overlay-gradient":""}},"ast-content-background-meta":{"desktop":{"background-color":"var(--ast-global-color-4)","background-image":"","background-repeat":"repeat","background-position":"center center","background-size":"auto","background-attachment":"scroll","background-type":"","background-media":"","overlay-type":"","overlay-color":"","overlay-opacity":"","overlay-gradient":""},"tablet":{"background-color":"var(--ast-global-color-4)","background-image":"","background-repeat":"repeat","background-position":"center center","background-size":"auto","background-attachment":"scroll","background-type":"","background-media":"","overlay-type":"","overlay-color":"","overlay-opacity":"","overlay-gradient":""},"mobile":{"background-color":"var(--ast-global-color-4)","background-image":"","background-repeat":"repeat","background-position":"center center","background-size":"auto","background-attachment":"scroll","background-type":"","background-media":"","overlay-type":"","overlay-color":"","overlay-opacity":"","overlay-gradient":""}}},"product_brand":[],"product_cat":[33,27],"product_tag":[76,72],"class_list":{"0":"post-1429","1":"product","2":"type-product","3":"status-publish","4":"has-post-thumbnail","6":"product_cat-appliques-interieures","7":"product_cat-eclairage","8":"product_tag-bureau","9":"product_tag-chambre","10":"desktop-align-left","11":"tablet-align-left","12":"mobile-align-center","14":"first","15":"instock","16":"taxable","17":"shipping-taxable","18":"purchasable","19":"product-type-simple"},"_links":{"self":[{"href":"https:\/\/dev.lumins.tn\/index.php?rest_route=\/wp\/v2\/product\/1429","targetHints":{"allow":["GET"]}}],"collection":[{"href":"https:\/\/dev.lumins.tn\/index.php?rest_route=\/wp\/v2\/product"}],"about":[{"href":"https:\/\/dev.lumins.tn\/index.php?rest_route=\/wp\/v2\/types\/product"}],"replies":[{"embeddable":true,"href":"https:\/\/dev.lumins.tn\/index.php?rest_route=%2Fwp%2Fv2%2Fcomments&post=1429"}],"version-history":[{"count":2,"href":"https:\/\/dev.lumins.tn\/index.php?rest_route=\/wp\/v2\/product\/1429\/revisions"}],"predecessor-version":[{"id":1430,"href":"https:\/\/dev.lumins.tn\/index.php?rest_route=\/wp\/v2\/product\/1429\/revisions\/1430"}],"wp:featuredmedia":[{"embeddable":true,"href":"https:\/\/dev.lumins.tn\/index.php?rest_route=\/wp\/v2\/media\/1420"}],"wp:attachment":[{"href":"https:\/\/dev.lumins.tn\/index.php?rest_route=%2Fwp%2Fv2%2Fmedia&parent=1429"}],"wp:term":[{"taxonomy":"product_brand","embeddable":true,"href":"https:\/\/dev.lumins.tn\/index.php?rest_route=%2Fwp%2Fv2%2Fproduct_brand&post=1429"},{"taxonomy":"product_cat","embeddable":true,"href":"https:\/\/dev.lumins.tn\/index.php?rest_route=%2Fwp%2Fv2%2Fproduct_cat&post=1429"},{"taxonomy":"product_tag","embeddable":true,"href":"https:\/\/dev.lumins.tn\/index.php?rest_route=%2Fwp%2Fv2%2Fproduct_tag&post=1429"}],"curies":[{"name":"wp","href":"https:\/\/api.w.org\/{rel}","templated":true}]}}