{"id":1395,"date":"2026-03-16T13:00:40","date_gmt":"2026-03-16T13:00:40","guid":{"rendered":"https:\/\/dev.lumins.tn\/?product=plafonier-p37-27cm"},"modified":"2026-03-16T13:05:12","modified_gmt":"2026-03-16T13:05:12","slug":"plafonier-p37-27cm","status":"publish","type":"product","link":"https:\/\/dev.lumins.tn\/?product=plafonier-p37-27cm","title":{"rendered":"PLAFONIER CERCLE D&rsquo;ECLAT 27CM"},"content":{"rendered":"<p class=\"isSelectedEnd\">Apportez une touche lumineuse et moderne \u00e0 votre int\u00e9rieur avec le <strong>Plafonnier Cercle d\u2019\u00c9clat 27 cm<\/strong>. Son design en forme de cercle \u00e9l\u00e9gant diffuse la lumi\u00e8re de mani\u00e8re homog\u00e8ne, cr\u00e9ant une ambiance chaleureuse et contemporaine dans votre salon, chambre ou bureau.<\/p>\n<p>\u00c9quip\u00e9 de <strong>LED avec 3 tons de lumi\u00e8re<\/strong> \u2013 <strong>blanc , lumi\u00e8re du jour et jaune<\/strong> .<\/p>\n","protected":false},"excerpt":{"rendered":"<p class=\"isSelectedEnd\"><strong>Caract\u00e9ristiques :<\/strong><\/p>\n<ul data-spread=\"false\">\n<li>\n<p class=\"isSelectedEnd\">Diam\u00e8tre : 27 cm<\/p>\n<\/li>\n<li>\n<p class=\"isSelectedEnd\">Couleur : Blanc \/ finition moderne<\/p>\n<\/li>\n<li>\n<p class=\"isSelectedEnd\">\u00c9clairage : LED \u00e9conomique et durable<\/p>\n<\/li>\n<li>\n<p class=\"isSelectedEnd\">Modes : 3 tons de lumi\u00e8re (blanc \/ jaune \/lumiere du jour)<\/p>\n<\/li>\n<li>\n<p class=\"isSelectedEnd\">Style : design circulaire moderne<\/p>\n<\/li>\n<li>Installation : facile au plafond<\/li>\n<\/ul>\n","protected":false},"featured_media":1303,"comment_status":"open","ping_status":"closed","template":"","meta":{"site-sidebar-layout":"default","site-content-layout":"","ast-site-content-layout":"default","site-content-style":"default","site-sidebar-style":"default","ast-global-header-display":"","ast-banner-title-visibility":"","ast-main-header-display":"","ast-hfb-above-header-display":"","ast-hfb-below-header-display":"","ast-hfb-mobile-header-display":"","site-post-title":"","ast-breadcrumbs-content":"","ast-featured-img":"","footer-sml-layout":"","ast-disable-related-posts":"","theme-transparent-header-meta":"default","adv-header-id-meta":"","stick-header-meta":"","header-above-stick-meta":"","header-main-stick-meta":"","header-below-stick-meta":"","astra-migrate-meta-layouts":"set","ast-page-background-enabled":"default","ast-page-background-meta":{"desktop":{"background-color":"var(--ast-global-color-5)","background-image":"","background-repeat":"repeat","background-position":"center center","background-size":"auto","background-attachment":"scroll","background-type":"","background-media":"","overlay-type":"","overlay-color":"","overlay-opacity":"","overlay-gradient":""},"tablet":{"background-color":"","background-image":"","background-repeat":"repeat","background-position":"center center","background-size":"auto","background-attachment":"scroll","background-type":"","background-media":"","overlay-type":"","overlay-color":"","overlay-opacity":"","overlay-gradient":""},"mobile":{"background-color":"","background-image":"","background-repeat":"repeat","background-position":"center center","background-size":"auto","background-attachment":"scroll","background-type":"","background-media":"","overlay-type":"","overlay-color":"","overlay-opacity":"","overlay-gradient":""}},"ast-content-background-meta":{"desktop":{"background-color":"var(--ast-global-color-4)","background-image":"","background-repeat":"repeat","background-position":"center center","background-size":"auto","background-attachment":"scroll","background-type":"","background-media":"","overlay-type":"","overlay-color":"","overlay-opacity":"","overlay-gradient":""},"tablet":{"background-color":"var(--ast-global-color-4)","background-image":"","background-repeat":"repeat","background-position":"center center","background-size":"auto","background-attachment":"scroll","background-type":"","background-media":"","overlay-type":"","overlay-color":"","overlay-opacity":"","overlay-gradient":""},"mobile":{"background-color":"var(--ast-global-color-4)","background-image":"","background-repeat":"repeat","background-position":"center center","background-size":"auto","background-attachment":"scroll","background-type":"","background-media":"","overlay-type":"","overlay-color":"","overlay-opacity":"","overlay-gradient":""}}},"product_brand":[],"product_cat":[27,41],"product_tag":[76,72,81,73],"class_list":{"0":"post-1395","1":"product","2":"type-product","3":"status-publish","4":"has-post-thumbnail","6":"product_cat-eclairage","7":"product_cat-plafonnier","8":"product_tag-bureau","9":"product_tag-chambre","10":"product_tag-hall-dentree","11":"product_tag-salon","12":"desktop-align-left","13":"tablet-align-left","14":"mobile-align-center","16":"first","17":"instock","18":"taxable","19":"shipping-taxable","20":"purchasable","21":"product-type-simple"},"_links":{"self":[{"href":"https:\/\/dev.lumins.tn\/index.php?rest_route=\/wp\/v2\/product\/1395","targetHints":{"allow":["GET"]}}],"collection":[{"href":"https:\/\/dev.lumins.tn\/index.php?rest_route=\/wp\/v2\/product"}],"about":[{"href":"https:\/\/dev.lumins.tn\/index.php?rest_route=\/wp\/v2\/types\/product"}],"replies":[{"embeddable":true,"href":"https:\/\/dev.lumins.tn\/index.php?rest_route=%2Fwp%2Fv2%2Fcomments&post=1395"}],"version-history":[{"count":2,"href":"https:\/\/dev.lumins.tn\/index.php?rest_route=\/wp\/v2\/product\/1395\/revisions"}],"predecessor-version":[{"id":1397,"href":"https:\/\/dev.lumins.tn\/index.php?rest_route=\/wp\/v2\/product\/1395\/revisions\/1397"}],"wp:featuredmedia":[{"embeddable":true,"href":"https:\/\/dev.lumins.tn\/index.php?rest_route=\/wp\/v2\/media\/1303"}],"wp:attachment":[{"href":"https:\/\/dev.lumins.tn\/index.php?rest_route=%2Fwp%2Fv2%2Fmedia&parent=1395"}],"wp:term":[{"taxonomy":"product_brand","embeddable":true,"href":"https:\/\/dev.lumins.tn\/index.php?rest_route=%2Fwp%2Fv2%2Fproduct_brand&post=1395"},{"taxonomy":"product_cat","embeddable":true,"href":"https:\/\/dev.lumins.tn\/index.php?rest_route=%2Fwp%2Fv2%2Fproduct_cat&post=1395"},{"taxonomy":"product_tag","embeddable":true,"href":"https:\/\/dev.lumins.tn\/index.php?rest_route=%2Fwp%2Fv2%2Fproduct_tag&post=1395"}],"curies":[{"name":"wp","href":"https:\/\/api.w.org\/{rel}","templated":true}]}}