{"id":1392,"date":"2026-03-16T12:51:05","date_gmt":"2026-03-16T12:51:05","guid":{"rendered":"https:\/\/dev.lumins.tn\/?product=plafonier-contour-noir-p39-40cm-commande"},"modified":"2026-03-16T12:55:08","modified_gmt":"2026-03-16T12:55:08","slug":"plafonier-contour-noir-p39-40cm-commande","status":"publish","type":"product","link":"https:\/\/dev.lumins.tn\/?product=plafonier-contour-noir-p39-40cm-commande","title":{"rendered":"PLAFONIER BLACK GLOW 40CM + COMMANDE"},"content":{"rendered":"<p class=\"isSelectedEnd\">Apportez un style moderne et \u00e9l\u00e9gant \u00e0 votre int\u00e9rieur avec le <strong>Plafonnier Black Glow 40 cm<\/strong>. Son design noir contemporain et raffin\u00e9 s\u2019int\u00e8gre parfaitement dans un salon, une chambre, une salle \u00e0 manger ou un bureau.<\/p>\n<p>\u00c9quip\u00e9 d\u2019un <strong>\u00e9clairage LED avec 3 tons de lumi\u00e8re<\/strong> \u2013 <strong>blanc , lumi\u00e8re du jour et jaune<\/strong>\u00a0\u2013 ce plafonnier vous permet de cr\u00e9er facilement l\u2019ambiance souhait\u00e9e. La <strong>t\u00e9l\u00e9commande incluse<\/strong> offre un contr\u00f4le simple et pratique pour allumer\/\u00e9teindre la lumi\u00e8re et changer le ton selon vos besoins.<\/p>\n","protected":false},"excerpt":{"rendered":"<p class=\"isSelectedEnd\"><strong>Caract\u00e9ristiques :<\/strong><\/p>\n<ul data-spread=\"false\">\n<li>\n<p class=\"isSelectedEnd\">Diam\u00e8tre : 40 cm<\/p>\n<\/li>\n<li>\n<p class=\"isSelectedEnd\">Couleur : Noir<\/p>\n<\/li>\n<li>\n<p class=\"isSelectedEnd\">\u00c9clairage : LED \u00e9conomique et durable<\/p>\n<\/li>\n<li>\n<p class=\"isSelectedEnd\">Modes : 3 tons de lumi\u00e8re (blanc\u00a0 \/ jaune \/ lumiere du jour)<\/p>\n<\/li>\n<li>\n<p class=\"isSelectedEnd\">T\u00e9l\u00e9commande : incluse<\/p>\n<\/li>\n<li>\n<p class=\"isSelectedEnd\">Style : design moderne et \u00e9l\u00e9gant<\/p>\n<\/li>\n<li>Installation : montage facile au plafond<\/li>\n<\/ul>\n","protected":false},"featured_media":1321,"comment_status":"open","ping_status":"closed","template":"","meta":{"site-sidebar-layout":"default","site-content-layout":"","ast-site-content-layout":"default","site-content-style":"default","site-sidebar-style":"default","ast-global-header-display":"","ast-banner-title-visibility":"","ast-main-header-display":"","ast-hfb-above-header-display":"","ast-hfb-below-header-display":"","ast-hfb-mobile-header-display":"","site-post-title":"","ast-breadcrumbs-content":"","ast-featured-img":"","footer-sml-layout":"","ast-disable-related-posts":"","theme-transparent-header-meta":"default","adv-header-id-meta":"","stick-header-meta":"","header-above-stick-meta":"","header-main-stick-meta":"","header-below-stick-meta":"","astra-migrate-meta-layouts":"set","ast-page-background-enabled":"default","ast-page-background-meta":{"desktop":{"background-color":"var(--ast-global-color-5)","background-image":"","background-repeat":"repeat","background-position":"center center","background-size":"auto","background-attachment":"scroll","background-type":"","background-media":"","overlay-type":"","overlay-color":"","overlay-opacity":"","overlay-gradient":""},"tablet":{"background-color":"","background-image":"","background-repeat":"repeat","background-position":"center center","background-size":"auto","background-attachment":"scroll","background-type":"","background-media":"","overlay-type":"","overlay-color":"","overlay-opacity":"","overlay-gradient":""},"mobile":{"background-color":"","background-image":"","background-repeat":"repeat","background-position":"center center","background-size":"auto","background-attachment":"scroll","background-type":"","background-media":"","overlay-type":"","overlay-color":"","overlay-opacity":"","overlay-gradient":""}},"ast-content-background-meta":{"desktop":{"background-color":"var(--ast-global-color-4)","background-image":"","background-repeat":"repeat","background-position":"center center","background-size":"auto","background-attachment":"scroll","background-type":"","background-media":"","overlay-type":"","overlay-color":"","overlay-opacity":"","overlay-gradient":""},"tablet":{"background-color":"var(--ast-global-color-4)","background-image":"","background-repeat":"repeat","background-position":"center center","background-size":"auto","background-attachment":"scroll","background-type":"","background-media":"","overlay-type":"","overlay-color":"","overlay-opacity":"","overlay-gradient":""},"mobile":{"background-color":"var(--ast-global-color-4)","background-image":"","background-repeat":"repeat","background-position":"center center","background-size":"auto","background-attachment":"scroll","background-type":"","background-media":"","overlay-type":"","overlay-color":"","overlay-opacity":"","overlay-gradient":""}}},"product_brand":[],"product_cat":[27,41],"product_tag":[76,72,81,73],"class_list":{"0":"post-1392","1":"product","2":"type-product","3":"status-publish","4":"has-post-thumbnail","6":"product_cat-eclairage","7":"product_cat-plafonnier","8":"product_tag-bureau","9":"product_tag-chambre","10":"product_tag-hall-dentree","11":"product_tag-salon","12":"desktop-align-left","13":"tablet-align-left","14":"mobile-align-center","16":"first","17":"instock","18":"taxable","19":"shipping-taxable","20":"purchasable","21":"product-type-simple"},"_links":{"self":[{"href":"https:\/\/dev.lumins.tn\/index.php?rest_route=\/wp\/v2\/product\/1392","targetHints":{"allow":["GET"]}}],"collection":[{"href":"https:\/\/dev.lumins.tn\/index.php?rest_route=\/wp\/v2\/product"}],"about":[{"href":"https:\/\/dev.lumins.tn\/index.php?rest_route=\/wp\/v2\/types\/product"}],"replies":[{"embeddable":true,"href":"https:\/\/dev.lumins.tn\/index.php?rest_route=%2Fwp%2Fv2%2Fcomments&post=1392"}],"version-history":[{"count":2,"href":"https:\/\/dev.lumins.tn\/index.php?rest_route=\/wp\/v2\/product\/1392\/revisions"}],"predecessor-version":[{"id":1394,"href":"https:\/\/dev.lumins.tn\/index.php?rest_route=\/wp\/v2\/product\/1392\/revisions\/1394"}],"wp:featuredmedia":[{"embeddable":true,"href":"https:\/\/dev.lumins.tn\/index.php?rest_route=\/wp\/v2\/media\/1321"}],"wp:attachment":[{"href":"https:\/\/dev.lumins.tn\/index.php?rest_route=%2Fwp%2Fv2%2Fmedia&parent=1392"}],"wp:term":[{"taxonomy":"product_brand","embeddable":true,"href":"https:\/\/dev.lumins.tn\/index.php?rest_route=%2Fwp%2Fv2%2Fproduct_brand&post=1392"},{"taxonomy":"product_cat","embeddable":true,"href":"https:\/\/dev.lumins.tn\/index.php?rest_route=%2Fwp%2Fv2%2Fproduct_cat&post=1392"},{"taxonomy":"product_tag","embeddable":true,"href":"https:\/\/dev.lumins.tn\/index.php?rest_route=%2Fwp%2Fv2%2Fproduct_tag&post=1392"}],"curies":[{"name":"wp","href":"https:\/\/api.w.org\/{rel}","templated":true}]}}