{"id":1377,"date":"2026-03-14T11:35:45","date_gmt":"2026-03-14T11:35:45","guid":{"rendered":"https:\/\/dev.lumins.tn\/?product=plafonier-touche-dore-p35-50cm-commande"},"modified":"2026-03-16T09:44:23","modified_gmt":"2026-03-16T09:44:23","slug":"plafonier-touche-dore-p35-50cm-commande","status":"publish","type":"product","link":"https:\/\/dev.lumins.tn\/?product=plafonier-touche-dore-p35-50cm-commande","title":{"rendered":"PLAFONIER GOLDTOUCHE 50CM"},"content":{"rendered":"<p class=\"isSelectedEnd\">Apportez une touche d\u2019\u00e9l\u00e9gance et de modernit\u00e9 \u00e0 votre int\u00e9rieur avec le <strong>Plafonnier GoldTouche 50 cm<\/strong>. Son design raffin\u00e9 avec finition dor\u00e9e s\u2019int\u00e8gre parfaitement dans les salons, chambres, salles \u00e0 manger ou bureaux modernes.<\/p>\n<p>Gr\u00e2ce \u00e0 sa <strong>commande (t\u00e9l\u00e9commande)<\/strong>, vous pouvez contr\u00f4ler facilement l\u2019\u00e9clairage : allumer\/\u00e9teindre la lumi\u00e8re, ou changer l\u2019ambiance lumineuse selon vos besoins.<\/p>\n","protected":false},"excerpt":{"rendered":"<p class=\"isSelectedEnd\"><strong>Caract\u00e9ristiques :<\/strong><\/p>\n<ul data-spread=\"false\">\n<li>\n<p class=\"isSelectedEnd\">Diam\u00e8tre : 50 cm<\/p>\n<\/li>\n<li>\n<p class=\"isSelectedEnd\">Couleur : finition dor\u00e9e \u00e9l\u00e9gante<\/p>\n<\/li>\n<li>\n<p class=\"isSelectedEnd\">\u00c9clairage : LED moderne et \u00e9conomique<\/p>\n<\/li>\n<li>\n<p class=\"isSelectedEnd\">Contr\u00f4le : t\u00e9l\u00e9commande incluse<\/p>\n<\/li>\n<li>\n<p class=\"isSelectedEnd\">Style : moderne et d\u00e9coratif<\/p>\n<\/li>\n<li>Installation : facile au plafond<\/li>\n<\/ul>\n","protected":false},"featured_media":1317,"comment_status":"open","ping_status":"closed","template":"","meta":{"site-sidebar-layout":"default","site-content-layout":"","ast-site-content-layout":"default","site-content-style":"default","site-sidebar-style":"default","ast-global-header-display":"","ast-banner-title-visibility":"","ast-main-header-display":"","ast-hfb-above-header-display":"","ast-hfb-below-header-display":"","ast-hfb-mobile-header-display":"","site-post-title":"","ast-breadcrumbs-content":"","ast-featured-img":"","footer-sml-layout":"","ast-disable-related-posts":"","theme-transparent-header-meta":"default","adv-header-id-meta":"","stick-header-meta":"","header-above-stick-meta":"","header-main-stick-meta":"","header-below-stick-meta":"","astra-migrate-meta-layouts":"set","ast-page-background-enabled":"default","ast-page-background-meta":{"desktop":{"background-color":"var(--ast-global-color-5)","background-image":"","background-repeat":"repeat","background-position":"center center","background-size":"auto","background-attachment":"scroll","background-type":"","background-media":"","overlay-type":"","overlay-color":"","overlay-opacity":"","overlay-gradient":""},"tablet":{"background-color":"","background-image":"","background-repeat":"repeat","background-position":"center center","background-size":"auto","background-attachment":"scroll","background-type":"","background-media":"","overlay-type":"","overlay-color":"","overlay-opacity":"","overlay-gradient":""},"mobile":{"background-color":"","background-image":"","background-repeat":"repeat","background-position":"center center","background-size":"auto","background-attachment":"scroll","background-type":"","background-media":"","overlay-type":"","overlay-color":"","overlay-opacity":"","overlay-gradient":""}},"ast-content-background-meta":{"desktop":{"background-color":"var(--ast-global-color-4)","background-image":"","background-repeat":"repeat","background-position":"center center","background-size":"auto","background-attachment":"scroll","background-type":"","background-media":"","overlay-type":"","overlay-color":"","overlay-opacity":"","overlay-gradient":""},"tablet":{"background-color":"var(--ast-global-color-4)","background-image":"","background-repeat":"repeat","background-position":"center center","background-size":"auto","background-attachment":"scroll","background-type":"","background-media":"","overlay-type":"","overlay-color":"","overlay-opacity":"","overlay-gradient":""},"mobile":{"background-color":"var(--ast-global-color-4)","background-image":"","background-repeat":"repeat","background-position":"center center","background-size":"auto","background-attachment":"scroll","background-type":"","background-media":"","overlay-type":"","overlay-color":"","overlay-opacity":"","overlay-gradient":""}}},"product_brand":[],"product_cat":[27,41],"product_tag":[76,72,81,73],"class_list":{"0":"post-1377","1":"product","2":"type-product","3":"status-publish","4":"has-post-thumbnail","6":"product_cat-eclairage","7":"product_cat-plafonnier","8":"product_tag-bureau","9":"product_tag-chambre","10":"product_tag-hall-dentree","11":"product_tag-salon","12":"desktop-align-left","13":"tablet-align-left","14":"mobile-align-center","16":"first","17":"instock","18":"taxable","19":"shipping-taxable","20":"purchasable","21":"product-type-simple"},"_links":{"self":[{"href":"https:\/\/dev.lumins.tn\/index.php?rest_route=\/wp\/v2\/product\/1377","targetHints":{"allow":["GET"]}}],"collection":[{"href":"https:\/\/dev.lumins.tn\/index.php?rest_route=\/wp\/v2\/product"}],"about":[{"href":"https:\/\/dev.lumins.tn\/index.php?rest_route=\/wp\/v2\/types\/product"}],"replies":[{"embeddable":true,"href":"https:\/\/dev.lumins.tn\/index.php?rest_route=%2Fwp%2Fv2%2Fcomments&post=1377"}],"version-history":[{"count":2,"href":"https:\/\/dev.lumins.tn\/index.php?rest_route=\/wp\/v2\/product\/1377\/revisions"}],"predecessor-version":[{"id":1384,"href":"https:\/\/dev.lumins.tn\/index.php?rest_route=\/wp\/v2\/product\/1377\/revisions\/1384"}],"wp:featuredmedia":[{"embeddable":true,"href":"https:\/\/dev.lumins.tn\/index.php?rest_route=\/wp\/v2\/media\/1317"}],"wp:attachment":[{"href":"https:\/\/dev.lumins.tn\/index.php?rest_route=%2Fwp%2Fv2%2Fmedia&parent=1377"}],"wp:term":[{"taxonomy":"product_brand","embeddable":true,"href":"https:\/\/dev.lumins.tn\/index.php?rest_route=%2Fwp%2Fv2%2Fproduct_brand&post=1377"},{"taxonomy":"product_cat","embeddable":true,"href":"https:\/\/dev.lumins.tn\/index.php?rest_route=%2Fwp%2Fv2%2Fproduct_cat&post=1377"},{"taxonomy":"product_tag","embeddable":true,"href":"https:\/\/dev.lumins.tn\/index.php?rest_route=%2Fwp%2Fv2%2Fproduct_tag&post=1377"}],"curies":[{"name":"wp","href":"https:\/\/api.w.org\/{rel}","templated":true}]}}