{"id":1370,"date":"2026-03-14T11:05:10","date_gmt":"2026-03-14T11:05:10","guid":{"rendered":"https:\/\/dev.lumins.tn\/?product=plafonier-p29-40cm-commande"},"modified":"2026-03-14T11:16:16","modified_gmt":"2026-03-14T11:16:16","slug":"plafonier-p29-40cm-commande","status":"publish","type":"product","link":"https:\/\/dev.lumins.tn\/?product=plafonier-p29-40cm-commande","title":{"rendered":"PLAFONIER ROUNDLUX 40CM"},"content":{"rendered":"<p class=\"isSelectedEnd\">Le <strong>plafonnier ROUNDLUX<\/strong> se distingue par son <strong>design rond moderne et \u00e9l\u00e9gant<\/strong>, id\u00e9al pour apporter une touche de style et de luminosit\u00e9 \u00e0 votre int\u00e9rieur. Sa forme circulaire et sa finition soign\u00e9e s\u2019int\u00e8grent parfaitement dans les salons, chambres, couloirs ou bureaux.<\/p>\n<p class=\"isSelectedEnd\">Avec un <strong>diam\u00e8tre de 40 cm<\/strong>, ce plafonnier offre un \u00e9clairage large et homog\u00e8ne pour illuminer efficacement vos espaces. Il est \u00e9quip\u00e9 d\u2019une <strong>commande (t\u00e9l\u00e9commande)<\/strong> permettant de changer facilement les <strong>3 tons de lumi\u00e8re<\/strong> : lumi\u00e8re jaune, lumi\u00e8re du jour et lumi\u00e8re blanc selon l\u2019ambiance souhait\u00e9e.<\/p>\n<p>Gr\u00e2ce \u00e0 sa technologie <strong>LED \u00e9conomique et durable<\/strong>, le <strong>plafonnier ROUNDLUX<\/strong> assure une excellente luminosit\u00e9 tout en r\u00e9duisant la consommation d\u2019\u00e9nergie.<\/p>\n","protected":false},"excerpt":{"rendered":"<p class=\"isSelectedEnd\"><strong>Caract\u00e9ristiques :<\/strong><\/p>\n<ul data-spread=\"false\">\n<li>\n<p class=\"isSelectedEnd\">Mod\u00e8le : ROUNDLUX<\/p>\n<\/li>\n<li>\n<p class=\"isSelectedEnd\">Diam\u00e8tre : 40 cm<\/p>\n<\/li>\n<li>\n<p class=\"isSelectedEnd\">\u00c9clairage : LED \u2013 3 tons (jaune \/ blanc \/ lumiere du jour)<\/p>\n<\/li>\n<li>\n<p class=\"isSelectedEnd\">Commande : T\u00e9l\u00e9commande incluse<\/p>\n<\/li>\n<li>\n<p class=\"isSelectedEnd\">Type : Plafonnier rond moderne<\/p>\n<\/li>\n<li>Utilisation : Salon, chambre, couloir, bureau<\/li>\n<\/ul>\n","protected":false},"featured_media":1294,"comment_status":"open","ping_status":"closed","template":"","meta":{"site-sidebar-layout":"default","site-content-layout":"","ast-site-content-layout":"default","site-content-style":"default","site-sidebar-style":"default","ast-global-header-display":"","ast-banner-title-visibility":"","ast-main-header-display":"","ast-hfb-above-header-display":"","ast-hfb-below-header-display":"","ast-hfb-mobile-header-display":"","site-post-title":"","ast-breadcrumbs-content":"","ast-featured-img":"","footer-sml-layout":"","ast-disable-related-posts":"","theme-transparent-header-meta":"default","adv-header-id-meta":"","stick-header-meta":"","header-above-stick-meta":"","header-main-stick-meta":"","header-below-stick-meta":"","astra-migrate-meta-layouts":"set","ast-page-background-enabled":"default","ast-page-background-meta":{"desktop":{"background-color":"var(--ast-global-color-5)","background-image":"","background-repeat":"repeat","background-position":"center center","background-size":"auto","background-attachment":"scroll","background-type":"","background-media":"","overlay-type":"","overlay-color":"","overlay-opacity":"","overlay-gradient":""},"tablet":{"background-color":"","background-image":"","background-repeat":"repeat","background-position":"center center","background-size":"auto","background-attachment":"scroll","background-type":"","background-media":"","overlay-type":"","overlay-color":"","overlay-opacity":"","overlay-gradient":""},"mobile":{"background-color":"","background-image":"","background-repeat":"repeat","background-position":"center center","background-size":"auto","background-attachment":"scroll","background-type":"","background-media":"","overlay-type":"","overlay-color":"","overlay-opacity":"","overlay-gradient":""}},"ast-content-background-meta":{"desktop":{"background-color":"var(--ast-global-color-4)","background-image":"","background-repeat":"repeat","background-position":"center center","background-size":"auto","background-attachment":"scroll","background-type":"","background-media":"","overlay-type":"","overlay-color":"","overlay-opacity":"","overlay-gradient":""},"tablet":{"background-color":"var(--ast-global-color-4)","background-image":"","background-repeat":"repeat","background-position":"center center","background-size":"auto","background-attachment":"scroll","background-type":"","background-media":"","overlay-type":"","overlay-color":"","overlay-opacity":"","overlay-gradient":""},"mobile":{"background-color":"var(--ast-global-color-4)","background-image":"","background-repeat":"repeat","background-position":"center center","background-size":"auto","background-attachment":"scroll","background-type":"","background-media":"","overlay-type":"","overlay-color":"","overlay-opacity":"","overlay-gradient":""}}},"product_brand":[],"product_cat":[27,41],"product_tag":[76,72,81,73],"class_list":{"0":"post-1370","1":"product","2":"type-product","3":"status-publish","4":"has-post-thumbnail","6":"product_cat-eclairage","7":"product_cat-plafonnier","8":"product_tag-bureau","9":"product_tag-chambre","10":"product_tag-hall-dentree","11":"product_tag-salon","12":"desktop-align-left","13":"tablet-align-left","14":"mobile-align-center","16":"first","17":"instock","18":"taxable","19":"shipping-taxable","20":"purchasable","21":"product-type-simple"},"_links":{"self":[{"href":"https:\/\/dev.lumins.tn\/index.php?rest_route=\/wp\/v2\/product\/1370","targetHints":{"allow":["GET"]}}],"collection":[{"href":"https:\/\/dev.lumins.tn\/index.php?rest_route=\/wp\/v2\/product"}],"about":[{"href":"https:\/\/dev.lumins.tn\/index.php?rest_route=\/wp\/v2\/types\/product"}],"replies":[{"embeddable":true,"href":"https:\/\/dev.lumins.tn\/index.php?rest_route=%2Fwp%2Fv2%2Fcomments&post=1370"}],"version-history":[{"count":2,"href":"https:\/\/dev.lumins.tn\/index.php?rest_route=\/wp\/v2\/product\/1370\/revisions"}],"predecessor-version":[{"id":1372,"href":"https:\/\/dev.lumins.tn\/index.php?rest_route=\/wp\/v2\/product\/1370\/revisions\/1372"}],"wp:featuredmedia":[{"embeddable":true,"href":"https:\/\/dev.lumins.tn\/index.php?rest_route=\/wp\/v2\/media\/1294"}],"wp:attachment":[{"href":"https:\/\/dev.lumins.tn\/index.php?rest_route=%2Fwp%2Fv2%2Fmedia&parent=1370"}],"wp:term":[{"taxonomy":"product_brand","embeddable":true,"href":"https:\/\/dev.lumins.tn\/index.php?rest_route=%2Fwp%2Fv2%2Fproduct_brand&post=1370"},{"taxonomy":"product_cat","embeddable":true,"href":"https:\/\/dev.lumins.tn\/index.php?rest_route=%2Fwp%2Fv2%2Fproduct_cat&post=1370"},{"taxonomy":"product_tag","embeddable":true,"href":"https:\/\/dev.lumins.tn\/index.php?rest_route=%2Fwp%2Fv2%2Fproduct_tag&post=1370"}],"curies":[{"name":"wp","href":"https:\/\/api.w.org\/{rel}","templated":true}]}}