{"id":1347,"date":"2026-03-13T12:02:55","date_gmt":"2026-03-13T12:02:55","guid":{"rendered":"https:\/\/dev.lumins.tn\/?product=lampe-led-ati-a70-15w-6500k-4000k"},"modified":"2026-03-13T12:06:25","modified_gmt":"2026-03-13T12:06:25","slug":"lampe-led-ati-a70-15w-6500k-4000k","status":"publish","type":"product","link":"https:\/\/dev.lumins.tn\/?product=lampe-led-ati-a70-15w-6500k-4000k","title":{"rendered":"LAMPE LED ATI A70 15W"},"content":{"rendered":"<p><strong data-start=\"57\" data-end=\"82\">Lampe LED ATI A70 15W<\/strong> est une ampoule LED de forme A70 con\u00e7ue pour l\u2019\u00e9clairage int\u00e9rieur g\u00e9n\u00e9ral. Elle offre une luminosit\u00e9 \u00e9lev\u00e9e tout en consommant peu d\u2019\u00e9nergie, ce qui en fait une solution efficace pour les maisons, bureaux et commerces.<\/p>\n","protected":false},"excerpt":{"rendered":"<h3 data-section-id=\"haviiy\" data-start=\"306\" data-end=\"338\">Caract\u00e9ristiques principales<\/h3>\n<ul data-start=\"339\" data-end=\"902\">\n<li data-section-id=\"bzlkok\" data-start=\"339\" data-end=\"367\">\n<p data-start=\"341\" data-end=\"367\"><strong data-start=\"341\" data-end=\"351\">Type :<\/strong> lampe LED A70<\/p>\n<\/li>\n<li data-section-id=\"je5q90\" data-start=\"368\" data-end=\"392\">\n<p data-start=\"370\" data-end=\"392\"><strong data-start=\"370\" data-end=\"385\">Puissance :<\/strong> 15 W<\/p>\n<\/li>\n<li data-section-id=\"t5omf9\" data-start=\"393\" data-end=\"427\">\n<p data-start=\"395\" data-end=\"427\"><strong data-start=\"395\" data-end=\"406\">Culot :<\/strong> E27<\/p>\n<\/li>\n<li data-section-id=\"s138hi\" data-start=\"521\" data-end=\"632\">\n<p data-start=\"523\" data-end=\"553\"><strong data-start=\"523\" data-end=\"551\">Temp\u00e9rature de couleur :<\/strong><\/p>\n<ul data-start=\"556\" data-end=\"632\">\n<li data-section-id=\"b6qyiq\" data-start=\"556\" data-end=\"584\">\n<p data-start=\"558\" data-end=\"584\"><strong data-start=\"558\" data-end=\"567\">4000K<\/strong> :<\/p>\n<h3 data-section-id=\"haviiy\" data-start=\"306\" data-end=\"338\">Caract\u00e9ristiques principales<\/h3>\n<ul data-start=\"339\" data-end=\"902\">\n<li data-section-id=\"bzlkok\" data-start=\"339\" data-end=\"367\">\n<p data-start=\"341\" data-end=\"367\"><strong data-start=\"341\" data-end=\"351\">Type :<\/strong> lampe LED A70<\/p>\n<\/li>\n<li data-section-id=\"je5q90\" data-start=\"368\" data-end=\"392\">\n<p data-start=\"370\" data-end=\"392\"><strong data-start=\"370\" data-end=\"385\">Puissance :<\/strong> 15 W<\/p>\n<\/li>\n<li data-section-id=\"t5omf9\" data-start=\"393\" data-end=\"427\">\n<p data-start=\"395\" data-end=\"427\"><strong data-start=\"395\" data-end=\"406\">Culot :<\/strong> E27 (vis standard)<\/p>\n<\/li>\n<li data-section-id=\"1on42ks\" data-start=\"428\" data-end=\"520\">\n<p data-start=\"430\" data-end=\"520\"><strong data-start=\"430\" data-end=\"449\">Flux lumineux :<\/strong> environ <strong data-start=\"458\" data-end=\"480\">1200 \u2013 1500 lumens<\/strong><\/p>\n<\/li>\n<li data-section-id=\"s138hi\" data-start=\"521\" data-end=\"632\">\n<p data-start=\"523\" data-end=\"553\"><strong data-start=\"523\" data-end=\"551\">Temp\u00e9rature de couleur :<\/strong><\/p>\n<ul data-start=\"556\" data-end=\"632\">\n<li data-section-id=\"b6qyiq\" data-start=\"556\" data-end=\"584\">\n<p data-start=\"558\" data-end=\"584\"><strong data-start=\"558\" data-end=\"567\">4000K<\/strong> : lumi\u00e8re du jour<\/p>\n<\/li>\n<li data-section-id=\"1l78zqo\" data-start=\"587\" data-end=\"632\">\n<p data-start=\"589\" data-end=\"632\"><strong data-start=\"589\" data-end=\"598\">6500K<\/strong> : blanc froid<\/p>\n<h3 data-section-id=\"12bqzlx\" data-start=\"1119\" data-end=\"1134\">Utilisation<\/h3>\n<ul data-start=\"1135\" data-end=\"1250\">\n<li data-section-id=\"onz29r\" data-start=\"1135\" data-end=\"1162\">\n<p data-start=\"1137\" data-end=\"1162\">maisons et appartements<\/p>\n<\/li>\n<li data-section-id=\"1f0pb6j\" data-start=\"1163\" data-end=\"1187\">\n<p data-start=\"1165\" data-end=\"1187\">bureaux et commerces<\/p>\n<\/li>\n<li data-section-id=\"1g6k8tn\" data-start=\"1188\" data-end=\"1218\">\n<p data-start=\"1190\" data-end=\"1218\">cuisines, salons, couloirs<\/p>\n<\/li>\n<li data-section-id=\"1h48mea\" data-start=\"1219\" data-end=\"1250\">\n<p data-start=\"1221\" data-end=\"1250\">\u00e9clairage g\u00e9n\u00e9ral int\u00e9rieur<\/p>\n<\/li>\n<\/ul>\n<p data-start=\"1252\" data-end=\"1385\">\u2714 <strong data-start=\"1254\" data-end=\"1263\">6500K<\/strong> : \u00e9clairage tr\u00e8s blanc pour travail et visibilit\u00e9.<br data-start=\"1314\" data-end=\"1317\" \/>\u2714 <strong data-start=\"1319\" data-end=\"1328\">4000K<\/strong> : lumi\u00e8re naturelle plus confortable pour l\u2019int\u00e9rieur.<\/p>\n<\/li>\n<\/ul>\n<\/li>\n<\/ul>\n<\/li>\n<\/ul>\n<\/li>\n<\/ul>\n","protected":false},"featured_media":1253,"comment_status":"open","ping_status":"closed","template":"","meta":{"site-sidebar-layout":"default","site-content-layout":"","ast-site-content-layout":"default","site-content-style":"default","site-sidebar-style":"default","ast-global-header-display":"","ast-banner-title-visibility":"","ast-main-header-display":"","ast-hfb-above-header-display":"","ast-hfb-below-header-display":"","ast-hfb-mobile-header-display":"","site-post-title":"","ast-breadcrumbs-content":"","ast-featured-img":"","footer-sml-layout":"","ast-disable-related-posts":"","theme-transparent-header-meta":"default","adv-header-id-meta":"","stick-header-meta":"","header-above-stick-meta":"","header-main-stick-meta":"","header-below-stick-meta":"","astra-migrate-meta-layouts":"set","ast-page-background-enabled":"default","ast-page-background-meta":{"desktop":{"background-color":"var(--ast-global-color-5)","background-image":"","background-repeat":"repeat","background-position":"center center","background-size":"auto","background-attachment":"scroll","background-type":"","background-media":"","overlay-type":"","overlay-color":"","overlay-opacity":"","overlay-gradient":""},"tablet":{"background-color":"","background-image":"","background-repeat":"repeat","background-position":"center center","background-size":"auto","background-attachment":"scroll","background-type":"","background-media":"","overlay-type":"","overlay-color":"","overlay-opacity":"","overlay-gradient":""},"mobile":{"background-color":"","background-image":"","background-repeat":"repeat","background-position":"center center","background-size":"auto","background-attachment":"scroll","background-type":"","background-media":"","overlay-type":"","overlay-color":"","overlay-opacity":"","overlay-gradient":""}},"ast-content-background-meta":{"desktop":{"background-color":"var(--ast-global-color-4)","background-image":"","background-repeat":"repeat","background-position":"center center","background-size":"auto","background-attachment":"scroll","background-type":"","background-media":"","overlay-type":"","overlay-color":"","overlay-opacity":"","overlay-gradient":""},"tablet":{"background-color":"var(--ast-global-color-4)","background-image":"","background-repeat":"repeat","background-position":"center center","background-size":"auto","background-attachment":"scroll","background-type":"","background-media":"","overlay-type":"","overlay-color":"","overlay-opacity":"","overlay-gradient":""},"mobile":{"background-color":"var(--ast-global-color-4)","background-image":"","background-repeat":"repeat","background-position":"center center","background-size":"auto","background-attachment":"scroll","background-type":"","background-media":"","overlay-type":"","overlay-color":"","overlay-opacity":"","overlay-gradient":""}}},"product_brand":[],"product_cat":[27,28],"product_tag":[76,72,74,73],"class_list":{"0":"post-1347","1":"product","2":"type-product","3":"status-publish","4":"has-post-thumbnail","6":"product_cat-eclairage","7":"product_cat-lampes-et-tubes","8":"product_tag-bureau","9":"product_tag-chambre","10":"product_tag-cuisine","11":"product_tag-salon","12":"desktop-align-left","13":"tablet-align-left","14":"mobile-align-center","16":"first","17":"instock","18":"taxable","19":"shipping-taxable","20":"purchasable","21":"product-type-simple"},"_links":{"self":[{"href":"https:\/\/dev.lumins.tn\/index.php?rest_route=\/wp\/v2\/product\/1347","targetHints":{"allow":["GET"]}}],"collection":[{"href":"https:\/\/dev.lumins.tn\/index.php?rest_route=\/wp\/v2\/product"}],"about":[{"href":"https:\/\/dev.lumins.tn\/index.php?rest_route=\/wp\/v2\/types\/product"}],"replies":[{"embeddable":true,"href":"https:\/\/dev.lumins.tn\/index.php?rest_route=%2Fwp%2Fv2%2Fcomments&post=1347"}],"version-history":[{"count":2,"href":"https:\/\/dev.lumins.tn\/index.php?rest_route=\/wp\/v2\/product\/1347\/revisions"}],"predecessor-version":[{"id":1349,"href":"https:\/\/dev.lumins.tn\/index.php?rest_route=\/wp\/v2\/product\/1347\/revisions\/1349"}],"wp:featuredmedia":[{"embeddable":true,"href":"https:\/\/dev.lumins.tn\/index.php?rest_route=\/wp\/v2\/media\/1253"}],"wp:attachment":[{"href":"https:\/\/dev.lumins.tn\/index.php?rest_route=%2Fwp%2Fv2%2Fmedia&parent=1347"}],"wp:term":[{"taxonomy":"product_brand","embeddable":true,"href":"https:\/\/dev.lumins.tn\/index.php?rest_route=%2Fwp%2Fv2%2Fproduct_brand&post=1347"},{"taxonomy":"product_cat","embeddable":true,"href":"https:\/\/dev.lumins.tn\/index.php?rest_route=%2Fwp%2Fv2%2Fproduct_cat&post=1347"},{"taxonomy":"product_tag","embeddable":true,"href":"https:\/\/dev.lumins.tn\/index.php?rest_route=%2Fwp%2Fv2%2Fproduct_tag&post=1347"}],"curies":[{"name":"wp","href":"https:\/\/api.w.org\/{rel}","templated":true}]}}