{"id":1337,"date":"2026-03-13T11:49:53","date_gmt":"2026-03-13T11:49:53","guid":{"rendered":"https:\/\/dev.lumins.tn\/?product=lampe-7w-e14-fm-chandel"},"modified":"2026-03-13T11:52:20","modified_gmt":"2026-03-13T11:52:20","slug":"lampe-7w-e14-fm-chandel","status":"publish","type":"product","link":"https:\/\/dev.lumins.tn\/?product=lampe-7w-e14-fm-chandel","title":{"rendered":"LAMPE 7W E14 FM CHANDEL"},"content":{"rendered":"<p><strong data-start=\"96\" data-end=\"127\">Lampe LED 7W E14 FM Chandel<\/strong> de forme bougie, con\u00e7ue pour les luminaires d\u00e9coratifs tels que les lustres et appliques. Elle offre un \u00e9clairage efficace tout en consommant peu d\u2019\u00e9nergie. Sa lumi\u00e8re chaude cr\u00e9e une ambiance confortable dans les espaces int\u00e9rieurs.<\/p>\n","protected":false},"excerpt":{"rendered":"<h3 data-section-id=\"lypc32\" data-start=\"365\" data-end=\"385\">Caract\u00e9ristiques<\/h3>\n<ul data-start=\"386\" data-end=\"869\">\n<li data-section-id=\"1cdw98f\" data-start=\"386\" data-end=\"436\">\n<p data-start=\"388\" data-end=\"436\"><strong data-start=\"388\" data-end=\"398\">Type :<\/strong> lampe LED bougie (Chandelier )<\/p>\n<\/li>\n<li data-section-id=\"uljzyv\" data-start=\"437\" data-end=\"460\">\n<p data-start=\"439\" data-end=\"460\"><strong data-start=\"439\" data-end=\"454\">Puissance :<\/strong> 7 W<\/p>\n<\/li>\n<li data-section-id=\"141gplz\" data-start=\"461\" data-end=\"493\">\n<p data-start=\"463\" data-end=\"493\"><strong data-start=\"463\" data-end=\"474\">Culot :<\/strong> E14 (petite vis)<\/p>\n<\/li>\n<li data-section-id=\"1nyoze7\" data-start=\"494\" data-end=\"584\">\n<p data-start=\"496\" data-end=\"584\"><strong data-start=\"496\" data-end=\"515\">Flux lumineux :<\/strong> environ <strong data-start=\"524\" data-end=\"544\">560 \u2013 700 lumens<\/strong><\/p>\n<\/li>\n<li data-section-id=\"1p6dvx3\" data-start=\"585\" data-end=\"681\">\n<p data-start=\"587\" data-end=\"681\"><strong data-start=\"587\" data-end=\"611\">Couleur de lumi\u00e8re :<\/strong> 6500<strong data-start=\"624\" data-end=\"641\">K \u2013 3000K<\/strong><\/p>\n<\/li>\n<\/ul>\n","protected":false},"featured_media":1273,"comment_status":"open","ping_status":"closed","template":"","meta":{"site-sidebar-layout":"default","site-content-layout":"","ast-site-content-layout":"default","site-content-style":"default","site-sidebar-style":"default","ast-global-header-display":"","ast-banner-title-visibility":"","ast-main-header-display":"","ast-hfb-above-header-display":"","ast-hfb-below-header-display":"","ast-hfb-mobile-header-display":"","site-post-title":"","ast-breadcrumbs-content":"","ast-featured-img":"","footer-sml-layout":"","ast-disable-related-posts":"","theme-transparent-header-meta":"default","adv-header-id-meta":"","stick-header-meta":"","header-above-stick-meta":"","header-main-stick-meta":"","header-below-stick-meta":"","astra-migrate-meta-layouts":"set","ast-page-background-enabled":"default","ast-page-background-meta":{"desktop":{"background-color":"var(--ast-global-color-5)","background-image":"","background-repeat":"repeat","background-position":"center center","background-size":"auto","background-attachment":"scroll","background-type":"","background-media":"","overlay-type":"","overlay-color":"","overlay-opacity":"","overlay-gradient":""},"tablet":{"background-color":"","background-image":"","background-repeat":"repeat","background-position":"center center","background-size":"auto","background-attachment":"scroll","background-type":"","background-media":"","overlay-type":"","overlay-color":"","overlay-opacity":"","overlay-gradient":""},"mobile":{"background-color":"","background-image":"","background-repeat":"repeat","background-position":"center center","background-size":"auto","background-attachment":"scroll","background-type":"","background-media":"","overlay-type":"","overlay-color":"","overlay-opacity":"","overlay-gradient":""}},"ast-content-background-meta":{"desktop":{"background-color":"var(--ast-global-color-4)","background-image":"","background-repeat":"repeat","background-position":"center center","background-size":"auto","background-attachment":"scroll","background-type":"","background-media":"","overlay-type":"","overlay-color":"","overlay-opacity":"","overlay-gradient":""},"tablet":{"background-color":"var(--ast-global-color-4)","background-image":"","background-repeat":"repeat","background-position":"center center","background-size":"auto","background-attachment":"scroll","background-type":"","background-media":"","overlay-type":"","overlay-color":"","overlay-opacity":"","overlay-gradient":""},"mobile":{"background-color":"var(--ast-global-color-4)","background-image":"","background-repeat":"repeat","background-position":"center center","background-size":"auto","background-attachment":"scroll","background-type":"","background-media":"","overlay-type":"","overlay-color":"","overlay-opacity":"","overlay-gradient":""}}},"product_brand":[],"product_cat":[27,28],"product_tag":[76,72,74,73],"class_list":{"0":"post-1337","1":"product","2":"type-product","3":"status-publish","4":"has-post-thumbnail","6":"product_cat-eclairage","7":"product_cat-lampes-et-tubes","8":"product_tag-bureau","9":"product_tag-chambre","10":"product_tag-cuisine","11":"product_tag-salon","12":"desktop-align-left","13":"tablet-align-left","14":"mobile-align-center","16":"first","17":"instock","18":"taxable","19":"shipping-taxable","20":"purchasable","21":"product-type-simple"},"_links":{"self":[{"href":"https:\/\/dev.lumins.tn\/index.php?rest_route=\/wp\/v2\/product\/1337","targetHints":{"allow":["GET"]}}],"collection":[{"href":"https:\/\/dev.lumins.tn\/index.php?rest_route=\/wp\/v2\/product"}],"about":[{"href":"https:\/\/dev.lumins.tn\/index.php?rest_route=\/wp\/v2\/types\/product"}],"replies":[{"embeddable":true,"href":"https:\/\/dev.lumins.tn\/index.php?rest_route=%2Fwp%2Fv2%2Fcomments&post=1337"}],"version-history":[{"count":2,"href":"https:\/\/dev.lumins.tn\/index.php?rest_route=\/wp\/v2\/product\/1337\/revisions"}],"predecessor-version":[{"id":1339,"href":"https:\/\/dev.lumins.tn\/index.php?rest_route=\/wp\/v2\/product\/1337\/revisions\/1339"}],"wp:featuredmedia":[{"embeddable":true,"href":"https:\/\/dev.lumins.tn\/index.php?rest_route=\/wp\/v2\/media\/1273"}],"wp:attachment":[{"href":"https:\/\/dev.lumins.tn\/index.php?rest_route=%2Fwp%2Fv2%2Fmedia&parent=1337"}],"wp:term":[{"taxonomy":"product_brand","embeddable":true,"href":"https:\/\/dev.lumins.tn\/index.php?rest_route=%2Fwp%2Fv2%2Fproduct_brand&post=1337"},{"taxonomy":"product_cat","embeddable":true,"href":"https:\/\/dev.lumins.tn\/index.php?rest_route=%2Fwp%2Fv2%2Fproduct_cat&post=1337"},{"taxonomy":"product_tag","embeddable":true,"href":"https:\/\/dev.lumins.tn\/index.php?rest_route=%2Fwp%2Fv2%2Fproduct_tag&post=1337"}],"curies":[{"name":"wp","href":"https:\/\/api.w.org\/{rel}","templated":true}]}}