{"id":1329,"date":"2026-03-13T09:56:03","date_gmt":"2026-03-13T09:56:03","guid":{"rendered":"https:\/\/dev.lumins.tn\/?product=lampe-led-e27-3ton-16w"},"modified":"2026-03-13T10:01:40","modified_gmt":"2026-03-13T10:01:40","slug":"lampe-led-e27-3ton-16w","status":"publish","type":"product","link":"https:\/\/dev.lumins.tn\/?product=lampe-led-e27-3ton-16w","title":{"rendered":"LAMPE LED E27 3TON 16W"},"content":{"rendered":"<p><strong data-start=\"55\" data-end=\"87\">Ampoule LED E27 16W \u00e0 3 tons<\/strong> est une lampe \u00e9conomique et pratique qui permet de choisir entre trois couleurs d\u2019\u00e9clairage pour cr\u00e9er diff\u00e9rentes ambiances dans la maison.<\/p>\n","protected":false},"excerpt":{"rendered":"<p data-start=\"230\" data-end=\"266\"><strong data-start=\"230\" data-end=\"264\">Caract\u00e9ristiques principales :<\/strong><\/p>\n<ul data-start=\"267\" data-end=\"1093\">\n<li data-section-id=\"dpbobu\" data-start=\"267\" data-end=\"343\">\n<p data-start=\"269\" data-end=\"343\"><strong data-start=\"272\" data-end=\"283\">Culot :<\/strong> E27<\/p>\n<\/li>\n<li data-section-id=\"1li5u7z\" data-start=\"344\" data-end=\"462\">\n<p data-start=\"346\" data-end=\"462\"><strong data-start=\"348\" data-end=\"363\">Puissance :<\/strong> 16W<\/p>\n<\/li>\n<li data-section-id=\"1x2q0kk\" data-start=\"463\" data-end=\"583\">\n<p data-start=\"465\" data-end=\"583\"><strong data-start=\"468\" data-end=\"484\">Luminosit\u00e9 :<\/strong> environ <strong data-start=\"493\" data-end=\"515\">1400 \u00e0 1600 lumens<\/strong> pour un \u00e9clairage puissant.<\/p>\n<\/li>\n<li data-section-id=\"dzgza3\" data-start=\"584\" data-end=\"769\">\n<p data-start=\"586\" data-end=\"614\"><strong data-start=\"589\" data-end=\"612\">\u00a03 tons de lumi\u00e8re :<\/strong><\/p>\n<ul data-start=\"617\" data-end=\"769\">\n<li data-section-id=\"miq4so\" data-start=\"617\" data-end=\"657\">\n<p data-start=\"619\" data-end=\"657\">3000K : Jaune (ambiance relax)<\/p>\n<\/li>\n<li data-section-id=\"1jxu9qi\" data-start=\"660\" data-end=\"685\">\n<p data-start=\"662\" data-end=\"685\">4000K : Lumiere du jour<\/p>\n<\/li>\n<li data-section-id=\"jxohgm\" data-start=\"688\" data-end=\"769\">\n<p data-start=\"690\" data-end=\"769\">6500K : blanc (travail \/ cuisine)\u00a0 \u00a0 \u00a0 \u00a0 \u00a0 \u00a0 \u00a0 \u00a0 \u00a0 \u00a0 \u00a0 \u00a0 \u00a0 \u00a0 \u00a0 \u00a0 \u00a0 \u00a0 \u00a0 \u00a0 \u00a0 \u00a0 \u00a0 \u00a0 \u00a0 \u00a0 \u00a0 \u00a0 \u00a0 \u00a0 \u00a0 \u00a0 \u00a0 \u00a0 \u00a0 \u00a0 \u00a0 \u00a0 \u00a0 \u00a0 \u00a0 \u00a0 \u00a0 \u00a0 \u00a0 \u00a0 \u00a0 \u00a0 \u00a0 \u00a0 \u00a0 \u00a0 \u00a0 \u00a0 \u00a0 \u00a0 \u00a0 \u00a0 \u00a0 \u00a0 \u00a0 \u00a0 \u00a0 \u00a0 \u00a0 \u00a0 \u00a0 \u00a0 \u00a0 \u00a0 \u00a0 \u00a0 \u00a0 \u00a0 \u00a0 \u00a0 \u00a0 \u00a0 \u00a0 \u00a0 \u00a0 \u00a0 \u00a0 \u00a0 \u00a0 \u00a0 \u00a0 \u00a0 \u00a0 \u00a0 \u00a0 \u00a0 \u00a0 \u00a0 \u00a0 \u00a0 \u00a0 \u00a0 \u00a0 \u00a0 \u00a0 \u00a0 \u00a0 \u00a0 \u00a0 \u00a0 \u00a0 \u00a0 \u00a0 \u00a0 Id\u00e9ale pour <strong data-start=\"1127\" data-end=\"1173\">salon, chambre, bureau, cuisine ou magasin<\/strong>, avec installation simple dans n\u2019importe quelle douille E27.<\/p>\n<\/li>\n<\/ul>\n<\/li>\n<\/ul>\n","protected":false},"featured_media":1252,"comment_status":"open","ping_status":"closed","template":"","meta":{"site-sidebar-layout":"default","site-content-layout":"","ast-site-content-layout":"default","site-content-style":"default","site-sidebar-style":"default","ast-global-header-display":"","ast-banner-title-visibility":"","ast-main-header-display":"","ast-hfb-above-header-display":"","ast-hfb-below-header-display":"","ast-hfb-mobile-header-display":"","site-post-title":"","ast-breadcrumbs-content":"","ast-featured-img":"","footer-sml-layout":"","ast-disable-related-posts":"","theme-transparent-header-meta":"default","adv-header-id-meta":"","stick-header-meta":"","header-above-stick-meta":"","header-main-stick-meta":"","header-below-stick-meta":"","astra-migrate-meta-layouts":"set","ast-page-background-enabled":"default","ast-page-background-meta":{"desktop":{"background-color":"var(--ast-global-color-5)","background-image":"","background-repeat":"repeat","background-position":"center center","background-size":"auto","background-attachment":"scroll","background-type":"","background-media":"","overlay-type":"","overlay-color":"","overlay-opacity":"","overlay-gradient":""},"tablet":{"background-color":"","background-image":"","background-repeat":"repeat","background-position":"center center","background-size":"auto","background-attachment":"scroll","background-type":"","background-media":"","overlay-type":"","overlay-color":"","overlay-opacity":"","overlay-gradient":""},"mobile":{"background-color":"","background-image":"","background-repeat":"repeat","background-position":"center center","background-size":"auto","background-attachment":"scroll","background-type":"","background-media":"","overlay-type":"","overlay-color":"","overlay-opacity":"","overlay-gradient":""}},"ast-content-background-meta":{"desktop":{"background-color":"var(--ast-global-color-4)","background-image":"","background-repeat":"repeat","background-position":"center center","background-size":"auto","background-attachment":"scroll","background-type":"","background-media":"","overlay-type":"","overlay-color":"","overlay-opacity":"","overlay-gradient":""},"tablet":{"background-color":"var(--ast-global-color-4)","background-image":"","background-repeat":"repeat","background-position":"center center","background-size":"auto","background-attachment":"scroll","background-type":"","background-media":"","overlay-type":"","overlay-color":"","overlay-opacity":"","overlay-gradient":""},"mobile":{"background-color":"var(--ast-global-color-4)","background-image":"","background-repeat":"repeat","background-position":"center center","background-size":"auto","background-attachment":"scroll","background-type":"","background-media":"","overlay-type":"","overlay-color":"","overlay-opacity":"","overlay-gradient":""}}},"product_brand":[],"product_cat":[27,28],"product_tag":[76,72,74,73],"class_list":{"0":"post-1329","1":"product","2":"type-product","3":"status-publish","4":"has-post-thumbnail","6":"product_cat-eclairage","7":"product_cat-lampes-et-tubes","8":"product_tag-bureau","9":"product_tag-chambre","10":"product_tag-cuisine","11":"product_tag-salon","12":"desktop-align-left","13":"tablet-align-left","14":"mobile-align-center","16":"first","17":"instock","18":"taxable","19":"shipping-taxable","20":"purchasable","21":"product-type-simple"},"_links":{"self":[{"href":"https:\/\/dev.lumins.tn\/index.php?rest_route=\/wp\/v2\/product\/1329","targetHints":{"allow":["GET"]}}],"collection":[{"href":"https:\/\/dev.lumins.tn\/index.php?rest_route=\/wp\/v2\/product"}],"about":[{"href":"https:\/\/dev.lumins.tn\/index.php?rest_route=\/wp\/v2\/types\/product"}],"replies":[{"embeddable":true,"href":"https:\/\/dev.lumins.tn\/index.php?rest_route=%2Fwp%2Fv2%2Fcomments&post=1329"}],"version-history":[{"count":2,"href":"https:\/\/dev.lumins.tn\/index.php?rest_route=\/wp\/v2\/product\/1329\/revisions"}],"predecessor-version":[{"id":1331,"href":"https:\/\/dev.lumins.tn\/index.php?rest_route=\/wp\/v2\/product\/1329\/revisions\/1331"}],"wp:featuredmedia":[{"embeddable":true,"href":"https:\/\/dev.lumins.tn\/index.php?rest_route=\/wp\/v2\/media\/1252"}],"wp:attachment":[{"href":"https:\/\/dev.lumins.tn\/index.php?rest_route=%2Fwp%2Fv2%2Fmedia&parent=1329"}],"wp:term":[{"taxonomy":"product_brand","embeddable":true,"href":"https:\/\/dev.lumins.tn\/index.php?rest_route=%2Fwp%2Fv2%2Fproduct_brand&post=1329"},{"taxonomy":"product_cat","embeddable":true,"href":"https:\/\/dev.lumins.tn\/index.php?rest_route=%2Fwp%2Fv2%2Fproduct_cat&post=1329"},{"taxonomy":"product_tag","embeddable":true,"href":"https:\/\/dev.lumins.tn\/index.php?rest_route=%2Fwp%2Fv2%2Fproduct_tag&post=1329"}],"curies":[{"name":"wp","href":"https:\/\/api.w.org\/{rel}","templated":true}]}}