{"id":1289,"date":"2026-03-12T09:58:05","date_gmt":"2026-03-12T09:58:05","guid":{"rendered":"https:\/\/dev.lumins.tn\/?product=lampe-spot-fenix-6w-mr16-6500-4000k"},"modified":"2026-03-12T10:02:03","modified_gmt":"2026-03-12T10:02:03","slug":"lampe-spot-fenix-6w-mr16-6500-4000k","status":"publish","type":"product","link":"https:\/\/dev.lumins.tn\/?product=lampe-spot-fenix-6w-mr16-6500-4000k","title":{"rendered":"LAMPE SPOT 6W MR16"},"content":{"rendered":"<p>La <strong data-start=\"74\" data-end=\"106\">lampe spot LED 6W MR16 FENIX<\/strong> est une ampoule compacte con\u00e7ue pour l\u2019\u00e9clairage directionnel int\u00e9rieur. Elle utilise un <strong data-start=\"196\" data-end=\"218\">culot MR16 <\/strong>\u00a0et fonctionne g\u00e9n\u00e9ralement en 2<strong data-start=\"249\" data-end=\"256\">20V<\/strong>, id\u00e9ale pour les spots encastr\u00e9s, vitrines et \u00e9clairages d\u00e9coratifs.<\/p>\n","protected":false},"excerpt":{"rendered":"<ul>\n<li data-section-id=\"mpww10\" data-start=\"362\" data-end=\"389\">\n<p data-start=\"364\" data-end=\"389\"><strong data-start=\"364\" data-end=\"379\">Puissance :<\/strong> 6 Watts<\/p>\n<\/li>\n<li data-section-id=\"rclvaf\" data-start=\"390\" data-end=\"418\">\n<p data-start=\"392\" data-end=\"418\"><strong data-start=\"392\" data-end=\"402\">Type :<\/strong> LED Spot MR16<\/p>\n<\/li>\n<li data-section-id=\"1nxuvfc\" data-start=\"419\" data-end=\"452\">\n<p data-start=\"421\" data-end=\"452\"><strong data-start=\"421\" data-end=\"432\">Culot :<\/strong> MR16 (2 broches)<\/p>\n<\/li>\n<li data-section-id=\"mklfih\" data-start=\"453\" data-end=\"480\">\n<p data-start=\"455\" data-end=\"480\"><strong data-start=\"455\" data-end=\"468\">Tension :<\/strong> 220V<\/p>\n<\/li>\n<li data-section-id=\"dmjp8o\" data-start=\"481\" data-end=\"574\">\n<p data-start=\"483\" data-end=\"513\"><strong data-start=\"483\" data-end=\"511\">Temp\u00e9rature de couleur :<\/strong><\/p>\n<ul data-start=\"516\" data-end=\"574\">\n<li data-section-id=\"g8wq1z\" data-start=\"516\" data-end=\"543\">\n<p data-start=\"518\" data-end=\"543\"><strong data-start=\"518\" data-end=\"527\">6500K<\/strong> \u2013 Blanc<\/p>\n<\/li>\n<li data-section-id=\"1xlh163\" data-start=\"546\" data-end=\"574\">\n<p data-start=\"548\" data-end=\"574\"><strong data-start=\"548\" data-end=\"557\">4000K<\/strong> \u2013 lumiere du jour<\/p>\n<\/li>\n<\/ul>\n<\/li>\n<\/ul>\n","protected":false},"featured_media":1255,"comment_status":"open","ping_status":"closed","template":"","meta":{"site-sidebar-layout":"default","site-content-layout":"","ast-site-content-layout":"default","site-content-style":"default","site-sidebar-style":"default","ast-global-header-display":"","ast-banner-title-visibility":"","ast-main-header-display":"","ast-hfb-above-header-display":"","ast-hfb-below-header-display":"","ast-hfb-mobile-header-display":"","site-post-title":"","ast-breadcrumbs-content":"","ast-featured-img":"","footer-sml-layout":"","ast-disable-related-posts":"","theme-transparent-header-meta":"default","adv-header-id-meta":"","stick-header-meta":"","header-above-stick-meta":"","header-main-stick-meta":"","header-below-stick-meta":"","astra-migrate-meta-layouts":"set","ast-page-background-enabled":"default","ast-page-background-meta":{"desktop":{"background-color":"var(--ast-global-color-5)","background-image":"","background-repeat":"repeat","background-position":"center center","background-size":"auto","background-attachment":"scroll","background-type":"","background-media":"","overlay-type":"","overlay-color":"","overlay-opacity":"","overlay-gradient":""},"tablet":{"background-color":"","background-image":"","background-repeat":"repeat","background-position":"center center","background-size":"auto","background-attachment":"scroll","background-type":"","background-media":"","overlay-type":"","overlay-color":"","overlay-opacity":"","overlay-gradient":""},"mobile":{"background-color":"","background-image":"","background-repeat":"repeat","background-position":"center center","background-size":"auto","background-attachment":"scroll","background-type":"","background-media":"","overlay-type":"","overlay-color":"","overlay-opacity":"","overlay-gradient":""}},"ast-content-background-meta":{"desktop":{"background-color":"var(--ast-global-color-4)","background-image":"","background-repeat":"repeat","background-position":"center center","background-size":"auto","background-attachment":"scroll","background-type":"","background-media":"","overlay-type":"","overlay-color":"","overlay-opacity":"","overlay-gradient":""},"tablet":{"background-color":"var(--ast-global-color-4)","background-image":"","background-repeat":"repeat","background-position":"center center","background-size":"auto","background-attachment":"scroll","background-type":"","background-media":"","overlay-type":"","overlay-color":"","overlay-opacity":"","overlay-gradient":""},"mobile":{"background-color":"var(--ast-global-color-4)","background-image":"","background-repeat":"repeat","background-position":"center center","background-size":"auto","background-attachment":"scroll","background-type":"","background-media":"","overlay-type":"","overlay-color":"","overlay-opacity":"","overlay-gradient":""}}},"product_brand":[],"product_cat":[27,28],"product_tag":[76,72,74,67,73],"class_list":{"0":"post-1289","1":"product","2":"type-product","3":"status-publish","4":"has-post-thumbnail","6":"product_cat-eclairage","7":"product_cat-lampes-et-tubes","8":"product_tag-bureau","9":"product_tag-chambre","10":"product_tag-cuisine","11":"product_tag-maison","12":"product_tag-salon","13":"desktop-align-left","14":"tablet-align-left","15":"mobile-align-center","17":"first","18":"instock","19":"taxable","20":"shipping-taxable","21":"purchasable","22":"product-type-simple"},"_links":{"self":[{"href":"https:\/\/dev.lumins.tn\/index.php?rest_route=\/wp\/v2\/product\/1289","targetHints":{"allow":["GET"]}}],"collection":[{"href":"https:\/\/dev.lumins.tn\/index.php?rest_route=\/wp\/v2\/product"}],"about":[{"href":"https:\/\/dev.lumins.tn\/index.php?rest_route=\/wp\/v2\/types\/product"}],"replies":[{"embeddable":true,"href":"https:\/\/dev.lumins.tn\/index.php?rest_route=%2Fwp%2Fv2%2Fcomments&post=1289"}],"version-history":[{"count":2,"href":"https:\/\/dev.lumins.tn\/index.php?rest_route=\/wp\/v2\/product\/1289\/revisions"}],"predecessor-version":[{"id":1291,"href":"https:\/\/dev.lumins.tn\/index.php?rest_route=\/wp\/v2\/product\/1289\/revisions\/1291"}],"wp:featuredmedia":[{"embeddable":true,"href":"https:\/\/dev.lumins.tn\/index.php?rest_route=\/wp\/v2\/media\/1255"}],"wp:attachment":[{"href":"https:\/\/dev.lumins.tn\/index.php?rest_route=%2Fwp%2Fv2%2Fmedia&parent=1289"}],"wp:term":[{"taxonomy":"product_brand","embeddable":true,"href":"https:\/\/dev.lumins.tn\/index.php?rest_route=%2Fwp%2Fv2%2Fproduct_brand&post=1289"},{"taxonomy":"product_cat","embeddable":true,"href":"https:\/\/dev.lumins.tn\/index.php?rest_route=%2Fwp%2Fv2%2Fproduct_cat&post=1289"},{"taxonomy":"product_tag","embeddable":true,"href":"https:\/\/dev.lumins.tn\/index.php?rest_route=%2Fwp%2Fv2%2Fproduct_tag&post=1289"}],"curies":[{"name":"wp","href":"https:\/\/api.w.org\/{rel}","templated":true}]}}