{"id":1283,"date":"2026-03-12T09:42:01","date_gmt":"2026-03-12T09:42:01","guid":{"rendered":"https:\/\/dev.lumins.tn\/?product=lampe-7w-mr16-fm"},"modified":"2026-03-12T09:47:06","modified_gmt":"2026-03-12T09:47:06","slug":"lampe-7w-mr16-fm","status":"publish","type":"product","link":"https:\/\/dev.lumins.tn\/?product=lampe-7w-mr16-fm","title":{"rendered":"LAMPE 7W MR16 FM"},"content":{"rendered":"<p>La <strong data-start=\"43\" data-end=\"77\">lampe LED 7W MR16 de marque FM<\/strong> est un spot d\u2019\u00e9clairage \u00e9conomique con\u00e7u pour les luminaires encastr\u00e9s et d\u00e9coratifs. Elle utilise g\u00e9n\u00e9ralement un <strong data-start=\"193\" data-end=\"223\">culot MR16 \u00e0 deux broches<\/strong> et fonctionne en <strong data-start=\"241\" data-end=\"262\">basse tension 220V.<\/strong><\/p>\n","protected":false},"excerpt":{"rendered":"<ul>\n<li data-section-id=\"1nc6fdx\" data-start=\"401\" data-end=\"428\">\n<p data-start=\"403\" data-end=\"428\"><strong data-start=\"403\" data-end=\"418\">Puissance :<\/strong> 7 Watts<\/p>\n<\/li>\n<li data-section-id=\"rclvaf\" data-start=\"429\" data-end=\"457\">\n<p data-start=\"431\" data-end=\"457\"><strong data-start=\"431\" data-end=\"441\">Type :<\/strong> LED Spot MR16<\/p>\n<\/li>\n<li data-section-id=\"1nxuvfc\" data-start=\"458\" data-end=\"491\">\n<p data-start=\"460\" data-end=\"491\"><strong data-start=\"460\" data-end=\"471\">Culot :<\/strong> MR16 (2 broches)<\/p>\n<\/li>\n<li data-section-id=\"mklfih\" data-start=\"492\" data-end=\"519\">\n<p data-start=\"494\" data-end=\"519\"><strong data-start=\"494\" data-end=\"507\">Tension :<\/strong> 220V<\/p>\n<\/li>\n<li data-section-id=\"1ytccbv\" data-start=\"573\" data-end=\"627\">\n<p data-start=\"575\" data-end=\"627\"><strong data-start=\"575\" data-end=\"603\">Temp\u00e9rature de couleur :<\/strong> 3000K \/ 4000K \/ 6500K<\/p>\n<h3 data-section-id=\"wggvqn\" data-start=\"1119\" data-end=\"1135\">Applications<\/h3>\n<ul data-start=\"1136\" data-end=\"1272\">\n<li data-section-id=\"1ekgjjv\" data-start=\"1136\" data-end=\"1163\">\n<p data-start=\"1138\" data-end=\"1163\">Spots encastr\u00e9s plafond<\/p>\n<\/li>\n<li data-section-id=\"x3vnsy\" data-start=\"1164\" data-end=\"1201\">\n<p data-start=\"1166\" data-end=\"1201\">\u00c9clairage de vitrines et magasins<\/p>\n<\/li>\n<li data-section-id=\"x2livj\" data-start=\"1202\" data-end=\"1232\">\n<p data-start=\"1204\" data-end=\"1232\">Maisons, h\u00f4tels et bureaux<\/p>\n<\/li>\n<li data-section-id=\"18ykp0t\" data-start=\"1233\" data-end=\"1272\">\n<p data-start=\"1235\" data-end=\"1272\">\u00c9clairage d\u00e9coratif et directionnel<\/p>\n<\/li>\n<\/ul>\n<\/li>\n<\/ul>\n","protected":false},"featured_media":1259,"comment_status":"open","ping_status":"closed","template":"","meta":{"site-sidebar-layout":"default","site-content-layout":"","ast-site-content-layout":"default","site-content-style":"default","site-sidebar-style":"default","ast-global-header-display":"","ast-banner-title-visibility":"","ast-main-header-display":"","ast-hfb-above-header-display":"","ast-hfb-below-header-display":"","ast-hfb-mobile-header-display":"","site-post-title":"","ast-breadcrumbs-content":"","ast-featured-img":"","footer-sml-layout":"","ast-disable-related-posts":"","theme-transparent-header-meta":"default","adv-header-id-meta":"","stick-header-meta":"","header-above-stick-meta":"","header-main-stick-meta":"","header-below-stick-meta":"","astra-migrate-meta-layouts":"set","ast-page-background-enabled":"default","ast-page-background-meta":{"desktop":{"background-color":"var(--ast-global-color-5)","background-image":"","background-repeat":"repeat","background-position":"center center","background-size":"auto","background-attachment":"scroll","background-type":"","background-media":"","overlay-type":"","overlay-color":"","overlay-opacity":"","overlay-gradient":""},"tablet":{"background-color":"","background-image":"","background-repeat":"repeat","background-position":"center center","background-size":"auto","background-attachment":"scroll","background-type":"","background-media":"","overlay-type":"","overlay-color":"","overlay-opacity":"","overlay-gradient":""},"mobile":{"background-color":"","background-image":"","background-repeat":"repeat","background-position":"center center","background-size":"auto","background-attachment":"scroll","background-type":"","background-media":"","overlay-type":"","overlay-color":"","overlay-opacity":"","overlay-gradient":""}},"ast-content-background-meta":{"desktop":{"background-color":"var(--ast-global-color-4)","background-image":"","background-repeat":"repeat","background-position":"center center","background-size":"auto","background-attachment":"scroll","background-type":"","background-media":"","overlay-type":"","overlay-color":"","overlay-opacity":"","overlay-gradient":""},"tablet":{"background-color":"var(--ast-global-color-4)","background-image":"","background-repeat":"repeat","background-position":"center center","background-size":"auto","background-attachment":"scroll","background-type":"","background-media":"","overlay-type":"","overlay-color":"","overlay-opacity":"","overlay-gradient":""},"mobile":{"background-color":"var(--ast-global-color-4)","background-image":"","background-repeat":"repeat","background-position":"center center","background-size":"auto","background-attachment":"scroll","background-type":"","background-media":"","overlay-type":"","overlay-color":"","overlay-opacity":"","overlay-gradient":""}}},"product_brand":[],"product_cat":[27,28],"product_tag":[76,72,67,73],"class_list":{"0":"post-1283","1":"product","2":"type-product","3":"status-publish","4":"has-post-thumbnail","6":"product_cat-eclairage","7":"product_cat-lampes-et-tubes","8":"product_tag-bureau","9":"product_tag-chambre","10":"product_tag-maison","11":"product_tag-salon","12":"desktop-align-left","13":"tablet-align-left","14":"mobile-align-center","16":"first","17":"instock","18":"taxable","19":"shipping-taxable","20":"purchasable","21":"product-type-simple"},"_links":{"self":[{"href":"https:\/\/dev.lumins.tn\/index.php?rest_route=\/wp\/v2\/product\/1283","targetHints":{"allow":["GET"]}}],"collection":[{"href":"https:\/\/dev.lumins.tn\/index.php?rest_route=\/wp\/v2\/product"}],"about":[{"href":"https:\/\/dev.lumins.tn\/index.php?rest_route=\/wp\/v2\/types\/product"}],"replies":[{"embeddable":true,"href":"https:\/\/dev.lumins.tn\/index.php?rest_route=%2Fwp%2Fv2%2Fcomments&post=1283"}],"version-history":[{"count":2,"href":"https:\/\/dev.lumins.tn\/index.php?rest_route=\/wp\/v2\/product\/1283\/revisions"}],"predecessor-version":[{"id":1285,"href":"https:\/\/dev.lumins.tn\/index.php?rest_route=\/wp\/v2\/product\/1283\/revisions\/1285"}],"wp:featuredmedia":[{"embeddable":true,"href":"https:\/\/dev.lumins.tn\/index.php?rest_route=\/wp\/v2\/media\/1259"}],"wp:attachment":[{"href":"https:\/\/dev.lumins.tn\/index.php?rest_route=%2Fwp%2Fv2%2Fmedia&parent=1283"}],"wp:term":[{"taxonomy":"product_brand","embeddable":true,"href":"https:\/\/dev.lumins.tn\/index.php?rest_route=%2Fwp%2Fv2%2Fproduct_brand&post=1283"},{"taxonomy":"product_cat","embeddable":true,"href":"https:\/\/dev.lumins.tn\/index.php?rest_route=%2Fwp%2Fv2%2Fproduct_cat&post=1283"},{"taxonomy":"product_tag","embeddable":true,"href":"https:\/\/dev.lumins.tn\/index.php?rest_route=%2Fwp%2Fv2%2Fproduct_tag&post=1283"}],"curies":[{"name":"wp","href":"https:\/\/api.w.org\/{rel}","templated":true}]}}