{"id":1278,"date":"2026-03-12T09:18:50","date_gmt":"2026-03-12T09:18:50","guid":{"rendered":"https:\/\/dev.lumins.tn\/?product=lampe-9w-gu10-6500k-4000k"},"modified":"2026-03-12T09:40:12","modified_gmt":"2026-03-12T09:40:12","slug":"lampe-9w-gu10-6500k-4000k","status":"publish","type":"product","link":"https:\/\/dev.lumins.tn\/?product=lampe-9w-gu10-6500k-4000k","title":{"rendered":"LAMPE 9W GU10"},"content":{"rendered":"<p data-start=\"51\" data-end=\"336\">La <strong data-start=\"54\" data-end=\"75\">lampe LED GU10 9W<\/strong> est une ampoule spot utilis\u00e9e pour l\u2019\u00e9clairage int\u00e9rieur comme les plafonniers, spots encastr\u00e9s, vitrines ou bureaux. Elle se monte directement sur un <strong data-start=\"227\" data-end=\"241\">culot GU10<\/strong> et fonctionne g\u00e9n\u00e9ralement sur le r\u00e9seau <strong data-start=\"283\" data-end=\"295\">220V<\/strong>.<\/p>\n<h3 data-section-id=\"haviiy\" data-start=\"338\" data-end=\"370\"><\/h3>\n","protected":false},"excerpt":{"rendered":"<ul>\n<li data-section-id=\"up1raj\" data-start=\"371\" data-end=\"398\">\n<p data-start=\"373\" data-end=\"398\"><strong data-start=\"373\" data-end=\"388\">Puissance :<\/strong> 9 Watts<\/p>\n<\/li>\n<li data-section-id=\"1bm6p40\" data-start=\"399\" data-end=\"419\">\n<p data-start=\"401\" data-end=\"419\"><strong data-start=\"401\" data-end=\"412\">Culot :<\/strong> GU10<\/p>\n<\/li>\n<li data-section-id=\"1c8akti\" data-start=\"420\" data-end=\"457\">\n<p data-start=\"422\" data-end=\"457\"><strong data-start=\"422\" data-end=\"435\">Tension :<\/strong> 220\u2013240V<\/p>\n<\/li>\n<li data-section-id=\"15v6nd1\" data-start=\"564\" data-end=\"668\">\n<p data-start=\"566\" data-end=\"596\"><strong data-start=\"566\" data-end=\"594\">Temp\u00e9rature de couleur :<\/strong><\/p>\n<ul data-start=\"599\" data-end=\"668\">\n<li data-section-id=\"md33yw\" data-start=\"599\" data-end=\"637\">\n<p data-start=\"601\" data-end=\"637\"><strong data-start=\"601\" data-end=\"635\">6500K (Blanc )<\/strong><\/p>\n<\/li>\n<li data-section-id=\"rdfl7d\" data-start=\"640\" data-end=\"668\">\n<p data-start=\"642\" data-end=\"668\"><strong data-start=\"642\" data-end=\"666\">4000K (lumiere du jour)<\/strong><\/p>\n<\/li>\n<\/ul>\n<\/li>\n<\/ul>\n","protected":false},"featured_media":1261,"comment_status":"open","ping_status":"closed","template":"","meta":{"site-sidebar-layout":"default","site-content-layout":"","ast-site-content-layout":"default","site-content-style":"default","site-sidebar-style":"default","ast-global-header-display":"","ast-banner-title-visibility":"","ast-main-header-display":"","ast-hfb-above-header-display":"","ast-hfb-below-header-display":"","ast-hfb-mobile-header-display":"","site-post-title":"","ast-breadcrumbs-content":"","ast-featured-img":"","footer-sml-layout":"","ast-disable-related-posts":"","theme-transparent-header-meta":"default","adv-header-id-meta":"","stick-header-meta":"","header-above-stick-meta":"","header-main-stick-meta":"","header-below-stick-meta":"","astra-migrate-meta-layouts":"set","ast-page-background-enabled":"default","ast-page-background-meta":{"desktop":{"background-color":"var(--ast-global-color-5)","background-image":"","background-repeat":"repeat","background-position":"center center","background-size":"auto","background-attachment":"scroll","background-type":"","background-media":"","overlay-type":"","overlay-color":"","overlay-opacity":"","overlay-gradient":""},"tablet":{"background-color":"","background-image":"","background-repeat":"repeat","background-position":"center center","background-size":"auto","background-attachment":"scroll","background-type":"","background-media":"","overlay-type":"","overlay-color":"","overlay-opacity":"","overlay-gradient":""},"mobile":{"background-color":"","background-image":"","background-repeat":"repeat","background-position":"center center","background-size":"auto","background-attachment":"scroll","background-type":"","background-media":"","overlay-type":"","overlay-color":"","overlay-opacity":"","overlay-gradient":""}},"ast-content-background-meta":{"desktop":{"background-color":"var(--ast-global-color-4)","background-image":"","background-repeat":"repeat","background-position":"center center","background-size":"auto","background-attachment":"scroll","background-type":"","background-media":"","overlay-type":"","overlay-color":"","overlay-opacity":"","overlay-gradient":""},"tablet":{"background-color":"var(--ast-global-color-4)","background-image":"","background-repeat":"repeat","background-position":"center center","background-size":"auto","background-attachment":"scroll","background-type":"","background-media":"","overlay-type":"","overlay-color":"","overlay-opacity":"","overlay-gradient":""},"mobile":{"background-color":"var(--ast-global-color-4)","background-image":"","background-repeat":"repeat","background-position":"center center","background-size":"auto","background-attachment":"scroll","background-type":"","background-media":"","overlay-type":"","overlay-color":"","overlay-opacity":"","overlay-gradient":""}}},"product_brand":[],"product_cat":[27,28],"product_tag":[76,74,67],"class_list":{"0":"post-1278","1":"product","2":"type-product","3":"status-publish","4":"has-post-thumbnail","6":"product_cat-eclairage","7":"product_cat-lampes-et-tubes","8":"product_tag-bureau","9":"product_tag-cuisine","10":"product_tag-maison","11":"desktop-align-left","12":"tablet-align-left","13":"mobile-align-center","15":"first","16":"instock","17":"taxable","18":"shipping-taxable","19":"purchasable","20":"product-type-simple"},"_links":{"self":[{"href":"https:\/\/dev.lumins.tn\/index.php?rest_route=\/wp\/v2\/product\/1278","targetHints":{"allow":["GET"]}}],"collection":[{"href":"https:\/\/dev.lumins.tn\/index.php?rest_route=\/wp\/v2\/product"}],"about":[{"href":"https:\/\/dev.lumins.tn\/index.php?rest_route=\/wp\/v2\/types\/product"}],"replies":[{"embeddable":true,"href":"https:\/\/dev.lumins.tn\/index.php?rest_route=%2Fwp%2Fv2%2Fcomments&post=1278"}],"version-history":[{"count":3,"href":"https:\/\/dev.lumins.tn\/index.php?rest_route=\/wp\/v2\/product\/1278\/revisions"}],"predecessor-version":[{"id":1281,"href":"https:\/\/dev.lumins.tn\/index.php?rest_route=\/wp\/v2\/product\/1278\/revisions\/1281"}],"wp:featuredmedia":[{"embeddable":true,"href":"https:\/\/dev.lumins.tn\/index.php?rest_route=\/wp\/v2\/media\/1261"}],"wp:attachment":[{"href":"https:\/\/dev.lumins.tn\/index.php?rest_route=%2Fwp%2Fv2%2Fmedia&parent=1278"}],"wp:term":[{"taxonomy":"product_brand","embeddable":true,"href":"https:\/\/dev.lumins.tn\/index.php?rest_route=%2Fwp%2Fv2%2Fproduct_brand&post=1278"},{"taxonomy":"product_cat","embeddable":true,"href":"https:\/\/dev.lumins.tn\/index.php?rest_route=%2Fwp%2Fv2%2Fproduct_cat&post=1278"},{"taxonomy":"product_tag","embeddable":true,"href":"https:\/\/dev.lumins.tn\/index.php?rest_route=%2Fwp%2Fv2%2Fproduct_tag&post=1278"}],"curies":[{"name":"wp","href":"https:\/\/api.w.org\/{rel}","templated":true}]}}