{"id":1243,"date":"2026-03-02T10:40:39","date_gmt":"2026-03-02T10:40:39","guid":{"rendered":"https:\/\/dev.lumins.tn\/?product=suspension-b052-corde-pm"},"modified":"2026-03-02T10:48:35","modified_gmt":"2026-03-02T10:48:35","slug":"suspension-b052-corde-pm","status":"publish","type":"product","link":"https:\/\/dev.lumins.tn\/?product=suspension-b052-corde-pm","title":{"rendered":"SUSPENSION DUO PRESTIGE"},"content":{"rendered":"<p data-start=\"302\" data-end=\"594\">La <strong data-start=\"305\" data-end=\"337\">Suspension Duo Prestige Noir<\/strong> est un luminaire <strong data-start=\"355\" data-end=\"392\">au design contemporain et \u00e9l\u00e9gant<\/strong>, id\u00e9al pour les int\u00e9rieurs modernes. Elle est compos\u00e9e d&rsquo;<strong data-start=\"451\" data-end=\"510\">abat-jours cylindriques noirs de 16\u202fcm de diam\u00e8tre<\/strong> suspendus par un<strong data-start=\"525\" data-end=\"550\"> corde r\u00e9glable<\/strong>, offrant un \u00e9clairage cibl\u00e9 et d\u00e9coratif.<\/p>\n<p data-start=\"596\" data-end=\"786\">Les mat\u00e9riaux de qualit\u00e9 et la finition noire mate apportent un <strong data-start=\"660\" data-end=\"692\">style raffin\u00e9 et minimaliste<\/strong>\u00a0et<\/p>\n<p data-start=\"788\" data-end=\"907\">Ce luminaire est parfait pour <strong data-start=\"818\" data-end=\"862\">salle \u00e0 manger, cuisine, salon ou bureau<\/strong>, cr\u00e9ant une ambiance chaleureuse et moderne.<\/p>\n","protected":false},"excerpt":{"rendered":"<ul>\n<li data-start=\"955\" data-end=\"1000\">\n<p data-start=\"957\" data-end=\"1000\"><strong data-start=\"957\" data-end=\"967\">Mod\u00e8le<\/strong> : Suspension Duo Prestige Noir<\/p>\n<\/li>\n<li data-start=\"1001\" data-end=\"1027\">\n<p data-start=\"1003\" data-end=\"1027\"><strong data-start=\"1003\" data-end=\"1014\">Couleur<\/strong> : Noir mat<\/p>\n<\/li>\n<li data-start=\"1028\" data-end=\"1070\">\n<p data-start=\"1030\" data-end=\"1070\"><strong data-start=\"1030\" data-end=\"1044\">Dimensions<\/strong> :\u00a0 16\u202fcm<\/p>\n<\/li>\n<li data-start=\"1071\" data-end=\"1119\">\n<p data-start=\"1073\" data-end=\"1119\"><strong data-start=\"1073\" data-end=\"1093\">Hauteur r\u00e9glable<\/strong> : Oui, avec deux cordes<\/p>\n<\/li>\n<li data-start=\"1120\" data-end=\"1175\">\n<p data-start=\"1122\" data-end=\"1175\"><strong data-start=\"1122\" data-end=\"1135\">Mat\u00e9riaux<\/strong> : M\u00e9tal + cordes textiles<\/p>\n<\/li>\n<li data-start=\"1208\" data-end=\"1267\">\n<p data-start=\"1210\" data-end=\"1267\"><strong data-start=\"1210\" data-end=\"1228\">Type d\u2019ampoule<\/strong> : E27<\/p>\n<\/li>\n<li data-start=\"1268\" data-end=\"1323\">\n<p data-start=\"1270\" data-end=\"1323\"><strong data-start=\"1270\" data-end=\"1279\">Style<\/strong> : Moderne, minimaliste, design industriel<\/p>\n<\/li>\n<li data-start=\"1324\" data-end=\"1381\">\n<p data-start=\"1326\" data-end=\"1381\"><strong data-start=\"1326\" data-end=\"1342\">Installation<\/strong> : Suspension plafond, facile \u00e0 fixer<\/p>\n<\/li>\n<li data-start=\"1382\" data-end=\"1421\">\n<p data-start=\"1384\" data-end=\"1421\"><strong data-start=\"1384\" data-end=\"1397\">\u00c9clairage<\/strong> : Direct et d\u00e9coratif<\/p>\n<\/li>\n<\/ul>\n","protected":false},"featured_media":1204,"comment_status":"open","ping_status":"closed","template":"","meta":{"site-sidebar-layout":"default","site-content-layout":"","ast-site-content-layout":"default","site-content-style":"default","site-sidebar-style":"default","ast-global-header-display":"","ast-banner-title-visibility":"","ast-main-header-display":"","ast-hfb-above-header-display":"","ast-hfb-below-header-display":"","ast-hfb-mobile-header-display":"","site-post-title":"","ast-breadcrumbs-content":"","ast-featured-img":"","footer-sml-layout":"","ast-disable-related-posts":"","theme-transparent-header-meta":"default","adv-header-id-meta":"","stick-header-meta":"","header-above-stick-meta":"","header-main-stick-meta":"","header-below-stick-meta":"","astra-migrate-meta-layouts":"set","ast-page-background-enabled":"default","ast-page-background-meta":{"desktop":{"background-color":"var(--ast-global-color-5)","background-image":"","background-repeat":"repeat","background-position":"center center","background-size":"auto","background-attachment":"scroll","background-type":"","background-media":"","overlay-type":"","overlay-color":"","overlay-opacity":"","overlay-gradient":""},"tablet":{"background-color":"","background-image":"","background-repeat":"repeat","background-position":"center center","background-size":"auto","background-attachment":"scroll","background-type":"","background-media":"","overlay-type":"","overlay-color":"","overlay-opacity":"","overlay-gradient":""},"mobile":{"background-color":"","background-image":"","background-repeat":"repeat","background-position":"center center","background-size":"auto","background-attachment":"scroll","background-type":"","background-media":"","overlay-type":"","overlay-color":"","overlay-opacity":"","overlay-gradient":""}},"ast-content-background-meta":{"desktop":{"background-color":"var(--ast-global-color-4)","background-image":"","background-repeat":"repeat","background-position":"center center","background-size":"auto","background-attachment":"scroll","background-type":"","background-media":"","overlay-type":"","overlay-color":"","overlay-opacity":"","overlay-gradient":""},"tablet":{"background-color":"var(--ast-global-color-4)","background-image":"","background-repeat":"repeat","background-position":"center center","background-size":"auto","background-attachment":"scroll","background-type":"","background-media":"","overlay-type":"","overlay-color":"","overlay-opacity":"","overlay-gradient":""},"mobile":{"background-color":"var(--ast-global-color-4)","background-image":"","background-repeat":"repeat","background-position":"center center","background-size":"auto","background-attachment":"scroll","background-type":"","background-media":"","overlay-type":"","overlay-color":"","overlay-opacity":"","overlay-gradient":""}}},"product_brand":[],"product_cat":[27,38],"product_tag":[76,74,80],"class_list":{"0":"post-1243","1":"product","2":"type-product","3":"status-publish","4":"has-post-thumbnail","6":"product_cat-eclairage","7":"product_cat-suspensions","8":"product_tag-bureau","9":"product_tag-cuisine","10":"product_tag-salle-a-manger","11":"desktop-align-left","12":"tablet-align-left","13":"mobile-align-center","15":"first","16":"instock","17":"taxable","18":"shipping-taxable","19":"purchasable","20":"product-type-simple"},"_links":{"self":[{"href":"https:\/\/dev.lumins.tn\/index.php?rest_route=\/wp\/v2\/product\/1243","targetHints":{"allow":["GET"]}}],"collection":[{"href":"https:\/\/dev.lumins.tn\/index.php?rest_route=\/wp\/v2\/product"}],"about":[{"href":"https:\/\/dev.lumins.tn\/index.php?rest_route=\/wp\/v2\/types\/product"}],"replies":[{"embeddable":true,"href":"https:\/\/dev.lumins.tn\/index.php?rest_route=%2Fwp%2Fv2%2Fcomments&post=1243"}],"version-history":[{"count":2,"href":"https:\/\/dev.lumins.tn\/index.php?rest_route=\/wp\/v2\/product\/1243\/revisions"}],"predecessor-version":[{"id":1245,"href":"https:\/\/dev.lumins.tn\/index.php?rest_route=\/wp\/v2\/product\/1243\/revisions\/1245"}],"wp:featuredmedia":[{"embeddable":true,"href":"https:\/\/dev.lumins.tn\/index.php?rest_route=\/wp\/v2\/media\/1204"}],"wp:attachment":[{"href":"https:\/\/dev.lumins.tn\/index.php?rest_route=%2Fwp%2Fv2%2Fmedia&parent=1243"}],"wp:term":[{"taxonomy":"product_brand","embeddable":true,"href":"https:\/\/dev.lumins.tn\/index.php?rest_route=%2Fwp%2Fv2%2Fproduct_brand&post=1243"},{"taxonomy":"product_cat","embeddable":true,"href":"https:\/\/dev.lumins.tn\/index.php?rest_route=%2Fwp%2Fv2%2Fproduct_cat&post=1243"},{"taxonomy":"product_tag","embeddable":true,"href":"https:\/\/dev.lumins.tn\/index.php?rest_route=%2Fwp%2Fv2%2Fproduct_tag&post=1243"}],"curies":[{"name":"wp","href":"https:\/\/api.w.org\/{rel}","templated":true}]}}