{"id":1240,"date":"2026-03-02T10:32:52","date_gmt":"2026-03-02T10:32:52","guid":{"rendered":"https:\/\/dev.lumins.tn\/?product=lustre-double-cercle-argentplexi-avec-commande"},"modified":"2026-03-02T10:38:13","modified_gmt":"2026-03-02T10:38:13","slug":"lustre-double-cercle-argentplexi-avec-commande","status":"publish","type":"product","link":"https:\/\/dev.lumins.tn\/?product=lustre-double-cercle-argentplexi-avec-commande","title":{"rendered":"LUSTRE ALLIANCE LUMINEUSE ARGENT"},"content":{"rendered":"<p data-start=\"274\" data-end=\"693\">Le <strong data-start=\"277\" data-end=\"313\">Lustre Alliance Lumineuse Argent<\/strong> est un luminaire suspendu au design <strong data-start=\"350\" data-end=\"388\">contemporain, \u00e9pur\u00e9 et sophistiqu\u00e9<\/strong>. Il se compose de <strong data-start=\"407\" data-end=\"441\">deux anneaux lumineux argent\u00e9s<\/strong> qui s\u2019entrelacent \u00e9l\u00e9gamment, cr\u00e9ant un jeu de lumi\u00e8re esth\u00e9tique et harmonieux. Les diffuseurs en <strong data-start=\"541\" data-end=\"571\">plexiglas <\/strong>\u00a0diffusent une lumi\u00e8re douce et uniforme, parfaite pour cr\u00e9er une ambiance chaleureuse ou fonctionnelle selon vos besoins.<\/p>\n<p data-start=\"695\" data-end=\"917\">Dot\u00e9 d\u2019une <strong data-start=\"706\" data-end=\"732\">t\u00e9l\u00e9commande intuitive<\/strong>, ce lustre permet de <strong data-start=\"754\" data-end=\"790\">contr\u00f4ler facilement l\u2019\u00e9clairage<\/strong> : allumer ou \u00e9teindre, et choisir entre diff\u00e9rents modes de lumi\u00e8re (jaune, lumiere du jour ou blanc).<\/p>\n<p data-start=\"919\" data-end=\"1049\">Ce luminaire s\u2019int\u00e8gre parfaitement dans les int\u00e9rieurs modernes : salon, salle \u00e0 manger, chambre, couloir ou bureau contemporain.<\/p>\n","protected":false},"excerpt":{"rendered":"<h3 data-start=\"1056\" data-end=\"1088\"><\/h3>\n<ul data-start=\"1090\" data-end=\"1667\">\n<li data-start=\"1090\" data-end=\"1134\">\n<p data-start=\"1092\" data-end=\"1134\"><strong data-start=\"1094\" data-end=\"1104\">Design<\/strong> : Double cercle LED argent\u00e9<\/p>\n<\/li>\n<li data-start=\"1135\" data-end=\"1181\">\n<p data-start=\"1137\" data-end=\"1181\"><strong data-start=\"1140\" data-end=\"1152\">Finition<\/strong> : Argent \u00e9l\u00e9gant<\/p>\n<\/li>\n<li data-start=\"1182\" data-end=\"1237\">\n<p data-start=\"1184\" data-end=\"1237\"><strong data-start=\"1187\" data-end=\"1201\">Diffuseurs<\/strong> : Plexiglas<\/p>\n<\/li>\n<li data-start=\"1238\" data-end=\"1300\">\n<p data-start=\"1240\" data-end=\"1300\"><strong data-start=\"1243\" data-end=\"1263\">Source lumineuse<\/strong> : LED int\u00e9gr\u00e9e<\/p>\n<\/li>\n<li data-start=\"1301\" data-end=\"1339\">\n<p data-start=\"1303\" data-end=\"1339\"><strong data-start=\"1306\" data-end=\"1322\">T\u00e9l\u00e9commande<\/strong> : Oui, incluse<\/p>\n<\/li>\n<li data-start=\"1340\" data-end=\"1476\">\n<p data-start=\"1342\" data-end=\"1374\"><strong data-start=\"1345\" data-end=\"1370\">Fonctions de commande<\/strong> :<\/p>\n<ul data-start=\"1377\" data-end=\"1476\">\n<li data-start=\"1377\" data-end=\"1395\">\n<p data-start=\"1379\" data-end=\"1395\">Marche \/ arr\u00eat<\/p>\n<\/li>\n<li data-start=\"1437\" data-end=\"1476\">\n<p data-start=\"1439\" data-end=\"1476\">S\u00e9lection de temp\u00e9rature de couleur<\/p>\n<\/li>\n<\/ul>\n<\/li>\n<li data-start=\"1477\" data-end=\"1547\">\n<p data-start=\"1479\" data-end=\"1547\"><strong data-start=\"1482\" data-end=\"1502\">Modes de lumi\u00e8re: jaune ,lumiere du jour et blanc<\/strong><\/p>\n<\/li>\n<li data-start=\"1548\" data-end=\"1602\">\n<p data-start=\"1550\" data-end=\"1602\"><strong data-start=\"1553\" data-end=\"1579\">Dimensions disponibles<\/strong> :\u00a0 30cm<\/p>\n<\/li>\n<li data-start=\"1603\" data-end=\"1667\">\n<p data-start=\"1605\" data-end=\"1667\"><strong data-start=\"1608\" data-end=\"1624\">Installation<\/strong> : Suspension plafond avec c\u00e2bles r\u00e9glables<\/p>\n<\/li>\n<\/ul>\n","protected":false},"featured_media":1198,"comment_status":"open","ping_status":"closed","template":"","meta":{"site-sidebar-layout":"default","site-content-layout":"","ast-site-content-layout":"default","site-content-style":"default","site-sidebar-style":"default","ast-global-header-display":"","ast-banner-title-visibility":"","ast-main-header-display":"","ast-hfb-above-header-display":"","ast-hfb-below-header-display":"","ast-hfb-mobile-header-display":"","site-post-title":"","ast-breadcrumbs-content":"","ast-featured-img":"","footer-sml-layout":"","ast-disable-related-posts":"","theme-transparent-header-meta":"default","adv-header-id-meta":"","stick-header-meta":"","header-above-stick-meta":"","header-main-stick-meta":"","header-below-stick-meta":"","astra-migrate-meta-layouts":"set","ast-page-background-enabled":"default","ast-page-background-meta":{"desktop":{"background-color":"var(--ast-global-color-5)","background-image":"","background-repeat":"repeat","background-position":"center center","background-size":"auto","background-attachment":"scroll","background-type":"","background-media":"","overlay-type":"","overlay-color":"","overlay-opacity":"","overlay-gradient":""},"tablet":{"background-color":"","background-image":"","background-repeat":"repeat","background-position":"center center","background-size":"auto","background-attachment":"scroll","background-type":"","background-media":"","overlay-type":"","overlay-color":"","overlay-opacity":"","overlay-gradient":""},"mobile":{"background-color":"","background-image":"","background-repeat":"repeat","background-position":"center center","background-size":"auto","background-attachment":"scroll","background-type":"","background-media":"","overlay-type":"","overlay-color":"","overlay-opacity":"","overlay-gradient":""}},"ast-content-background-meta":{"desktop":{"background-color":"var(--ast-global-color-4)","background-image":"","background-repeat":"repeat","background-position":"center center","background-size":"auto","background-attachment":"scroll","background-type":"","background-media":"","overlay-type":"","overlay-color":"","overlay-opacity":"","overlay-gradient":""},"tablet":{"background-color":"var(--ast-global-color-4)","background-image":"","background-repeat":"repeat","background-position":"center center","background-size":"auto","background-attachment":"scroll","background-type":"","background-media":"","overlay-type":"","overlay-color":"","overlay-opacity":"","overlay-gradient":""},"mobile":{"background-color":"var(--ast-global-color-4)","background-image":"","background-repeat":"repeat","background-position":"center center","background-size":"auto","background-attachment":"scroll","background-type":"","background-media":"","overlay-type":"","overlay-color":"","overlay-opacity":"","overlay-gradient":""}}},"product_brand":[],"product_cat":[27,37],"product_tag":[72,81,80,73],"class_list":{"0":"post-1240","1":"product","2":"type-product","3":"status-publish","4":"has-post-thumbnail","6":"product_cat-eclairage","7":"product_cat-lustres","8":"product_tag-chambre","9":"product_tag-hall-dentree","10":"product_tag-salle-a-manger","11":"product_tag-salon","12":"desktop-align-left","13":"tablet-align-left","14":"mobile-align-center","16":"first","17":"instock","18":"taxable","19":"shipping-taxable","20":"purchasable","21":"product-type-simple"},"_links":{"self":[{"href":"https:\/\/dev.lumins.tn\/index.php?rest_route=\/wp\/v2\/product\/1240","targetHints":{"allow":["GET"]}}],"collection":[{"href":"https:\/\/dev.lumins.tn\/index.php?rest_route=\/wp\/v2\/product"}],"about":[{"href":"https:\/\/dev.lumins.tn\/index.php?rest_route=\/wp\/v2\/types\/product"}],"replies":[{"embeddable":true,"href":"https:\/\/dev.lumins.tn\/index.php?rest_route=%2Fwp%2Fv2%2Fcomments&post=1240"}],"version-history":[{"count":2,"href":"https:\/\/dev.lumins.tn\/index.php?rest_route=\/wp\/v2\/product\/1240\/revisions"}],"predecessor-version":[{"id":1242,"href":"https:\/\/dev.lumins.tn\/index.php?rest_route=\/wp\/v2\/product\/1240\/revisions\/1242"}],"wp:featuredmedia":[{"embeddable":true,"href":"https:\/\/dev.lumins.tn\/index.php?rest_route=\/wp\/v2\/media\/1198"}],"wp:attachment":[{"href":"https:\/\/dev.lumins.tn\/index.php?rest_route=%2Fwp%2Fv2%2Fmedia&parent=1240"}],"wp:term":[{"taxonomy":"product_brand","embeddable":true,"href":"https:\/\/dev.lumins.tn\/index.php?rest_route=%2Fwp%2Fv2%2Fproduct_brand&post=1240"},{"taxonomy":"product_cat","embeddable":true,"href":"https:\/\/dev.lumins.tn\/index.php?rest_route=%2Fwp%2Fv2%2Fproduct_cat&post=1240"},{"taxonomy":"product_tag","embeddable":true,"href":"https:\/\/dev.lumins.tn\/index.php?rest_route=%2Fwp%2Fv2%2Fproduct_tag&post=1240"}],"curies":[{"name":"wp","href":"https:\/\/api.w.org\/{rel}","templated":true}]}}