{"id":1233,"date":"2026-03-02T10:17:19","date_gmt":"2026-03-02T10:17:19","guid":{"rendered":"https:\/\/dev.lumins.tn\/?product=lustre-double-cercle-doreplexi-avec-commande"},"modified":"2026-03-02T10:32:31","modified_gmt":"2026-03-02T10:32:31","slug":"lustre-double-cercle-doreplexi-avec-commande","status":"publish","type":"product","link":"https:\/\/dev.lumins.tn\/?product=lustre-double-cercle-doreplexi-avec-commande","title":{"rendered":"LUSTRE ALLIANCE LUMINEUSE DORE"},"content":{"rendered":"<p data-start=\"284\" data-end=\"609\">Le <strong data-start=\"287\" data-end=\"318\">lustre <em data-start=\"296\" data-end=\"316\">Alliance Lumineuse<\/em><\/strong> est une suspension moderne et raffin\u00e9e con\u00e7ue pour sublimer vos espaces de vie. Il se compose de <strong data-start=\"416\" data-end=\"452\">deux anneaux lumineux superpos\u00e9s<\/strong> aux lignes \u00e9pur\u00e9es, dans une finition <strong data-start=\"491\" data-end=\"509\">dor\u00e9e \u00e9l\u00e9gante<\/strong>, associ\u00e9s \u00e0 des <strong data-start=\"526\" data-end=\"553\">diffuseurs en plexiglas<\/strong> pour une lumi\u00e8re douce, homog\u00e8ne et sans \u00e9blouissement.<\/p>\n<p data-start=\"611\" data-end=\"880\">Ce luminaire associe esth\u00e9tisme contemporain et haute fonctionnalit\u00e9 : il est <strong data-start=\"689\" data-end=\"716\">\u00e9quip\u00e9 de LED int\u00e9gr\u00e9es<\/strong> et livr\u00e9 avec une <strong data-start=\"735\" data-end=\"751\">t\u00e9l\u00e9commande<\/strong> permettant de commander facilement l\u2019\u00e9clairage (allumage, extinction, et choix de temp\u00e9rature de lumi\u00e8re).<\/p>\n","protected":false},"excerpt":{"rendered":"<h3 data-start=\"614\" data-end=\"648\">Caract\u00e9ristiques techniques<\/h3>\n<ul data-start=\"650\" data-end=\"1272\">\n<li data-start=\"650\" data-end=\"687\">\n<p data-start=\"652\" data-end=\"687\"><strong data-start=\"652\" data-end=\"660\">Type<\/strong> :LUSTRE\/ SUSPENSION LED moderne<\/p>\n<\/li>\n<li data-start=\"688\" data-end=\"718\">\n<p data-start=\"690\" data-end=\"718\"><strong data-start=\"690\" data-end=\"700\">Design<\/strong> : Double cercle<\/p>\n<\/li>\n<li data-start=\"719\" data-end=\"775\">\n<p data-start=\"721\" data-end=\"775\"><strong data-start=\"721\" data-end=\"732\">Couleur<\/strong> : Dor\u00e9<\/p>\n<\/li>\n<li data-start=\"776\" data-end=\"829\">\n<p data-start=\"778\" data-end=\"829\"><strong data-start=\"778\" data-end=\"791\">Mat\u00e9riaux<\/strong> : Aluminium + Plexiglas<\/p>\n<\/li>\n<li data-start=\"830\" data-end=\"869\">\n<p data-start=\"832\" data-end=\"869\"><strong data-start=\"832\" data-end=\"852\">Source lumineuse<\/strong> : LED int\u00e9gr\u00e9e<\/p>\n<\/li>\n<li data-start=\"870\" data-end=\"981\">\n<p data-start=\"872\" data-end=\"902\"><strong data-start=\"872\" data-end=\"898\">Temp\u00e9rature de couleur<\/strong> :<\/p>\n<p>(3000K)\u00a0(4000K) (6500K)\u00a0 \u00a0 \u00a0 \u00a0 \u00a0 \u00a0 \u00a0 \u00a0 \u00a0 \u00a0 \u00a0 \u00a0 \u00a0 \u00a0 \u00a0 \u00a0 \u00a0 \u00a0 \u00a0 \u00a0 \u00a0 \u00a0 \u00a0 \u00a0 \u00a0 \u00a0 \u00a0 \u00a0 \u00a0 \u00a0 \u00a0 \u00a0 \u00a0 \u00a0 \u00a0 \u00a0 \u00a0 \u00a0 \u00a0 \u00a0 \u00a0 \u00a0 \u00a0 \u00a0 \u00a0 \u00a0 \u00a0 \u00a0 \u00a0 \u00a0 \u00a0 \u00a0 \u00a0 \u00a0 \u00a0 \u00a0 \u00a0 \u00a0 \u00a0 \u00a0 \u00a0 \u00a0 \u00a0 \u00a0 \u00a0 \u00a0 \u00a0 \u00a0 \u00a0 \u00a0 \u00a0 \u00a0 \u00a0 \u00a0 \u00a0 \u00a0 \u00a0 \u00a0 \u00a0 \u00a0 \u00a0 \u00a0 \u00a0 \u00a0 \u00a0 \u00a0 \u00a0 \u00a0 \u00a0 \u00a0 \u00a0 \u00a0 \u00a0 \u00a0 \u00a0 \u00a0 \u00a0 \u00a0 \u00a0 \u00a0 \u00a0 \u00a0 \u00a0 \u00a0 \u00a0 \u00a0 \u00a0 \u00a0 \u00a0 \u00a0<strong style=\"font-size: 16px;\" data-start=\"1032\" data-end=\"1055\">Diam\u00e8tre disponible<\/strong><span style=\"font-size: 16px;\"> : 30 cm\u00a0<\/span><\/li>\n<li data-start=\"1083\" data-end=\"1113\">\n<p data-start=\"1085\" data-end=\"1113\"><strong data-start=\"1085\" data-end=\"1105\">Hauteur r\u00e9glable<\/strong> : Oui<\/p>\n<\/li>\n<li data-start=\"1114\" data-end=\"1153\">\n<p data-start=\"1116\" data-end=\"1153\"><strong data-start=\"1116\" data-end=\"1128\">Commande<\/strong> : T\u00e9l\u00e9commande incluse<\/p>\n<\/li>\n<li data-start=\"1154\" data-end=\"1272\">\n<p data-start=\"1156\" data-end=\"1173\"><strong data-start=\"1156\" data-end=\"1169\">Fonctions<\/strong> :<\/p>\n<ul data-start=\"1176\" data-end=\"1272\">\n<li data-start=\"1176\" data-end=\"1194\">\n<p data-start=\"1178\" data-end=\"1194\">Marche \/ Arr\u00eat<\/p>\n<\/li>\n<li data-start=\"1236\" data-end=\"1272\">\n<p data-start=\"1238\" data-end=\"1272\">Changement de couleur de lumi\u00e8re\u00a0 \u00a0 \u00a0 \u00a0 \u00a0 \u00a0 \u00a0 \u00a0 \u00a0 \u00a0 \u00a0 \u00a0 \u00a0 \u00a0 \u00a0 \u00a0 \u00a0 \u00a0 \u00a0 \u00a0 \u00a0 \u00a0 \u00a0 \u00a0 \u00a0 \u00a0 \u00a0 \u00a0 \u00a0 \u00a0 \u00a0 \u00a0 \u00a0 \u00a0 \u00a0 \u00a0 \u00a0 \u00a0 \u00a0 \u00a0 \u00a0 \u00a0 \u00a0 \u00a0 \u00a0 \u00a0 \u00a0 \u00a0 \u00a0 \u00a0 \u00a0 \u00a0 \u00a0 \u00a0 \u00a0 \u00a0 \u00a0 \u00a0 \u00a0 \u00a0 \u00a0 \u00a0 \u00a0 \u00a0 \u00a0 \u00a0 \u00a0 \u00a0 \u00a0 \u00a0 \u00a0 \u00a0 \u00a0 \u00a0 \u00a0 \u00a0 \u00a0 \u00a0 \u00a0 \u00a0 \u00a0 \u00a0 \u00a0 \u00a0 \u00a0 \u00a0 \u00a0 \u00a0 \u00a0 \u00a0 \u00a0 \u00a0 \u00a0 \u00a0 \u00a0 \u00a0 \u00a0 \u00a0 \u00a0 \u00a0 \u00a0 \u00a0 \u00a0 \u00a0 \u00a0 \u00a0 \u00a0 Id\u00e9al pour : <strong data-start=\"523\" data-end=\"607\">salon, salle \u00e0 manger, chambre, hall d\u2019entr\u00e9e, espace moderne ou bureau \u00e9l\u00e9gant.<\/strong><\/p>\n<\/li>\n<\/ul>\n<\/li>\n<\/ul>\n","protected":false},"featured_media":1187,"comment_status":"open","ping_status":"closed","template":"","meta":{"site-sidebar-layout":"default","site-content-layout":"","ast-site-content-layout":"default","site-content-style":"default","site-sidebar-style":"default","ast-global-header-display":"","ast-banner-title-visibility":"","ast-main-header-display":"","ast-hfb-above-header-display":"","ast-hfb-below-header-display":"","ast-hfb-mobile-header-display":"","site-post-title":"","ast-breadcrumbs-content":"","ast-featured-img":"","footer-sml-layout":"","ast-disable-related-posts":"","theme-transparent-header-meta":"default","adv-header-id-meta":"","stick-header-meta":"","header-above-stick-meta":"","header-main-stick-meta":"","header-below-stick-meta":"","astra-migrate-meta-layouts":"set","ast-page-background-enabled":"default","ast-page-background-meta":{"desktop":{"background-color":"var(--ast-global-color-5)","background-image":"","background-repeat":"repeat","background-position":"center center","background-size":"auto","background-attachment":"scroll","background-type":"","background-media":"","overlay-type":"","overlay-color":"","overlay-opacity":"","overlay-gradient":""},"tablet":{"background-color":"","background-image":"","background-repeat":"repeat","background-position":"center center","background-size":"auto","background-attachment":"scroll","background-type":"","background-media":"","overlay-type":"","overlay-color":"","overlay-opacity":"","overlay-gradient":""},"mobile":{"background-color":"","background-image":"","background-repeat":"repeat","background-position":"center center","background-size":"auto","background-attachment":"scroll","background-type":"","background-media":"","overlay-type":"","overlay-color":"","overlay-opacity":"","overlay-gradient":""}},"ast-content-background-meta":{"desktop":{"background-color":"var(--ast-global-color-4)","background-image":"","background-repeat":"repeat","background-position":"center center","background-size":"auto","background-attachment":"scroll","background-type":"","background-media":"","overlay-type":"","overlay-color":"","overlay-opacity":"","overlay-gradient":""},"tablet":{"background-color":"var(--ast-global-color-4)","background-image":"","background-repeat":"repeat","background-position":"center center","background-size":"auto","background-attachment":"scroll","background-type":"","background-media":"","overlay-type":"","overlay-color":"","overlay-opacity":"","overlay-gradient":""},"mobile":{"background-color":"var(--ast-global-color-4)","background-image":"","background-repeat":"repeat","background-position":"center center","background-size":"auto","background-attachment":"scroll","background-type":"","background-media":"","overlay-type":"","overlay-color":"","overlay-opacity":"","overlay-gradient":""}}},"product_brand":[],"product_cat":[27,37],"product_tag":[72,81,80,73],"class_list":{"0":"post-1233","1":"product","2":"type-product","3":"status-publish","4":"has-post-thumbnail","6":"product_cat-eclairage","7":"product_cat-lustres","8":"product_tag-chambre","9":"product_tag-hall-dentree","10":"product_tag-salle-a-manger","11":"product_tag-salon","12":"desktop-align-left","13":"tablet-align-left","14":"mobile-align-center","16":"first","17":"instock","18":"taxable","19":"shipping-taxable","20":"purchasable","21":"product-type-simple"},"_links":{"self":[{"href":"https:\/\/dev.lumins.tn\/index.php?rest_route=\/wp\/v2\/product\/1233","targetHints":{"allow":["GET"]}}],"collection":[{"href":"https:\/\/dev.lumins.tn\/index.php?rest_route=\/wp\/v2\/product"}],"about":[{"href":"https:\/\/dev.lumins.tn\/index.php?rest_route=\/wp\/v2\/types\/product"}],"replies":[{"embeddable":true,"href":"https:\/\/dev.lumins.tn\/index.php?rest_route=%2Fwp%2Fv2%2Fcomments&post=1233"}],"version-history":[{"count":3,"href":"https:\/\/dev.lumins.tn\/index.php?rest_route=\/wp\/v2\/product\/1233\/revisions"}],"predecessor-version":[{"id":1239,"href":"https:\/\/dev.lumins.tn\/index.php?rest_route=\/wp\/v2\/product\/1233\/revisions\/1239"}],"wp:featuredmedia":[{"embeddable":true,"href":"https:\/\/dev.lumins.tn\/index.php?rest_route=\/wp\/v2\/media\/1187"}],"wp:attachment":[{"href":"https:\/\/dev.lumins.tn\/index.php?rest_route=%2Fwp%2Fv2%2Fmedia&parent=1233"}],"wp:term":[{"taxonomy":"product_brand","embeddable":true,"href":"https:\/\/dev.lumins.tn\/index.php?rest_route=%2Fwp%2Fv2%2Fproduct_brand&post=1233"},{"taxonomy":"product_cat","embeddable":true,"href":"https:\/\/dev.lumins.tn\/index.php?rest_route=%2Fwp%2Fv2%2Fproduct_cat&post=1233"},{"taxonomy":"product_tag","embeddable":true,"href":"https:\/\/dev.lumins.tn\/index.php?rest_route=%2Fwp%2Fv2%2Fproduct_tag&post=1233"}],"curies":[{"name":"wp","href":"https:\/\/api.w.org\/{rel}","templated":true}]}}