{"id":1182,"date":"2026-02-26T12:16:02","date_gmt":"2026-02-26T12:16:02","guid":{"rendered":"https:\/\/dev.lumins.tn\/?product=contre-marche-1f-carre-rond-bk-bl-gr"},"modified":"2026-02-27T09:52:14","modified_gmt":"2026-02-27T09:52:14","slug":"contre-marche-1f-carre-rond-bk-bl-gr","status":"publish","type":"product","link":"https:\/\/dev.lumins.tn\/?product=contre-marche-1f-carre-rond-bk-bl-gr","title":{"rendered":"CONTRE MARCHE 1F CARRE\/ROND"},"content":{"rendered":"<div class=\"flex max-w-full flex-col grow\">\n<div class=\"min-h-8 text-message relative flex w-full flex-col items-end gap-2 text-start break-words whitespace-normal [.text-message+&amp;]:mt-1\" dir=\"auto\" data-message-author-role=\"assistant\" data-message-id=\"9444b4fc-9e89-4e28-92d9-2761e6aba33f\" data-message-model-slug=\"gpt-5-2\">\n<div class=\"flex w-full flex-col gap-1 empty:hidden first:pt-[1px]\">\n<div class=\"markdown prose dark:prose-invert w-full wrap-break-word light markdown-new-styling\">\n<p data-start=\"21\" data-end=\"241\">Contre marche d\u2019escalier mod\u00e8le <strong data-start=\"52\" data-end=\"58\">1F<\/strong>, avec finition soign\u00e9e sur une face.<br data-start=\"95\" data-end=\"98\" \/>Disponible en <strong data-start=\"112\" data-end=\"136\">profil carr\u00e9 ou rond<\/strong>, selon le style souhait\u00e9.<br data-start=\"162\" data-end=\"165\" \/>Propos\u00e9e en trois coloris : <strong data-start=\"193\" data-end=\"206\">BK (noir)<\/strong>, <strong data-start=\"208\" data-end=\"221\">BL (blanc)<\/strong> et <strong data-start=\"225\" data-end=\"238\">GR (gris)<\/strong>.<\/p>\n<p data-start=\"243\" data-end=\"482\" data-is-last-node=\"\" data-is-only-node=\"\">Elle s\u2019installe sur la partie verticale entre deux marches afin d\u2019assurer une finition esth\u00e9tique, une meilleure protection et une solidit\u00e9 accrue de l\u2019escalier.<br data-start=\"404\" data-end=\"407\" \/>Convient pour des installations int\u00e9rieures r\u00e9sidentielles ou commerciales.<\/p>\n<\/div>\n<\/div>\n<\/div>\n<\/div>\n<div class=\"z-0 flex min-h-[46px] justify-start\"><\/div>\n<div class=\"mt-3 w-full empty:hidden\">\n<div class=\"text-center\">\n<div>\n<div class=\"inline-flex border border-gray-100 dark:border-gray-700 rounded-xl\">\n<div class=\"text-token-text-secondary flex items-center justify-center gap-4 px-4 py-2.5 text-sm whitespace-nowrap\"><\/div>\n<\/div>\n<\/div>\n<\/div>\n<\/div>\n","protected":false},"excerpt":{"rendered":"<h3 data-start=\"738\" data-end=\"773\">Caract\u00e9ristiques g\u00e9n\u00e9rales<\/h3>\n<ul data-start=\"774\" data-end=\"962\">\n<li data-start=\"774\" data-end=\"804\">\n<p data-start=\"776\" data-end=\"804\">Mod\u00e8le : 1 face finie (1F)<\/p>\n<\/li>\n<li data-start=\"805\" data-end=\"831\">\n<p data-start=\"807\" data-end=\"831\">Profil : Carr\u00e9 ou Rond<\/p>\n<\/li>\n<li data-start=\"924\" data-end=\"962\">\n<p data-start=\"926\" data-end=\"962\">Usage : Int\u00e9rieur\/Exterieur<\/p>\n<h3 data-start=\"266\" data-end=\"282\">Coloris<\/h3>\n<ul data-start=\"283\" data-end=\"336\">\n<li data-start=\"283\" data-end=\"300\">\n<p data-start=\"285\" data-end=\"300\"><strong data-start=\"285\" data-end=\"293\">BK :<\/strong> Noir<\/p>\n<\/li>\n<li data-start=\"301\" data-end=\"318\">\n<p data-start=\"303\" data-end=\"318\"><strong data-start=\"303\" data-end=\"311\">BL :<\/strong> Blanc<\/p>\n<\/li>\n<li data-start=\"319\" data-end=\"336\">\n<p data-start=\"321\" data-end=\"336\"><strong data-start=\"321\" data-end=\"329\">GR :<\/strong> Gris<\/p>\n<\/li>\n<\/ul>\n<\/li>\n<\/ul>\n","protected":false},"featured_media":1125,"comment_status":"open","ping_status":"closed","template":"","meta":{"site-sidebar-layout":"default","site-content-layout":"","ast-site-content-layout":"default","site-content-style":"default","site-sidebar-style":"default","ast-global-header-display":"","ast-banner-title-visibility":"","ast-main-header-display":"","ast-hfb-above-header-display":"","ast-hfb-below-header-display":"","ast-hfb-mobile-header-display":"","site-post-title":"","ast-breadcrumbs-content":"","ast-featured-img":"","footer-sml-layout":"","ast-disable-related-posts":"","theme-transparent-header-meta":"default","adv-header-id-meta":"","stick-header-meta":"","header-above-stick-meta":"","header-main-stick-meta":"","header-below-stick-meta":"","astra-migrate-meta-layouts":"set","ast-page-background-enabled":"default","ast-page-background-meta":{"desktop":{"background-color":"var(--ast-global-color-5)","background-image":"","background-repeat":"repeat","background-position":"center center","background-size":"auto","background-attachment":"scroll","background-type":"","background-media":"","overlay-type":"","overlay-color":"","overlay-opacity":"","overlay-gradient":""},"tablet":{"background-color":"","background-image":"","background-repeat":"repeat","background-position":"center center","background-size":"auto","background-attachment":"scroll","background-type":"","background-media":"","overlay-type":"","overlay-color":"","overlay-opacity":"","overlay-gradient":""},"mobile":{"background-color":"","background-image":"","background-repeat":"repeat","background-position":"center center","background-size":"auto","background-attachment":"scroll","background-type":"","background-media":"","overlay-type":"","overlay-color":"","overlay-opacity":"","overlay-gradient":""}},"ast-content-background-meta":{"desktop":{"background-color":"var(--ast-global-color-4)","background-image":"","background-repeat":"repeat","background-position":"center center","background-size":"auto","background-attachment":"scroll","background-type":"","background-media":"","overlay-type":"","overlay-color":"","overlay-opacity":"","overlay-gradient":""},"tablet":{"background-color":"var(--ast-global-color-4)","background-image":"","background-repeat":"repeat","background-position":"center center","background-size":"auto","background-attachment":"scroll","background-type":"","background-media":"","overlay-type":"","overlay-color":"","overlay-opacity":"","overlay-gradient":""},"mobile":{"background-color":"var(--ast-global-color-4)","background-image":"","background-repeat":"repeat","background-position":"center center","background-size":"auto","background-attachment":"scroll","background-type":"","background-media":"","overlay-type":"","overlay-color":"","overlay-opacity":"","overlay-gradient":""}}},"product_brand":[],"product_cat":[36],"product_tag":[79,67],"class_list":{"0":"post-1182","1":"product","2":"type-product","3":"status-publish","4":"has-post-thumbnail","6":"product_cat-spots-au-sol-contre-marche","7":"product_tag-escalier","8":"product_tag-maison","9":"desktop-align-left","10":"tablet-align-left","11":"mobile-align-center","13":"first","14":"instock","15":"taxable","16":"shipping-taxable","17":"purchasable","18":"product-type-simple"},"_links":{"self":[{"href":"https:\/\/dev.lumins.tn\/index.php?rest_route=\/wp\/v2\/product\/1182","targetHints":{"allow":["GET"]}}],"collection":[{"href":"https:\/\/dev.lumins.tn\/index.php?rest_route=\/wp\/v2\/product"}],"about":[{"href":"https:\/\/dev.lumins.tn\/index.php?rest_route=\/wp\/v2\/types\/product"}],"replies":[{"embeddable":true,"href":"https:\/\/dev.lumins.tn\/index.php?rest_route=%2Fwp%2Fv2%2Fcomments&post=1182"}],"version-history":[{"count":2,"href":"https:\/\/dev.lumins.tn\/index.php?rest_route=\/wp\/v2\/product\/1182\/revisions"}],"predecessor-version":[{"id":1185,"href":"https:\/\/dev.lumins.tn\/index.php?rest_route=\/wp\/v2\/product\/1182\/revisions\/1185"}],"wp:featuredmedia":[{"embeddable":true,"href":"https:\/\/dev.lumins.tn\/index.php?rest_route=\/wp\/v2\/media\/1125"}],"wp:attachment":[{"href":"https:\/\/dev.lumins.tn\/index.php?rest_route=%2Fwp%2Fv2%2Fmedia&parent=1182"}],"wp:term":[{"taxonomy":"product_brand","embeddable":true,"href":"https:\/\/dev.lumins.tn\/index.php?rest_route=%2Fwp%2Fv2%2Fproduct_brand&post=1182"},{"taxonomy":"product_cat","embeddable":true,"href":"https:\/\/dev.lumins.tn\/index.php?rest_route=%2Fwp%2Fv2%2Fproduct_cat&post=1182"},{"taxonomy":"product_tag","embeddable":true,"href":"https:\/\/dev.lumins.tn\/index.php?rest_route=%2Fwp%2Fv2%2Fproduct_tag&post=1182"}],"curies":[{"name":"wp","href":"https:\/\/api.w.org\/{rel}","templated":true}]}}