{"id":1168,"date":"2026-02-26T10:45:50","date_gmt":"2026-02-26T10:45:50","guid":{"rendered":"https:\/\/dev.lumins.tn\/?product=socle-mr16-orientable-double-carre-blanc-mr16"},"modified":"2026-02-26T10:50:36","modified_gmt":"2026-02-26T10:50:36","slug":"socle-mr16-orientable-double-carre-blanc-mr16","status":"publish","type":"product","link":"https:\/\/dev.lumins.tn\/?product=socle-mr16-orientable-double-carre-blanc-mr16","title":{"rendered":"SOCLE ORIENTABLE DOUBLE CARRE BLANC"},"content":{"rendered":"<p>Le <strong data-start=\"78\" data-end=\"142\">socle MR16 orientable double, forme carr\u00e9e, finition blanc<\/strong>, est un support d\u2019\u00e9clairage pratique et moderne, con\u00e7u pour accueillir <strong data-start=\"214\" data-end=\"250\">deux ampoules MR16 ou GU10<\/strong>. Gr\u00e2ce \u00e0 son syst\u00e8me orientable, chaque spot peut \u00eatre dirig\u00e9 ind\u00e9pendamment pour un \u00e9clairage cibl\u00e9 et personnalisable. Id\u00e9al pour les plafonds int\u00e9rieurs, les bureaux, les vitrines ou les espaces r\u00e9sidentiels.<\/p>\n","protected":false},"excerpt":{"rendered":"<p data-start=\"466\" data-end=\"505\"><strong data-start=\"469\" data-end=\"503\">Caract\u00e9ristiques principales :<\/strong><\/p>\n<ul data-start=\"506\" data-end=\"891\">\n<li data-start=\"506\" data-end=\"547\">\n<p data-start=\"508\" data-end=\"547\"><strong data-start=\"511\" data-end=\"521\">Type :<\/strong> Double socle orientable<\/p>\n<\/li>\n<li data-start=\"548\" data-end=\"606\">\n<p data-start=\"550\" data-end=\"606\"><strong data-start=\"553\" data-end=\"572\">Compatibilit\u00e9 :<\/strong> 2 \u00d7 ampoules MR16 \u2013\u00a0 GU10<\/p>\n<\/li>\n<li data-start=\"607\" data-end=\"632\">\n<p data-start=\"609\" data-end=\"632\"><strong data-start=\"612\" data-end=\"623\">Forme :<\/strong> Carr\u00e9e<\/p>\n<\/li>\n<li data-start=\"633\" data-end=\"658\">\n<p data-start=\"635\" data-end=\"658\"><strong data-start=\"637\" data-end=\"650\">Couleur :<\/strong> Blanc<\/p>\n<\/li>\n<li data-start=\"659\" data-end=\"705\">\n<p data-start=\"661\" data-end=\"705\"><strong data-start=\"664\" data-end=\"678\">Mat\u00e9riau :<\/strong> PVC<\/p>\n<\/li>\n<li data-start=\"706\" data-end=\"765\">\n<p data-start=\"708\" data-end=\"765\"><strong data-start=\"711\" data-end=\"728\">Orientation :<\/strong> R\u00e9glage ind\u00e9pendant de chaque spot<\/p>\n<\/li>\n<li data-start=\"824\" data-end=\"891\">\n<p data-start=\"826\" data-end=\"891\"><strong data-start=\"829\" data-end=\"847\">Applications :<\/strong> Habitations, bureaux,, commerces<\/p>\n<\/li>\n<\/ul>\n","protected":false},"featured_media":1109,"comment_status":"open","ping_status":"closed","template":"","meta":{"site-sidebar-layout":"default","site-content-layout":"","ast-site-content-layout":"default","site-content-style":"default","site-sidebar-style":"default","ast-global-header-display":"","ast-banner-title-visibility":"","ast-main-header-display":"","ast-hfb-above-header-display":"","ast-hfb-below-header-display":"","ast-hfb-mobile-header-display":"","site-post-title":"","ast-breadcrumbs-content":"","ast-featured-img":"","footer-sml-layout":"","ast-disable-related-posts":"","theme-transparent-header-meta":"default","adv-header-id-meta":"","stick-header-meta":"","header-above-stick-meta":"","header-main-stick-meta":"","header-below-stick-meta":"","astra-migrate-meta-layouts":"set","ast-page-background-enabled":"default","ast-page-background-meta":{"desktop":{"background-color":"var(--ast-global-color-5)","background-image":"","background-repeat":"repeat","background-position":"center center","background-size":"auto","background-attachment":"scroll","background-type":"","background-media":"","overlay-type":"","overlay-color":"","overlay-opacity":"","overlay-gradient":""},"tablet":{"background-color":"","background-image":"","background-repeat":"repeat","background-position":"center center","background-size":"auto","background-attachment":"scroll","background-type":"","background-media":"","overlay-type":"","overlay-color":"","overlay-opacity":"","overlay-gradient":""},"mobile":{"background-color":"","background-image":"","background-repeat":"repeat","background-position":"center center","background-size":"auto","background-attachment":"scroll","background-type":"","background-media":"","overlay-type":"","overlay-color":"","overlay-opacity":"","overlay-gradient":""}},"ast-content-background-meta":{"desktop":{"background-color":"var(--ast-global-color-4)","background-image":"","background-repeat":"repeat","background-position":"center center","background-size":"auto","background-attachment":"scroll","background-type":"","background-media":"","overlay-type":"","overlay-color":"","overlay-opacity":"","overlay-gradient":""},"tablet":{"background-color":"var(--ast-global-color-4)","background-image":"","background-repeat":"repeat","background-position":"center center","background-size":"auto","background-attachment":"scroll","background-type":"","background-media":"","overlay-type":"","overlay-color":"","overlay-opacity":"","overlay-gradient":""},"mobile":{"background-color":"var(--ast-global-color-4)","background-image":"","background-repeat":"repeat","background-position":"center center","background-size":"auto","background-attachment":"scroll","background-type":"","background-media":"","overlay-type":"","overlay-color":"","overlay-opacity":"","overlay-gradient":""}}},"product_brand":[],"product_cat":[29],"product_tag":[76,72,74,73],"class_list":{"0":"post-1168","1":"product","2":"type-product","3":"status-publish","4":"has-post-thumbnail","6":"product_cat-socles-spots-mr16","7":"product_tag-bureau","8":"product_tag-chambre","9":"product_tag-cuisine","10":"product_tag-salon","11":"desktop-align-left","12":"tablet-align-left","13":"mobile-align-center","15":"first","16":"instock","17":"taxable","18":"shipping-taxable","19":"purchasable","20":"product-type-simple"},"_links":{"self":[{"href":"https:\/\/dev.lumins.tn\/index.php?rest_route=\/wp\/v2\/product\/1168","targetHints":{"allow":["GET"]}}],"collection":[{"href":"https:\/\/dev.lumins.tn\/index.php?rest_route=\/wp\/v2\/product"}],"about":[{"href":"https:\/\/dev.lumins.tn\/index.php?rest_route=\/wp\/v2\/types\/product"}],"replies":[{"embeddable":true,"href":"https:\/\/dev.lumins.tn\/index.php?rest_route=%2Fwp%2Fv2%2Fcomments&post=1168"}],"version-history":[{"count":2,"href":"https:\/\/dev.lumins.tn\/index.php?rest_route=\/wp\/v2\/product\/1168\/revisions"}],"predecessor-version":[{"id":1170,"href":"https:\/\/dev.lumins.tn\/index.php?rest_route=\/wp\/v2\/product\/1168\/revisions\/1170"}],"wp:featuredmedia":[{"embeddable":true,"href":"https:\/\/dev.lumins.tn\/index.php?rest_route=\/wp\/v2\/media\/1109"}],"wp:attachment":[{"href":"https:\/\/dev.lumins.tn\/index.php?rest_route=%2Fwp%2Fv2%2Fmedia&parent=1168"}],"wp:term":[{"taxonomy":"product_brand","embeddable":true,"href":"https:\/\/dev.lumins.tn\/index.php?rest_route=%2Fwp%2Fv2%2Fproduct_brand&post=1168"},{"taxonomy":"product_cat","embeddable":true,"href":"https:\/\/dev.lumins.tn\/index.php?rest_route=%2Fwp%2Fv2%2Fproduct_cat&post=1168"},{"taxonomy":"product_tag","embeddable":true,"href":"https:\/\/dev.lumins.tn\/index.php?rest_route=%2Fwp%2Fv2%2Fproduct_tag&post=1168"}],"curies":[{"name":"wp","href":"https:\/\/api.w.org\/{rel}","templated":true}]}}